{"id":40182,"date":"2022-07-19T15:23:26","date_gmt":"2022-07-19T15:23:26","guid":{"rendered":"https:\/\/www.ub.edu\/ossma?page_id=40182"},"modified":"2023-01-31T08:24:20","modified_gmt":"2023-01-31T08:24:20","slug":"altres-compres","status":"publish","type":"page","link":"https:\/\/www.ub.edu\/ossma\/medi-ambient\/consum-responsable\/que-com-comprar\/altres-compres","title":{"rendered":"Altres compres"},"content":{"rendered":"\n<p>Independentment del producte que vulguem adquirir, hi ha un seguit d\u2019aspectes a tenir en compte per fer un consum responsable. Abans de comprar qualsevol producte, ens hem de fer tres preguntes:<\/p>\n\n\n\n<h2 class=\"wp-block-heading\">Realment el necessito?<\/h2>\n\n\n\n<p>A m\u00e9s de decidir si ho necessitem, ens podem plantejar altres alternatives a la compra: <strong>reparar<\/strong> un producte abans de comprar-ne un altre, utilitzar sistemes per <strong>compartir<\/strong>, optar pels <strong>productes de segona m\u00e0<\/strong>, <a href=\"https:\/\/www.ub.edu\/ossma\/medi-ambient\/consum-responsable\/reubtilitzem\" data-type=\"page\" data-id=\"41049\">potser al nostre costat hi ha algun departament o servei que t\u00e9 un producte com el que necessitem i no l\u2019utilitza<\/a>.<\/p>\n\n\n\n<h2 class=\"wp-block-heading\">Quins impactes ambientals i socials acompanyen aquest producte o servei?<\/h2>\n\n\n\n<p>A m\u00e9s de l\u2019aspecte econ\u00f2mic d\u2019un producte, hem de valorar molts altres elements associats, com s\u00f3n la despesa energ\u00e8tica necess\u00e0ria per fabricar-lo, els recursos utilitzats o la generaci\u00f3 de residus. Aqu\u00ed us presentem alguns aspectes que cal tenir en compte abans d&#8217;escollir el producte que comprarem:<\/p>\n\n\n\n<ul class=\"wp-block-list\">\n<li><strong>Evitar els productes d\u2019un sol \u00fas<\/strong>, ja que implica un elevat augment del consum de recursos i esdevenen residus en poc temps.<\/li>\n\n\n\n<li>Escollir <strong>productes de llarga duraci\u00f3 i\/o reutilitzables<\/strong>. Aix\u00ed es redueix l\u2019energia i els recursos necessaris per a produir-ne de nous.<\/li>\n\n\n\n<li>Escollir <strong>productes fabricats amb materials reciclats<\/strong> <strong>i\/o amb materials que siguin reciclables<\/strong>. Si en un producte no es poden separar els diferents tipus de materials, \u00e9s millor buscar una alternativa.<\/li>\n\n\n\n<li>Comprar <strong>productes que generin pocs residus<\/strong>, i en especial evitar els embalatges innecessaris. Hi ha molts productes que es poden comprar a granel, fent innecessari l&#8217;env\u00e0s d&#8217;un sol \u00fas.<\/li>\n\n\n\n<li>Informar-se sobre les <strong>condicions laborals en qu\u00e8 s&#8217;han elaborat els productes<\/strong> que comprem, per tal d&#8217;evitar situacions d&#8217;explotaci\u00f3 laboral infantil, treball for\u00e7\u00f3s, o que no es respectin els drets dels treballadors.<\/li>\n\n\n\n<li>Comprar <strong>nom\u00e9s la quantitat de producte que realment necessitem<\/strong>. Comprar m\u00e9s producte del necessari pot comportar un malbaratament de recursos.<\/li>\n<\/ul>\n\n\n\n<h2 class=\"wp-block-heading\">Hi ha alguna altra alternativa al mercat m\u00e9s responsable i respectuosa amb el medi ambient?<\/h2>\n\n\n\n<p>Per identificar els productes amb menor consum d&#8217;energia, que generen menys soroll, que s\u00f3n reutilitzables, que generen pocs residus, que respecten les condicions laborals dels treballadors, entre altres aspectes, tenim eines com les etiquetes o certificats ecol\u00f2gics. Simplificant molt, n\u2019hi ha de dos tipus: l&#8217;etiqueta d&#8217;efici\u00e8ncia energ\u00e8tica, i les etiquetes ecol\u00f2giques.<\/p>\n\n\n\n<p><strong>Les etiquetes d&#8217;efici\u00e8ncia energ\u00e8tica <\/strong>s\u00f3n una eina informativa que<strong> faciliten comparar de manera r\u00e0pida i f\u00e0cil diferents models i marques de diferents productes <\/strong>tenint en compte la seva efici\u00e8ncia: menys consum d&#8217;energia i menys despesa econ\u00f2mica. Els productes es classifiquen en set categories, des de la lletra A (la m\u00e9s eficient) fins a la lletra G (la menys eficient). Les<strong> etiquetes ecol\u00f2giques s\u00f3n un m\u00e8tode voluntari<\/strong> al qual es poden acollir les empreses i organitzacions per certificar el comportament ambiental de productes i serveis. Ens permeten <strong>identificar productes i serveis que presenten condicions amb avantatges mediambientals<\/strong> respecte altres de caracter\u00edstiques o prestacions similars. Hi ha desenes d&#8217;etiquetes ecol\u00f2giques diferents, les m\u00e9s conegudes s\u00f3n l\u2019Etiqueta ecol\u00f2gica de la Uni\u00f3 Europea, l\u2019\u00c0ngel Blau, les certificacions FSC i PEFC per a productes derivats de la fusta, TCO i Energy Star per a aparells electr\u00f2nics, o Fairtrade per als productes de comer\u00e7 just.<\/p>\n","protected":false},"excerpt":{"rendered":"<p>Independentment del producte que vulguem adquirir, hi ha un seguit d\u2019aspectes a tenir en compte per fer un consum responsable. Abans de comprar qualsevol producte, ens hem de fer tres preguntes:<\/p>\n","protected":false},"author":1,"featured_media":24282,"parent":40014,"menu_order":0,"comment_status":"closed","ping_status":"closed","template":"","meta":{"advgb_blocks_editor_width":"","advgb_blocks_columns_visual_guide":"","footnotes":""},"class_list":["post-40182","page","type-page","status-publish","has-post-thumbnail"],"coauthors":[],"author_meta":{"author_link":"https:\/\/www.ub.edu\/ossma\/author\/ossmau1","display_name":"OSSMA"},"relative_dates":{"created":"Posted 4 anys ago","modified":"Updated 3 anys ago"},"absolute_dates":{"created":"Posted on 19\/07\/2022","modified":"Updated on 31\/01\/2023"},"absolute_dates_time":{"created":"Posted on 19\/07\/2022 15:23","modified":"Updated on 31\/01\/2023 8:24"},"featured_img_caption":"","featured_img":"https:\/\/www.ub.edu\/ossma\/wp-content\/uploads\/2021\/03\/banner-consells-consum.jpg","series_order":"","_links":{"self":[{"href":"https:\/\/www.ub.edu\/ossma\/wp-json\/wp\/v2\/pages\/40182","targetHints":{"allow":["GET"]}}],"collection":[{"href":"https:\/\/www.ub.edu\/ossma\/wp-json\/wp\/v2\/pages"}],"about":[{"href":"https:\/\/www.ub.edu\/ossma\/wp-json\/wp\/v2\/types\/page"}],"author":[{"embeddable":true,"href":"https:\/\/www.ub.edu\/ossma\/wp-json\/wp\/v2\/users\/1"}],"replies":[{"embeddable":true,"href":"https:\/\/www.ub.edu\/ossma\/wp-json\/wp\/v2\/comments?post=40182"}],"version-history":[{"count":2,"href":"https:\/\/www.ub.edu\/ossma\/wp-json\/wp\/v2\/pages\/40182\/revisions"}],"predecessor-version":[{"id":44155,"href":"https:\/\/www.ub.edu\/ossma\/wp-json\/wp\/v2\/pages\/40182\/revisions\/44155"}],"up":[{"embeddable":true,"href":"https:\/\/www.ub.edu\/ossma\/wp-json\/wp\/v2\/pages\/40014"}],"wp:featuredmedia":[{"embeddable":true,"href":"https:\/\/www.ub.edu\/ossma\/wp-json\/wp\/v2\/media\/24282"}],"wp:attachment":[{"href":"https:\/\/www.ub.edu\/ossma\/wp-json\/wp\/v2\/media?parent=40182"}],"curies":[{"name":"wp","href":"https:\/\/api.w.org\/{rel}","templated":true}]}}