{"id":4270,"date":"2018-06-23T09:55:28","date_gmt":"2018-06-23T09:55:28","guid":{"rendered":"https:\/\/www.ub.edu\/ossma\/?page_id=4270"},"modified":"2026-02-25T12:50:07","modified_gmt":"2026-02-25T12:50:07","slug":"pla-acollida","status":"publish","type":"page","link":"https:\/\/www.ub.edu\/ossma\/procediments-tramits\/pla-acollida","title":{"rendered":"Pla d&#8217;acollida"},"content":{"rendered":"\n<h2 class=\"wp-block-heading\" id=\"benvingut\">Benvingut<\/h2>\n\n\n\n<p>El Pla d&#8217;Acollida de l&#8217;Oficina de Seguretat, Salut i Medi Ambient (OSSMA) t\u00e9 com objectiu facilitar el compliment de la normativa vigent sobre prevenci\u00f3 de riscos laborals i medi ambient, a m\u00e9s de facilitar informaci\u00f3 i assessorament a tots el treballadors i treballadores sobre les pautes d&#8217;actuaci\u00f3 en aquesta mat\u00e8ria amb l&#8217;objectiu d&#8217;evitar els accidents en el treball i fer una gesti\u00f3 ambiental correcta.<\/p>\n\n\n\n<p>Aquest pla d&#8217;acollida constar\u00e0 d&#8217;una s\u00e8rie d&#8217;actuacions a realitzar per part de l&#8217;OSSMA i dels propis treballadors o treballadores, d&#8217;acord amb el comprom\u00eds adquirit en la signatura del contracte, que s&#8217;indiquen a continuaci\u00f3.<\/p>\n\n\n\n<h2 class=\"wp-block-heading\" id=\"taula-resum-d-accions\">Taula resum d&#8217;accions<\/h2>\n\n\n\n<figure class=\"wp-block-table is-style-stripes\"><table><tbody><tr><th>Pas<\/th><th>Acci\u00f3<\/th><th>Descripci\u00f3<\/th><\/tr><tr><td>1<\/td><td>INFORMACI\u00d3 DELS RISCOS i MESURES PREVENTIVES<\/td><td>Descarrega i llegeix amb atenci\u00f3 la informaci\u00f3 relacionada amb:<br>\u00b7 El teu lloc de treball i les activitats que realitzes<br>\u00b7 Les normes d&#8217;emerg\u00e8ncia del teu centre habitual de treball<\/td><\/tr><tr><td>2<\/td><td>FORMACI\u00d3\u00a0INICIAL\u00a0OBLIGAT\u00d2RIA\u00a0EN PRL<\/td><td>Realitza el Curs b\u00e0sic en PRL i complementa-ho amb l\u2019espec\u00edfic de la teva activitat principal:<br>\u00b7 Treball en oficines<br>\u00b7 Treball en laboratoris d\u2019investigaci\u00f3 <\/td><\/tr><tr><td>3<\/td><td>FORMACI\u00d3 EN MEDI AMBIENT<\/td><td>Llegeix els continguts sobre&nbsp;Consum responsable&nbsp;i realitza el curs de&nbsp;Gesti\u00f3 de residus&nbsp;si la teva activitat \u00e9s experimental.<\/td><\/tr><tr><td>4<\/td><td>VIGIL\u00c0NCIA DE LA SALUT<\/td><td>Consulta els enlla\u00e7os i sol\u00b7licita examen de Salut&nbsp;<\/td><\/tr><tr><td>5<\/td><td>ATENCI\u00d3 SOCIAL<\/td><td>Llegeix els&nbsp;continguts<\/td><\/tr><\/tbody><\/table><\/figure>\n\n\n\n<h2 class=\"wp-block-heading\" id=\"inicia-el-proces\">Inicia el proc\u00e9s<\/h2>\n\n\n\n<p><strong>Instruccions per inscriure\u2019s al pla d\u2019acollida<\/strong><\/p>\n\n\n\n<ol class=\"wp-block-list\">\n<li>Omple la sol\u00b7licitud de codi d\u2019automatr\u00edcula seleccionant si l\u2019activitat que desenvolupes \u00e9s de car\u00e0cter <strong>experimental<\/strong>, com per exemple laboratoris d\u2019investigaci\u00f3 o b\u00e9 <strong>No experimental<\/strong>, com per exemple investigaci\u00f3 documental.<\/li>\n\n\n\n<li>Rebr\u00e0s un correu electr\u00f2nic amb l\u2019enlla\u00e7 al curs i el codi d\u2019automatr\u00edcula.<\/li>\n\n\n\n<li>Accedeix i introdueix el codi.<\/li>\n\n\n\n<li>Inicia el pla d\u2019acollida<\/li>\n<\/ol>\n\n\n\n<div class=\"wp-block-contact-form-7-contact-form-selector\">\n<div class=\"wpcf7 no-js\" id=\"wpcf7-f4271-o1\" lang=\"ca\" dir=\"ltr\" data-wpcf7-id=\"4271\">\n<div class=\"screen-reader-response\"><p role=\"status\" aria-live=\"polite\" aria-atomic=\"true\"><\/p> <ul><\/ul><\/div>\n<form action=\"\/ossma\/wp-json\/wp\/v2\/pages\/4270#wpcf7-f4271-o1\" method=\"post\" class=\"wpcf7-form init\" aria-label=\"Formulari de contacte\" novalidate=\"novalidate\" data-status=\"init\">\n<fieldset class=\"hidden-fields-container\"><input type=\"hidden\" name=\"_wpcf7\" value=\"4271\" \/><input type=\"hidden\" name=\"_wpcf7_version\" value=\"6.1.5\" \/><input type=\"hidden\" name=\"_wpcf7_locale\" value=\"ca\" \/><input type=\"hidden\" name=\"_wpcf7_unit_tag\" value=\"wpcf7-f4271-o1\" \/><input type=\"hidden\" name=\"_wpcf7_container_post\" value=\"0\" \/><input type=\"hidden\" name=\"_wpcf7_posted_data_hash\" value=\"\" \/><input type=\"hidden\" name=\"_wpcf7cf_hidden_group_fields\" value=\"[]\" \/><input type=\"hidden\" name=\"_wpcf7cf_hidden_groups\" value=\"[]\" \/><input type=\"hidden\" name=\"_wpcf7cf_visible_groups\" value=\"[]\" \/><input type=\"hidden\" name=\"_wpcf7cf_repeaters\" value=\"[]\" \/><input type=\"hidden\" name=\"_wpcf7cf_steps\" value=\"{}\" \/><input type=\"hidden\" name=\"_wpcf7cf_options\" value=\"{&quot;form_id&quot;:4271,&quot;conditions&quot;:[],&quot;settings&quot;:{&quot;animation&quot;:&quot;yes&quot;,&quot;animation_intime&quot;:200,&quot;animation_outtime&quot;:200,&quot;conditions_ui&quot;:&quot;normal&quot;,&quot;notice_dismissed&quot;:false}}\" \/>\n<\/fieldset>\n<div class=\"form-two-columns\">\n\t<fieldset>\n\t\t<legend>Sol\u00b7licitud de codi d'automatr\u00edcula\n\t\t<\/legend>\n\t\t<p><small>Tots els camps s\u00f3n obligatoris<\/small><br \/>\n<label for=\"correu\"> El teu correu electr\u00f2nic<\/label><span class=\"wpcf7-form-control-wrap\" data-name=\"correu\"><input size=\"40\" maxlength=\"400\" class=\"wpcf7-form-control wpcf7-email wpcf7-validates-as-required wpcf7-text wpcf7-validates-as-email\" id=\"correu\" aria-required=\"true\" aria-invalid=\"false\" value=\"\" type=\"email\" name=\"correu\" \/><\/span>\n\t\t<\/p>\n\t\t<p><label for=\"curs\">Selecciona l'itinerari al que vols accedir<\/label><span class=\"wpcf7-form-control-wrap\" data-name=\"curs\"><select class=\"wpcf7-form-control wpcf7-select wpcf7-validates-as-required\" id=\"curs\" aria-required=\"true\" aria-invalid=\"false\" name=\"curs\"><option value=\"Pla d&#039;acollida experimentals\">Pla d&#039;acollida experimentals<\/option><option value=\"Pla d&#039;acollida NO experimentals\">Pla d&#039;acollida NO experimentals<\/option><\/select><\/span>\n\t\t<\/p>\n\t\t<p><b>Dret d\u2019informaci\u00f3 relatiu al tractament de dades personals<\/b>\n\t\t<\/p>\n\t\t<p>(1) El responsable del tractament de les vostres dades \u00e9s la Secretaria General de la Universitat de Barcelona. (2) La finalitat del tractament \u00e9s gestionar la prevenci\u00f3 de riscos laborals. (3) Teniu dret a accedir a les vostres dades, rectificar-les, suprimir-les, oposar-vos al seu tractament, sol\u00b7licitar-ne la portabilitat i la limitaci\u00f3 dels tractaments, en determinades circumst\u00e0ncies. (4) Podeu consultar la <a href=\"https:\/\/www.ub.edu\/ossma\/dret-informacio-addicional\" target=\"_blank\">informaci\u00f3 detallada dels tractaments esmentats<\/a>\n\t\t<\/p>\n\t\t<p><span class=\"wpcf7-form-control-wrap\" data-name=\"acceptacio\"><span class=\"wpcf7-form-control wpcf7-acceptance\"><span class=\"wpcf7-list-item\"><label><input type=\"checkbox\" name=\"acceptacio\" value=\"1\" id=\"acceptacio\" aria-invalid=\"false\" \/><span class=\"wpcf7-list-item-label\">*Declaro que he llegit el dret d'informaci\u00f3.<\/span><\/label><\/span><\/span><\/span>\n\t\t<\/p>\n\t<\/fieldset>\n<\/div>\n<p><span class=\"wpcf7-form-control-wrap\" data-name=\"campo-quiz\"><label><span class=\"wpcf7-quiz-label\">Pregunta antispam: suma 15+10<\/span> <input size=\"40\" class=\"wpcf7-form-control wpcf7-quiz\" autocomplete=\"off\" aria-required=\"true\" aria-invalid=\"false\" type=\"text\" name=\"campo-quiz\" \/><\/label><input type=\"hidden\" name=\"_wpcf7_quiz_answer_campo-quiz\" value=\"19745d8053779771af213e7ec9dbc80b\" \/><\/span>\n<\/p>\n<p><input class=\"wpcf7-form-control wpcf7-submit has-spinner\" id=\"enviar\" type=\"submit\" value=\"Enviar\" \/>\n<\/p>\n<p>(El formulari pot trigar uns segons en confirmar l'enviament. Si us plau, no el reenvieu ni recarregueu la p\u00e0gina.)\n<\/p><p style=\"display: none !important;\" class=\"akismet-fields-container\" data-prefix=\"_wpcf7_ak_\"><label>&#916;<textarea name=\"_wpcf7_ak_hp_textarea\" cols=\"45\" rows=\"8\" maxlength=\"100\"><\/textarea><\/label><input type=\"hidden\" id=\"ak_js_1\" name=\"_wpcf7_ak_js\" value=\"175\"\/><script>\ndocument.getElementById( \"ak_js_1\" ).setAttribute( \"value\", ( new Date() ).getTime() );\n<\/script>\n<\/p><div class=\"wpcf7-response-output\" aria-hidden=\"true\"><\/div>\n<\/form>\n<\/div>\n<\/div>\n","protected":false},"excerpt":{"rendered":"<h2 class=\"wp-block-heading\" id=\"benvingut\">Benvingut<\/h2>\n","protected":false},"author":1,"featured_media":24958,"parent":771,"menu_order":0,"comment_status":"closed","ping_status":"closed","template":"","meta":{"advgb_blocks_editor_width":"","advgb_blocks_columns_visual_guide":"","footnotes":""},"class_list":["post-4270","page","type-page","status-publish","has-post-thumbnail"],"coauthors":[],"author_meta":{"author_link":"https:\/\/www.ub.edu\/ossma\/author\/ossmau1","display_name":"OSSMA"},"relative_dates":{"created":"Posted 8 anys ago","modified":"Updated 2 mesos ago"},"absolute_dates":{"created":"Posted on 23\/06\/2018","modified":"Updated on 25\/02\/2026"},"absolute_dates_time":{"created":"Posted on 23\/06\/2018 9:55","modified":"Updated on 25\/02\/2026 12:50"},"featured_img_caption":"","featured_img":"https:\/\/www.ub.edu\/ossma\/wp-content\/uploads\/2021\/04\/banner-notificacions.jpg","series_order":"","_links":{"self":[{"href":"https:\/\/www.ub.edu\/ossma\/wp-json\/wp\/v2\/pages\/4270","targetHints":{"allow":["GET"]}}],"collection":[{"href":"https:\/\/www.ub.edu\/ossma\/wp-json\/wp\/v2\/pages"}],"about":[{"href":"https:\/\/www.ub.edu\/ossma\/wp-json\/wp\/v2\/types\/page"}],"author":[{"embeddable":true,"href":"https:\/\/www.ub.edu\/ossma\/wp-json\/wp\/v2\/users\/1"}],"replies":[{"embeddable":true,"href":"https:\/\/www.ub.edu\/ossma\/wp-json\/wp\/v2\/comments?post=4270"}],"version-history":[{"count":16,"href":"https:\/\/www.ub.edu\/ossma\/wp-json\/wp\/v2\/pages\/4270\/revisions"}],"predecessor-version":[{"id":97601,"href":"https:\/\/www.ub.edu\/ossma\/wp-json\/wp\/v2\/pages\/4270\/revisions\/97601"}],"up":[{"embeddable":true,"href":"https:\/\/www.ub.edu\/ossma\/wp-json\/wp\/v2\/pages\/771"}],"wp:featuredmedia":[{"embeddable":true,"href":"https:\/\/www.ub.edu\/ossma\/wp-json\/wp\/v2\/media\/24958"}],"wp:attachment":[{"href":"https:\/\/www.ub.edu\/ossma\/wp-json\/wp\/v2\/media?parent=4270"}],"curies":[{"name":"wp","href":"https:\/\/api.w.org\/{rel}","templated":true}]}}