{"id":4656,"date":"2018-07-27T10:32:44","date_gmt":"2018-07-27T10:32:44","guid":{"rendered":"https:\/\/www.ub.edu\/ossma\/?page_id=4656"},"modified":"2022-03-28T11:38:23","modified_gmt":"2022-03-28T11:38:23","slug":"sollicitud-epis","status":"publish","type":"page","link":"https:\/\/www.ub.edu\/ossma\/procediments-tramits\/sollicitud-epis","title":{"rendered":"Sol\u00b7licitud d&#8217;Equips de protecci\u00f3 individual"},"content":{"rendered":"\n<p>Per sol\u00b7licitar EPI&#8217;s has d&#8217;omplir el seg\u00fcent formulari:<\/p>\n\n\n\n<div class=\"wp-block-contact-form-7-contact-form-selector\">\n<div class=\"wpcf7 no-js\" id=\"wpcf7-f4659-o1\" lang=\"ca\" dir=\"ltr\" data-wpcf7-id=\"4659\">\n<div class=\"screen-reader-response\"><p role=\"status\" aria-live=\"polite\" aria-atomic=\"true\"><\/p> <ul><\/ul><\/div>\n<form action=\"\/ossma\/wp-json\/wp\/v2\/pages\/4656#wpcf7-f4659-o1\" method=\"post\" class=\"wpcf7-form init\" aria-label=\"Formulari de contacte\" novalidate=\"novalidate\" data-status=\"init\">\n<fieldset class=\"hidden-fields-container\"><input type=\"hidden\" name=\"_wpcf7\" value=\"4659\" \/><input type=\"hidden\" name=\"_wpcf7_version\" value=\"6.1.5\" \/><input type=\"hidden\" name=\"_wpcf7_locale\" value=\"ca\" \/><input type=\"hidden\" name=\"_wpcf7_unit_tag\" value=\"wpcf7-f4659-o1\" \/><input type=\"hidden\" name=\"_wpcf7_container_post\" value=\"0\" \/><input type=\"hidden\" name=\"_wpcf7_posted_data_hash\" value=\"\" \/><input type=\"hidden\" name=\"_wpcf7cf_hidden_group_fields\" value=\"[]\" \/><input type=\"hidden\" name=\"_wpcf7cf_hidden_groups\" value=\"[]\" \/><input type=\"hidden\" name=\"_wpcf7cf_visible_groups\" value=\"[]\" \/><input type=\"hidden\" name=\"_wpcf7cf_repeaters\" value=\"[]\" \/><input type=\"hidden\" name=\"_wpcf7cf_steps\" value=\"{}\" \/><input type=\"hidden\" name=\"_wpcf7cf_options\" value=\"{&quot;form_id&quot;:4659,&quot;conditions&quot;:[],&quot;settings&quot;:{&quot;animation&quot;:&quot;yes&quot;,&quot;animation_intime&quot;:200,&quot;animation_outtime&quot;:200,&quot;conditions_ui&quot;:&quot;normal&quot;,&quot;notice_dismissed&quot;:false}}\" \/>\n<\/fieldset>\n<div class=\"form-two-columns\">\n\t<p><small>Els camps amb asterisc (*) s\u00f3n obligatoris<\/small>\n\t<\/p>\n\t<fieldset>\n\t\t<legend>Dades personals\n\t\t<\/legend>\n\t\t<p><label for=\"nom\">Nom i cognoms*<\/label><span class=\"wpcf7-form-control-wrap\" data-name=\"nom\"><input size=\"40\" maxlength=\"400\" class=\"wpcf7-form-control wpcf7-text wpcf7-validates-as-required\" id=\"nom\" aria-required=\"true\" aria-invalid=\"false\" value=\"\" type=\"text\" name=\"nom\" \/><\/span><br \/>\n<label for=\"mail\">Correu electr\u00f2nic*<\/label><span class=\"wpcf7-form-control-wrap\" data-name=\"mail\"><input size=\"40\" maxlength=\"400\" class=\"wpcf7-form-control wpcf7-email wpcf7-validates-as-required wpcf7-text wpcf7-validates-as-email\" id=\"mail\" aria-required=\"true\" aria-invalid=\"false\" value=\"\" type=\"email\" name=\"mail\" \/><\/span><br \/>\n<label for=\"facultat\">Facultat i departament \/ Centre i unitat*<\/label><span class=\"wpcf7-form-control-wrap\" data-name=\"facultat\"><input size=\"40\" maxlength=\"400\" class=\"wpcf7-form-control wpcf7-text wpcf7-validates-as-required\" id=\"facultat\" aria-required=\"true\" aria-invalid=\"false\" value=\"\" type=\"text\" name=\"facultat\" \/><\/span>\n\t\t<\/p>\n\t<\/fieldset>\n\t<fieldset>\n\t\t<legend>EPI's\n\t\t<\/legend>\n\t\t<p><label for=\"tipus-epi\">Tipus EPI<\/label><span class=\"formulari-dreta\"><span class=\"wpcf7-form-control-wrap\" data-name=\"tipus-epi\"><span class=\"wpcf7-form-control wpcf7-checkbox\" id=\"tipus-epi\"><span class=\"wpcf7-list-item first\"><input type=\"checkbox\" name=\"tipus-epi[]\" value=\"Guants de seguretat\" \/><span class=\"wpcf7-list-item-label\">Guants de seguretat<\/span><\/span><span class=\"wpcf7-list-item\"><input type=\"checkbox\" name=\"tipus-epi[]\" value=\"Guants de l\u00e0tex\" \/><span class=\"wpcf7-list-item-label\">Guants de l\u00e0tex<\/span><\/span><span class=\"wpcf7-list-item\"><input type=\"checkbox\" name=\"tipus-epi[]\" value=\"Guants de vinil\" \/><span class=\"wpcf7-list-item-label\">Guants de vinil<\/span><\/span><span class=\"wpcf7-list-item\"><input type=\"checkbox\" name=\"tipus-epi[]\" value=\"Guants de protecci\u00f3 t\u00e8rmica\" \/><span class=\"wpcf7-list-item-label\">Guants de protecci\u00f3 t\u00e8rmica<\/span><\/span><span class=\"wpcf7-list-item\"><input type=\"checkbox\" name=\"tipus-epi[]\" value=\"Guants de criog\u00e8nia\" \/><span class=\"wpcf7-list-item-label\">Guants de criog\u00e8nia<\/span><\/span><span class=\"wpcf7-list-item\"><input type=\"checkbox\" name=\"tipus-epi[]\" value=\"M\u00e0scara de pols i part\u00edcules\" \/><span class=\"wpcf7-list-item-label\">M\u00e0scara de pols i part\u00edcules<\/span><\/span><span class=\"wpcf7-list-item\"><input type=\"checkbox\" name=\"tipus-epi[]\" value=\"M\u00e0scara de gasos i vapors\" \/><span class=\"wpcf7-list-item-label\">M\u00e0scara de gasos i vapors<\/span><\/span><span class=\"wpcf7-list-item\"><input type=\"checkbox\" name=\"tipus-epi[]\" value=\"Auriculars\" \/><span class=\"wpcf7-list-item-label\">Auriculars<\/span><\/span><span class=\"wpcf7-list-item\"><input type=\"checkbox\" name=\"tipus-epi[]\" value=\"Casc\" \/><span class=\"wpcf7-list-item-label\">Casc<\/span><\/span><span class=\"wpcf7-list-item\"><input type=\"checkbox\" name=\"tipus-epi[]\" value=\"Botes\" \/><span class=\"wpcf7-list-item-label\">Botes<\/span><\/span><span class=\"wpcf7-list-item last\"><input type=\"checkbox\" name=\"tipus-epi[]\" value=\"Altres\" \/><span class=\"wpcf7-list-item-label\">Altres<\/span><\/span><\/span><\/span><\/span>\n\t\t<\/p>\n\t\t<p><label for=\"epi-altres\">En cas de seleccionar \"Altres\" indica quins<\/label><span class=\"wpcf7-form-control-wrap\" data-name=\"epi-altres\"><input size=\"40\" maxlength=\"400\" class=\"wpcf7-form-control wpcf7-text\" id=\"epi-altres\" aria-invalid=\"false\" value=\"\" type=\"text\" name=\"epi-altres\" \/><\/span>\n\t\t<\/p>\n\t\t<p><label for=\"tasques\">Descripci\u00f3 tasques<\/label><span class=\"wpcf7-form-control-wrap\" data-name=\"tasques\"><textarea cols=\"40\" rows=\"10\" maxlength=\"2000\" class=\"wpcf7-form-control wpcf7-textarea\" id=\"tasques\" aria-invalid=\"false\" name=\"tasques\"><\/textarea><\/span>\n\t\t<\/p>\n\t\t<p><span class=\"wpcf7-form-control-wrap\" data-name=\"compromis\"><span class=\"wpcf7-form-control wpcf7-acceptance\"><span class=\"wpcf7-list-item\"><label><input type=\"checkbox\" name=\"compromis\" value=\"1\" id=\"compromis\" aria-invalid=\"false\" \/><span class=\"wpcf7-list-item-label\">Accepto comprom\u00eds de: \n<ul>\n  <li>Utilitzar els EPI quan es realitzin les tasques que aix\u00ed ho requereixen.<\/li>\n  <li>Consultar qualsevol dubte respecte a la utilitzaci\u00f3 correcta.<\/li>\n  <li>Mantenir-lo en perfecte estat i conservaci\u00f3.<\/li>\n  <li>Sol\u00b7licitar un nou EPI en cas de p\u00e8rdua o deteriorament.<\/li>\n<\/ul><\/span><\/label><\/span><\/span><\/span>\n\t\t<\/p>\n\t<\/fieldset>\n\t<fieldset>\n\t\t<legend>Signatura\n\t\t<\/legend>\n\t\t<p><label for=\"signatura\">Signatura<br \/>\n<small>(Dibuixa la teva signatura al requadre)<\/small><\/label>\n\t\t<\/p>\n\t\t<div class=\"formulari-dreta\">\n\t\t\t<p><div class=\"dscf7_signature\">\n\t\t\t<div class=\"dscf7_signature_inner\">\n\t\t\t\t<canvas id=\"digital_signature-pad_signatura\" name=\"signatura\" class=\"digital_signature-pad\" color=\"#000000\" backcolor=\"#dddddd\" width=\"300\" height=\"200\"><\/canvas>\n\t\t\t\t<input class=\"clearButton\" type=\"button\" value=\"+\">\n\t\t\t<\/div>\n\t\t\t<span class=\"wpcf7-form-control-wrap signatura\" data-name=\"signatura\">\n\t\t\t\t<input class=\"wpcf7-form-control wpcf7-signature wpcf7-validates-as-required wpcf7-validates-as-signature dscf7-signature\" id=\"signatura\" value=\"\" type=\"hidden\" name=\"signatura\"\/>\n\t\t\t\t<input type=\"hidden\" name=\"signatura-attachment\" class=\"wpcf7_input_signatura_attachment\"\/>\n\t\t\t\t<input type=\"hidden\" name=\"signatura-inline\" class=\"wpcf7_input_signatura_inline\"\/>\n\t\t\t<\/span>\n\t\t<\/div>\n\t\t\t<\/p>\n\t\t<\/div>\n\t<\/fieldset>\n\t<p><b>Dret d\u2019informaci\u00f3 relatiu al tractament de dades personals<\/b>\n\t<\/p>\n\t<p>(1) El responsable del tractament de les vostres dades \u00e9s la Secretaria General de la Universitat de Barcelona. (2) La finalitat del tractament \u00e9s gestionar la prevenci\u00f3 de riscos laborals. (3) Teniu dret a accedir a les vostres dades, rectificar-les, suprimir-les, oposar-vos al seu tractament, sol\u00b7licitar-ne la portabilitat i la limitaci\u00f3 dels tractaments, en determinades circumst\u00e0ncies. (4) Podeu consultar <a href=\"https:\/\/www.ub.edu\/ossma\/dret-informacio-addicional\">la informaci\u00f3 detallada dels tractaments esmentats<\/a>.\n\t<\/p>\n\t<p><span class=\"wpcf7-form-control-wrap\" data-name=\"dret-informacio\"><span class=\"wpcf7-form-control wpcf7-acceptance\"><span class=\"wpcf7-list-item\"><label><input type=\"checkbox\" name=\"dret-informacio\" value=\"1\" id=\"dret-informacio\" aria-invalid=\"false\" \/><span class=\"wpcf7-list-item-label\">Declaro que he llegit el dret d\u2019informaci\u00f3.<\/span><\/label><\/span><\/span><\/span>\n\t<\/p>\n\t<p><input class=\"wpcf7-form-control wpcf7-submit has-spinner\" type=\"submit\" value=\"Enviar\" \/>\n\t<\/p>\n\t<p>(El formulari pot trigar uns segons a confirmar l'enviament. Si us plau, no el reenvieu ni recarregueu la p\u00e0gina)\n\t<\/p>\n<\/div><p style=\"display: none !important;\" class=\"akismet-fields-container\" data-prefix=\"_wpcf7_ak_\"><label>&#916;<textarea name=\"_wpcf7_ak_hp_textarea\" cols=\"45\" rows=\"8\" maxlength=\"100\"><\/textarea><\/label><input type=\"hidden\" id=\"ak_js_1\" name=\"_wpcf7_ak_js\" value=\"184\"\/><script>document.getElementById( \"ak_js_1\" ).setAttribute( \"value\", ( new Date() ).getTime() );<\/script><\/p><div class=\"wpcf7-response-output\" aria-hidden=\"true\"><\/div>\n<\/form>\n<\/div>\n<\/div>\n","protected":false},"excerpt":{"rendered":"<p>Per sol\u00b7licitar EPI&#8217;s has d&#8217;omplir el seg\u00fcent formulari:<\/p>\n","protected":false},"author":1,"featured_media":24958,"parent":771,"menu_order":0,"comment_status":"closed","ping_status":"closed","template":"","meta":{"advgb_blocks_editor_width":"","advgb_blocks_columns_visual_guide":"","footnotes":""},"class_list":["post-4656","page","type-page","status-publish","has-post-thumbnail"],"coauthors":[],"author_meta":{"author_link":"https:\/\/www.ub.edu\/ossma\/author\/ossmau1","display_name":"OSSMA"},"relative_dates":{"created":"Posted 8 anys ago","modified":"Updated 4 anys ago"},"absolute_dates":{"created":"Posted on 27\/07\/2018","modified":"Updated on 28\/03\/2022"},"absolute_dates_time":{"created":"Posted on 27\/07\/2018 10:32","modified":"Updated on 28\/03\/2022 11:38"},"featured_img_caption":"","featured_img":"https:\/\/www.ub.edu\/ossma\/wp-content\/uploads\/2021\/04\/banner-notificacions.jpg","series_order":"","_links":{"self":[{"href":"https:\/\/www.ub.edu\/ossma\/wp-json\/wp\/v2\/pages\/4656","targetHints":{"allow":["GET"]}}],"collection":[{"href":"https:\/\/www.ub.edu\/ossma\/wp-json\/wp\/v2\/pages"}],"about":[{"href":"https:\/\/www.ub.edu\/ossma\/wp-json\/wp\/v2\/types\/page"}],"author":[{"embeddable":true,"href":"https:\/\/www.ub.edu\/ossma\/wp-json\/wp\/v2\/users\/1"}],"replies":[{"embeddable":true,"href":"https:\/\/www.ub.edu\/ossma\/wp-json\/wp\/v2\/comments?post=4656"}],"version-history":[{"count":3,"href":"https:\/\/www.ub.edu\/ossma\/wp-json\/wp\/v2\/pages\/4656\/revisions"}],"predecessor-version":[{"id":25359,"href":"https:\/\/www.ub.edu\/ossma\/wp-json\/wp\/v2\/pages\/4656\/revisions\/25359"}],"up":[{"embeddable":true,"href":"https:\/\/www.ub.edu\/ossma\/wp-json\/wp\/v2\/pages\/771"}],"wp:featuredmedia":[{"embeddable":true,"href":"https:\/\/www.ub.edu\/ossma\/wp-json\/wp\/v2\/media\/24958"}],"wp:attachment":[{"href":"https:\/\/www.ub.edu\/ossma\/wp-json\/wp\/v2\/media?parent=4656"}],"curies":[{"name":"wp","href":"https:\/\/api.w.org\/{rel}","templated":true}]}}