{"id":56726,"date":"2024-02-02T08:27:54","date_gmt":"2024-02-02T08:27:54","guid":{"rendered":"https:\/\/www.ub.edu\/ossma?page_id=56726"},"modified":"2025-04-25T05:49:06","modified_gmt":"2025-04-25T05:49:06","slug":"campanya-estalvi-aigua","status":"publish","type":"page","link":"https:\/\/www.ub.edu\/ossma\/medi-ambient\/consum-responsable\/campanya-estalvi-aigua","title":{"rendered":"Estalvi d&#8217;aigua"},"content":{"rendered":"\n<h2 class=\"wp-block-heading\">Campanya \u201cL&#8217;aigua no cau del cel\u201d<\/h2>\n\n\n\n<p>Entre els anys 2021 i 2023, Barcelona i el seu entorn han viscut els tres anys m\u00e9s secs des que es disposa de registres instrumentals, provocant un episodi de sequera sense precedents al llarg del segle XX. Aquesta situaci\u00f3 port\u00e0 a l\u2019aplicaci\u00f3 d\u2019un seguit de mesures de reducci\u00f3 del consum per allargar tant com sigui possible els escassos recursos disponibles. La Universitat de Barcelona, a m\u00e9s d\u2019aplicar totes les mesures que el Govern de la Generalitat aprov\u00e0 progressivament en el marc del Pla especial de sequera (Acord GOV\/1\/2020), ha dut a terme al llarg dels darrers 25 anys nombroses actuacions per reduir-ne el consum amb les quals ha assolit un estalvi superior al 70 %. Amb l\u2019objectiu de sensibilitzar la comunitat universit\u00e0ria sobre la necessitat de fer un consum responsable de l\u2019aigua, la UB impulsa la campanya de comunicaci\u00f3 i sensibilitzaci\u00f3 \u00abL\u2019aigua no cau del cel\u00bb, en l\u00ednia amb la de l\u2019Ag\u00e8ncia Catalana de l\u2019Aigua. En aquesta p\u00e0gina es troba tota la informaci\u00f3 i recursos de la campanya, aix\u00ed com les mesures que ha pres la UB per reduir progressivament el consum d\u2019aigua.<\/p>\n\n\n\n<ul class=\"wp-block-list\">\n<li><a href=\"https:\/\/sequera.gencat.cat\/ca\/estat-actual\/estat-de-les-reserves-daigua-als-embassaments\/\" target=\"_blank\" rel=\"noreferrer noopener\">Estat de les reserves d\u2019aigua als embassaments<\/a> (Generalitat de Catalunya).<\/li>\n\n\n\n<li><a href=\"https:\/\/www.ub.edu\/ossma\/wp-content\/uploads\/2024\/04\/mesures-estalvi-aigua-fase-emergencia.pdf\" target=\"_blank\" rel=\"noreferrer noopener\">Resum de mesures adoptades a la UB durant la fase d\u2019emerg\u00e8ncia 1<\/a>. Informe de la Unitat de Manteniment.<\/li>\n<\/ul>\n\n\n\n<h3 class=\"wp-block-heading\">Consells per estalviar aigua<\/h3>\n\n\n\n<div class=\"wp-block-columns is-layout-flex wp-container-core-columns-is-layout-9d6595d7 wp-block-columns-is-layout-flex\">\n<div class=\"wp-block-column is-layout-flow wp-block-column-is-layout-flow\" style=\"flex-basis:33%\"><div class=\"wp-block-image\">\n<figure class=\"aligncenter size-large\"><img fetchpriority=\"high\" decoding=\"async\" width=\"283\" height=\"400\" src=\"https:\/\/www.ub.edu\/ossma\/wp-content\/uploads\/2024\/02\/estalvi-aigua-cartell-general-283x400.jpg\" alt=\"Cartell amb indicacions de com estalviar aigua\" class=\"wp-image-57301\" srcset=\"https:\/\/www.ub.edu\/ossma\/wp-content\/uploads\/2024\/02\/estalvi-aigua-cartell-general-283x400.jpg 283w, https:\/\/www.ub.edu\/ossma\/wp-content\/uploads\/2024\/02\/estalvi-aigua-cartell-general-354x500.jpg 354w, https:\/\/www.ub.edu\/ossma\/wp-content\/uploads\/2024\/02\/estalvi-aigua-cartell-general.jpg 707w\" sizes=\"(max-width: 283px) 100vw, 283px\" \/><figcaption class=\"wp-element-caption\"><a href=\"https:\/\/www.ub.edu\/ossma\/wp-content\/uploads\/2024\/02\/estalvi-aigua-cartell-general.pdf\" target=\"_blank\" rel=\"noreferrer noopener\">Descarrega el PDF<\/a><\/figcaption><\/figure>\n<\/div><\/div>\n\n\n\n<div class=\"wp-block-column is-layout-flow wp-block-column-is-layout-flow\" style=\"flex-basis:66%\">\n<figure class=\"wp-block-embed is-type-video is-provider-youtube wp-block-embed-youtube wp-embed-aspect-16-9 wp-has-aspect-ratio\"><div class=\"wp-block-embed__wrapper\">\n<iframe title=\"L\u2019aigua no cau del cel: campanya d\u2019estalvi d\u2019aigua a la UB\" width=\"1200\" height=\"675\" src=\"https:\/\/www.youtube.com\/embed\/Wk9t9Re1bBM?feature=oembed\" frameborder=\"0\" allow=\"accelerometer; autoplay; clipboard-write; encrypted-media; gyroscope; picture-in-picture; web-share\" referrerpolicy=\"strict-origin-when-cross-origin\" allowfullscreen><\/iframe>\n<\/div><\/figure>\n<\/div>\n<\/div>\n\n\n\n<h3 class=\"wp-block-heading\">Consells per estalviar aigua als laboratoris<\/h3>\n\n\n\n<div class=\"wp-block-columns is-layout-flex wp-container-core-columns-is-layout-9d6595d7 wp-block-columns-is-layout-flex\">\n<div class=\"wp-block-column is-layout-flow wp-block-column-is-layout-flow\" style=\"flex-basis:33%\"><div class=\"wp-block-image\">\n<figure class=\"aligncenter size-large\"><img decoding=\"async\" width=\"283\" height=\"400\" src=\"https:\/\/www.ub.edu\/ossma\/wp-content\/uploads\/2024\/02\/estalvi-aigua-cartell-laboratoris-283x400.jpg\" alt=\"Consells per estalviar aigua als laboratoris\" class=\"wp-image-57298\" srcset=\"https:\/\/www.ub.edu\/ossma\/wp-content\/uploads\/2024\/02\/estalvi-aigua-cartell-laboratoris-283x400.jpg 283w, https:\/\/www.ub.edu\/ossma\/wp-content\/uploads\/2024\/02\/estalvi-aigua-cartell-laboratoris-354x500.jpg 354w, https:\/\/www.ub.edu\/ossma\/wp-content\/uploads\/2024\/02\/estalvi-aigua-cartell-laboratoris.jpg 707w\" sizes=\"(max-width: 283px) 100vw, 283px\" \/><figcaption class=\"wp-element-caption\"><a href=\"https:\/\/www.ub.edu\/ossma\/wp-content\/uploads\/2024\/02\/estalvi-aigua-cartell-laboratoris.pdf\" target=\"_blank\" rel=\"noreferrer noopener\">Descarrega el PDF<\/a><\/figcaption><\/figure>\n<\/div><\/div>\n\n\n\n<div class=\"wp-block-column is-layout-flow wp-block-column-is-layout-flow\" style=\"flex-basis:66%\">\n<figure class=\"wp-block-embed is-type-video is-provider-youtube wp-block-embed-youtube wp-embed-aspect-16-9 wp-has-aspect-ratio\"><div class=\"wp-block-embed__wrapper\">\n<iframe title=\"L\u2019aigua no cau del cel: campanya d\u2019estalvi d\u2019aigua als laboratoris de la UB\" width=\"1200\" height=\"675\" src=\"https:\/\/www.youtube.com\/embed\/b6_FENuJXWc?feature=oembed\" frameborder=\"0\" allow=\"accelerometer; autoplay; clipboard-write; encrypted-media; gyroscope; picture-in-picture; web-share\" referrerpolicy=\"strict-origin-when-cross-origin\" allowfullscreen><\/iframe>\n<\/div><\/figure>\n<\/div>\n<\/div>\n\n\n\n<h3 class=\"wp-block-heading\">Consells per estalviar aigua a les instal\u00b7lacions d&#8217;Esports UB<\/h3>\n\n\n\n<div class=\"wp-block-columns is-layout-flex wp-container-core-columns-is-layout-9d6595d7 wp-block-columns-is-layout-flex\">\n<div class=\"wp-block-column is-layout-flow wp-block-column-is-layout-flow\" style=\"flex-basis:33%\"><div class=\"wp-block-image\">\n<figure class=\"aligncenter size-large\"><img decoding=\"async\" width=\"283\" height=\"400\" src=\"https:\/\/www.ub.edu\/ossma\/wp-content\/uploads\/2024\/02\/estalvi-aigua-cartell-esports-ub-283x400.jpg\" alt=\"Consells per estalviar aigua a las depend\u00e8ncies d'Esports UB\" class=\"wp-image-57295\" srcset=\"https:\/\/www.ub.edu\/ossma\/wp-content\/uploads\/2024\/02\/estalvi-aigua-cartell-esports-ub-283x400.jpg 283w, https:\/\/www.ub.edu\/ossma\/wp-content\/uploads\/2024\/02\/estalvi-aigua-cartell-esports-ub-353x500.jpg 353w, https:\/\/www.ub.edu\/ossma\/wp-content\/uploads\/2024\/02\/estalvi-aigua-cartell-esports-ub.jpg 530w\" sizes=\"(max-width: 283px) 100vw, 283px\" \/><figcaption class=\"wp-element-caption\"><a href=\"https:\/\/www.ub.edu\/ossma\/wp-content\/uploads\/2024\/02\/estalvi-aigua-cartell-esports-ub.pdf\" target=\"_blank\" rel=\"noreferrer noopener\">Descarrega el PDF<\/a><\/figcaption><\/figure>\n<\/div><\/div>\n\n\n\n<div class=\"wp-block-column is-layout-flow wp-block-column-is-layout-flow\" style=\"flex-basis:66%\">\n<figure class=\"wp-block-embed is-type-video is-provider-youtube wp-block-embed-youtube wp-embed-aspect-16-9 wp-has-aspect-ratio\"><div class=\"wp-block-embed__wrapper\">\n<iframe title=\"L\u2019aigua no cau del cel: campanya d\u2019estalvi d\u2019aigua a Esports UB\" width=\"1200\" height=\"675\" src=\"https:\/\/www.youtube.com\/embed\/7AnVf3AFf1Y?feature=oembed\" frameborder=\"0\" allow=\"accelerometer; autoplay; clipboard-write; encrypted-media; gyroscope; picture-in-picture; web-share\" referrerpolicy=\"strict-origin-when-cross-origin\" allowfullscreen><\/iframe>\n<\/div><\/figure>\n<\/div>\n<\/div>\n\n\n\n<h2 class=\"wp-block-heading\" id=\"noticies-relacionades-48217052-51d1-4766-98de-6ec13faf3da9\">Evoluci\u00f3 consums<\/h2>\n\n\n\n<div class=\"wp-block-query is-layout-flow wp-block-query-is-layout-flow\"><ul class=\"columns-3 wp-block-post-template is-layout-grid wp-container-core-post-template-is-layout-2fc57c17 wp-block-post-template-is-layout-grid\"><li class=\"wp-block-post post-92549 post type-post status-publish format-standard has-post-thumbnail hentry category-actualitat-medi-ambient tag-aigua tag-comuniconsums tag-consum-responsable tag-consums24 tag-energia tag-ods12 tag-ods6 tag-ods7\">\n\n<div class=\"wp-block-group ombra is-vertical is-layout-flex wp-container-core-group-is-layout-2eb2ff60 wp-block-group-is-layout-flex\" style=\"padding-top:30px;padding-right:30px;padding-bottom:30px;padding-left:30px\"><h3 class=\"wp-block-post-title\"><a href=\"https:\/\/www.ub.edu\/ossma\/actualitat-medi-ambient\/consums-2024-desembre\" target=\"_self\" >L&#8217;any 2024 la UB torna a reduir el consum d&#8217;energia i aigua<\/a><\/h3>\n\n<div class=\"wp-block-post-excerpt\"><p class=\"wp-block-post-excerpt__excerpt\">Al llarg de l&#8217;any 2024, el consum d\u2019aigua ha disminu\u00eft un 3,6\u00a0%, el d\u2019electricitat un 9,1\u00a0% i el de gas un 10,1\u00a0%.<\/p><p class=\"wp-block-post-excerpt__more-text\"><a class=\"wp-block-post-excerpt__more-link\" href=\"https:\/\/www.ub.edu\/ossma\/actualitat-medi-ambient\/consums-2024-desembre\">M\u00e9s informaci\u00f3<\/a><\/p><\/div>\n\n<div class=\"wp-block-post-date\"><time datetime=\"2025-02-17T14:19:19+00:00\">17\/02\/2025<\/time><\/div><\/div>\n\n<\/li><li class=\"wp-block-post post-65400 post type-post status-publish format-standard has-post-thumbnail hentry category-actualitat-medi-ambient tag-aigua tag-comuniconsums tag-consum-responsable tag-consums24 tag-energia tag-ods12 tag-ods6 tag-ods7\">\n\n<div class=\"wp-block-group ombra is-vertical is-layout-flex wp-container-core-group-is-layout-2eb2ff60 wp-block-group-is-layout-flex\" style=\"padding-top:30px;padding-right:30px;padding-bottom:30px;padding-left:30px\"><h3 class=\"wp-block-post-title\"><a href=\"https:\/\/www.ub.edu\/ossma\/actualitat-medi-ambient\/consums-2024-setembre\" target=\"_self\" >Entre gener i setembre el consum d&#8217;aigua a la UB es redueix un 5%, i el d&#8217;energia prop d&#8217;un 10%<\/a><\/h3>\n\n<div class=\"wp-block-post-excerpt\"><p class=\"wp-block-post-excerpt__excerpt\">Durant els primers nou mesos de 2024, l\u2019evoluci\u00f3 del consum d\u2019energia i aigua a la UB mant\u00e9 reduccions significatives en tots els subministraments.<\/p><p class=\"wp-block-post-excerpt__more-text\"><a class=\"wp-block-post-excerpt__more-link\" href=\"https:\/\/www.ub.edu\/ossma\/actualitat-medi-ambient\/consums-2024-setembre\">M\u00e9s informaci\u00f3<\/a><\/p><\/div>\n\n<div class=\"wp-block-post-date\"><time datetime=\"2024-10-23T09:44:46+00:00\">23\/10\/2024<\/time><\/div><\/div>\n\n<\/li><li class=\"wp-block-post post-62682 post type-post status-publish format-standard has-post-thumbnail hentry category-actualitat-medi-ambient tag-aigua tag-comuniconsums tag-consum-responsable tag-consums24 tag-energia tag-ods12 tag-ods6 tag-ods7\">\n\n<div class=\"wp-block-group ombra is-vertical is-layout-flex wp-container-core-group-is-layout-2eb2ff60 wp-block-group-is-layout-flex\" style=\"padding-top:30px;padding-right:30px;padding-bottom:30px;padding-left:30px\"><h3 class=\"wp-block-post-title\"><a href=\"https:\/\/www.ub.edu\/ossma\/actualitat-medi-ambient\/consums-2024-juny\" target=\"_self\" >Els consums d&#8217;energia i aigua a la UB segueixen a la baixa durant el primer semestre de 2024<\/a><\/h3>\n\n<div class=\"wp-block-post-excerpt\"><p class=\"wp-block-post-excerpt__excerpt\">Durant el primer semestre de 2024, el consum d\u2019aigua a la UB ha disminu\u00eft un 8,4 %, el d\u2019electricitat un 9 % i el de gas un 7,7 %, respecte al mateix per\u00edode de 2023.<\/p><p class=\"wp-block-post-excerpt__more-text\"><a class=\"wp-block-post-excerpt__more-link\" href=\"https:\/\/www.ub.edu\/ossma\/actualitat-medi-ambient\/consums-2024-juny\">M\u00e9s informaci\u00f3<\/a><\/p><\/div>\n\n<div class=\"wp-block-post-date\"><time datetime=\"2024-07-19T10:09:49+00:00\">19\/07\/2024<\/time><\/div><\/div>\n\n<\/li><\/ul><\/div>\n\n\n\n<div class=\"wp-block-columns is-layout-flex wp-container-core-columns-is-layout-9d6595d7 wp-block-columns-is-layout-flex\">\n<div class=\"wp-block-column is-layout-flow wp-block-column-is-layout-flow\">\n<div class=\"wp-block-buttons is-content-justification-center is-layout-flex wp-container-core-buttons-is-layout-16018d1d wp-block-buttons-is-layout-flex\">\n<div class=\"wp-block-button has-custom-width wp-block-button__width-25 aligncenter\"><a class=\"wp-block-button__link has-text-align-center wp-element-button\" href=\"https:\/\/www.ub.edu\/ossma\/tag\/consums24\">Totes les not\u00edcies sobre evoluci\u00f3 de consums<\/a><\/div>\n<\/div>\n<\/div>\n<\/div>\n\n\n\n<h2 class=\"wp-block-heading\" id=\"noticies-relacionades-48217052-51d1-4766-98de-6ec13faf3da9\">Not\u00edcies relacionades<\/h2>\n\n\n\n<div class=\"wp-block-query is-layout-flow wp-block-query-is-layout-flow\"><ul class=\"columns-3 wp-block-post-template is-layout-grid wp-container-core-post-template-is-layout-2fc57c17 wp-block-post-template-is-layout-grid\"><li class=\"wp-block-post post-62564 post type-post status-publish format-standard has-post-thumbnail hentry category-actualitat-medi-ambient tag-aigua tag-consum-responsable tag-no-cau-del-cel tag-ods12 tag-ods6\">\n\n<div class=\"wp-block-group ombra is-vertical is-layout-flex wp-container-core-group-is-layout-2eb2ff60 wp-block-group-is-layout-flex\" style=\"padding-top:30px;padding-right:30px;padding-bottom:30px;padding-left:30px\"><h3 class=\"wp-block-post-title\"><a href=\"https:\/\/www.ub.edu\/ossma\/actualitat-medi-ambient\/repte-estalvi-aigua-resultats\" target=\"_self\" >Finalitza el repte d\u2019estalvi d&#8217;aigua a la UB: resum de resultats<\/a><\/h3>\n\n<div class=\"wp-block-post-excerpt\"><p class=\"wp-block-post-excerpt__excerpt\">El repte d\u2019estalvi d&#8217;aigua a la UB ha finalitzat. En aquesta entrada us mostrem els resultats finals.<\/p><p class=\"wp-block-post-excerpt__more-text\"><a class=\"wp-block-post-excerpt__more-link\" href=\"https:\/\/www.ub.edu\/ossma\/actualitat-medi-ambient\/repte-estalvi-aigua-resultats\">M\u00e9s informaci\u00f3<\/a><\/p><\/div>\n\n<div class=\"wp-block-post-date\"><time datetime=\"2024-07-17T07:29:08+00:00\">17\/07\/2024<\/time><\/div><\/div>\n\n<\/li><li class=\"wp-block-post post-62319 post type-post status-publish format-standard has-post-thumbnail hentry category-actualitat-medi-ambient tag-aigua tag-consum-responsable tag-ecoconsells3-0 tag-no-cau-del-cel tag-ods12 tag-ods6\">\n\n<div class=\"wp-block-group ombra is-vertical is-layout-flex wp-container-core-group-is-layout-2eb2ff60 wp-block-group-is-layout-flex\" style=\"padding-top:30px;padding-right:30px;padding-bottom:30px;padding-left:30px\"><h3 class=\"wp-block-post-title\"><a href=\"https:\/\/www.ub.edu\/ossma\/actualitat-medi-ambient\/aiguaconsells\" target=\"_self\" >AiguaConsells: idees per no malbaratar aigua i adaptar-nos a l\u2019emerg\u00e8ncia clim\u00e0tica<\/a><\/h3>\n\n<div class=\"wp-block-post-excerpt\"><p class=\"wp-block-post-excerpt__excerpt\">Si voleu Ecoconsells amb idees per no malbaratar aigua, aqu\u00ed trobareu recopilats tots els AiguaConsells que hem publicat a les xarxes socials al llarg d&#8217;aquest primer trimestre.<\/p><p class=\"wp-block-post-excerpt__more-text\"><a class=\"wp-block-post-excerpt__more-link\" href=\"https:\/\/www.ub.edu\/ossma\/actualitat-medi-ambient\/aiguaconsells\">M\u00e9s informaci\u00f3<\/a><\/p><\/div>\n\n<div class=\"wp-block-post-date\"><time datetime=\"2024-07-09T11:00:43+00:00\">09\/07\/2024<\/time><\/div><\/div>\n\n<\/li><li class=\"wp-block-post post-59259 post type-post status-publish format-standard has-post-thumbnail hentry category-actualitat-medi-ambient tag-aigua tag-consum-responsable tag-no-cau-del-cel tag-ods12 tag-ods6\">\n\n<div class=\"wp-block-group ombra is-vertical is-layout-flex wp-container-core-group-is-layout-2eb2ff60 wp-block-group-is-layout-flex\" style=\"padding-top:30px;padding-right:30px;padding-bottom:30px;padding-left:30px\"><h3 class=\"wp-block-post-title\"><a href=\"https:\/\/www.ub.edu\/ossma\/actualitat-medi-ambient\/repte-estalvi-aigua\" target=\"_self\" >Nou repte d&#8217;estalvi d&#8217;aigua a la UB<\/a><\/h3>\n\n<div class=\"wp-block-post-excerpt\"><p class=\"wp-block-post-excerpt__excerpt\">Repte sobre estalvi d&#8217;aigua a la UB (edici\u00f3 2024), on podr\u00e0s aprendre nous conceptes i h\u00e0bits sostenibles, i guanyar premis!<\/p><p class=\"wp-block-post-excerpt__more-text\"><a class=\"wp-block-post-excerpt__more-link\" href=\"https:\/\/www.ub.edu\/ossma\/actualitat-medi-ambient\/repte-estalvi-aigua\">M\u00e9s informaci\u00f3<\/a><\/p><\/div>\n\n<div class=\"wp-block-post-date\"><time datetime=\"2024-04-03T08:52:54+00:00\">03\/04\/2024<\/time><\/div><\/div>\n\n<\/li><\/ul><\/div>\n\n\n\n<hr class=\"wp-block-separator has-alpha-channel-opacity\"\/>\n\n\n\n<h2 class=\"wp-block-heading\">Qu\u00e8 fem a la UB<\/h2>\n\n\n\n<div class=\"wp-block-columns destacats is-layout-flex wp-container-core-columns-is-layout-9d6595d7 wp-block-columns-is-layout-flex\">\n<div class=\"wp-block-column is-layout-flow wp-block-column-is-layout-flow\">\n<figure class=\"wp-block-image size-large\"><img loading=\"lazy\" decoding=\"async\" width=\"600\" height=\"400\" src=\"https:\/\/www.ub.edu\/ossma\/wp-content\/uploads\/2024\/02\/comptador-aigua-600x400.jpg\" alt=\"Comptador d'aigua\" class=\"wp-image-56969\" srcset=\"https:\/\/www.ub.edu\/ossma\/wp-content\/uploads\/2024\/02\/comptador-aigua-600x400.jpg 600w, https:\/\/www.ub.edu\/ossma\/wp-content\/uploads\/2024\/02\/comptador-aigua.jpg 750w\" sizes=\"(max-width: 600px) 100vw, 600px\" \/><\/figure>\n\n\n\n<p>Evoluci\u00f3 del consum d\u2019aigua<\/p>\n\n\n\n<p><a href=\"https:\/\/www.ub.edu\/ossma\/medi-ambient\/indicadors-ambientals\/consum-daigua\" data-type=\"page\" data-id=\"626\">M\u00e9s informaci\u00f3<\/a><\/p>\n<\/div>\n\n\n\n<div class=\"wp-block-column is-layout-flow wp-block-column-is-layout-flow\">\n<figure class=\"wp-block-image size-large\"><img loading=\"lazy\" decoding=\"async\" width=\"600\" height=\"400\" src=\"https:\/\/www.ub.edu\/ossma\/wp-content\/uploads\/2024\/02\/edifici-historic-central-ub-destacat-600x400.jpg\" alt=\"Vista zenital de l'edifici hist\u00f2ric de la UB\" class=\"wp-image-56965\" srcset=\"https:\/\/www.ub.edu\/ossma\/wp-content\/uploads\/2024\/02\/edifici-historic-central-ub-destacat-600x400.jpg 600w, https:\/\/www.ub.edu\/ossma\/wp-content\/uploads\/2024\/02\/edifici-historic-central-ub-destacat.jpg 750w\" sizes=\"(max-width: 600px) 100vw, 600px\" \/><\/figure>\n\n\n\n<p>Accions per l\u2019estalvi d\u2019aigua en les depend\u00e8ncies de la UB<\/p>\n\n\n\n<p><a href=\"https:\/\/www.ub.edu\/ossma\/wp-content\/uploads\/2024\/02\/informe-tecnic-manteniment-aigua.pdf\" target=\"_blank\" rel=\"noreferrer noopener\">M\u00e9s informaci\u00f3<\/a><\/p>\n<\/div>\n\n\n\n<div class=\"wp-block-column is-layout-flow wp-block-column-is-layout-flow\">\n<figure class=\"wp-block-image size-large\"><img loading=\"lazy\" decoding=\"async\" width=\"600\" height=\"400\" src=\"https:\/\/www.ub.edu\/ossma\/wp-content\/uploads\/2024\/02\/destacat-fonts-aigua-ub-600x400.jpg\" alt=\"Nova font d'aigua instal\u00b7lada a la UB\" class=\"wp-image-56849\" srcset=\"https:\/\/www.ub.edu\/ossma\/wp-content\/uploads\/2024\/02\/destacat-fonts-aigua-ub-600x400.jpg 600w, https:\/\/www.ub.edu\/ossma\/wp-content\/uploads\/2024\/02\/destacat-fonts-aigua-ub.jpg 750w\" sizes=\"(max-width: 600px) 100vw, 600px\" \/><\/figure>\n\n\n\n<p>Fonts d\u2019aigua<\/p>\n\n\n\n<p><a href=\"https:\/\/www.ub.edu\/ossma\/tag\/font-aigua\">M\u00e9s informaci\u00f3<\/a><\/p>\n<\/div>\n\n\n\n<div class=\"wp-block-column is-layout-flow wp-block-column-is-layout-flow\">\n<figure class=\"wp-block-image size-full\"><img loading=\"lazy\" decoding=\"async\" width=\"750\" height=\"500\" src=\"https:\/\/www.ub.edu\/ossma\/wp-content\/uploads\/2021\/03\/destacat-punt-bici.jpg\" alt=\"Punt Bici a Sports UB\" class=\"wp-image-24252\" srcset=\"https:\/\/www.ub.edu\/ossma\/wp-content\/uploads\/2021\/03\/destacat-punt-bici.jpg 750w, https:\/\/www.ub.edu\/ossma\/wp-content\/uploads\/2021\/03\/destacat-punt-bici-300x200.jpg 300w, https:\/\/www.ub.edu\/ossma\/wp-content\/uploads\/2021\/03\/destacat-punt-bici-272x182.jpg 272w\" sizes=\"(max-width: 750px) 100vw, 750px\" \/><\/figure>\n\n\n\n<p>Mesures de reducci\u00f3 del consum d\u2019aigua a Esports UB<\/p>\n\n\n\n<p><a href=\"https:\/\/www.ub.edu\/ossma\/wp-content\/uploads\/2024\/02\/accions-estalvi-aigua-esports-ub.pdf\" target=\"_blank\" rel=\"noreferrer noopener\">M\u00e9s informaci\u00f3<\/a><\/p>\n<\/div>\n<\/div>\n","protected":false},"excerpt":{"rendered":"<p>La Universitat de Barcelona comen\u00e7a un <strong>nou repte d&#8217;estalvi d&#8217;aigua amb l&#8217;aplicaci\u00f3 The Planet App<\/strong>, com a complement a la <a href=\"http:\/\/www.ub.edu\/sequera\"><strong>campanya de sensibilitzaci\u00f3 \u201cL\u2019aigua no cau del cel\u201d<\/strong><\/a>,  per fer front a la situaci\u00f3 d&#8217;emerg\u00e8ncia en qu\u00e8 ens trobem.  <\/p>\n","protected":false},"author":1,"featured_media":56840,"parent":24280,"menu_order":0,"comment_status":"closed","ping_status":"closed","template":"","meta":{"advgb_blocks_editor_width":"","advgb_blocks_columns_visual_guide":"","footnotes":""},"class_list":["post-56726","page","type-page","status-publish","has-post-thumbnail"],"coauthors":[],"author_meta":{"author_link":"https:\/\/www.ub.edu\/ossma\/author\/ossmau1","display_name":"OSSMA"},"relative_dates":{"created":"Posted 2 anys ago","modified":"Updated 1 any ago"},"absolute_dates":{"created":"Posted on 02\/02\/2024","modified":"Updated on 25\/04\/2025"},"absolute_dates_time":{"created":"Posted on 02\/02\/2024 8:27","modified":"Updated on 25\/04\/2025 5:49"},"featured_img_caption":"","featured_img":"https:\/\/www.ub.edu\/ossma\/wp-content\/uploads\/2024\/02\/banner-estalvia-aigua.jpg","series_order":"","_links":{"self":[{"href":"https:\/\/www.ub.edu\/ossma\/wp-json\/wp\/v2\/pages\/56726","targetHints":{"allow":["GET"]}}],"collection":[{"href":"https:\/\/www.ub.edu\/ossma\/wp-json\/wp\/v2\/pages"}],"about":[{"href":"https:\/\/www.ub.edu\/ossma\/wp-json\/wp\/v2\/types\/page"}],"author":[{"embeddable":true,"href":"https:\/\/www.ub.edu\/ossma\/wp-json\/wp\/v2\/users\/1"}],"replies":[{"embeddable":true,"href":"https:\/\/www.ub.edu\/ossma\/wp-json\/wp\/v2\/comments?post=56726"}],"version-history":[{"count":33,"href":"https:\/\/www.ub.edu\/ossma\/wp-json\/wp\/v2\/pages\/56726\/revisions"}],"predecessor-version":[{"id":93773,"href":"https:\/\/www.ub.edu\/ossma\/wp-json\/wp\/v2\/pages\/56726\/revisions\/93773"}],"up":[{"embeddable":true,"href":"https:\/\/www.ub.edu\/ossma\/wp-json\/wp\/v2\/pages\/24280"}],"wp:featuredmedia":[{"embeddable":true,"href":"https:\/\/www.ub.edu\/ossma\/wp-json\/wp\/v2\/media\/56840"}],"wp:attachment":[{"href":"https:\/\/www.ub.edu\/ossma\/wp-json\/wp\/v2\/media?parent=56726"}],"curies":[{"name":"wp","href":"https:\/\/api.w.org\/{rel}","templated":true}]}}