{"id":5776,"date":"2019-04-11T10:33:40","date_gmt":"2019-04-11T10:33:40","guid":{"rendered":"https:\/\/www.ub.edu\/ossma\/?page_id=5776"},"modified":"2023-02-01T07:52:08","modified_gmt":"2023-02-01T07:52:08","slug":"ods-4-educacio-de-qualitat","status":"publish","type":"page","link":"https:\/\/www.ub.edu\/ossma\/ossma-a-la-ub\/objectius-desenvolupament-sostenible\/ods-4-educacio-de-qualitat","title":{"rendered":"ODS 4: Educaci\u00f3 de qualitat"},"content":{"rendered":"\t\t<div data-elementor-type=\"wp-page\" data-elementor-id=\"5776\" class=\"elementor elementor-5776\">\n\t\t\t\t\t\t<section class=\"elementor-section elementor-top-section elementor-element elementor-element-22b6297d elementor-section-boxed elementor-section-height-default elementor-section-height-default\" data-id=\"22b6297d\" data-element_type=\"section\" data-e-type=\"section\">\n\t\t\t\t\t\t<div class=\"elementor-container elementor-column-gap-default\">\n\t\t\t\t\t<div class=\"elementor-column elementor-col-100 elementor-top-column elementor-element elementor-element-3955d7b6\" data-id=\"3955d7b6\" data-element_type=\"column\" data-e-type=\"column\">\n\t\t\t<div class=\"elementor-widget-wrap elementor-element-populated\">\n\t\t\t\t\t\t<div class=\"elementor-element elementor-element-b746c52 elementor-widget elementor-widget-text-editor\" data-id=\"b746c52\" data-element_type=\"widget\" data-e-type=\"widget\" data-widget_type=\"text-editor.default\">\n\t\t\t\t<div class=\"elementor-widget-container\">\n\t\t\t\t\t\t\t\t\t\n<blockquote class=\"wp-block-quote\">\n<p>Garantir una educaci\u00f3 inclusiva, equitativa i de qualitat i promoure oportunitats d\u2019aprenentatge durant tota la vida per a tothom.<\/p>\n<\/blockquote>\n\n<p><a href=\"https:\/\/www.un.org\/sustainabledevelopment\/es\/education\/\" target=\"_blank\" rel=\"noreferrer noopener\">Consulta aquest ODS a la p\u00e0gina de l\u2019ONU<\/a><\/p>\n\n<h2>Activitats de l&#8217;OSSMA que contribueixen a aquest ODS:<\/h2>\n\t\t\t\t\t\t\t\t<\/div>\n\t\t\t\t<\/div>\n\t\t\t\t\t<\/div>\n\t\t<\/div>\n\t\t\t\t\t<\/div>\n\t\t<\/section>\n\t\t\t\t<section class=\"elementor-section elementor-top-section elementor-element elementor-element-cb9020f elementor-section-boxed elementor-section-height-default elementor-section-height-default\" data-id=\"cb9020f\" data-element_type=\"section\" data-e-type=\"section\">\n\t\t\t\t\t\t<div class=\"elementor-container elementor-column-gap-default\">\n\t\t\t\t\t<div class=\"elementor-column elementor-col-100 elementor-top-column elementor-element elementor-element-f8f15d9\" data-id=\"f8f15d9\" data-element_type=\"column\" data-e-type=\"column\">\n\t\t\t<div class=\"elementor-widget-wrap elementor-element-populated\">\n\t\t\t\t\t\t<div class=\"elementor-element elementor-element-abc79fc actualitat elementor-widget elementor-widget-wb-post-slider\" data-id=\"abc79fc\" data-element_type=\"widget\" data-e-type=\"widget\" data-widget_type=\"wb-post-slider.default\">\n\t\t\t\t<div class=\"elementor-widget-container\">\n\t\t\t\t\t<div\r\n\t        \t\tclass=\"wbel_post_slider_wrapper wbel_post_slider_default\"\r\n\t        \t\tid=\"wbel_post_slider_wb_post_sliderabc79fc\"\r\n\t        \t\tdata-slide-to-show=\"3\"\r\n\t        \t\tdata-slides-to-scroll=\"3\"\r\n\t        \t><div class=\"wb_ps_item\">\r\n\t<div class=\"wb_ps_single_item\">\r\n\t\t\t\t\t<div class=\"wb_ps_thumbnail\">\r\n\t\t\t\t<a href=\"https:\/\/www.ub.edu\/ossma\/actualitat-atencio-social\/640-euros-recollits-en-la-xix-campanya-de-recollida-de-joguines-de-la-ub\">\r\n\t\t\t\t\t<img decoding=\"async\" src=\"https:\/\/www.ub.edu\/ossma\/wp-content\/uploads\/2025\/11\/1270x304-80-2-750x180.jpg\" title=\"1270&#215;304-80-2\" alt=\"XIX Campanya de Recollida de Joguines de la UB\" \/>\t\t\t\t<\/a>\r\n\t\t\t<\/div>\r\n\t\t\t\t<div class=\"wb_ps_content\">\r\n\r\n\t\t\t<div class=\"wb_ps_title\">\r\n\t\t\t\t<h2 ><a href=\"https:\/\/www.ub.edu\/ossma\/actualitat-atencio-social\/640-euros-recollits-en-la-xix-campanya-de-recollida-de-joguines-de-la-ub\">640 euros recollits en la XIX Campanya de Recollida de Joguines de la UB<\/a><\/h2>\r\n\t\t\t<\/div>\r\n\r\n\t\t\t<div class=\"wb_ps_description\">\r\n\r\n\t\t\t\t<div class=\"wb_ps_text\"><p>La Creu Roja dona les gr\u00e0cies a la comunitat universit\u00e0ria per les aportacions realitzades. <\/p>\n<\/div>\r\n\r\n\t\t\t\t\t\t\t<div class=\"wb_ps_readmore\">\r\n\t\t\t\t\t<a class=\"wb_ps_readmore_link\" href=\"https:\/\/www.ub.edu\/ossma\/actualitat-atencio-social\/640-euros-recollits-en-la-xix-campanya-de-recollida-de-joguines-de-la-ub\">M\u00e9s informaci\u00f3<\/a>\r\n\t\t\t\t<\/div>\r\n\t\t\t\r\n\t\t\t<\/div>\r\n\t\t\r\n\t\t<\/div>\r\n\t<\/div>\r\n<\/div><div class=\"wb_ps_item\">\r\n\t<div class=\"wb_ps_single_item\">\r\n\t\t\t\t\t<div class=\"wb_ps_thumbnail\">\r\n\t\t\t\t<a href=\"https:\/\/www.ub.edu\/ossma\/actualitat-atencio-social\/xix-campanya-de-recollida-de-joguines-de-la-ub-cap-infant-sense-joguina\">\r\n\t\t\t\t\t<img decoding=\"async\" src=\"https:\/\/www.ub.edu\/ossma\/wp-content\/uploads\/2025\/11\/1270x304-80-2-750x180.jpg\" title=\"1270&#215;304-80-2\" alt=\"XIX Campanya de Recollida de Joguines de la UB\" \/>\t\t\t\t<\/a>\r\n\t\t\t<\/div>\r\n\t\t\t\t<div class=\"wb_ps_content\">\r\n\r\n\t\t\t<div class=\"wb_ps_title\">\r\n\t\t\t\t<h2 ><a href=\"https:\/\/www.ub.edu\/ossma\/actualitat-atencio-social\/xix-campanya-de-recollida-de-joguines-de-la-ub-cap-infant-sense-joguina\">XIX Campanya de Recollida de Joguines de la UB: Cap infant sense joguina<\/a><\/h2>\r\n\t\t\t<\/div>\r\n\r\n\t\t\t<div class=\"wb_ps_description\">\r\n\r\n\t\t\t\t<div class=\"wb_ps_text\"><p>Fes el teu donatiu i col\u00b7labora en la campanya de recollida de joguines de la Creu Roja.<\/p>\n<\/div>\r\n\r\n\t\t\t\t\t\t\t<div class=\"wb_ps_readmore\">\r\n\t\t\t\t\t<a class=\"wb_ps_readmore_link\" href=\"https:\/\/www.ub.edu\/ossma\/actualitat-atencio-social\/xix-campanya-de-recollida-de-joguines-de-la-ub-cap-infant-sense-joguina\">M\u00e9s informaci\u00f3<\/a>\r\n\t\t\t\t<\/div>\r\n\t\t\t\r\n\t\t\t<\/div>\r\n\t\t\r\n\t\t<\/div>\r\n\t<\/div>\r\n<\/div><div class=\"wb_ps_item\">\r\n\t<div class=\"wb_ps_single_item\">\r\n\t\t\t\t\t<div class=\"wb_ps_thumbnail\">\r\n\t\t\t\t<a href=\"https:\/\/www.ub.edu\/ossma\/actualitat-formacio\/formacio-aebios-como-gestionar-una-sala-de-cultivos-de-uso-comun-y-no-morir-en-el-intento\">\r\n\t\t\t\t\t<img decoding=\"async\" src=\"https:\/\/www.ub.edu\/ossma\/wp-content\/uploads\/2025\/09\/AEBIOS_Curs-750x177.jpg\" title=\"AEBIOS_Curs\" alt=\"Investigador en un laboratori\" \/>\t\t\t\t<\/a>\r\n\t\t\t<\/div>\r\n\t\t\t\t<div class=\"wb_ps_content\">\r\n\r\n\t\t\t<div class=\"wb_ps_title\">\r\n\t\t\t\t<h2 ><a href=\"https:\/\/www.ub.edu\/ossma\/actualitat-formacio\/formacio-aebios-como-gestionar-una-sala-de-cultivos-de-uso-comun-y-no-morir-en-el-intento\">Formaci\u00f3 AEBIOS: &#8220;\u00bfC\u00f3mo gestionar una sala de cultivos de uso com\u00fan y no morir en el intento?&#8221;<\/a><\/h2>\r\n\t\t\t<\/div>\r\n\r\n\t\t\t<div class=\"wb_ps_description\">\r\n\r\n\t\t\t\t<div class=\"wb_ps_text\"><p>L\u2019Asociaci\u00f3n Espa\u00f1ola de Bioseguridad (AEBIOS) ofereix un webinar gratu\u00eft sota el t\u00edtol \u201c\u00bfC\u00f3mo gestionar una sala de cultivos de uso com\u00fan y no morir en el intento?\u201d.<\/p>\n<\/div>\r\n\r\n\t\t\t\t\t\t\t<div class=\"wb_ps_readmore\">\r\n\t\t\t\t\t<a class=\"wb_ps_readmore_link\" href=\"https:\/\/www.ub.edu\/ossma\/actualitat-formacio\/formacio-aebios-como-gestionar-una-sala-de-cultivos-de-uso-comun-y-no-morir-en-el-intento\">M\u00e9s informaci\u00f3<\/a>\r\n\t\t\t\t<\/div>\r\n\t\t\t\r\n\t\t\t<\/div>\r\n\t\t\r\n\t\t<\/div>\r\n\t<\/div>\r\n<\/div><div class=\"wb_ps_item\">\r\n\t<div class=\"wb_ps_single_item\">\r\n\t\t\t\t\t<div class=\"wb_ps_thumbnail\">\r\n\t\t\t\t<a href=\"https:\/\/www.ub.edu\/ossma\/actualitat-atencio-social\/1-095-euros-recollits-en-la-xviii-campanya-de-recollida-de-joguines-de-la-ub\">\r\n\t\t\t\t\t<img decoding=\"async\" src=\"https:\/\/www.ub.edu\/ossma\/wp-content\/uploads\/2024\/11\/2024-campany-joguines-banner-1270x304-1-750x180.jpg\" title=\"2024-campany-joguines-banner-1270&#215;304\" alt=\"cap\u00e7alera campanya de joguines. XVIII campanya de recollida de joguines de la UB\" \/>\t\t\t\t<\/a>\r\n\t\t\t<\/div>\r\n\t\t\t\t<div class=\"wb_ps_content\">\r\n\r\n\t\t\t<div class=\"wb_ps_title\">\r\n\t\t\t\t<h2 ><a href=\"https:\/\/www.ub.edu\/ossma\/actualitat-atencio-social\/1-095-euros-recollits-en-la-xviii-campanya-de-recollida-de-joguines-de-la-ub\">1.095 euros recollits en la XVIII Campanya de Recollida de Joguines de la UB<\/a><\/h2>\r\n\t\t\t<\/div>\r\n\r\n\t\t\t<div class=\"wb_ps_description\">\r\n\r\n\t\t\t\t<div class=\"wb_ps_text\"><p>La Creu Roja dona les gr\u00e0cies a la comunitat universit\u00e0ria per les aportacions realitzades.<\/p>\n<\/div>\r\n\r\n\t\t\t\t\t\t\t<div class=\"wb_ps_readmore\">\r\n\t\t\t\t\t<a class=\"wb_ps_readmore_link\" href=\"https:\/\/www.ub.edu\/ossma\/actualitat-atencio-social\/1-095-euros-recollits-en-la-xviii-campanya-de-recollida-de-joguines-de-la-ub\">M\u00e9s informaci\u00f3<\/a>\r\n\t\t\t\t<\/div>\r\n\t\t\t\r\n\t\t\t<\/div>\r\n\t\t\r\n\t\t<\/div>\r\n\t<\/div>\r\n<\/div><div class=\"wb_ps_item\">\r\n\t<div class=\"wb_ps_single_item\">\r\n\t\t\t\t\t<div class=\"wb_ps_thumbnail\">\r\n\t\t\t\t<a href=\"https:\/\/www.ub.edu\/ossma\/actualitat-atencio-social\/memoria-dactivitat-ossma-2023\">\r\n\t\t\t\t\t<img decoding=\"async\" src=\"https:\/\/www.ub.edu\/ossma\/wp-content\/uploads\/2024\/07\/portada-memoria-ossma-2023-banner-750x178.jpg\" title=\"portada-memoria-ossma-2023-banner\" alt=\"portada-memoria-ossma-2023-banner\" \/>\t\t\t\t<\/a>\r\n\t\t\t<\/div>\r\n\t\t\t\t<div class=\"wb_ps_content\">\r\n\r\n\t\t\t<div class=\"wb_ps_title\">\r\n\t\t\t\t<h2 ><a href=\"https:\/\/www.ub.edu\/ossma\/actualitat-atencio-social\/memoria-dactivitat-ossma-2023\">Mem\u00f2ria d\u2019activitat OSSMA 2023<\/a><\/h2>\r\n\t\t\t<\/div>\r\n\r\n\t\t\t<div class=\"wb_ps_description\">\r\n\r\n\t\t\t\t<div class=\"wb_ps_text\"><p>L\u2019OSSMA publica la cinquena mem\u00f2ria d\u2019activitat, on es recullen les principals actuacions i projectes que es van dur a terme al llarg de l\u2019any 2023.<\/p>\n<\/div>\r\n\r\n\t\t\t\t\t\t\t<div class=\"wb_ps_readmore\">\r\n\t\t\t\t\t<a class=\"wb_ps_readmore_link\" href=\"https:\/\/www.ub.edu\/ossma\/actualitat-atencio-social\/memoria-dactivitat-ossma-2023\">M\u00e9s informaci\u00f3<\/a>\r\n\t\t\t\t<\/div>\r\n\t\t\t\r\n\t\t\t<\/div>\r\n\t\t\r\n\t\t<\/div>\r\n\t<\/div>\r\n<\/div><div class=\"wb_ps_item\">\r\n\t<div class=\"wb_ps_single_item\">\r\n\t\t\t\t\t<div class=\"wb_ps_thumbnail\">\r\n\t\t\t\t<a href=\"https:\/\/www.ub.edu\/ossma\/actualitat-medi-ambient\/aps-2024-sostenibilitzacio-de-festes-universitaries\">\r\n\t\t\t\t\t<img decoding=\"async\" src=\"https:\/\/www.ub.edu\/ossma\/wp-content\/uploads\/2022\/03\/capcalera-ApS-ccaa-300x71.jpg\" title=\"\" alt=\"Cap\u00e7alera dels projectes aprenentatge servei\" \/>\t\t\t\t<\/a>\r\n\t\t\t<\/div>\r\n\t\t\t\t<div class=\"wb_ps_content\">\r\n\r\n\t\t\t<div class=\"wb_ps_title\">\r\n\t\t\t\t<h2 ><a href=\"https:\/\/www.ub.edu\/ossma\/actualitat-medi-ambient\/aps-2024-sostenibilitzacio-de-festes-universitaries\">ApS 2024:\u00a0Sostenibilitzaci\u00f3 de festes universit\u00e0ries<\/a><\/h2>\r\n\t\t\t<\/div>\r\n\r\n\t\t\t<div class=\"wb_ps_description\">\r\n\r\n\t\t\t\t<div class=\"wb_ps_text\"><p>L\u2019OSSMA ha col\u00b7laborat durant el segon semestre del curs 2023-2024 amb l\u2019assignatura de Desenvolupament Sostenible del grau en Ci\u00e8ncies Ambientals, en la realitzaci\u00f3 d\u2019un projecte seguint la metodologia d\u2019aprenentatge servei (ApS).<\/p>\n<\/div>\r\n\r\n\t\t\t\t\t\t\t<div class=\"wb_ps_readmore\">\r\n\t\t\t\t\t<a class=\"wb_ps_readmore_link\" href=\"https:\/\/www.ub.edu\/ossma\/actualitat-medi-ambient\/aps-2024-sostenibilitzacio-de-festes-universitaries\">M\u00e9s informaci\u00f3<\/a>\r\n\t\t\t\t<\/div>\r\n\t\t\t\r\n\t\t\t<\/div>\r\n\t\t\r\n\t\t<\/div>\r\n\t<\/div>\r\n<\/div><div class=\"wb_ps_item\">\r\n\t<div class=\"wb_ps_single_item\">\r\n\t\t\t\t\t<div class=\"wb_ps_thumbnail\">\r\n\t\t\t\t<a href=\"https:\/\/www.ub.edu\/ossma\/prevencio-de-riscos\/iniciativa-impulsada-vicerectorat-recerca-reforcar-bioseguretat-laboratoris\">\r\n\t\t\t\t\t<img decoding=\"async\" src=\"https:\/\/www.ub.edu\/ossma\/wp-content\/uploads\/2024\/03\/recerca-coronavirus-750x177.jpg\" title=\"\" alt=\"Imatge d'una cadena d'ADN i virus sobre un fons difuminat d'un laboratori\" \/>\t\t\t\t<\/a>\r\n\t\t\t<\/div>\r\n\t\t\t\t<div class=\"wb_ps_content\">\r\n\r\n\t\t\t<div class=\"wb_ps_title\">\r\n\t\t\t\t<h2 ><a href=\"https:\/\/www.ub.edu\/ossma\/prevencio-de-riscos\/iniciativa-impulsada-vicerectorat-recerca-reforcar-bioseguretat-laboratoris\">Iniciativa impulsada des del Vicerectorat de Recerca per a refor\u00e7ar la bioseguretat als Laboratoris de la UB<\/a><\/h2>\r\n\t\t\t<\/div>\r\n\r\n\t\t\t<div class=\"wb_ps_description\">\r\n\r\n\t\t\t\t<div class=\"wb_ps_text\"><p>Des del Vicerectorat de Recerca de la Universitat de Barcelona, s'ha iniciat una campanya destinada a implementar adequacions estructurals als laboratoris i espais de recerca de Nivell de Contenci\u00f3 Biol\u00f2gica 2. Aquesta iniciativa, desenvolupada en estreta col\u00b7laboraci\u00f3 amb l'Oficina de&hellip;<\/p>\n<\/div>\r\n\r\n\t\t\t\t\t\t\t<div class=\"wb_ps_readmore\">\r\n\t\t\t\t\t<a class=\"wb_ps_readmore_link\" href=\"https:\/\/www.ub.edu\/ossma\/prevencio-de-riscos\/iniciativa-impulsada-vicerectorat-recerca-reforcar-bioseguretat-laboratoris\">M\u00e9s informaci\u00f3<\/a>\r\n\t\t\t\t<\/div>\r\n\t\t\t\r\n\t\t\t<\/div>\r\n\t\t\r\n\t\t<\/div>\r\n\t<\/div>\r\n<\/div><div class=\"wb_ps_item\">\r\n\t<div class=\"wb_ps_single_item\">\r\n\t\t\t\t\t<div class=\"wb_ps_thumbnail\">\r\n\t\t\t\t<a href=\"https:\/\/www.ub.edu\/ossma\/actualitat-atencio-social\/1-350-euros-recollits-en-la-xvii-campanya-de-recollida-de-joguines-de-la-ub\">\r\n\t\t\t\t\t<img decoding=\"async\" src=\"https:\/\/www.ub.edu\/ossma\/wp-content\/uploads\/2023\/11\/2023-campany-joguines-banner-1270x304-1-750x180.jpg\" title=\"2023-campany-joguines-banner-1270&#215;304\" alt=\"XVII Campanya de recollida de joguines\" \/>\t\t\t\t<\/a>\r\n\t\t\t<\/div>\r\n\t\t\t\t<div class=\"wb_ps_content\">\r\n\r\n\t\t\t<div class=\"wb_ps_title\">\r\n\t\t\t\t<h2 ><a href=\"https:\/\/www.ub.edu\/ossma\/actualitat-atencio-social\/1-350-euros-recollits-en-la-xvii-campanya-de-recollida-de-joguines-de-la-ub\">1.350 euros recollits en la XVII Campanya de Recollida de Joguines de la UB<\/a><\/h2>\r\n\t\t\t<\/div>\r\n\r\n\t\t\t<div class=\"wb_ps_description\">\r\n\r\n\t\t\t\t<div class=\"wb_ps_text\"><p>La Creu Roja dona les gr\u00e0cies a la comunitat universit\u00e0ria per les aportacions realitzades.<\/p>\n<\/div>\r\n\r\n\t\t\t\t\t\t\t<div class=\"wb_ps_readmore\">\r\n\t\t\t\t\t<a class=\"wb_ps_readmore_link\" href=\"https:\/\/www.ub.edu\/ossma\/actualitat-atencio-social\/1-350-euros-recollits-en-la-xvii-campanya-de-recollida-de-joguines-de-la-ub\">M\u00e9s informaci\u00f3<\/a>\r\n\t\t\t\t<\/div>\r\n\t\t\t\r\n\t\t\t<\/div>\r\n\t\t\r\n\t\t<\/div>\r\n\t<\/div>\r\n<\/div><div class=\"wb_ps_item\">\r\n\t<div class=\"wb_ps_single_item\">\r\n\t\t\t\t\t<div class=\"wb_ps_thumbnail\">\r\n\t\t\t\t<a href=\"https:\/\/www.ub.edu\/ossma\/actualitat-formacio\/jornada-prevencio-2023-11\">\r\n\t\t\t\t\t<img decoding=\"async\" src=\"https:\/\/www.ub.edu\/ossma\/wp-content\/uploads\/2022\/10\/1270x300-ossma-format-300x71.png\" title=\"\" alt=\"Cap\u00e7alera activitats formatives OSSMA\" \/>\t\t\t\t<\/a>\r\n\t\t\t<\/div>\r\n\t\t\t\t<div class=\"wb_ps_content\">\r\n\r\n\t\t\t<div class=\"wb_ps_title\">\r\n\t\t\t\t<h2 ><a href=\"https:\/\/www.ub.edu\/ossma\/actualitat-formacio\/jornada-prevencio-2023-11\">L&#8217;edici\u00f3 de tardor de la jornada de prevenci\u00f3 de riscos als laboratoris de recerca acull 114 assistents<\/a><\/h2>\r\n\t\t\t<\/div>\r\n\r\n\t\t\t<div class=\"wb_ps_description\">\r\n\r\n\t\t\t\t<div class=\"wb_ps_text\"><p>L'edici\u00f3 de tardor d'aquesta jornada va comptar amb assistents de diferents facultats, destacant Qu\u00edmica, Biologia i Geografia i Hist\u00f2ria.<\/p>\n<\/div>\r\n\r\n\t\t\t\t\t\t\t<div class=\"wb_ps_readmore\">\r\n\t\t\t\t\t<a class=\"wb_ps_readmore_link\" href=\"https:\/\/www.ub.edu\/ossma\/actualitat-formacio\/jornada-prevencio-2023-11\">M\u00e9s informaci\u00f3<\/a>\r\n\t\t\t\t<\/div>\r\n\t\t\t\r\n\t\t\t<\/div>\r\n\t\t\r\n\t\t<\/div>\r\n\t<\/div>\r\n<\/div><div class=\"wb_ps_item\">\r\n\t<div class=\"wb_ps_single_item\">\r\n\t\t\t\t\t<div class=\"wb_ps_thumbnail\">\r\n\t\t\t\t<a href=\"https:\/\/www.ub.edu\/ossma\/actualitat-atencio-social\/memoria-activitat-ossma-2022\">\r\n\t\t\t\t\t<img decoding=\"async\" src=\"https:\/\/www.ub.edu\/ossma\/wp-content\/uploads\/2023\/05\/banner-memoria-ossma-2022-750x180.jpg\" title=\"banner-memoria-ossma-2022\" alt=\"Cap\u00e7alera mem\u00f2ria d'activitat OSSMA 2022\" \/>\t\t\t\t<\/a>\r\n\t\t\t<\/div>\r\n\t\t\t\t<div class=\"wb_ps_content\">\r\n\r\n\t\t\t<div class=\"wb_ps_title\">\r\n\t\t\t\t<h2 ><a href=\"https:\/\/www.ub.edu\/ossma\/actualitat-atencio-social\/memoria-activitat-ossma-2022\">Mem\u00f2ria d&#8217;activitat OSSMA 2022<\/a><\/h2>\r\n\t\t\t<\/div>\r\n\r\n\t\t\t<div class=\"wb_ps_description\">\r\n\r\n\t\t\t\t<div class=\"wb_ps_text\"><p>La quarta mem\u00f2ria d\u2019activitat de l\u2019OSSMA recull les principals actuacions i projectes duts a terme l\u2019any 2022.<\/p>\n<\/div>\r\n\r\n\t\t\t\t\t\t\t<div class=\"wb_ps_readmore\">\r\n\t\t\t\t\t<a class=\"wb_ps_readmore_link\" href=\"https:\/\/www.ub.edu\/ossma\/actualitat-atencio-social\/memoria-activitat-ossma-2022\">M\u00e9s informaci\u00f3<\/a>\r\n\t\t\t\t<\/div>\r\n\t\t\t\r\n\t\t\t<\/div>\r\n\t\t\r\n\t\t<\/div>\r\n\t<\/div>\r\n<\/div><\/div>\t\t\t\t<div class=\"wbel-arrow wb-arrow-prev\">\r\n\t\t\t\t\t<i class=\"fa fa-angle-left\"><\/i>\r\n\t\t\t\t<\/div>\r\n\t\t\t\t<div class=\"wbel-arrow wb-arrow-next\">\r\n\t\t\t\t\t<i class=\"fa fa-angle-right\"><\/i>\r\n\t\t\t\t<\/div>\r\n\t\t\t\t\t\t\t<\/div>\n\t\t\t\t<\/div>\n\t\t\t\t<div class=\"elementor-element elementor-element-a74951d elementor-align-right elementor-widget elementor-widget-button\" data-id=\"a74951d\" data-element_type=\"widget\" data-e-type=\"widget\" data-widget_type=\"button.default\">\n\t\t\t\t<div class=\"elementor-widget-container\">\n\t\t\t\t\t\t\t\t\t<div class=\"elementor-button-wrapper\">\n\t\t\t\t\t<a class=\"elementor-button elementor-button-link elementor-size-sm\" href=\"https:\/\/www.ub.edu\/ossma\/tag\/ods4\/\">\n\t\t\t\t\t\t<span class=\"elementor-button-content-wrapper\">\n\t\t\t\t\t\t\t\t\t<span class=\"elementor-button-text\">Totes les activitats relacionades<\/span>\n\t\t\t\t\t<\/span>\n\t\t\t\t\t<\/a>\n\t\t\t\t<\/div>\n\t\t\t\t\t\t\t\t<\/div>\n\t\t\t\t<\/div>\n\t\t\t\t\t<\/div>\n\t\t<\/div>\n\t\t\t\t\t<\/div>\n\t\t<\/section>\n\t\t\t\t<\/div>\n\t\t","protected":false},"excerpt":{"rendered":"<p>L\u2019Oficina de Seguretat, Salut i Medi Ambient (OSSMA) publica la quarta mem\u00f2ria d\u2019activitat transversal, on es recullen les principals actuacions i projectes que es van dur a terme al llarg de l\u2019any 2022.<\/p>\n","protected":false},"author":1,"featured_media":23752,"parent":5743,"menu_order":0,"comment_status":"closed","ping_status":"closed","template":"","meta":{"advgb_blocks_editor_width":"","advgb_blocks_columns_visual_guide":"","footnotes":""},"class_list":["post-5776","page","type-page","status-publish","has-post-thumbnail","hentry"],"coauthors":[],"author_meta":{"author_link":"https:\/\/www.ub.edu\/ossma\/author\/ossmau1","display_name":"OSSMA"},"relative_dates":{"created":"Posted 7 anys ago","modified":"Updated 3 anys ago"},"absolute_dates":{"created":"Posted on 11\/04\/2019","modified":"Updated on 01\/02\/2023"},"absolute_dates_time":{"created":"Posted on 11\/04\/2019 10:33","modified":"Updated on 01\/02\/2023 7:52"},"featured_img_caption":"","featured_img":"https:\/\/www.ub.edu\/ossma\/wp-content\/uploads\/2021\/03\/ossma-ub.jpg","series_order":"","_links":{"self":[{"href":"https:\/\/www.ub.edu\/ossma\/wp-json\/wp\/v2\/pages\/5776","targetHints":{"allow":["GET"]}}],"collection":[{"href":"https:\/\/www.ub.edu\/ossma\/wp-json\/wp\/v2\/pages"}],"about":[{"href":"https:\/\/www.ub.edu\/ossma\/wp-json\/wp\/v2\/types\/page"}],"author":[{"embeddable":true,"href":"https:\/\/www.ub.edu\/ossma\/wp-json\/wp\/v2\/users\/1"}],"replies":[{"embeddable":true,"href":"https:\/\/www.ub.edu\/ossma\/wp-json\/wp\/v2\/comments?post=5776"}],"version-history":[{"count":35,"href":"https:\/\/www.ub.edu\/ossma\/wp-json\/wp\/v2\/pages\/5776\/revisions"}],"predecessor-version":[{"id":44275,"href":"https:\/\/www.ub.edu\/ossma\/wp-json\/wp\/v2\/pages\/5776\/revisions\/44275"}],"up":[{"embeddable":true,"href":"https:\/\/www.ub.edu\/ossma\/wp-json\/wp\/v2\/pages\/5743"}],"wp:featuredmedia":[{"embeddable":true,"href":"https:\/\/www.ub.edu\/ossma\/wp-json\/wp\/v2\/media\/23752"}],"wp:attachment":[{"href":"https:\/\/www.ub.edu\/ossma\/wp-json\/wp\/v2\/media?parent=5776"}],"curies":[{"name":"wp","href":"https:\/\/api.w.org\/{rel}","templated":true}]}}