{"id":626,"date":"2016-03-01T11:21:17","date_gmt":"2016-03-01T11:21:17","guid":{"rendered":"http:\/\/webfe05.fe.cpd.local\/ossma\/?page_id=626"},"modified":"2025-02-18T13:21:07","modified_gmt":"2025-02-18T13:21:07","slug":"consum-daigua","status":"publish","type":"page","link":"https:\/\/www.ub.edu\/ossma\/medi-ambient\/indicadors-ambientals\/consum-daigua","title":{"rendered":"Consum d&#8217;aigua"},"content":{"rendered":"\n<h2 class=\"wp-block-heading\" id=\"descripcio\">Descripci\u00f3<\/h2>\n\n\n\n<p>Quantitat d&#8217;aigua consumida als edificis de la Universitat de Barcelona en diferents usos (sanitaris, neteja, reg de jardins, dutxes, laboratoris, tallers, etc.)<\/p>\n\n\n\n<figure class=\"wp-block-table is-style-stripes\"><table><thead><tr><th>Indicador<\/th><th>2020<\/th><th>2021<\/th><th>2022<\/th><th>2023<\/th><th>2024<\/th><th>Evoluci\u00f3<\/th><\/tr><\/thead><tbody><tr><td><strong>Consum total UB (m\u00b3)<\/strong><\/td><td>105.227<\/td><td>124.491<\/td><td>145.005<\/td><td>127.826<\/td><td>123.192<\/td><td><img decoding=\"async\" class=\"wp-image-610 size-full aligncenter\" src=\"https:\/\/www.ub.edu\/ossma\/wp-content\/uploads\/2016\/03\/emoticon-millor.png\" alt=\"Millor\" width=\"28\" height=\"28\"><\/td><\/tr><tr><td><strong>Consum per unitat de superf\u00edcie (m\u00b3\/m\u00b2)<\/strong><\/td><td>0,18<\/td><td>0,22<\/td><td>0,25<\/td><td>0,22<\/td><td>0,21<\/td><td><img decoding=\"async\" class=\"wp-image-610 size-full aligncenter\" src=\"https:\/\/www.ub.edu\/ossma\/wp-content\/uploads\/2016\/03\/emoticon-millor.png\" alt=\"Millor\" width=\"28\" height=\"28\"><\/td><\/tr><\/tbody><\/table><\/figure>\n\n\n\n<h2 class=\"wp-block-heading\" id=\"resultats\">Resultats<\/h2>\n\n\n\n<p>El consum total d&#8217;aigua a la Universitat de Barcelona ha disminu\u00eft un 73 % entre els anys 1995 i 2023, amb diverses reduccions&nbsp;especialment significatives:<\/p>\n\n\n\n<ol class=\"wp-block-list\">\n<li>El 24 % entre els anys 2006 i 2008 com a resultat de les mesures d&#8217;estalvi implantades i del grau m\u00e9s gran de conscienciaci\u00f3 en l&#8217;\u00fas de l&#8217;aigua durant el per\u00edode de sequera que va tenir lloc a Catalunya l&#8217;any 2007 i els primers mesos del 2008.<\/li>\n\n\n\n<li>El 45 % entre els anys 2013 i 2018, gr\u00e0cies a un major control i seguiment dels consums de cada edifici, des de la Unitat de Manteniment, que permet detectar fuites en instal\u00b7lacions m\u00e9s r\u00e0pidament, i a la posada en marxa de diverses actuacions per restringir el consum d&#8217;aigua de reg o en torres de refrigeraci\u00f3.<\/li>\n\n\n\n<li>El 25 % entre els anys 2019 i 2021, per efecte de la pand\u00e8mia de covid-19 i els seus efectes sobre l&#8217;activitat presencial.<\/li>\n\n\n\n<li>El 15 % entre els anys 2022 i 2024 per les mesures derivades del decret de sequera, on durant els estats d\u2019excepcionalitat i preemerg\u00e8ncia va quedar restringit el reg de jardins i zones de gespa, i la <a href=\"https:\/\/www.ub.edu\/ossma\/medi-ambient\/consum-responsable\/campanya-estalvi-aigua\">campanya de sensibilitzaci\u00f3 \u201cL\u2019aigua no cau del cel\u201d<\/a>.<\/li>\n<\/ol>\n\n\n\n<p>No podem passar per alt, per\u00f2, l&#8217;augment progressiu en el consum experimentat des del 2008 fins al 2010, quan les mesures d&#8217;estalvi implantades durant la sequera es van relaxar.<\/p>\n\n\n\n<p><a href=\"http:\/\/ub.edu\/ossma\/tag\/comuniconsums\">M\u00e9s informaci\u00f3 disponible a les not\u00edcies sobre consums d&#8217;energia i aigua<\/a>.<\/p>\n\n\n\n<figure class=\"wp-block-image size-large\"><img fetchpriority=\"high\" decoding=\"async\" width=\"1134\" height=\"677\" src=\"https:\/\/www.ub.edu\/ossma\/wp-content\/uploads\/2025\/02\/consum-aigua-ub-1995-2024.png\" alt=\"Consum d'aigua a la Universitat de Barcelona (1995-2024)\" class=\"wp-image-92600\" srcset=\"https:\/\/www.ub.edu\/ossma\/wp-content\/uploads\/2025\/02\/consum-aigua-ub-1995-2024.png 1134w, https:\/\/www.ub.edu\/ossma\/wp-content\/uploads\/2025\/02\/consum-aigua-ub-1995-2024-750x448.png 750w, https:\/\/www.ub.edu\/ossma\/wp-content\/uploads\/2025\/02\/consum-aigua-ub-1995-2024-670x400.png 670w\" sizes=\"(max-width: 1134px) 100vw, 1134px\" \/><\/figure>\n","protected":false},"excerpt":{"rendered":"<h2 class=\"wp-block-heading\" id=\"descripcio\">Descripci\u00f3<\/h2>\n","protected":false},"author":1,"featured_media":24143,"parent":582,"menu_order":0,"comment_status":"closed","ping_status":"closed","template":"","meta":{"advgb_blocks_editor_width":"","advgb_blocks_columns_visual_guide":"","footnotes":""},"class_list":["post-626","page","type-page","status-publish","has-post-thumbnail"],"coauthors":[],"author_meta":{"author_link":"https:\/\/www.ub.edu\/ossma\/author\/ossmau1","display_name":"OSSMA"},"relative_dates":{"created":"Posted 10 anys ago","modified":"Updated 1 any ago"},"absolute_dates":{"created":"Posted on 01\/03\/2016","modified":"Updated on 18\/02\/2025"},"absolute_dates_time":{"created":"Posted on 01\/03\/2016 11:21","modified":"Updated on 18\/02\/2025 13:21"},"featured_img_caption":"","featured_img":"https:\/\/www.ub.edu\/ossma\/wp-content\/uploads\/2021\/03\/banner-indicadors.jpg","series_order":"","_links":{"self":[{"href":"https:\/\/www.ub.edu\/ossma\/wp-json\/wp\/v2\/pages\/626","targetHints":{"allow":["GET"]}}],"collection":[{"href":"https:\/\/www.ub.edu\/ossma\/wp-json\/wp\/v2\/pages"}],"about":[{"href":"https:\/\/www.ub.edu\/ossma\/wp-json\/wp\/v2\/types\/page"}],"author":[{"embeddable":true,"href":"https:\/\/www.ub.edu\/ossma\/wp-json\/wp\/v2\/users\/1"}],"replies":[{"embeddable":true,"href":"https:\/\/www.ub.edu\/ossma\/wp-json\/wp\/v2\/comments?post=626"}],"version-history":[{"count":28,"href":"https:\/\/www.ub.edu\/ossma\/wp-json\/wp\/v2\/pages\/626\/revisions"}],"predecessor-version":[{"id":92603,"href":"https:\/\/www.ub.edu\/ossma\/wp-json\/wp\/v2\/pages\/626\/revisions\/92603"}],"up":[{"embeddable":true,"href":"https:\/\/www.ub.edu\/ossma\/wp-json\/wp\/v2\/pages\/582"}],"wp:featuredmedia":[{"embeddable":true,"href":"https:\/\/www.ub.edu\/ossma\/wp-json\/wp\/v2\/media\/24143"}],"wp:attachment":[{"href":"https:\/\/www.ub.edu\/ossma\/wp-json\/wp\/v2\/media?parent=626"}],"curies":[{"name":"wp","href":"https:\/\/api.w.org\/{rel}","templated":true}]}}