{"id":6926,"date":"2019-05-12T11:00:41","date_gmt":"2019-05-12T11:00:41","guid":{"rendered":"https:\/\/www.ub.edu\/ossma\/?page_id=6926"},"modified":"2023-02-01T07:50:37","modified_gmt":"2023-02-01T07:50:37","slug":"ods-2-fam-zero","status":"publish","type":"page","link":"https:\/\/www.ub.edu\/ossma\/ossma-a-la-ub\/objectius-desenvolupament-sostenible\/ods-2-fam-zero","title":{"rendered":"ODS 2: Fam zero"},"content":{"rendered":"\t\t<div data-elementor-type=\"wp-page\" data-elementor-id=\"6926\" class=\"elementor elementor-6926\">\n\t\t\t\t\t\t<section class=\"elementor-section elementor-top-section elementor-element elementor-element-63a48c9a elementor-section-boxed elementor-section-height-default elementor-section-height-default\" data-id=\"63a48c9a\" data-element_type=\"section\" data-e-type=\"section\">\n\t\t\t\t\t\t<div class=\"elementor-container elementor-column-gap-default\">\n\t\t\t\t\t<div class=\"elementor-column elementor-col-100 elementor-top-column elementor-element elementor-element-4d1edd4c\" data-id=\"4d1edd4c\" data-element_type=\"column\" data-e-type=\"column\">\n\t\t\t<div class=\"elementor-widget-wrap elementor-element-populated\">\n\t\t\t\t\t\t<div class=\"elementor-element elementor-element-33db05a2 elementor-widget elementor-widget-text-editor\" data-id=\"33db05a2\" data-element_type=\"widget\" data-e-type=\"widget\" data-widget_type=\"text-editor.default\">\n\t\t\t\t<div class=\"elementor-widget-container\">\n\t\t\t\t\t\t\t\t\t<blockquote class=\"wp-block-quote\"><p>Posar fi a la fam, aconseguir la seguretat aliment\u00e0ria i la millora de la nutrici\u00f3 i promoure l\u2019agricultura sostenible.<\/p><\/blockquote><p><a href=\"https:\/\/www.un.org\/sustainabledevelopment\/es\/hunger\/\" target=\"_blank\" rel=\"noreferrer noopener\">Consulta aquest ODS a la p\u00e0gina de l&#8217;ONU<\/a><\/p><h2>Activitats de l&#8217;OSSMA que contribueixen a aquest ODS:<\/h2>\t\t\t\t\t\t\t\t<\/div>\n\t\t\t\t<\/div>\n\t\t\t\t\t<\/div>\n\t\t<\/div>\n\t\t\t\t\t<\/div>\n\t\t<\/section>\n\t\t\t\t<section class=\"elementor-section elementor-top-section elementor-element elementor-element-f14349a elementor-section-boxed elementor-section-height-default elementor-section-height-default\" data-id=\"f14349a\" data-element_type=\"section\" data-e-type=\"section\">\n\t\t\t\t\t\t<div class=\"elementor-container elementor-column-gap-default\">\n\t\t\t\t\t<div class=\"elementor-column elementor-col-100 elementor-top-column elementor-element elementor-element-a2ba78c\" data-id=\"a2ba78c\" data-element_type=\"column\" data-e-type=\"column\">\n\t\t\t<div class=\"elementor-widget-wrap elementor-element-populated\">\n\t\t\t\t\t\t<div class=\"elementor-element elementor-element-a6a4c14 actualitat elementor-widget elementor-widget-wb-post-slider\" data-id=\"a6a4c14\" data-element_type=\"widget\" data-e-type=\"widget\" data-widget_type=\"wb-post-slider.default\">\n\t\t\t\t<div class=\"elementor-widget-container\">\n\t\t\t\t\t<div\r\n\t        \t\tclass=\"wbel_post_slider_wrapper wbel_post_slider_default\"\r\n\t        \t\tid=\"wbel_post_slider_wb_post_slidera6a4c14\"\r\n\t        \t\tdata-slide-to-show=\"3\"\r\n\t        \t\tdata-slides-to-scroll=\"3\"\r\n\t        \t><div class=\"wb_ps_item\">\r\n\t<div class=\"wb_ps_single_item\">\r\n\t\t\t\t\t<div class=\"wb_ps_thumbnail\">\r\n\t\t\t\t<a href=\"https:\/\/www.ub.edu\/ossma\/actualitat-medi-ambient\/aps-malbaratament-alimentari-restauracio\">\r\n\t\t\t\t\t<img decoding=\"async\" src=\"https:\/\/www.ub.edu\/ossma\/wp-content\/uploads\/2022\/03\/capcalera-ApS-ccaa-300x71.jpg\" title=\"\" alt=\"Cap\u00e7alera dels projectes aprenentatge servei\" \/>\t\t\t\t<\/a>\r\n\t\t\t<\/div>\r\n\t\t\t\t<div class=\"wb_ps_content\">\r\n\r\n\t\t\t<div class=\"wb_ps_title\">\r\n\t\t\t\t<h2 ><a href=\"https:\/\/www.ub.edu\/ossma\/actualitat-medi-ambient\/aps-malbaratament-alimentari-restauracio\">Estudi sobre el malbaratament alimentari a la restauraci\u00f3 universit\u00e0ria<\/a><\/h2>\r\n\t\t\t<\/div>\r\n\r\n\t\t\t<div class=\"wb_ps_description\">\r\n\r\n\t\t\t\t<div class=\"wb_ps_text\"><p>Durant el curs 2025-2026, l\u2019OSSMA ha col\u00b7laborat amb l\u2019assignatura de Desenvolupament Sostenible del grau en Ci\u00e8ncies Ambientals en la realitzaci\u00f3 d\u2019un estudi, seguint la metodologia d\u2019aprenentatge servei (ApS), sobre el malbaratament alimentari en els bars de diverses facultats.<\/p>\n<\/div>\r\n\r\n\t\t\t\t\t\t\t<div class=\"wb_ps_readmore\">\r\n\t\t\t\t\t<a class=\"wb_ps_readmore_link\" href=\"https:\/\/www.ub.edu\/ossma\/actualitat-medi-ambient\/aps-malbaratament-alimentari-restauracio\">M\u00e9s informaci\u00f3<\/a>\r\n\t\t\t\t<\/div>\r\n\t\t\t\r\n\t\t\t<\/div>\r\n\t\t\r\n\t\t<\/div>\r\n\t<\/div>\r\n<\/div><div class=\"wb_ps_item\">\r\n\t<div class=\"wb_ps_single_item\">\r\n\t\t\t\t\t<div class=\"wb_ps_thumbnail\">\r\n\t\t\t\t<a href=\"https:\/\/www.ub.edu\/ossma\/actualitat-medi-ambient\/inici-campanya-reptes-verds-uni-eco\">\r\n\t\t\t\t\t<img decoding=\"async\" src=\"https:\/\/www.ub.edu\/ossma\/wp-content\/uploads\/2021\/12\/capcalera-web-Greenchallenges2022-300x71.jpg\" title=\"cap\u00e7alera-web-Greenchallenges2022\" alt=\"Reptes verds Unieco - segona edici\u00f3\" \/>\t\t\t\t<\/a>\r\n\t\t\t<\/div>\r\n\t\t\t\t<div class=\"wb_ps_content\">\r\n\r\n\t\t\t<div class=\"wb_ps_title\">\r\n\t\t\t\t<h2 ><a href=\"https:\/\/www.ub.edu\/ossma\/actualitat-medi-ambient\/inici-campanya-reptes-verds-uni-eco\">Comen\u00e7a la campanya \u00abReptes verds: per un campus m\u00e9s sostenible\u00bb<\/a><\/h2>\r\n\t\t\t<\/div>\r\n\r\n\t\t\t<div class=\"wb_ps_description\">\r\n\r\n\t\t\t\t<div class=\"wb_ps_text\"><p>Si estudies o treballes en la UB, forma un equip i, a trav\u00e8s de la plataforma en l\u00ednia d\u2019UNI-ECO, proposa abans de l'11 d'abril un projecte que contribueixi a fer m\u00e9s sostenible el teu campus.<\/p>\n<\/div>\r\n\r\n\t\t\t\t\t\t\t<div class=\"wb_ps_readmore\">\r\n\t\t\t\t\t<a class=\"wb_ps_readmore_link\" href=\"https:\/\/www.ub.edu\/ossma\/actualitat-medi-ambient\/inici-campanya-reptes-verds-uni-eco\">M\u00e9s informaci\u00f3<\/a>\r\n\t\t\t\t<\/div>\r\n\t\t\t\r\n\t\t\t<\/div>\r\n\t\t\r\n\t\t<\/div>\r\n\t<\/div>\r\n<\/div><\/div>\t\t\t\t<div class=\"wbel-arrow wb-arrow-prev\">\r\n\t\t\t\t\t<i class=\"fa fa-angle-left\"><\/i>\r\n\t\t\t\t<\/div>\r\n\t\t\t\t<div class=\"wbel-arrow wb-arrow-next\">\r\n\t\t\t\t\t<i class=\"fa fa-angle-right\"><\/i>\r\n\t\t\t\t<\/div>\r\n\t\t\t\t\t\t\t<\/div>\n\t\t\t\t<\/div>\n\t\t\t\t<div class=\"elementor-element elementor-element-2a85456 elementor-align-right elementor-widget elementor-widget-button\" data-id=\"2a85456\" data-element_type=\"widget\" data-e-type=\"widget\" data-widget_type=\"button.default\">\n\t\t\t\t<div class=\"elementor-widget-container\">\n\t\t\t\t\t\t\t\t\t<div class=\"elementor-button-wrapper\">\n\t\t\t\t\t<a class=\"elementor-button elementor-button-link elementor-size-sm\" href=\"https:\/\/www.ub.edu\/ossma\/tag\/ods2\/\">\n\t\t\t\t\t\t<span class=\"elementor-button-content-wrapper\">\n\t\t\t\t\t\t\t\t\t<span class=\"elementor-button-text\">Totes les activitats relacionades<\/span>\n\t\t\t\t\t<\/span>\n\t\t\t\t\t<\/a>\n\t\t\t\t<\/div>\n\t\t\t\t\t\t\t\t<\/div>\n\t\t\t\t<\/div>\n\t\t\t\t\t<\/div>\n\t\t<\/div>\n\t\t\t\t\t<\/div>\n\t\t<\/section>\n\t\t\t\t<\/div>\n\t\t","protected":false},"excerpt":{"rendered":"<p>El projecte europeu UNI-ECO, del qual forma part la UB, llan\u00e7a la <strong>campanya \u00abReptes verds: per un campus m\u00e9s sostenible\u00bb<\/strong>. La iniciativa s\u2019adre\u00e7a a aquelles persones de&nbsp; la comunitat universit\u00e0ria interessades a construir la universitat sostenible del dem\u00e0. Participar-hi \u00e9s molt senzill: nom\u00e9s cal formar equip, triar un repte entre els proposats al web del projecte i enviar la proposta per crear un campus m\u00e9s sostenible.<\/p>\n","protected":false},"author":1,"featured_media":23752,"parent":5743,"menu_order":0,"comment_status":"closed","ping_status":"closed","template":"","meta":{"advgb_blocks_editor_width":"","advgb_blocks_columns_visual_guide":"","footnotes":""},"class_list":["post-6926","page","type-page","status-publish","has-post-thumbnail","hentry"],"coauthors":[],"author_meta":{"author_link":"https:\/\/www.ub.edu\/ossma\/author\/ossmau1","display_name":"OSSMA"},"relative_dates":{"created":"Posted 7 anys ago","modified":"Updated 3 anys ago"},"absolute_dates":{"created":"Posted on 12\/05\/2019","modified":"Updated on 01\/02\/2023"},"absolute_dates_time":{"created":"Posted on 12\/05\/2019 11:00","modified":"Updated on 01\/02\/2023 7:50"},"featured_img_caption":"","featured_img":"https:\/\/www.ub.edu\/ossma\/wp-content\/uploads\/2021\/03\/ossma-ub.jpg","series_order":"","_links":{"self":[{"href":"https:\/\/www.ub.edu\/ossma\/wp-json\/wp\/v2\/pages\/6926","targetHints":{"allow":["GET"]}}],"collection":[{"href":"https:\/\/www.ub.edu\/ossma\/wp-json\/wp\/v2\/pages"}],"about":[{"href":"https:\/\/www.ub.edu\/ossma\/wp-json\/wp\/v2\/types\/page"}],"author":[{"embeddable":true,"href":"https:\/\/www.ub.edu\/ossma\/wp-json\/wp\/v2\/users\/1"}],"replies":[{"embeddable":true,"href":"https:\/\/www.ub.edu\/ossma\/wp-json\/wp\/v2\/comments?post=6926"}],"version-history":[{"count":19,"href":"https:\/\/www.ub.edu\/ossma\/wp-json\/wp\/v2\/pages\/6926\/revisions"}],"predecessor-version":[{"id":44269,"href":"https:\/\/www.ub.edu\/ossma\/wp-json\/wp\/v2\/pages\/6926\/revisions\/44269"}],"up":[{"embeddable":true,"href":"https:\/\/www.ub.edu\/ossma\/wp-json\/wp\/v2\/pages\/5743"}],"wp:featuredmedia":[{"embeddable":true,"href":"https:\/\/www.ub.edu\/ossma\/wp-json\/wp\/v2\/media\/23752"}],"wp:attachment":[{"href":"https:\/\/www.ub.edu\/ossma\/wp-json\/wp\/v2\/media?parent=6926"}],"curies":[{"name":"wp","href":"https:\/\/api.w.org\/{rel}","templated":true}]}}