{"id":6959,"date":"2019-05-13T10:31:03","date_gmt":"2019-05-13T10:31:03","guid":{"rendered":"https:\/\/www.ub.edu\/ossma\/?page_id=6959"},"modified":"2023-02-01T08:43:29","modified_gmt":"2023-02-01T08:43:29","slug":"ods-10-reduccio-desigualtats","status":"publish","type":"page","link":"https:\/\/www.ub.edu\/ossma\/ossma-a-la-ub\/objectius-desenvolupament-sostenible\/ods-10-reduccio-desigualtats","title":{"rendered":"ODS 10: Reducci\u00f3 de les desigualtats"},"content":{"rendered":"\t\t<div data-elementor-type=\"wp-page\" data-elementor-id=\"6959\" class=\"elementor elementor-6959\">\n\t\t\t\t\t\t<section class=\"elementor-section elementor-top-section elementor-element elementor-element-1f97056a elementor-section-boxed elementor-section-height-default elementor-section-height-default\" data-id=\"1f97056a\" data-element_type=\"section\" data-e-type=\"section\">\n\t\t\t\t\t\t<div class=\"elementor-container elementor-column-gap-default\">\n\t\t\t\t\t<div class=\"elementor-column elementor-col-100 elementor-top-column elementor-element elementor-element-410f31a8\" data-id=\"410f31a8\" data-element_type=\"column\" data-e-type=\"column\">\n\t\t\t<div class=\"elementor-widget-wrap elementor-element-populated\">\n\t\t\t\t\t\t<div class=\"elementor-element elementor-element-5ceb6f4e elementor-widget elementor-widget-text-editor\" data-id=\"5ceb6f4e\" data-element_type=\"widget\" data-e-type=\"widget\" data-widget_type=\"text-editor.default\">\n\t\t\t\t<div class=\"elementor-widget-container\">\n\t\t\t\t\t\t\t\t\t\n<blockquote class=\"wp-block-quote\">\n<p>Reduir la desigualtat en i entre els pa\u00efsos.<\/p>\n<\/blockquote>\n\n<p><a href=\"https:\/\/www.un.org\/sustainabledevelopment\/es\/inequality\/\" target=\"_blank\" rel=\"noreferrer noopener\">Consulta aquest ODS a la p\u00e0gina de l&#8217;ONU<\/a><\/p>\n\n<h2>Activitats de l&#8217;OSSMA que contribueixen a aquest ODS:<\/h2>\n\t\t\t\t\t\t\t\t<\/div>\n\t\t\t\t<\/div>\n\t\t\t\t\t<\/div>\n\t\t<\/div>\n\t\t\t\t\t<\/div>\n\t\t<\/section>\n\t\t\t\t<section class=\"elementor-section elementor-top-section elementor-element elementor-element-396b38e actualitat elementor-section-boxed elementor-section-height-default elementor-section-height-default\" data-id=\"396b38e\" data-element_type=\"section\" data-e-type=\"section\">\n\t\t\t\t\t\t<div class=\"elementor-container elementor-column-gap-default\">\n\t\t\t\t\t<div class=\"elementor-column elementor-col-100 elementor-top-column elementor-element elementor-element-8e0304d\" data-id=\"8e0304d\" data-element_type=\"column\" data-e-type=\"column\">\n\t\t\t<div class=\"elementor-widget-wrap elementor-element-populated\">\n\t\t\t\t\t\t<div class=\"elementor-element elementor-element-bdedc31 elementor-widget elementor-widget-wb-post-slider\" data-id=\"bdedc31\" data-element_type=\"widget\" data-e-type=\"widget\" data-widget_type=\"wb-post-slider.default\">\n\t\t\t\t<div class=\"elementor-widget-container\">\n\t\t\t\t\t<div\r\n\t        \t\tclass=\"wbel_post_slider_wrapper wbel_post_slider_default\"\r\n\t        \t\tid=\"wbel_post_slider_wb_post_sliderbdedc31\"\r\n\t        \t\tdata-slide-to-show=\"3\"\r\n\t        \t\tdata-slides-to-scroll=\"3\"\r\n\t        \t><div class=\"wb_ps_item\">\r\n\t<div class=\"wb_ps_single_item\">\r\n\t\t\t\t\t<div class=\"wb_ps_thumbnail\">\r\n\t\t\t\t<a href=\"https:\/\/www.ub.edu\/ossma\/actualitat-atencio-social\/vacances-en-familia-2026-2\">\r\n\t\t\t\t\t<img decoding=\"async\" src=\"https:\/\/www.ub.edu\/ossma\/wp-content\/uploads\/2026\/04\/Vacances-en-familia-2026-750x177.jpg\" title=\"Vacances en fam\u00edlia 2026\" alt=\"Vacances en fam\u00edlia 2026\" \/>\t\t\t\t<\/a>\r\n\t\t\t<\/div>\r\n\t\t\t\t<div class=\"wb_ps_content\">\r\n\r\n\t\t\t<div class=\"wb_ps_title\">\r\n\t\t\t\t<h2 ><a href=\"https:\/\/www.ub.edu\/ossma\/actualitat-atencio-social\/vacances-en-familia-2026-2\">Vacances en fam\u00edlia 2026<\/a><\/h2>\r\n\t\t\t<\/div>\r\n\r\n\t\t\t<div class=\"wb_ps_description\">\r\n\r\n\t\t\t\t<div class=\"wb_ps_text\"><p>Xanascat obre les preinscripcions a la segona convocat\u00f2ria de Vacances en Fam\u00edlia. Preinscripcions del 13 d'abril fins al 27   d'abril.<\/p>\n<\/div>\r\n\r\n\t\t\t\t\t\t\t<div class=\"wb_ps_readmore\">\r\n\t\t\t\t\t<a class=\"wb_ps_readmore_link\" href=\"https:\/\/www.ub.edu\/ossma\/actualitat-atencio-social\/vacances-en-familia-2026-2\">M\u00e9s informaci\u00f3<\/a>\r\n\t\t\t\t<\/div>\r\n\t\t\t\r\n\t\t\t<\/div>\r\n\t\t\r\n\t\t<\/div>\r\n\t<\/div>\r\n<\/div><div class=\"wb_ps_item\">\r\n\t<div class=\"wb_ps_single_item\">\r\n\t\t\t\t\t<div class=\"wb_ps_thumbnail\">\r\n\t\t\t\t<a href=\"https:\/\/www.ub.edu\/ossma\/actualitat-atencio-social\/lestiu-es-teu-2\">\r\n\t\t\t\t\t<img decoding=\"async\" src=\"https:\/\/www.ub.edu\/ossma\/wp-content\/uploads\/2026\/02\/LEstiu-es-teu-2026-750x177.jpg\" title=\"L&#8217;Estiu \u00e9s teu 2026\" alt=\"Activitats de les col\u00f2nies de l'Estiu \u00e9s Teu\" \/>\t\t\t\t<\/a>\r\n\t\t\t<\/div>\r\n\t\t\t\t<div class=\"wb_ps_content\">\r\n\r\n\t\t\t<div class=\"wb_ps_title\">\r\n\t\t\t\t<h2 ><a href=\"https:\/\/www.ub.edu\/ossma\/actualitat-atencio-social\/lestiu-es-teu-2\">L&#8217;Estiu \u00e9s Teu 2026!<\/a><\/h2>\r\n\t\t\t<\/div>\r\n\r\n\t\t\t<div class=\"wb_ps_description\">\r\n\r\n\t\t\t\t<div class=\"wb_ps_text\"><p>\u00c9s una proposta de l'Ag\u00e8ncia Catalana de la Joventut que organitza col\u00f2nies d\u2019estiu per a nens, nenes i joves de 5 a 16 anys que vulguin aprendre i divertir-se.<br \/>\nInscripcions a partir del 23 de febrer de 2026.<br \/>\nSense sorteig de places, reserva directa.<\/p>\n<\/div>\r\n\r\n\t\t\t\t\t\t\t<div class=\"wb_ps_readmore\">\r\n\t\t\t\t\t<a class=\"wb_ps_readmore_link\" href=\"https:\/\/www.ub.edu\/ossma\/actualitat-atencio-social\/lestiu-es-teu-2\">M\u00e9s informaci\u00f3<\/a>\r\n\t\t\t\t<\/div>\r\n\t\t\t\r\n\t\t\t<\/div>\r\n\t\t\r\n\t\t<\/div>\r\n\t<\/div>\r\n<\/div><div class=\"wb_ps_item\">\r\n\t<div class=\"wb_ps_single_item\">\r\n\t\t\t\t\t<div class=\"wb_ps_thumbnail\">\r\n\t\t\t\t<a href=\"https:\/\/www.ub.edu\/ossma\/actualitat-atencio-social\/640-euros-recollits-en-la-xix-campanya-de-recollida-de-joguines-de-la-ub\">\r\n\t\t\t\t\t<img decoding=\"async\" src=\"https:\/\/www.ub.edu\/ossma\/wp-content\/uploads\/2025\/11\/1270x304-80-2-750x180.jpg\" title=\"1270&#215;304-80-2\" alt=\"XIX Campanya de Recollida de Joguines de la UB\" \/>\t\t\t\t<\/a>\r\n\t\t\t<\/div>\r\n\t\t\t\t<div class=\"wb_ps_content\">\r\n\r\n\t\t\t<div class=\"wb_ps_title\">\r\n\t\t\t\t<h2 ><a href=\"https:\/\/www.ub.edu\/ossma\/actualitat-atencio-social\/640-euros-recollits-en-la-xix-campanya-de-recollida-de-joguines-de-la-ub\">640 euros recollits en la XIX Campanya de Recollida de Joguines de la UB<\/a><\/h2>\r\n\t\t\t<\/div>\r\n\r\n\t\t\t<div class=\"wb_ps_description\">\r\n\r\n\t\t\t\t<div class=\"wb_ps_text\"><p>La Creu Roja dona les gr\u00e0cies a la comunitat universit\u00e0ria per les aportacions realitzades. <\/p>\n<\/div>\r\n\r\n\t\t\t\t\t\t\t<div class=\"wb_ps_readmore\">\r\n\t\t\t\t\t<a class=\"wb_ps_readmore_link\" href=\"https:\/\/www.ub.edu\/ossma\/actualitat-atencio-social\/640-euros-recollits-en-la-xix-campanya-de-recollida-de-joguines-de-la-ub\">M\u00e9s informaci\u00f3<\/a>\r\n\t\t\t\t<\/div>\r\n\t\t\t\r\n\t\t\t<\/div>\r\n\t\t\r\n\t\t<\/div>\r\n\t<\/div>\r\n<\/div><div class=\"wb_ps_item\">\r\n\t<div class=\"wb_ps_single_item\">\r\n\t\t\t\t\t<div class=\"wb_ps_thumbnail\">\r\n\t\t\t\t<a href=\"https:\/\/www.ub.edu\/ossma\/actualitat-atencio-social\/xix-campanya-de-recollida-de-joguines-de-la-ub-cap-infant-sense-joguina\">\r\n\t\t\t\t\t<img decoding=\"async\" src=\"https:\/\/www.ub.edu\/ossma\/wp-content\/uploads\/2025\/11\/1270x304-80-2-750x180.jpg\" title=\"1270&#215;304-80-2\" alt=\"XIX Campanya de Recollida de Joguines de la UB\" \/>\t\t\t\t<\/a>\r\n\t\t\t<\/div>\r\n\t\t\t\t<div class=\"wb_ps_content\">\r\n\r\n\t\t\t<div class=\"wb_ps_title\">\r\n\t\t\t\t<h2 ><a href=\"https:\/\/www.ub.edu\/ossma\/actualitat-atencio-social\/xix-campanya-de-recollida-de-joguines-de-la-ub-cap-infant-sense-joguina\">XIX Campanya de Recollida de Joguines de la UB: Cap infant sense joguina<\/a><\/h2>\r\n\t\t\t<\/div>\r\n\r\n\t\t\t<div class=\"wb_ps_description\">\r\n\r\n\t\t\t\t<div class=\"wb_ps_text\"><p>Fes el teu donatiu i col\u00b7labora en la campanya de recollida de joguines de la Creu Roja.<\/p>\n<\/div>\r\n\r\n\t\t\t\t\t\t\t<div class=\"wb_ps_readmore\">\r\n\t\t\t\t\t<a class=\"wb_ps_readmore_link\" href=\"https:\/\/www.ub.edu\/ossma\/actualitat-atencio-social\/xix-campanya-de-recollida-de-joguines-de-la-ub-cap-infant-sense-joguina\">M\u00e9s informaci\u00f3<\/a>\r\n\t\t\t\t<\/div>\r\n\t\t\t\r\n\t\t\t<\/div>\r\n\t\t\r\n\t\t<\/div>\r\n\t<\/div>\r\n<\/div><div class=\"wb_ps_item\">\r\n\t<div class=\"wb_ps_single_item\">\r\n\t\t\t\t\t<div class=\"wb_ps_thumbnail\">\r\n\t\t\t\t<a href=\"https:\/\/www.ub.edu\/ossma\/actualitat-atencio-social\/vacances-en-familia-2026\">\r\n\t\t\t\t\t<img decoding=\"async\" src=\"https:\/\/www.ub.edu\/ossma\/wp-content\/uploads\/2025\/11\/Vacances-en-familia-2026-750x177.jpg\" title=\"Vacances en familia 2026\" alt=\"Cap\u00e7alera Vacances en fam\u00edlia 2026\" \/>\t\t\t\t<\/a>\r\n\t\t\t<\/div>\r\n\t\t\t\t<div class=\"wb_ps_content\">\r\n\r\n\t\t\t<div class=\"wb_ps_title\">\r\n\t\t\t\t<h2 ><a href=\"https:\/\/www.ub.edu\/ossma\/actualitat-atencio-social\/vacances-en-familia-2026\">Vacances en fam\u00edlia 2026<\/a><\/h2>\r\n\t\t\t<\/div>\r\n\r\n\t\t\t<div class=\"wb_ps_description\">\r\n\r\n\t\t\t\t<div class=\"wb_ps_text\"><p>S'obren les preinscripcions de la primera convocat\u00f2ria de Vacances en fam\u00edlia 2026.<\/p>\n<\/div>\r\n\r\n\t\t\t\t\t\t\t<div class=\"wb_ps_readmore\">\r\n\t\t\t\t\t<a class=\"wb_ps_readmore_link\" href=\"https:\/\/www.ub.edu\/ossma\/actualitat-atencio-social\/vacances-en-familia-2026\">M\u00e9s informaci\u00f3<\/a>\r\n\t\t\t\t<\/div>\r\n\t\t\t\r\n\t\t\t<\/div>\r\n\t\t\r\n\t\t<\/div>\r\n\t<\/div>\r\n<\/div><div class=\"wb_ps_item\">\r\n\t<div class=\"wb_ps_single_item\">\r\n\t\t\t\t\t<div class=\"wb_ps_thumbnail\">\r\n\t\t\t\t<a href=\"https:\/\/www.ub.edu\/ossma\/actualitat-atencio-social\/memoria-activitat-ossma-2024\">\r\n\t\t\t\t\t<img decoding=\"async\" src=\"https:\/\/www.ub.edu\/ossma\/wp-content\/uploads\/2025\/07\/portada-memoria-ossma-2024-banner-750x178.jpg\" title=\"portada-memoria-ossma-2024-banner\" alt=\"portada-memoria-ossma-2024-banner\" \/>\t\t\t\t<\/a>\r\n\t\t\t<\/div>\r\n\t\t\t\t<div class=\"wb_ps_content\">\r\n\r\n\t\t\t<div class=\"wb_ps_title\">\r\n\t\t\t\t<h2 ><a href=\"https:\/\/www.ub.edu\/ossma\/actualitat-atencio-social\/memoria-activitat-ossma-2024\">Mem\u00f2ria d\u2019activitat OSSMA 2024<\/a><\/h2>\r\n\t\t\t<\/div>\r\n\r\n\t\t\t<div class=\"wb_ps_description\">\r\n\r\n\t\t\t\t<div class=\"wb_ps_text\"><p>La sisena mem\u00f2ria d\u2019activitat de l\u2019OSSMA recull les principals actuacions i projectes duts a terme l\u2019any 2024.<\/p>\n<\/div>\r\n\r\n\t\t\t\t\t\t\t<div class=\"wb_ps_readmore\">\r\n\t\t\t\t\t<a class=\"wb_ps_readmore_link\" href=\"https:\/\/www.ub.edu\/ossma\/actualitat-atencio-social\/memoria-activitat-ossma-2024\">M\u00e9s informaci\u00f3<\/a>\r\n\t\t\t\t<\/div>\r\n\t\t\t\r\n\t\t\t<\/div>\r\n\t\t\r\n\t\t<\/div>\r\n\t<\/div>\r\n<\/div><div class=\"wb_ps_item\">\r\n\t<div class=\"wb_ps_single_item\">\r\n\t\t\t\t\t<div class=\"wb_ps_thumbnail\">\r\n\t\t\t\t<a href=\"https:\/\/www.ub.edu\/ossma\/actualitat-atencio-social\/vacances-en-familia-2025-2\">\r\n\t\t\t\t\t<img decoding=\"async\" src=\"https:\/\/www.ub.edu\/ossma\/wp-content\/uploads\/2024\/11\/Capcalera-vacances_familia-750x177.jpg\" title=\"Cap\u00e7alera vacances_familia\" alt=\"Cap\u00e7alera vacances en fam\u00edlia 2025\" \/>\t\t\t\t<\/a>\r\n\t\t\t<\/div>\r\n\t\t\t\t<div class=\"wb_ps_content\">\r\n\r\n\t\t\t<div class=\"wb_ps_title\">\r\n\t\t\t\t<h2 ><a href=\"https:\/\/www.ub.edu\/ossma\/actualitat-atencio-social\/vacances-en-familia-2025-2\">Vacances en fam\u00edlia 2025<\/a><\/h2>\r\n\t\t\t<\/div>\r\n\r\n\t\t\t<div class=\"wb_ps_description\">\r\n\r\n\t\t\t\t<div class=\"wb_ps_text\"><p>Xanascat obre les preinscripcions a la segona convocat\u00f2ria de Vacances en Fam\u00edlia. Preinscripcions del 28 d'abril al 12 de maig.<\/p>\n<\/div>\r\n\r\n\t\t\t\t\t\t\t<div class=\"wb_ps_readmore\">\r\n\t\t\t\t\t<a class=\"wb_ps_readmore_link\" href=\"https:\/\/www.ub.edu\/ossma\/actualitat-atencio-social\/vacances-en-familia-2025-2\">M\u00e9s informaci\u00f3<\/a>\r\n\t\t\t\t<\/div>\r\n\t\t\t\r\n\t\t\t<\/div>\r\n\t\t\r\n\t\t<\/div>\r\n\t<\/div>\r\n<\/div><div class=\"wb_ps_item\">\r\n\t<div class=\"wb_ps_single_item\">\r\n\t\t\t\t\t<div class=\"wb_ps_thumbnail\">\r\n\t\t\t\t<a href=\"https:\/\/www.ub.edu\/ossma\/actualitat-atencio-social\/lestiu-es-teu-2025\">\r\n\t\t\t\t\t<img decoding=\"async\" src=\"https:\/\/www.ub.edu\/ossma\/wp-content\/uploads\/2025\/04\/Capcalera-Lestiu-es-teu-2025-750x177.jpg\" title=\"Cap\u00e7alera L&#8217;estiu \u00e9s teu 2025\" alt=\"Cap\u00e7alera L'Estiu \u00e9s teu 2025. Motxilla amb sac de dormir, retoladors, una samarreta amb dedicat\u00f2ries de companys, llanterna, jovent en una canoa.\" \/>\t\t\t\t<\/a>\r\n\t\t\t<\/div>\r\n\t\t\t\t<div class=\"wb_ps_content\">\r\n\r\n\t\t\t<div class=\"wb_ps_title\">\r\n\t\t\t\t<h2 ><a href=\"https:\/\/www.ub.edu\/ossma\/actualitat-atencio-social\/lestiu-es-teu-2025\">L\u2019Estiu \u00e9s Teu 2025<\/a><\/h2>\r\n\t\t\t<\/div>\r\n\r\n\t\t\t<div class=\"wb_ps_description\">\r\n\r\n\t\t\t\t<div class=\"wb_ps_text\"><p>\u00c9s una proposta de l'Ag\u00e8ncia Catalana de la Joventut que organitza col\u00f2nies d\u2019estiu per a nens, nenes i joves de 5 a 16 anys que vulguin aprendre i divertir-se.<br \/>\nInscripcions: A partir del 7 d'abril, sense sorteig de places i reserva directa.<\/p>\n<\/div>\r\n\r\n\t\t\t\t\t\t\t<div class=\"wb_ps_readmore\">\r\n\t\t\t\t\t<a class=\"wb_ps_readmore_link\" href=\"https:\/\/www.ub.edu\/ossma\/actualitat-atencio-social\/lestiu-es-teu-2025\">M\u00e9s informaci\u00f3<\/a>\r\n\t\t\t\t<\/div>\r\n\t\t\t\r\n\t\t\t<\/div>\r\n\t\t\r\n\t\t<\/div>\r\n\t<\/div>\r\n<\/div><div class=\"wb_ps_item\">\r\n\t<div class=\"wb_ps_single_item\">\r\n\t\t\t\t\t<div class=\"wb_ps_thumbnail\">\r\n\t\t\t\t<a href=\"https:\/\/www.ub.edu\/ossma\/actualitat-atencio-social\/1-095-euros-recollits-en-la-xviii-campanya-de-recollida-de-joguines-de-la-ub\">\r\n\t\t\t\t\t<img decoding=\"async\" src=\"https:\/\/www.ub.edu\/ossma\/wp-content\/uploads\/2024\/11\/2024-campany-joguines-banner-1270x304-1-750x180.jpg\" title=\"2024-campany-joguines-banner-1270&#215;304\" alt=\"cap\u00e7alera campanya de joguines. XVIII campanya de recollida de joguines de la UB\" \/>\t\t\t\t<\/a>\r\n\t\t\t<\/div>\r\n\t\t\t\t<div class=\"wb_ps_content\">\r\n\r\n\t\t\t<div class=\"wb_ps_title\">\r\n\t\t\t\t<h2 ><a href=\"https:\/\/www.ub.edu\/ossma\/actualitat-atencio-social\/1-095-euros-recollits-en-la-xviii-campanya-de-recollida-de-joguines-de-la-ub\">1.095 euros recollits en la XVIII Campanya de Recollida de Joguines de la UB<\/a><\/h2>\r\n\t\t\t<\/div>\r\n\r\n\t\t\t<div class=\"wb_ps_description\">\r\n\r\n\t\t\t\t<div class=\"wb_ps_text\"><p>La Creu Roja dona les gr\u00e0cies a la comunitat universit\u00e0ria per les aportacions realitzades.<\/p>\n<\/div>\r\n\r\n\t\t\t\t\t\t\t<div class=\"wb_ps_readmore\">\r\n\t\t\t\t\t<a class=\"wb_ps_readmore_link\" href=\"https:\/\/www.ub.edu\/ossma\/actualitat-atencio-social\/1-095-euros-recollits-en-la-xviii-campanya-de-recollida-de-joguines-de-la-ub\">M\u00e9s informaci\u00f3<\/a>\r\n\t\t\t\t<\/div>\r\n\t\t\t\r\n\t\t\t<\/div>\r\n\t\t\r\n\t\t<\/div>\r\n\t<\/div>\r\n<\/div><div class=\"wb_ps_item\">\r\n\t<div class=\"wb_ps_single_item\">\r\n\t\t\t\t\t<div class=\"wb_ps_thumbnail\">\r\n\t\t\t\t<a href=\"https:\/\/www.ub.edu\/ossma\/actualitat-atencio-social\/comenca-la-campanya-de-recollida-de-joguines-de-la-ub-4\">\r\n\t\t\t\t\t<img decoding=\"async\" src=\"https:\/\/www.ub.edu\/ossma\/wp-content\/uploads\/2024\/11\/2024-campany-joguines-banner-1270x304-1-750x180.jpg\" title=\"2024-campany-joguines-banner-1270&#215;304\" alt=\"cap\u00e7alera campanya de joguines. XVIII campanya de recollida de joguines de la UB\" \/>\t\t\t\t<\/a>\r\n\t\t\t<\/div>\r\n\t\t\t\t<div class=\"wb_ps_content\">\r\n\r\n\t\t\t<div class=\"wb_ps_title\">\r\n\t\t\t\t<h2 ><a href=\"https:\/\/www.ub.edu\/ossma\/actualitat-atencio-social\/comenca-la-campanya-de-recollida-de-joguines-de-la-ub-4\">Comen\u00e7a la campanya de recollida de joguines de la UB<\/a><\/h2>\r\n\t\t\t<\/div>\r\n\r\n\t\t\t<div class=\"wb_ps_description\">\r\n\r\n\t\t\t\t<div class=\"wb_ps_text\"><p>XVIII Campanya de recollida de joguines de la UB.<br \/>\nFes el teu donatiu i col\u00b7labora en la campanya de recollida de joguines de la Creu Roja.<\/p>\n<\/div>\r\n\r\n\t\t\t\t\t\t\t<div class=\"wb_ps_readmore\">\r\n\t\t\t\t\t<a class=\"wb_ps_readmore_link\" href=\"https:\/\/www.ub.edu\/ossma\/actualitat-atencio-social\/comenca-la-campanya-de-recollida-de-joguines-de-la-ub-4\">M\u00e9s informaci\u00f3<\/a>\r\n\t\t\t\t<\/div>\r\n\t\t\t\r\n\t\t\t<\/div>\r\n\t\t\r\n\t\t<\/div>\r\n\t<\/div>\r\n<\/div><\/div>\t\t\t\t<div class=\"wbel-arrow wb-arrow-prev\">\r\n\t\t\t\t\t<i class=\"fa fa-angle-left\"><\/i>\r\n\t\t\t\t<\/div>\r\n\t\t\t\t<div class=\"wbel-arrow wb-arrow-next\">\r\n\t\t\t\t\t<i class=\"fa fa-angle-right\"><\/i>\r\n\t\t\t\t<\/div>\r\n\t\t\t\t\t\t\t<\/div>\n\t\t\t\t<\/div>\n\t\t\t\t<div class=\"elementor-element elementor-element-bf16daf elementor-align-right elementor-widget elementor-widget-button\" data-id=\"bf16daf\" data-element_type=\"widget\" data-e-type=\"widget\" data-widget_type=\"button.default\">\n\t\t\t\t<div class=\"elementor-widget-container\">\n\t\t\t\t\t\t\t\t\t<div class=\"elementor-button-wrapper\">\n\t\t\t\t\t<a class=\"elementor-button elementor-button-link elementor-size-sm\" href=\"https:\/\/www.ub.edu\/ossma\/tag\/ods10\/\">\n\t\t\t\t\t\t<span class=\"elementor-button-content-wrapper\">\n\t\t\t\t\t\t\t\t\t<span class=\"elementor-button-text\">Totes les activitats relacionades<\/span>\n\t\t\t\t\t<\/span>\n\t\t\t\t\t<\/a>\n\t\t\t\t<\/div>\n\t\t\t\t\t\t\t\t<\/div>\n\t\t\t\t<\/div>\n\t\t\t\t\t<\/div>\n\t\t<\/div>\n\t\t\t\t\t<\/div>\n\t\t<\/section>\n\t\t\t\t<\/div>\n\t\t","protected":false},"excerpt":{"rendered":"<p>Per divuit\u00e8 any consecutiu comen\u00e7a la campanya de recollida de joguines, organitzada pel Vicerectorat d\u2019Igualtat, Inclusi\u00f3 i G\u00e8nere \u2014 a trav\u00e9s de l\u2019Oficina de Seguretat, Salut i Medi Ambient i en col\u00b7laboraci\u00f3 amb la Fundaci\u00f3 Solidaritat UB i la Creu Roja Joventut \u2014.<\/p>\n","protected":false},"author":1,"featured_media":23752,"parent":5743,"menu_order":10,"comment_status":"closed","ping_status":"closed","template":"","meta":{"advgb_blocks_editor_width":"","advgb_blocks_columns_visual_guide":"","footnotes":""},"class_list":["post-6959","page","type-page","status-publish","has-post-thumbnail","hentry"],"coauthors":[],"author_meta":{"author_link":"https:\/\/www.ub.edu\/ossma\/author\/ossmau1","display_name":"OSSMA"},"relative_dates":{"created":"Posted 7 anys ago","modified":"Updated 3 anys ago"},"absolute_dates":{"created":"Posted on 13\/05\/2019","modified":"Updated on 01\/02\/2023"},"absolute_dates_time":{"created":"Posted on 13\/05\/2019 10:31","modified":"Updated on 01\/02\/2023 8:43"},"featured_img_caption":"","featured_img":"https:\/\/www.ub.edu\/ossma\/wp-content\/uploads\/2021\/03\/ossma-ub.jpg","series_order":"","_links":{"self":[{"href":"https:\/\/www.ub.edu\/ossma\/wp-json\/wp\/v2\/pages\/6959","targetHints":{"allow":["GET"]}}],"collection":[{"href":"https:\/\/www.ub.edu\/ossma\/wp-json\/wp\/v2\/pages"}],"about":[{"href":"https:\/\/www.ub.edu\/ossma\/wp-json\/wp\/v2\/types\/page"}],"author":[{"embeddable":true,"href":"https:\/\/www.ub.edu\/ossma\/wp-json\/wp\/v2\/users\/1"}],"replies":[{"embeddable":true,"href":"https:\/\/www.ub.edu\/ossma\/wp-json\/wp\/v2\/comments?post=6959"}],"version-history":[{"count":19,"href":"https:\/\/www.ub.edu\/ossma\/wp-json\/wp\/v2\/pages\/6959\/revisions"}],"predecessor-version":[{"id":44295,"href":"https:\/\/www.ub.edu\/ossma\/wp-json\/wp\/v2\/pages\/6959\/revisions\/44295"}],"up":[{"embeddable":true,"href":"https:\/\/www.ub.edu\/ossma\/wp-json\/wp\/v2\/pages\/5743"}],"wp:featuredmedia":[{"embeddable":true,"href":"https:\/\/www.ub.edu\/ossma\/wp-json\/wp\/v2\/media\/23752"}],"wp:attachment":[{"href":"https:\/\/www.ub.edu\/ossma\/wp-json\/wp\/v2\/media?parent=6959"}],"curies":[{"name":"wp","href":"https:\/\/api.w.org\/{rel}","templated":true}]}}