{"id":6987,"date":"2019-05-13T10:58:06","date_gmt":"2019-05-13T10:58:06","guid":{"rendered":"https:\/\/www.ub.edu\/ossma\/?page_id=6987"},"modified":"2023-02-01T08:50:03","modified_gmt":"2023-02-01T08:50:03","slug":"ods-17-aliances-per-assolir-objectius","status":"publish","type":"page","link":"https:\/\/www.ub.edu\/ossma\/ossma-a-la-ub\/objectius-desenvolupament-sostenible\/ods-17-aliances-per-assolir-objectius","title":{"rendered":"ODS 17: Aliances per assolir els objectius"},"content":{"rendered":"\t\t<div data-elementor-type=\"wp-page\" data-elementor-id=\"6987\" class=\"elementor elementor-6987\">\n\t\t\t\t\t\t<section class=\"elementor-section elementor-top-section elementor-element elementor-element-2dc70170 elementor-section-boxed elementor-section-height-default elementor-section-height-default\" data-id=\"2dc70170\" data-element_type=\"section\" data-e-type=\"section\">\n\t\t\t\t\t\t<div class=\"elementor-container elementor-column-gap-default\">\n\t\t\t\t\t<div class=\"elementor-column elementor-col-100 elementor-top-column elementor-element elementor-element-3b1ac7b3\" data-id=\"3b1ac7b3\" data-element_type=\"column\" data-e-type=\"column\">\n\t\t\t<div class=\"elementor-widget-wrap elementor-element-populated\">\n\t\t\t\t\t\t<div class=\"elementor-element elementor-element-c6acf10 elementor-widget elementor-widget-text-editor\" data-id=\"c6acf10\" data-element_type=\"widget\" data-e-type=\"widget\" data-widget_type=\"text-editor.default\">\n\t\t\t\t<div class=\"elementor-widget-container\">\n\t\t\t\t\t\t\t\t\t<blockquote class=\"wp-block-quote\"><p>Enfortir els mitjans d\u2019execuci\u00f3 i revitalitzar l\u2019Alian\u00e7a Mundial per al Desenvolupament Sostenible.<\/p><\/blockquote><p><a href=\"https:\/\/www.un.org\/sustainabledevelopment\/es\/globalpartnerships\/\" target=\"_blank\" rel=\"noreferrer noopener\">Consulta aquest ODS a la p\u00e0gina de l&#8217;ONU<\/a><\/p><h2>Activitats de l&#8217;OSSMA que contribueixen a aquest ODS:<\/h2>\t\t\t\t\t\t\t\t<\/div>\n\t\t\t\t<\/div>\n\t\t\t\t\t<\/div>\n\t\t<\/div>\n\t\t\t\t\t<\/div>\n\t\t<\/section>\n\t\t\t\t<section class=\"elementor-section elementor-top-section elementor-element elementor-element-430e2d2 elementor-section-boxed elementor-section-height-default elementor-section-height-default\" data-id=\"430e2d2\" data-element_type=\"section\" data-e-type=\"section\">\n\t\t\t\t\t\t<div class=\"elementor-container elementor-column-gap-default\">\n\t\t\t\t\t<div class=\"elementor-column elementor-col-100 elementor-top-column elementor-element elementor-element-080be42\" data-id=\"080be42\" data-element_type=\"column\" data-e-type=\"column\">\n\t\t\t<div class=\"elementor-widget-wrap elementor-element-populated\">\n\t\t\t\t\t\t<div class=\"elementor-element elementor-element-33ca88d actualitat elementor-widget elementor-widget-wb-post-slider\" data-id=\"33ca88d\" data-element_type=\"widget\" data-e-type=\"widget\" data-widget_type=\"wb-post-slider.default\">\n\t\t\t\t<div class=\"elementor-widget-container\">\n\t\t\t\t\t<div\r\n\t        \t\tclass=\"wbel_post_slider_wrapper wbel_post_slider_default\"\r\n\t        \t\tid=\"wbel_post_slider_wb_post_slider33ca88d\"\r\n\t        \t\tdata-slide-to-show=\"3\"\r\n\t        \t\tdata-slides-to-scroll=\"3\"\r\n\t        \t><div class=\"wb_ps_item\">\r\n\t<div class=\"wb_ps_single_item\">\r\n\t\t\t\t\t<div class=\"wb_ps_thumbnail\">\r\n\t\t\t\t<a href=\"https:\/\/www.ub.edu\/ossma\/actualitat-medi-ambient\/enquesta-del-barometre-conama-2026\">\r\n\t\t\t\t\t<img decoding=\"async\" src=\"https:\/\/www.ub.edu\/ossma\/wp-content\/uploads\/2024\/04\/1270x300-conama2024-750x177.png\" title=\"1270&#215;300-conama2024\" alt=\"Cap\u00e7alera Conama 2024\" \/>\t\t\t\t<\/a>\r\n\t\t\t<\/div>\r\n\t\t\t\t<div class=\"wb_ps_content\">\r\n\r\n\t\t\t<div class=\"wb_ps_title\">\r\n\t\t\t\t<h2 ><a href=\"https:\/\/www.ub.edu\/ossma\/actualitat-medi-ambient\/enquesta-del-barometre-conama-2026\">Enquesta del bar\u00f2metre Conama 2026<\/a><\/h2>\r\n\t\t\t<\/div>\r\n\r\n\t\t\t<div class=\"wb_ps_description\">\r\n\r\n\t\t\t\t<div class=\"wb_ps_text\"><p>Crida a la participaci\u00f3 en aquesta enquesta que vol con\u00e8ixer la percepci\u00f3 del sector ambiental sobre els reptes del conveni d'Aarhus: informaci\u00f3, participaci\u00f3 i just\u00edcia ambiental.<\/p>\n<\/div>\r\n\r\n\t\t\t\t\t\t\t<div class=\"wb_ps_readmore\">\r\n\t\t\t\t\t<a class=\"wb_ps_readmore_link\" href=\"https:\/\/www.ub.edu\/ossma\/actualitat-medi-ambient\/enquesta-del-barometre-conama-2026\">M\u00e9s informaci\u00f3<\/a>\r\n\t\t\t\t<\/div>\r\n\t\t\t\r\n\t\t\t<\/div>\r\n\t\t\r\n\t\t<\/div>\r\n\t<\/div>\r\n<\/div><div class=\"wb_ps_item\">\r\n\t<div class=\"wb_ps_single_item\">\r\n\t\t\t\t\t<div class=\"wb_ps_thumbnail\">\r\n\t\t\t\t<a href=\"https:\/\/www.ub.edu\/ossma\/actualitat-medi-ambient\/ub-obte-reconeixement-sostenibilitat-ambiental-crue-2024\">\r\n\t\t\t\t\t<img decoding=\"async\" src=\"https:\/\/www.ub.edu\/ossma\/wp-content\/uploads\/2024\/02\/capcalera-mediambient-altres-750x177.jpg\" title=\"cap\u00e7alera-mediambient-altres\" alt=\"cap\u00e7alera-mediambient-altres\" \/>\t\t\t\t<\/a>\r\n\t\t\t<\/div>\r\n\t\t\t\t<div class=\"wb_ps_content\">\r\n\r\n\t\t\t<div class=\"wb_ps_title\">\r\n\t\t\t\t<h2 ><a href=\"https:\/\/www.ub.edu\/ossma\/actualitat-medi-ambient\/ub-obte-reconeixement-sostenibilitat-ambiental-crue-2024\">La Universitat de Barcelona obt\u00e9 novament el Reconeixement global de sostenibilitat ambiental en les universitats espanyoles<\/a><\/h2>\r\n\t\t\t<\/div>\r\n\r\n\t\t\t<div class=\"wb_ps_description\">\r\n\r\n\t\t\t\t<div class=\"wb_ps_text\"><p>La UB ha obtingut una puntuaci\u00f3 superior al 80 %, que equival al nivell tres estrelles, el m\u00e0xim previst, i dos reconeixements espec\u00edfics, en els \u00e0mbits de Recerca, i d\u2019Urbanisme i biodiversitat.<\/p>\n<\/div>\r\n\r\n\t\t\t\t\t\t\t<div class=\"wb_ps_readmore\">\r\n\t\t\t\t\t<a class=\"wb_ps_readmore_link\" href=\"https:\/\/www.ub.edu\/ossma\/actualitat-medi-ambient\/ub-obte-reconeixement-sostenibilitat-ambiental-crue-2024\">M\u00e9s informaci\u00f3<\/a>\r\n\t\t\t\t<\/div>\r\n\t\t\t\r\n\t\t\t<\/div>\r\n\t\t\r\n\t\t<\/div>\r\n\t<\/div>\r\n<\/div><div class=\"wb_ps_item\">\r\n\t<div class=\"wb_ps_single_item\">\r\n\t\t\t\t\t<div class=\"wb_ps_thumbnail\">\r\n\t\t\t\t<a href=\"https:\/\/www.ub.edu\/ossma\/actualitat-medi-ambient\/setmana-europea-mobilitat-2025\">\r\n\t\t\t\t\t<img decoding=\"async\" src=\"https:\/\/www.ub.edu\/ossma\/wp-content\/uploads\/2022\/04\/1270x300-ossma-informa-300x71.png\" title=\"\" alt=\"Cap\u00e7alera not\u00edcies OSSMA informa\" \/>\t\t\t\t<\/a>\r\n\t\t\t<\/div>\r\n\t\t\t\t<div class=\"wb_ps_content\">\r\n\r\n\t\t\t<div class=\"wb_ps_title\">\r\n\t\t\t\t<h2 ><a href=\"https:\/\/www.ub.edu\/ossma\/actualitat-medi-ambient\/setmana-europea-mobilitat-2025\">Comen\u00e7a la Setmana Europea de la Mobilitat 2025<\/a><\/h2>\r\n\t\t\t<\/div>\r\n\r\n\t\t\t<div class=\"wb_ps_description\">\r\n\r\n\t\t\t\t<div class=\"wb_ps_text\"><p>Aprofitem la\u00a0Setmana Europea de la Mobilitat per recordar-vos diverses accions i projectes que la UB ha anat realitzant durant els darrers anys.<\/p>\n<\/div>\r\n\r\n\t\t\t\t\t\t\t<div class=\"wb_ps_readmore\">\r\n\t\t\t\t\t<a class=\"wb_ps_readmore_link\" href=\"https:\/\/www.ub.edu\/ossma\/actualitat-medi-ambient\/setmana-europea-mobilitat-2025\">M\u00e9s informaci\u00f3<\/a>\r\n\t\t\t\t<\/div>\r\n\t\t\t\r\n\t\t\t<\/div>\r\n\t\t\r\n\t\t<\/div>\r\n\t<\/div>\r\n<\/div><div class=\"wb_ps_item\">\r\n\t<div class=\"wb_ps_single_item\">\r\n\t\t\t\t\t<div class=\"wb_ps_thumbnail\">\r\n\t\t\t\t<a href=\"https:\/\/www.ub.edu\/ossma\/actualitat-atencio-social\/memoria-activitat-ossma-2024\">\r\n\t\t\t\t\t<img decoding=\"async\" src=\"https:\/\/www.ub.edu\/ossma\/wp-content\/uploads\/2025\/07\/portada-memoria-ossma-2024-banner-750x178.jpg\" title=\"portada-memoria-ossma-2024-banner\" alt=\"portada-memoria-ossma-2024-banner\" \/>\t\t\t\t<\/a>\r\n\t\t\t<\/div>\r\n\t\t\t\t<div class=\"wb_ps_content\">\r\n\r\n\t\t\t<div class=\"wb_ps_title\">\r\n\t\t\t\t<h2 ><a href=\"https:\/\/www.ub.edu\/ossma\/actualitat-atencio-social\/memoria-activitat-ossma-2024\">Mem\u00f2ria d\u2019activitat OSSMA 2024<\/a><\/h2>\r\n\t\t\t<\/div>\r\n\r\n\t\t\t<div class=\"wb_ps_description\">\r\n\r\n\t\t\t\t<div class=\"wb_ps_text\"><p>La sisena mem\u00f2ria d\u2019activitat de l\u2019OSSMA recull les principals actuacions i projectes duts a terme l\u2019any 2024.<\/p>\n<\/div>\r\n\r\n\t\t\t\t\t\t\t<div class=\"wb_ps_readmore\">\r\n\t\t\t\t\t<a class=\"wb_ps_readmore_link\" href=\"https:\/\/www.ub.edu\/ossma\/actualitat-atencio-social\/memoria-activitat-ossma-2024\">M\u00e9s informaci\u00f3<\/a>\r\n\t\t\t\t<\/div>\r\n\t\t\t\r\n\t\t\t<\/div>\r\n\t\t\r\n\t\t<\/div>\r\n\t<\/div>\r\n<\/div><div class=\"wb_ps_item\">\r\n\t<div class=\"wb_ps_single_item\">\r\n\t\t\t\t\t<div class=\"wb_ps_thumbnail\">\r\n\t\t\t\t<a href=\"https:\/\/www.ub.edu\/ossma\/actualitat-medi-ambient\/material-prestec-crai-bicicleta\">\r\n\t\t\t\t\t<img decoding=\"async\" src=\"https:\/\/www.ub.edu\/ossma\/wp-content\/uploads\/2025\/02\/capcalera-materialciclista-750x177.png\" title=\"cap\u00e7alera-materialciclista\" alt=\"cap\u00e7alera projecte de pr\u00e9stec als CRAI de material ciclista\" \/>\t\t\t\t<\/a>\r\n\t\t\t<\/div>\r\n\t\t\t\t<div class=\"wb_ps_content\">\r\n\r\n\t\t\t<div class=\"wb_ps_title\">\r\n\t\t\t\t<h2 ><a href=\"https:\/\/www.ub.edu\/ossma\/actualitat-medi-ambient\/material-prestec-crai-bicicleta\">Pr\u00e9stec de material ciclista al CRAI de la UB<\/a><\/h2>\r\n\t\t\t<\/div>\r\n\r\n\t\t\t<div class=\"wb_ps_description\">\r\n\r\n\t\t\t\t<div class=\"wb_ps_text\"><p>A la llista d\u2019objectes que la comunitat UB pot agafar en pr\u00e9stec als taulells dels CRAI biblioteques\u00a0ara s\u2019hi afegeixen objectes \u00fatils per als qui vinguin en bicicleta.<\/p>\n<\/div>\r\n\r\n\t\t\t\t\t\t\t<div class=\"wb_ps_readmore\">\r\n\t\t\t\t\t<a class=\"wb_ps_readmore_link\" href=\"https:\/\/www.ub.edu\/ossma\/actualitat-medi-ambient\/material-prestec-crai-bicicleta\">M\u00e9s informaci\u00f3<\/a>\r\n\t\t\t\t<\/div>\r\n\t\t\t\r\n\t\t\t<\/div>\r\n\t\t\r\n\t\t<\/div>\r\n\t<\/div>\r\n<\/div><div class=\"wb_ps_item\">\r\n\t<div class=\"wb_ps_single_item\">\r\n\t\t\t\t\t<div class=\"wb_ps_thumbnail\">\r\n\t\t\t\t<a href=\"https:\/\/www.ub.edu\/ossma\/actualitat-medi-ambient\/conama-2024-en-marxa\">\r\n\t\t\t\t\t<img decoding=\"async\" src=\"https:\/\/www.ub.edu\/ossma\/wp-content\/uploads\/2024\/12\/conama2024-banner1270x300-750x177.png\" title=\"conama2024-banner1270x300\" alt=\"Cap\u00e7alera CONAMA 2024\" \/>\t\t\t\t<\/a>\r\n\t\t\t<\/div>\r\n\t\t\t\t<div class=\"wb_ps_content\">\r\n\r\n\t\t\t<div class=\"wb_ps_title\">\r\n\t\t\t\t<h2 ><a href=\"https:\/\/www.ub.edu\/ossma\/actualitat-medi-ambient\/conama-2024-en-marxa\">CONAMA 2024 ja est\u00e0 en marxa amb participaci\u00f3 d&#8217;experts de la UB<\/a><\/h2>\r\n\t\t\t<\/div>\r\n\r\n\t\t\t<div class=\"wb_ps_description\">\r\n\r\n\t\t\t\t<div class=\"wb_ps_text\"><p>Del 2 al 5 de desembre s'est\u00e0 celebrant CONAMA 2024, que compta amb la participaci\u00f3 de 17 experts de la UB com a col\u00b7laboradors t\u00e8cnics.<\/p>\n<\/div>\r\n\r\n\t\t\t\t\t\t\t<div class=\"wb_ps_readmore\">\r\n\t\t\t\t\t<a class=\"wb_ps_readmore_link\" href=\"https:\/\/www.ub.edu\/ossma\/actualitat-medi-ambient\/conama-2024-en-marxa\">M\u00e9s informaci\u00f3<\/a>\r\n\t\t\t\t<\/div>\r\n\t\t\t\r\n\t\t\t<\/div>\r\n\t\t\r\n\t\t<\/div>\r\n\t<\/div>\r\n<\/div><div class=\"wb_ps_item\">\r\n\t<div class=\"wb_ps_single_item\">\r\n\t\t\t\t\t<div class=\"wb_ps_thumbnail\">\r\n\t\t\t\t<a href=\"https:\/\/www.ub.edu\/ossma\/actualitat-medi-ambient\/reconeixement-sostenibilitat-crue-2024\">\r\n\t\t\t\t\t<img decoding=\"async\" src=\"https:\/\/www.ub.edu\/ossma\/wp-content\/uploads\/2024\/02\/capcalera-mediambient-altres-750x177.jpg\" title=\"cap\u00e7alera-mediambient-altres\" alt=\"cap\u00e7alera-mediambient-altres\" \/>\t\t\t\t<\/a>\r\n\t\t\t<\/div>\r\n\t\t\t\t<div class=\"wb_ps_content\">\r\n\r\n\t\t\t<div class=\"wb_ps_title\">\r\n\t\t\t\t<h2 ><a href=\"https:\/\/www.ub.edu\/ossma\/actualitat-medi-ambient\/reconeixement-sostenibilitat-crue-2024\">La Universitat de Barcelona obt\u00e9 per segon any el reconeixement global de sostenibilitat de Crue-Sostenibilidad<\/a><\/h2>\r\n\t\t\t<\/div>\r\n\r\n\t\t\t<div class=\"wb_ps_description\">\r\n\r\n\t\t\t\t<div class=\"wb_ps_text\"><p>La UB ha obtingut una puntuaci\u00f3 global entre 70 i 80 %, que equival al nivell  2 estrelles. I a m\u00e9s, tamb\u00e9 ha obtingut quatre reconeixements espec\u00edfics en els \u00e0mbits de Pol\u00edtica de Sostenibilitat, Doc\u00e8ncia, Investigaci\u00f3 i Aigua.<\/p>\n<\/div>\r\n\r\n\t\t\t\t\t\t\t<div class=\"wb_ps_readmore\">\r\n\t\t\t\t\t<a class=\"wb_ps_readmore_link\" href=\"https:\/\/www.ub.edu\/ossma\/actualitat-medi-ambient\/reconeixement-sostenibilitat-crue-2024\">M\u00e9s informaci\u00f3<\/a>\r\n\t\t\t\t<\/div>\r\n\t\t\t\r\n\t\t\t<\/div>\r\n\t\t\r\n\t\t<\/div>\r\n\t<\/div>\r\n<\/div><div class=\"wb_ps_item\">\r\n\t<div class=\"wb_ps_single_item\">\r\n\t\t\t\t\t<div class=\"wb_ps_thumbnail\">\r\n\t\t\t\t<a href=\"https:\/\/www.ub.edu\/ossma\/actualitat-medi-ambient\/signatura-compromis-ciutada-barcelona-sostenible\">\r\n\t\t\t\t\t<img decoding=\"async\" src=\"https:\/\/www.ub.edu\/ossma\/wp-content\/uploads\/2022\/11\/1270x300-bs-300x71.png\" title=\"\" alt=\"Cap\u00e7alera Barcelona+Sostenible\" \/>\t\t\t\t<\/a>\r\n\t\t\t<\/div>\r\n\t\t\t\t<div class=\"wb_ps_content\">\r\n\r\n\t\t\t<div class=\"wb_ps_title\">\r\n\t\t\t\t<h2 ><a href=\"https:\/\/www.ub.edu\/ossma\/actualitat-medi-ambient\/signatura-compromis-ciutada-barcelona-sostenible\">La UB se suma al nou Comprom\u00eds ciutad\u00e0 per una Barcelona + Sostenible<\/a><\/h2>\r\n\t\t\t<\/div>\r\n\r\n\t\t\t<div class=\"wb_ps_description\">\r\n\r\n\t\t\t\t<div class=\"wb_ps_text\"><p>La Universitat de Barcelona ha participat en l'acte de signatura en representaci\u00f3 del sector d'universitats.<\/p>\n<\/div>\r\n\r\n\t\t\t\t\t\t\t<div class=\"wb_ps_readmore\">\r\n\t\t\t\t\t<a class=\"wb_ps_readmore_link\" href=\"https:\/\/www.ub.edu\/ossma\/actualitat-medi-ambient\/signatura-compromis-ciutada-barcelona-sostenible\">M\u00e9s informaci\u00f3<\/a>\r\n\t\t\t\t<\/div>\r\n\t\t\t\r\n\t\t\t<\/div>\r\n\t\t\r\n\t\t<\/div>\r\n\t<\/div>\r\n<\/div><div class=\"wb_ps_item\">\r\n\t<div class=\"wb_ps_single_item\">\r\n\t\t\t\t\t<div class=\"wb_ps_thumbnail\">\r\n\t\t\t\t<a href=\"https:\/\/www.ub.edu\/ossma\/actualitat-medi-ambient\/proposta-de-comunicacions-tecniques-a-conama-fins-al-2-dagost\">\r\n\t\t\t\t\t<img decoding=\"async\" src=\"https:\/\/www.ub.edu\/ossma\/wp-content\/uploads\/2024\/12\/conama2024-banner1270x300-750x177.png\" title=\"conama2024-banner1270x300\" alt=\"Cap\u00e7alera CONAMA 2024\" \/>\t\t\t\t<\/a>\r\n\t\t\t<\/div>\r\n\t\t\t\t<div class=\"wb_ps_content\">\r\n\r\n\t\t\t<div class=\"wb_ps_title\">\r\n\t\t\t\t<h2 ><a href=\"https:\/\/www.ub.edu\/ossma\/actualitat-medi-ambient\/proposta-de-comunicacions-tecniques-a-conama-fins-al-2-dagost\">Proposta de comunicacions t\u00e8cniques a CONAMA fins al 2 d&#8217;agost<\/a><\/h2>\r\n\t\t\t<\/div>\r\n\r\n\t\t\t<div class=\"wb_ps_description\">\r\n\r\n\t\t\t\t<div class=\"wb_ps_text\"><p>Els resums es poden enviar tant per a comunicacions en format escrit com per participar en l'exhibici\u00f3 de panells.<\/p>\n<\/div>\r\n\r\n\t\t\t\t\t\t\t<div class=\"wb_ps_readmore\">\r\n\t\t\t\t\t<a class=\"wb_ps_readmore_link\" href=\"https:\/\/www.ub.edu\/ossma\/actualitat-medi-ambient\/proposta-de-comunicacions-tecniques-a-conama-fins-al-2-dagost\">M\u00e9s informaci\u00f3<\/a>\r\n\t\t\t\t<\/div>\r\n\t\t\t\r\n\t\t\t<\/div>\r\n\t\t\r\n\t\t<\/div>\r\n\t<\/div>\r\n<\/div><div class=\"wb_ps_item\">\r\n\t<div class=\"wb_ps_single_item\">\r\n\t\t\t\t\t<div class=\"wb_ps_thumbnail\">\r\n\t\t\t\t<a href=\"https:\/\/www.ub.edu\/ossma\/actualitat-general\/participacio-crue-prevencio-202406\">\r\n\t\t\t\t\t<img decoding=\"async\" src=\"https:\/\/www.ub.edu\/ossma\/wp-content\/uploads\/2024\/06\/1270x300-crue-grupo-prevencion-750x177.png\" title=\"1270&#215;300-crue-grupo-prevencion\" alt=\"Cap\u00e7alera del grup de treball de prevenci\u00f3 de la CRUE\" \/>\t\t\t\t<\/a>\r\n\t\t\t<\/div>\r\n\t\t\t\t<div class=\"wb_ps_content\">\r\n\r\n\t\t\t<div class=\"wb_ps_title\">\r\n\t\t\t\t<h2 ><a href=\"https:\/\/www.ub.edu\/ossma\/actualitat-general\/participacio-crue-prevencio-202406\">Participaci\u00f3 de l&#8217;OSSMA a les jornades del Grup de treball de prevenci\u00f3 de la CRUE<\/a><\/h2>\r\n\t\t\t<\/div>\r\n\r\n\t\t\t<div class=\"wb_ps_description\">\r\n\r\n\t\t\t\t<div class=\"wb_ps_text\"><p>L'OSSMA va presentar dues experi\u00e8ncies a les sessions de recerca i de coordinaci\u00f3 d'activitat preventiva.<\/p>\n<\/div>\r\n\r\n\t\t\t\t\t\t\t<div class=\"wb_ps_readmore\">\r\n\t\t\t\t\t<a class=\"wb_ps_readmore_link\" href=\"https:\/\/www.ub.edu\/ossma\/actualitat-general\/participacio-crue-prevencio-202406\">M\u00e9s informaci\u00f3<\/a>\r\n\t\t\t\t<\/div>\r\n\t\t\t\r\n\t\t\t<\/div>\r\n\t\t\r\n\t\t<\/div>\r\n\t<\/div>\r\n<\/div><\/div>\t\t\t\t<div class=\"wbel-arrow wb-arrow-prev\">\r\n\t\t\t\t\t<i class=\"fa fa-angle-left\"><\/i>\r\n\t\t\t\t<\/div>\r\n\t\t\t\t<div class=\"wbel-arrow wb-arrow-next\">\r\n\t\t\t\t\t<i class=\"fa fa-angle-right\"><\/i>\r\n\t\t\t\t<\/div>\r\n\t\t\t\t\t\t\t<\/div>\n\t\t\t\t<\/div>\n\t\t\t\t<div class=\"elementor-element elementor-element-87ca3af elementor-align-right elementor-widget elementor-widget-button\" data-id=\"87ca3af\" data-element_type=\"widget\" data-e-type=\"widget\" data-widget_type=\"button.default\">\n\t\t\t\t<div class=\"elementor-widget-container\">\n\t\t\t\t\t\t\t\t\t<div class=\"elementor-button-wrapper\">\n\t\t\t\t\t<a class=\"elementor-button elementor-button-link elementor-size-sm\" href=\"https:\/\/www.ub.edu\/ossma\/tag\/ods17\/\">\n\t\t\t\t\t\t<span class=\"elementor-button-content-wrapper\">\n\t\t\t\t\t\t\t\t\t<span class=\"elementor-button-text\">Totes les activitats relacionades<\/span>\n\t\t\t\t\t<\/span>\n\t\t\t\t\t<\/a>\n\t\t\t\t<\/div>\n\t\t\t\t\t\t\t\t<\/div>\n\t\t\t\t<\/div>\n\t\t\t\t\t<\/div>\n\t\t<\/div>\n\t\t\t\t\t<\/div>\n\t\t<\/section>\n\t\t\t\t<\/div>\n\t\t","protected":false},"excerpt":{"rendered":"<p>L&#8217;Oficina de Seguretat, Salut i Medi Ambient (OSSMA) va participar els dies 5 i 6 de juny a les jornades del Grup de treball de prevenci\u00f3 del Seminari CRUE-Gerencia, celebrat a la Universitat d&#8217;Alacant. En aquest esdeveniment, es van presentar dues experi\u00e8ncies implantades a la UB:<\/p>\n","protected":false},"author":1,"featured_media":23752,"parent":5743,"menu_order":0,"comment_status":"closed","ping_status":"closed","template":"","meta":{"advgb_blocks_editor_width":"","advgb_blocks_columns_visual_guide":"","footnotes":""},"class_list":["post-6987","page","type-page","status-publish","has-post-thumbnail","hentry"],"coauthors":[],"author_meta":{"author_link":"https:\/\/www.ub.edu\/ossma\/author\/ossmau1","display_name":"OSSMA"},"relative_dates":{"created":"Posted 7 anys ago","modified":"Updated 3 anys ago"},"absolute_dates":{"created":"Posted on 13\/05\/2019","modified":"Updated on 01\/02\/2023"},"absolute_dates_time":{"created":"Posted on 13\/05\/2019 10:58","modified":"Updated on 01\/02\/2023 8:50"},"featured_img_caption":"","featured_img":"https:\/\/www.ub.edu\/ossma\/wp-content\/uploads\/2021\/03\/ossma-ub.jpg","series_order":"","_links":{"self":[{"href":"https:\/\/www.ub.edu\/ossma\/wp-json\/wp\/v2\/pages\/6987","targetHints":{"allow":["GET"]}}],"collection":[{"href":"https:\/\/www.ub.edu\/ossma\/wp-json\/wp\/v2\/pages"}],"about":[{"href":"https:\/\/www.ub.edu\/ossma\/wp-json\/wp\/v2\/types\/page"}],"author":[{"embeddable":true,"href":"https:\/\/www.ub.edu\/ossma\/wp-json\/wp\/v2\/users\/1"}],"replies":[{"embeddable":true,"href":"https:\/\/www.ub.edu\/ossma\/wp-json\/wp\/v2\/comments?post=6987"}],"version-history":[{"count":19,"href":"https:\/\/www.ub.edu\/ossma\/wp-json\/wp\/v2\/pages\/6987\/revisions"}],"predecessor-version":[{"id":44317,"href":"https:\/\/www.ub.edu\/ossma\/wp-json\/wp\/v2\/pages\/6987\/revisions\/44317"}],"up":[{"embeddable":true,"href":"https:\/\/www.ub.edu\/ossma\/wp-json\/wp\/v2\/pages\/5743"}],"wp:featuredmedia":[{"embeddable":true,"href":"https:\/\/www.ub.edu\/ossma\/wp-json\/wp\/v2\/media\/23752"}],"wp:attachment":[{"href":"https:\/\/www.ub.edu\/ossma\/wp-json\/wp\/v2\/media?parent=6987"}],"curies":[{"name":"wp","href":"https:\/\/api.w.org\/{rel}","templated":true}]}}