{"id":49,"date":"2022-02-25T12:43:11","date_gmt":"2022-02-25T12:43:11","guid":{"rendered":"https:\/\/www.ub.edu\/pde\/CAPA\/?page_id=49"},"modified":"2022-03-03T10:52:06","modified_gmt":"2022-03-03T10:52:06","slug":"home","status":"publish","type":"page","link":"https:\/\/www.ub.edu\/pde\/CAPA\/","title":{"rendered":""},"content":{"rendered":"\n<p id=\"block-1b3f9f7c-7303-4a5a-b0ef-4e87cdbb7823\"><br>This project has received funding from the <strong>European Research Council (ERC) <\/strong>under the European Union\u2019s Horizon 2020 research and innovation programme in the panel <strong>ERC Starting grant under grant agreement <a href=\"https:\/\/cordis.europa.eu\/project\/id\/852741\">No 852741<\/a>.<\/strong><\/p>\n\n\n\n<p id=\"block-83b2291d-c889-473a-8d85-f4f96b61ba7f\">The ERC\u2019s mission is to encourage the highest quality research in Europe through competitive funding and to support investigator-driven frontier research across all fields, on the basis of scientific excellence. ERC grants are awarded through open competition to projects headed by starting and established researchers, irrespective of their origins, who are working or moving to work in Europe. The sole criterion for selection is scientific excellence.<\/p>\n\n\n\n<p id=\"block-43123301-51ff-4941-b547-1fa4bde37846\">ERC has the aim to recognise the best ideas, and confer status and visibility on the best brains in Europe, while also attracting talent from abroad. In the long term ERC looks to substantially strengthen and shape the European research<br>system.<\/p>\n\n\n\n<p id=\"block-db7ee049-709f-42cc-8763-9fba36dbd5b5\">In the long term ERC looks to substantially strengthen and shape the European research system.<\/p>\n\n\n\n<p id=\"block-72f5351d-03d1-4355-8e4e-d8acf178f06e\">For more information, please visit the <a href=\"https:\/\/erc.europa.eu\/\">ERC\u2019s&nbsp;website<\/a>.<\/p>\n\n\n\n<p id=\"block-a7126d27-e6f9-42fe-bf7b-7454cd10e381\"><strong>&#8220;CAPA&#8221; team members<\/strong><\/p>\n\n\n\n<figure class=\"wp-block-image size-large\" id=\"block-655928c2-171d-4ef7-874c-dd0a3d595da7\"><img loading=\"lazy\" decoding=\"async\" width=\"1024\" height=\"702\" src=\"https:\/\/www.ub.edu\/pde\/CAPA\/wp-content\/uploads\/2022\/02\/GROUP-PHOTO-CAPA_1-1024x702.jpg\" alt=\"CAPA team members\" class=\"wp-image-35\" srcset=\"https:\/\/www.ub.edu\/pde\/CAPA\/wp-content\/uploads\/2022\/02\/GROUP-PHOTO-CAPA_1-1024x702.jpg 1024w, https:\/\/www.ub.edu\/pde\/CAPA\/wp-content\/uploads\/2022\/02\/GROUP-PHOTO-CAPA_1-300x206.jpg 300w, https:\/\/www.ub.edu\/pde\/CAPA\/wp-content\/uploads\/2022\/02\/GROUP-PHOTO-CAPA_1-768x527.jpg 768w, https:\/\/www.ub.edu\/pde\/CAPA\/wp-content\/uploads\/2022\/02\/GROUP-PHOTO-CAPA_1-1536x1053.jpg 1536w, https:\/\/www.ub.edu\/pde\/CAPA\/wp-content\/uploads\/2022\/02\/GROUP-PHOTO-CAPA_1-2048x1404.jpg 2048w\" sizes=\"auto, (max-width: 1024px) 100vw, 1024px\" \/><\/figure>\n\n\n\n<p id=\"block-f1520a0c-bdfe-4be0-b867-dbad9bf9e361\"><em>From left to right: <\/em>Eduardo Garc\u00eda-Ju\u00e1rez (postdoc Universitat de Barcelona (UB) 2020-2021), Claudia Garc\u00eda (postdoc UB),<em> <\/em><strong>Prof. Javier G\u00f3mez Serrano (Principal Investigator of the ERC Starting Grant &#8220;CAPA&#8221;)<\/strong>, predoc Joel Dahne (Uppsala University), Jaemin Park (postdoc UB) and predoc Jia Shi (Princeton University).<em> photo taken: December 2021<\/em><\/p>\n\n\n\n<hr class=\"wp-block-separator\" id=\"block-e3005b35-404f-4efc-838a-132879d4663e\"\/>\n\n\n\n<h1 class=\"wp-block-heading\" id=\"block-d92b442c-21c7-4454-8bbc-6df4bbd06617\"><strong>About<\/strong><\/h1>\n\n\n\n<p id=\"block-f7656221-4da3-4d0f-998b-7237f561fed4\">The EU-funded CAPA project will undertake interdisciplinary research to address the open and practical problems singularities cause in incompressible fluids. Researchers will use numerical analysis, computer-assisted proofs and modern methods to compute partial differential equation solutions and carry out harmonic analysis. This approach is essential for treating singularities in incompressible Euler equations and surface quasi-geostrophic equations, as well as in spectral geometry applications. &#8220;CAPA&#8217;s&#8221; findings could lead to the development of very powerful theorems describing incompressible fluids and may solve problems that cannot be addressed currently through conventional methods.<\/p>\n\n\n\n<p id=\"block-751f7f10-a494-4f64-9892-7cb99e507417\">The goal of this proposal is twofold: on the one hand to pursue methods and ideas developed in recent work in the search for either singularities or global existence in incompressible fluids with finite energy and on the other transfer the techniques to solve long-standing open problems in spectral geometry. A key ingredient in its success is to have accurate numerics together with a deep understanding of the regularity theory. Therefore, the interdisciplinary nature of this project, which involves numerical computations, computer-assisted proofs, modern PDE methods and harmonic analysis, is an essential ingredient for the successful outcome.<\/p>\n\n\n\n<p id=\"block-37ebb8d8-0bdc-42d0-bce7-bc0a2892618e\">This proposal is divided in three blocks, the first two involving global existence and\/or singularities for: the incompressible Euler and Navier-Stokes equations; the surface quasi-geostrophic (SQG), the generalized-SQG equations and related models; and a third one on applications to spectral geometry. There is a strong analogy between the SQG and the 3D Euler equations, and many results that hold for the former also hold for the latter.<\/p>\n\n\n\n<p id=\"block-97868f34-6ddf-4867-beb9-19476fddc7a7\">A major theme is the interplay between rigorous computer calculations and traditional mathematics. Interval arithmetics are used as part of a proof whenever they are needed. As evidence of its capabilities, new techniques to show singularities in PDE related to fluid mechanics \u2013 even in low regularity settings or involving singular integrals \u2013 have been developed. Eigenvalue problems are also now amenable to computer-assisted proofs. This is a completely novel approach that can be blended with more classical ones, resulting in very powerful theorems solving problems that can not be treated currently with pen and paper methods.<\/p>\n\n\n\n<hr class=\"wp-block-separator\" id=\"block-fb97ed0d-185d-4872-8feb-adb72e2d40d9\"\/>\n\n\n\n<h1 class=\"wp-block-heading\" id=\"block-ea78980f-29bd-414b-b00d-3a03cf991221\"><strong>Home Institution<\/strong><\/h1>\n\n\n\n<p id=\"block-2b8c275e-8605-45f7-ad64-edc04081c4b8\">The&nbsp;<a href=\"https:\/\/www.ub.edu\/web\/portal\/en\/the-ub\/the-university\/history\/\">University of Barcelona<\/a>&nbsp;(UB), established in 1450, is one of the top universities in Southern Europe, and it ranks first among Spanish universities according to the QS World University Rankings and the Shanghai Ranking. It has become a European benchmark for research activity, both in terms of the number of research programmes that&nbsp;it conducts and the excellent results achieved.<\/p>\n\n\n\n<p id=\"block-4c5d579c-208a-4118-9e92-98c8ffa72891\">The&nbsp;<a href=\"http:\/\/www.ub.edu\/dept_matinfo\/en\/inici\/\">Mathematics Department at UB<\/a>&nbsp;has a long tradition and it has been an important center of research in mathematics for decades. Many of their professors are members of the IMUB, an institute that was created to foster and support research in all areas of Mathematics in 2000. The IMUB hosts conferences, workshops, seminars and advanced courses, and promotes interdisciplinary collaboration.&nbsp;In addition, the department is part of the Barcelona Graduate School of Mathematics (BGSMath), a collaborative initiative of mathematical research groups in Barcelona which was awarded a \u201cUnit of Excellence Maria de Maeztu\u201d distinction by the Spanish Government in 2015.<\/p>\n\n\n\n<hr class=\"wp-block-separator\" id=\"block-20033b39-e6d4-4ad1-89e6-759ee59d0195\"\/>\n\n\n\n<h2 class=\"wp-block-heading\" id=\"block-c494df58-5bc7-4cb1-9661-42ee4f2c89dc\">Javier G\u00f3mez-Serrano<\/h2>\n\n\n\n<div class=\"wp-block-columns is-layout-flex wp-container-core-columns-is-layout-9d6595d7 wp-block-columns-is-layout-flex\">\n<div class=\"wp-block-column is-layout-flow wp-block-column-is-layout-flow\" style=\"flex-basis:33.33%\">\n<figure class=\"wp-block-image size-full is-resized is-style-rounded\"><img loading=\"lazy\" decoding=\"async\" src=\"https:\/\/www.ub.edu\/pde\/CAPA\/wp-content\/uploads\/2022\/02\/Javier_profile-Black-and-white.jpg\" alt=\"\" class=\"wp-image-37\" width=\"268\" height=\"297\" srcset=\"https:\/\/www.ub.edu\/pde\/CAPA\/wp-content\/uploads\/2022\/02\/Javier_profile-Black-and-white.jpg 783w, https:\/\/www.ub.edu\/pde\/CAPA\/wp-content\/uploads\/2022\/02\/Javier_profile-Black-and-white-271x300.jpg 271w, https:\/\/www.ub.edu\/pde\/CAPA\/wp-content\/uploads\/2022\/02\/Javier_profile-Black-and-white-768x851.jpg 768w\" sizes=\"auto, (max-width: 268px) 100vw, 268px\" \/><figcaption>Javier G\u00f3mez-Serrano<\/figcaption><\/figure>\n<\/div>\n\n\n\n<div class=\"wp-block-column is-layout-flow wp-block-column-is-layout-flow\" style=\"flex-basis:66.66%\">\n<p>Prof. G\u00f3mez-Serrano holds a double appointment between University of Barcelona (as Investigador Distinguido) and Brown University (as Visiting Professor) since 2020. Before that, he was at Princeton University: first as Instructor (2013-2016) and later promoted to Assistant Professor and appointed Director of Graduate Studies (2016-2020).<\/p>\n\n\n\n<p>His research interests are analysis, spectral geometry, partial differential equations (PDE) arising in fluid mechanics, and computer-assisted proofs applied to those equations. A fundamental role in his research has come from having accurate numerics together with a deep understanding of the regularity theory. He has been especially successful in the interplay between rigorous computer calculations and traditional mathematics, leading to computer-assisted proofs in PDE. Lately, he has also been investigating research directions connected to machine learning.<\/p>\n\n\n\n<p>His research has been published in journals such as the Annals of Mathematics, Proceedings of the National Academy of Sciences and Duke Mathematical Journal and has been sponsored by agencies such as the US National Science Foundation and the Simons Foundation. He has recently been awarded an <a href=\"https:\/\/cordis.europa.eu\/project\/id\/852741\" data-type=\"URL\" data-id=\"https:\/\/cordis.europa.eu\/project\/id\/852741\">ERC Starting Grant (ERC-StG-852741-CAPA)<\/a> and an NSF CAREER Grant.<\/p>\n\n\n\n<p>He has been honoured with the \u201cAntonio Valle\u201d Prize, the \u201cVicent Caselles\u201d Prize (best young Spanish applied mathematician and best young Spanish mathematician), and the Princeton Junior Faculty Teaching award.<\/p>\n\n\n\n<p>For further information on Javier\u2019s previous publications and research career, please refer to his<a href=\"https:\/\/web.math.princeton.edu\/~jg27\/\"> personal website.<\/a><\/p>\n<\/div>\n<\/div>\n","protected":false},"excerpt":{"rendered":"<div class=\"entry-summary\">\nThis project has received funding from the European Research Council (ERC) under the European Union\u2019s Horizon 2020 research and innovation&hellip;\n<\/div>\n<div class=\"link-more\"><a href=\"https:\/\/www.ub.edu\/pde\/CAPA\/\" class=\"more-link\">Continue reading&hellip;<\/a><\/div>\n","protected":false},"author":1,"featured_media":0,"parent":0,"menu_order":0,"comment_status":"closed","ping_status":"closed","template":"","meta":{"footnotes":""},"class_list":["post-49","page","type-page","status-publish","hentry","entry"],"acf":[],"_links":{"self":[{"href":"https:\/\/www.ub.edu\/pde\/CAPA\/wp-json\/wp\/v2\/pages\/49","targetHints":{"allow":["GET"]}}],"collection":[{"href":"https:\/\/www.ub.edu\/pde\/CAPA\/wp-json\/wp\/v2\/pages"}],"about":[{"href":"https:\/\/www.ub.edu\/pde\/CAPA\/wp-json\/wp\/v2\/types\/page"}],"author":[{"embeddable":true,"href":"https:\/\/www.ub.edu\/pde\/CAPA\/wp-json\/wp\/v2\/users\/1"}],"replies":[{"embeddable":true,"href":"https:\/\/www.ub.edu\/pde\/CAPA\/wp-json\/wp\/v2\/comments?post=49"}],"version-history":[{"count":3,"href":"https:\/\/www.ub.edu\/pde\/CAPA\/wp-json\/wp\/v2\/pages\/49\/revisions"}],"predecessor-version":[{"id":94,"href":"https:\/\/www.ub.edu\/pde\/CAPA\/wp-json\/wp\/v2\/pages\/49\/revisions\/94"}],"wp:attachment":[{"href":"https:\/\/www.ub.edu\/pde\/CAPA\/wp-json\/wp\/v2\/media?parent=49"}],"curies":[{"name":"wp","href":"https:\/\/api.w.org\/{rel}","templated":true}]}}