{"id":51,"date":"2021-06-30T19:47:30","date_gmt":"2021-06-30T19:47:30","guid":{"rendered":"https:\/\/www.ub.edu\/pde\/EllipticPDE\/?page_id=51"},"modified":"2022-06-08T07:39:56","modified_gmt":"2022-06-08T07:39:56","slug":"press-releases","status":"publish","type":"page","link":"https:\/\/www.ub.edu\/pde\/EllipticPDE\/press-releases\/","title":{"rendered":"Press releases"},"content":{"rendered":"\n<p>Prof. Xavier Ros-Oton was invited by the Universdidad Europea in being part of the &#8220;Busca Vocaciones&#8221; project. His presentation <strong><a rel=\"noreferrer noopener\" href=\"https:\/\/buscandovocaciones.universidadeuropea.com\/video\/las-matematicas-mueven-el-mundo\/\" target=\"_blank\">\u201cLas Matem\u00e1ticas son m\u00fasica: de unos s\u00edmbolos puede surgir una sinfon\u00eda<\/a>\u201d<\/strong> can be found on the projects` webpage and on the <a href=\"https:\/\/www.youtube.com\/watch?v=6sn5EvjW38U&amp;t=58s\">YouTube channel <\/a>of the project<\/p>\n\n\n\n<figure class=\"wp-block-embed is-type-video is-provider-youtube wp-block-embed-youtube wp-embed-aspect-16-9 wp-has-aspect-ratio\"><div class=\"wp-block-embed__wrapper\">\n<iframe loading=\"lazy\" title=\"\u201cLas Matem\u00e1ticas son m\u00fasica: de unos s\u00edmbolos puede surgir una sinfon\u00eda\u201d,Xavier Ros-Oton, matem\u00e1tico\" width=\"525\" height=\"295\" src=\"https:\/\/www.youtube.com\/embed\/6sn5EvjW38U?start=58&#038;feature=oembed\" frameborder=\"0\" allow=\"accelerometer; autoplay; clipboard-write; encrypted-media; gyroscope; picture-in-picture; web-share\" referrerpolicy=\"strict-origin-when-cross-origin\" allowfullscreen><\/iframe>\n<\/div><\/figure>\n\n\n\n<hr class=\"wp-block-separator has-alpha-channel-opacity\"\/>\n\n\n\n<p class=\"has-text-align-left\">Spanish national daily newspaper &#8220;ABC&#8221; has interviewed prof. Xavier Ros-Oton and included him as one of the current most influential young people achieving visible impact, 13th of December 2021. <a href=\"https:\/\/www.abc.es\/xlsemanal\/a-fondo\/jovenes-emprendedores-investigadores-premios-princesa-de-girona.html\" data-type=\"URL\" data-id=\"https:\/\/www.abc.es\/xlsemanal\/a-fondo\/jovenes-emprendedores-investigadores-premios-princesa-de-girona.html\">https:\/\/www.abc.es\/xlsemanal\/a-fondo\/jovenes-emprendedores-investigadores-premios-princesa-de-girona.html<\/a><\/p>\n\n\n\n<hr class=\"wp-block-separator has-alpha-channel-opacity\"\/>\n\n\n\n<p class=\"has-text-align-left\"> Prof. Xavier Ros Oton will give a inaugural lesson <strong>&#8220;Les equacions que mouen el m\u00f3n&#8221;<\/strong> at the opening ceremony of the academic year 2021-2022 at the Faculty of Mathematics and Computer Science of the University of Barcelona.  This event was streamed live 13th of October 2021. <a rel=\"noreferrer noopener\" href=\"https:\/\/www.ub.edu\/ubtv\/video\/acte-inauguracio-matematiques-2021\" target=\"_blank\">https:\/\/www.ub.edu\/ubtv\/video\/acte-inauguracio-matematiques-2021<\/a> <\/p>\n\n\n\n<hr class=\"wp-block-separator has-alpha-channel-opacity\"\/>\n\n\n\n<p>Interview with prof. Ros Oton: <a href=\"https:\/\/www.quantamagazine.org\/mathematicians-prove-melting-ice-stays-smooth-20211006\/\" target=\"_blank\" rel=\"noreferrer noopener\"><strong>&#8220;Mathematicians Prove Melting Ice Stays Smooth&#8221;<\/strong><\/a> in <strong>Quanta magazine <\/strong><\/p>\n\n\n\n<hr class=\"wp-block-separator has-alpha-channel-opacity\"\/>\n\n\n<p>\u00a0<\/p>\n<p>Interview with prof. Xavier Ros Oton in the radio programe &#8220;Isl\u00e0ndia&#8221;(R\u00e0dio Associaci\u00f3 de Catalunya 1- RAC1) (03\/09\/2021): <a href=\"https:\/\/www.ub.edu\/pde\/EllipticPDE\/wp-content\/uploads\/2021\/09\/2021-09-03-islandia-19h_Xavier.mp3\">https:\/\/www.ub.edu\/pde\/EllipticPDE\/wp-content\/uploads\/2021\/09\/2021-09-03-islandia-19h_Xavier.mp3<\/a><\/p>\n<p>\u00a0<\/p>\n\n\n<hr class=\"wp-block-separator has-alpha-channel-opacity\"\/>\n\n\n\n<p>Interview with prof. Xavier-Ros-Oton for the radio station &#8220;SER Catalunya&#8221; (24-08-2021): <a href=\"https:\/\/play.cadenaser.com\/audio\/1629796013_793785\/\" data-type=\"URL\" data-id=\"https:\/\/play.cadenaser.com\/audio\/1629796013_793785\/\">https:\/\/play.cadenaser.com\/audio\/1629796013_793785<\/a><\/p>\n\n\n\n<hr class=\"wp-block-separator has-alpha-channel-opacity\"\/>\n\n\n\n<p>Interview with prof. Xavier Ros-Oton in the newspapers &#8220;La Vanguardia&#8221; (15-08-2021): <a href=\"https:\/\/www.lavanguardia.com\/vida\/20210815\/7663981\/matematico-internacional-mas-citado-edad.html\" data-type=\"URL\" data-id=\"https:\/\/www.lavanguardia.com\/vida\/20210815\/7663981\/matematico-internacional-mas-citado-edad.html\">https:\/\/www.lavanguardia.com\/vida\/20210815\/7663981\/matematico-internacional-mas-citado-edad.html<\/a><\/p>\n\n\n\n<hr class=\"wp-block-separator has-alpha-channel-opacity\"\/>\n\n\n\n<p>Interview with prof. Xavier Ros-Oton in the radio program &#8220;Pares Y Nones&#8221; (Onda Cero, 26\/07\/2021):<\/p>\n\n\n\n<figure class=\"wp-block-audio\"><audio controls src=\"https:\/\/www.ub.edu\/pde\/EllipticPDE\/wp-content\/uploads\/2021\/08\/ONDA-CERO-Xavier-compressed.mp3\"><\/audio><\/figure>\n\n\n\n<hr class=\"wp-block-separator has-alpha-channel-opacity\"\/>\n\n\n\n<ul class=\"wp-block-list\"><li>Prof. Xavier Ros-Oton receives the Medaglia d\u2019Oro Guido Stampacchia:<\/li><\/ul>\n\n\n\n<p><a href=\"https:\/\/umi.dm.unibo.it\/2021\/06\/30\/xavier-ros-oton-vince-la-medaglia-doro-guido-stampacchia\/\">https:\/\/umi.dm.unibo.it\/2021\/06\/30\/xavier-ros-oton-vince-la-medaglia-doro-guido-stampacchia\/<\/a><br><a href=\"https:\/\/www.eldiario.es\/tecnologia\/matematico-xavier-ros-primer-espanol-ganar-medalla-stampacchia_1_8139289.html\">https:\/\/www.eldiario.es\/tecnologia\/matematico-xavier-ros-primer-espanol-ganar-medalla-stampacchia_1_8139289.html<\/a><br><a href=\"https:\/\/beteve.cat\/ciencia-i-tecnologia\/xavier-ros-premi-medalla-or-guido-stampacchia-matematiques\/\">https:\/\/beteve.cat\/ciencia-i-tecnologia\/xavier-ros-premi-medalla-or-guido-stampacchia-matematiques\/<\/a><br><a href=\"https:\/\/www.ub.edu\/web\/ub\/ca\/menu_eines\/noticies\/2021\/07\/024.html\">https:\/\/www.ub.edu\/web\/ub\/ca\/menu_eines\/noticies\/2021\/07\/024.html<\/a><\/p>\n\n\n\n<hr class=\"wp-block-separator has-alpha-channel-opacity\"\/>\n\n\n\n<ul class=\"wp-block-list\"><li>Online article of prof. Xavier Ros-Oton &#8220;Matem\u00e0tica, ci\u00e8ncia i pol\u00edtica&#8221; in \u201cPensem\u201d, February 2020<br><a href=\"https:\/\/www.pensem.cat\/noticia\/80\/matematica\/ciencia\/politica\">https:\/\/www.pensem.cat\/noticia\/80\/matematica\/ciencia\/politica<\/a><\/li><\/ul>\n\n\n\n<hr class=\"wp-block-separator has-alpha-channel-opacity\"\/>\n\n\n\n<ul class=\"wp-block-list\"><li>Press releases related with the award of \u201cFundaci\u00f3n Princesa de Girona\u201d received in 2019<\/li><\/ul>\n\n\n\n<p><a href=\"https:\/\/en.fpdgi.org\/projects\/fpdgi-awards\/awards\/2019\/xavier-ros-oton-2019-fpdgi-scientific-research-award\/\">https:\/\/en.fpdgi.org\/projects\/fpdgi-awards\/awards\/2019\/xavier-ros-oton-2019-fpdgi-scientific-research-award\/<\/a><br><a href=\"https:\/\/cat.elpais.com\/cat\/2020\/01\/16\/cultura\/1579160830_021499.html\">https:\/\/cat.elpais.com\/cat\/2020\/01\/16\/cultura\/1579160830_021499.html<\/a><br><a href=\"https:\/\/www.ara.cat\/societat\/matematic-ros-oton-guanya-premi-investigacio_1_2684145.html\">https:\/\/www.ara.cat\/societat\/matematic-ros-oton-guanya-premi-investigacio_1_2684145.html<\/a><br><a href=\"https:\/\/www.lavanguardia.com\/vida\/20191104\/471380477911\/xavier-ros-oton-matematico-premio-princesa-de-girona-lazo-amarillo.html\">https:\/\/www.lavanguardia.com\/vida\/20191104\/471380477911\/xavier-ros-oton-matematico-premio-princesa-de-girona-lazo-amarillo.html<\/a><br><a href=\"https:\/\/www.eldiario.es\/catalunya\/xavier-ros-oton_128_1273631.htm\">https:\/\/www.eldiario.es\/catalunya\/xavier-ros-oton_128_1273631.htm<\/a><\/p>\n\n\n\n<hr class=\"wp-block-separator has-alpha-channel-opacity\"\/>\n\n\n\n<ul class=\"wp-block-list\"><li>Interview for the newspaper \u2018El Pa\u0131s\u2019, January 2020<br><a href=\"https:\/\/elpais.com\/ccaa\/2019\/11\/04\/catalunya\/1572907309_465638.html\">https:\/\/elpais.com\/ccaa\/2019\/11\/04\/catalunya\/1572907309_465638.html<\/a><\/li><\/ul>\n\n\n\n<hr class=\"wp-block-separator has-alpha-channel-opacity\"\/>\n\n\n\n<ul class=\"wp-block-list\"><li>Interview for the newspaper \u2018El Punt Avui\u2019, November 2019<br><a href=\"https:\/\/www.elpuntavui.cat\/politica\/article\/17-politica\/1690952-el-matematic-xavier-ros-oton-ha-recollit-el-seu-premi-amb-un-llac-groc-a-l-americana.html\">https:\/\/www.elpuntavui.cat\/politica\/article\/17-politica\/1690952-el-matematic-xavier-ros-oton-ha-recollit-el-seu-premi-amb-un-llac-groc-a-l-americana.html<\/a><\/li><\/ul>\n\n\n\n<hr class=\"wp-block-separator has-alpha-channel-opacity\"\/>\n\n\n\n<ul class=\"wp-block-list\"><li>Interview for the newspaper \u2018elDiario.es\u2019, November 2019<br><a href=\"https:\/\/www.eldiario.es\/catalunya\/xavier-ros-oton_128_1273631.html\">https:\/\/www.eldiario.es\/catalunya\/xavier-ros-oton_128_1273631.html<\/a><\/li><\/ul>\n\n\n\n<hr class=\"wp-block-separator has-alpha-channel-opacity\"\/>\n\n\n\n<ul class=\"wp-block-list\"><li>Interview for the newspaper \u2018El Periodico\u2019, October 2019<br><a href=\"https:\/\/www.elperiodico.com\/es\/ciencia\/20191102\/xavier-ros-oton-calcular-es-aburrido-lo-bonito-de-las-matematicas-es-razonar-7710314\">https:\/\/www.elperiodico.com\/es\/ciencia\/20191102\/xavier-ros-oton-calcular-es-aburrido-lo-bonito-de-las-matematicas-es-razonar-7710314<\/a><\/li><\/ul>\n\n\n\n<hr class=\"wp-block-separator has-alpha-channel-opacity\"\/>\n\n\n\n<ul class=\"wp-block-list\"><li>Video-Interview for \u2018SwissInfo\u2019 (August 2018)<br><a href=\"https:\/\/www.swissinfo.ch\/spa\/xavier-ros-oton_-las-ecuaciones-que-mueven-el-mundo-\/44303772\">https:\/\/www.swissinfo.ch\/spa\/xavier-ros-oton_-las-ecuaciones-que-mueven-el-mundo-\/44303772<\/a><\/li><\/ul>\n\n\n\n<hr class=\"wp-block-separator has-alpha-channel-opacity\"\/>\n\n\n\n<ul class=\"wp-block-list\"><li>Public lecture at the BBVA Foundation.<br>Title: \u2019Las ecuaciones que mueven el mundo\u2019 Madrid, April 2018<br><a href=\"https:\/\/www.fbbva.es\/noticias\/mejor-matematico-joven-espanol-habla-las-ecuaciones-mueven-mundo\/\">https:\/\/www.fbbva.es\/noticias\/mejor-matematico-joven-espanol-habla-las-ecuaciones-mueven-mundo\/<\/a><\/li><\/ul>\n\n\n\n<hr class=\"wp-block-separator has-alpha-channel-opacity\"\/>\n\n\n\n<ul class=\"wp-block-list\"><li>Interview for the newspaper \u2018El Espa\u00f1ol\u2019, April 2018<br><a href=\"https:\/\/www.elespanol.com\/ciencia\/investigacion\/20180420\/universidad-espanola-unico-funciona-excepciones-margen-sistema\/301220435_0.html\">https:\/\/www.elespanol.com\/ciencia\/investigacion\/20180420\/universidad-espanola-unico-funciona-excepciones-margen-sistema\/301220435_0.html<\/a><\/li><\/ul>\n\n\n\n<p><\/p>\n","protected":false},"excerpt":{"rendered":"<p>Prof. Xavier Ros-Oton was invited by the Universdidad Europea in being part of the &#8220;Busca Vocaciones&#8221; project. His presentation \u201cLas Matem\u00e1ticas son m\u00fasica: de unos s\u00edmbolos puede surgir una sinfon\u00eda\u201d can be found on the projects` webpage and on the YouTube channel of the project Spanish national daily newspaper &#8220;ABC&#8221; has interviewed prof. Xavier Ros-Oton &hellip; <\/p>\n<p class=\"link-more\"><a href=\"https:\/\/www.ub.edu\/pde\/EllipticPDE\/press-releases\/\" class=\"more-link\">Continue reading<span class=\"screen-reader-text\"> &#8220;Press releases&#8221;<\/span><\/a><\/p>\n","protected":false},"author":1,"featured_media":0,"parent":0,"menu_order":0,"comment_status":"closed","ping_status":"closed","template":"","meta":{"footnotes":""},"class_list":["post-51","page","type-page","status-publish","hentry"],"_links":{"self":[{"href":"https:\/\/www.ub.edu\/pde\/EllipticPDE\/wp-json\/wp\/v2\/pages\/51","targetHints":{"allow":["GET"]}}],"collection":[{"href":"https:\/\/www.ub.edu\/pde\/EllipticPDE\/wp-json\/wp\/v2\/pages"}],"about":[{"href":"https:\/\/www.ub.edu\/pde\/EllipticPDE\/wp-json\/wp\/v2\/types\/page"}],"author":[{"embeddable":true,"href":"https:\/\/www.ub.edu\/pde\/EllipticPDE\/wp-json\/wp\/v2\/users\/1"}],"replies":[{"embeddable":true,"href":"https:\/\/www.ub.edu\/pde\/EllipticPDE\/wp-json\/wp\/v2\/comments?post=51"}],"version-history":[{"count":18,"href":"https:\/\/www.ub.edu\/pde\/EllipticPDE\/wp-json\/wp\/v2\/pages\/51\/revisions"}],"predecessor-version":[{"id":197,"href":"https:\/\/www.ub.edu\/pde\/EllipticPDE\/wp-json\/wp\/v2\/pages\/51\/revisions\/197"}],"wp:attachment":[{"href":"https:\/\/www.ub.edu\/pde\/EllipticPDE\/wp-json\/wp\/v2\/media?parent=51"}],"curies":[{"name":"wp","href":"https:\/\/api.w.org\/{rel}","templated":true}]}}