{"id":74,"date":"2024-06-13T15:40:15","date_gmt":"2024-06-13T13:40:15","guid":{"rendered":"https:\/\/perminamat.finis-dev.com\/?page_id=74"},"modified":"2025-11-12T12:42:49","modified_gmt":"2025-11-12T11:42:49","slug":"funding","status":"publish","type":"page","link":"https:\/\/www.ub.edu\/perminamat\/funding\/","title":{"rendered":"Funding"},"content":{"rendered":"\t\t<div data-elementor-type=\"wp-page\" data-elementor-id=\"74\" class=\"elementor elementor-74\" data-elementor-post-type=\"page\">\n\t\t\t\t<div class=\"elementor-element elementor-element-ae92a19 e-con-full e-flex e-con e-parent\" data-id=\"ae92a19\" data-element_type=\"container\" data-settings=\"{&quot;background_background&quot;:&quot;slideshow&quot;,&quot;background_slideshow_gallery&quot;:[{&quot;id&quot;:1366,&quot;url&quot;:&quot;https:\\\/\\\/www.ub.edu\\\/perminamat\\\/wp-content\\\/uploads\\\/2025\\\/04\\\/fluorescent-microstars-on-wafer.jpg&quot;},{&quot;id&quot;:1265,&quot;url&quot;:&quot;https:\\\/\\\/www.ub.edu\\\/perminamat\\\/wp-content\\\/uploads\\\/2025\\\/03\\\/1-TCPP-Azo-55_4-bcexp_avg10_bgr50-1-forweb.jpg&quot;},{&quot;id&quot;:1354,&quot;url&quot;:&quot;https:\\\/\\\/www.ub.edu\\\/perminamat\\\/wp-content\\\/uploads\\\/2025\\\/04\\\/3.jpg&quot;},{&quot;id&quot;:1687,&quot;url&quot;:&quot;https:\\\/\\\/www.ub.edu\\\/perminamat\\\/wp-content\\\/uploads\\\/2025\\\/04\\\/6.jpg&quot;},{&quot;id&quot;:1356,&quot;url&quot;:&quot;https:\\\/\\\/www.ub.edu\\\/perminamat\\\/wp-content\\\/uploads\\\/2025\\\/04\\\/1-1.jpg&quot;},{&quot;id&quot;:1355,&quot;url&quot;:&quot;https:\\\/\\\/www.ub.edu\\\/perminamat\\\/wp-content\\\/uploads\\\/2025\\\/04\\\/5.jpg&quot;},{&quot;id&quot;:1353,&quot;url&quot;:&quot;https:\\\/\\\/www.ub.edu\\\/perminamat\\\/wp-content\\\/uploads\\\/2025\\\/04\\\/IMG-20170911-WA0004.jpg&quot;}],&quot;background_slideshow_transition_duration&quot;:900,&quot;shape_divider_bottom&quot;:&quot;triangle-asymmetrical&quot;,&quot;background_slideshow_loop&quot;:&quot;yes&quot;,&quot;background_slideshow_slide_duration&quot;:5000,&quot;background_slideshow_slide_transition&quot;:&quot;fade&quot;}\">\n\t\t\t\t<div class=\"elementor-shape elementor-shape-bottom\" aria-hidden=\"true\" data-negative=\"false\">\n\t\t\t<svg xmlns=\"http:\/\/www.w3.org\/2000\/svg\" viewBox=\"0 0 1000 100\" preserveAspectRatio=\"none\">\n\t<path class=\"elementor-shape-fill\" d=\"M738,99l262-93V0H0v5.6L738,99z\"\/>\n<\/svg>\t\t<\/div>\n\t\t\t\t<div class=\"elementor-element elementor-element-92ee7bf elementor-widget elementor-widget-heading\" data-id=\"92ee7bf\" data-element_type=\"widget\" data-widget_type=\"heading.default\">\n\t\t\t\t<div class=\"elementor-widget-container\">\n\t\t\t\t\t<h1 class=\"elementor-heading-title elementor-size-default\">FUNDING<\/h1>\t\t\t\t<\/div>\n\t\t\t\t<\/div>\n\t\t\t\t<div class=\"elementor-element elementor-element-56e93de elementor-widget elementor-widget-heading\" data-id=\"56e93de\" data-element_type=\"widget\" data-widget_type=\"heading.default\">\n\t\t\t\t<div class=\"elementor-widget-container\">\n\t\t\t\t\t<h1 class=\"elementor-heading-title elementor-size-default\">SUPRAMOLECULAR SYSTEMS IN NANOMEDICINE<\/h1>\t\t\t\t<\/div>\n\t\t\t\t<\/div>\n\t\t\t\t<\/div>\n\t\t<div class=\"elementor-element elementor-element-af48124 e-flex e-con-boxed e-con e-parent\" data-id=\"af48124\" data-element_type=\"container\">\n\t\t\t\t\t<div class=\"e-con-inner\">\n\t\t\t\t\t<\/div>\n\t\t\t\t<\/div>\n\t\t<div class=\"elementor-element elementor-element-d782eae e-grid e-con-full e-con e-parent\" data-id=\"d782eae\" data-element_type=\"container\">\n\t\t<div class=\"elementor-element elementor-element-d7bb80e e-con-full e-flex e-con e-child\" data-id=\"d7bb80e\" data-element_type=\"container\">\n\t\t\t\t<div class=\"elementor-element elementor-element-5bfaa95 elementor-widget elementor-widget-image\" data-id=\"5bfaa95\" data-element_type=\"widget\" data-widget_type=\"image.default\">\n\t\t\t\t<div class=\"elementor-widget-container\">\n\t\t\t\t\t\t\t\t\t\t\t\t\t\t\t\t<a href=\"https:\/\/www.ciencia.gob.es\/\" target=\"_blank\">\n\t\t\t\t\t\t\t<img fetchpriority=\"high\" decoding=\"async\" width=\"447\" height=\"145\" src=\"https:\/\/www.ub.edu\/perminamat\/wp-content\/uploads\/2024\/06\/ministerio-ciencia.png\" class=\"attachment-large size-large wp-image-492\" alt=\"\" \/>\t\t\t\t\t\t\t\t<\/a>\n\t\t\t\t\t\t\t\t\t\t\t\t\t\t\t<\/div>\n\t\t\t\t<\/div>\n\t\t\t\t<\/div>\n\t\t<div class=\"elementor-element elementor-element-fccc0d3 e-con-full e-flex e-con e-child\" data-id=\"fccc0d3\" data-element_type=\"container\">\n\t\t\t\t<div class=\"elementor-element elementor-element-b344293 elementor-widget elementor-widget-image\" data-id=\"b344293\" data-element_type=\"widget\" data-widget_type=\"image.default\">\n\t\t\t\t<div class=\"elementor-widget-container\">\n\t\t\t\t\t\t\t\t\t\t\t\t\t\t\t\t<a href=\"https:\/\/agaur.gencat.cat\/ca\/inici\/index.html\" target=\"_blank\">\n\t\t\t\t\t\t\t<img decoding=\"async\" width=\"312\" height=\"145\" src=\"https:\/\/www.ub.edu\/perminamat\/wp-content\/uploads\/2024\/06\/agaur.png\" class=\"attachment-large size-large wp-image-491\" alt=\"\" \/>\t\t\t\t\t\t\t\t<\/a>\n\t\t\t\t\t\t\t\t\t\t\t\t\t\t\t<\/div>\n\t\t\t\t<\/div>\n\t\t\t\t<\/div>\n\t\t<div class=\"elementor-element elementor-element-4263772 e-con-full e-flex e-con e-child\" data-id=\"4263772\" data-element_type=\"container\">\n\t\t\t\t<div class=\"elementor-element elementor-element-7faf1c5 elementor-widget elementor-widget-image\" data-id=\"7faf1c5\" data-element_type=\"widget\" data-widget_type=\"image.default\">\n\t\t\t\t<div class=\"elementor-widget-container\">\n\t\t\t\t\t\t\t\t\t\t\t\t\t\t\t\t<a href=\"https:\/\/www.ukri.org\/councils\/epsrc\/\" target=\"_blank\">\n\t\t\t\t\t\t\t<img decoding=\"async\" width=\"509\" height=\"145\" src=\"https:\/\/www.ub.edu\/perminamat\/wp-content\/uploads\/2024\/06\/ukri.png\" class=\"attachment-large size-large wp-image-493\" alt=\"\" \/>\t\t\t\t\t\t\t\t<\/a>\n\t\t\t\t\t\t\t\t\t\t\t\t\t\t\t<\/div>\n\t\t\t\t<\/div>\n\t\t\t\t<\/div>\n\t\t\t\t<\/div>\n\t\t<div class=\"elementor-element elementor-element-b3cae20 e-flex e-con-boxed e-con e-parent\" data-id=\"b3cae20\" data-element_type=\"container\">\n\t\t\t\t\t<div class=\"e-con-inner\">\n\t\t\t\t<div class=\"elementor-element elementor-element-6f646f4 elementor-widget elementor-widget-heading\" data-id=\"6f646f4\" data-element_type=\"widget\" data-widget_type=\"heading.default\">\n\t\t\t\t<div class=\"elementor-widget-container\">\n\t\t\t\t\t<h2 class=\"elementor-heading-title elementor-size-default\">Funded projects<\/h2>\t\t\t\t<\/div>\n\t\t\t\t<\/div>\n\t\t\t\t<div class=\"elementor-element elementor-element-d17d599 elementor-widget elementor-widget-text-editor\" data-id=\"d17d599\" data-element_type=\"widget\" data-widget_type=\"text-editor.default\">\n\t\t\t\t<div class=\"elementor-widget-container\">\n\t\t\t\t\t\t\t\t\t<p><strong>Bio-Funcionalizaci\u00f3n de Chips En Suspensi\u00f3n para Nanotecnolog\u00eda y Nanomedicina a escala celular<\/strong><br \/>2024-2026 (<strong>active<\/strong>)<br \/>Ministerio de Ciencia, Innovaci\u00f3n y Universidades<br \/>PID2023-146658NB-C32<\/p><p><strong>GC-MS metabolomics profile of methanol extract of Acacia modesta gum and gum-assisted fabrication and characterization of gold nanoparticles through green synthesis approach<\/strong><br \/>2022<br \/>Higher Education Commission Pakist\u00e1n<br \/>IRSIP 49 BMS 30<\/p><p><strong>Photo- and electroresponsive micro-and nanostructured functional materials (PERMINAMAT)<\/strong><br \/>2021-2025<br \/>Ag\u00e8ncia de Gesti\u00f3 d&#8217;Ajuts Universitaris i de Recerca. Generalitat de Catalunya (AGAUR)<br \/>2021 SGR 01085<\/p><p><strong>Bio-Funcionalizaci\u00f3n de Chips En Suspensi\u00f3n Innovadores para Estudios Qu\u00edmicos, Bioelectr\u00f3nicos y Mec\u00e1nicos en C\u00e9lulas Vivas<\/strong><br \/>2021-2024<br \/>Ministerio de Ciencia e Innovaci\u00f3n<br \/>PID2020-115663GB-C32<\/p><p><strong>Photodynamic Therapy by using Metallo nano-colloids for cancer cells<\/strong><br \/>2019-2021<br \/>Commonwealth Split-site Commission<br \/>INCN-2019-409<\/p><p><strong>Affinity Regulated Nanosystem(s) for Insulin Delivery<\/strong><br \/>2019<br \/>British Council<br \/>RC26AQ<\/p><p><strong>Water-soluble gold nanoparticles for the efficient delivery of DNA in cancer gene therapy<\/strong><br \/>2019<br \/>Institut de Nanoci\u00e8ncia i Nanotecnologia (IN2UB)<\/p><p><strong>Wireless communication with cells towards bioelectronic treatments of the future<\/strong><br \/>2018-2022<br \/>Engineering and Physical Sciences Research Council (EPSRC)<br \/>EP\/R004072\/1<\/p><p><strong>(Bio)funcionalizacion de suspensiones de micro-y nanoherramientas avanzadas para aplicaciones intra- y extracelulares<\/strong><br \/>2018-2021<br \/>Ministerio de Econom\u00eda y Competitividad<br \/>TEC2017-85059-C3-2-R<\/p><p><strong>Observing the Genesis of Supramolecular Nanofibres<\/strong><br \/>2018-2019<br \/>Engineering and Physical Sciences Research Council (EPSRC)<br \/>20018RA4617<\/p><p><strong>Functional molecular-based materials and applications at the nanoscale<\/strong><br \/>2017-2019<br \/>Ag\u00e8ncia de Gesti\u00f3 d&#8217;Ajuts Universitaris i de Recerca. Generalitat de Catalunya. (AGAUR)<br \/>2017SGR1277<\/p><p><strong>Materials Characterisation by SAXS<\/strong><br \/>2016-2022<br \/>Engineering and Physical Sciences Research Council (EPSRC)<\/p><p><strong>(Bio)funcionalizaci\u00f3n de Micro- y NanoHerramientas en Suspensi\u00f3n para Aplicaciones en C\u00e9lulas Vivas<\/strong><br \/>2015-2017<br \/>Ministerio de Econom\u00eda y Competitividad<br \/>TEC2014-51940-C2-2-R<\/p><p><strong>Caracterizaci\u00f3n de Micro-y Nanopart\u00edculas mediante Microscop\u00eda avanzada y de super-resoluci\u00f3n para aplicaciones en Nanomedicina<\/strong><br \/>2015<br \/>Ministerio de Educaci\u00f3n, Cultura y Deporte<br \/>PR2015-00526<\/p><p><strong>Mol\u00e9cules que donen quiralitat i funci\u00f3 a superf\u00edcies<\/strong><br \/>2014-2016<br \/>Ag\u00e8ncia de Gesti\u00f3 d&#8217;Ajuts Universitaris i de Recerca. Generalitat de Catalunya. (AGAUR)<br \/>2014SGR1415<\/p><p><strong>CELLSKEL,&#8221;\u00bfEs posible fabricar un exoesqueleto artificial para c\u00e9lulas vivas que bloquee su divisi\u00f3n o migraci\u00f3n? Hacia una terapia mec\u00e1nica del c\u00e1ncer&#8221;<\/strong><br \/>2014-2015<br \/>Ministerio de Econom\u00eda y Competitividad<br \/>TEC2013-49238-EXP<\/p><p><strong>Funcionalizaci\u00f3n de micronanoherramientas para ciencias de la vida<\/strong><br \/>2012-2014<br \/>Ministerio de Educaci\u00f3n y Ciencia<br \/>TEC2011-29140-C03-02<\/p><p><strong>Bio-inspired nanotechnologies: from concepts to applications<\/strong><br \/>2010-2014<br \/>European Comission EU RTD Framework Programme<br \/>COST Action TD1003<\/p>\t\t\t\t\t\t\t\t<\/div>\n\t\t\t\t<\/div>\n\t\t\t\t\t<\/div>\n\t\t\t\t<\/div>\n\t\t\t\t<\/div>\n\t\t","protected":false},"excerpt":{"rendered":"<p>FUNDING SUPRAMOLECULAR SYSTEMS IN NANOMEDICINE Funded projects Bio-Funcionalizaci\u00f3n de Chips En Suspensi\u00f3n para Nanotecnolog\u00eda y Nanomedicina a escala celular2024-2026 (active)Ministerio de Ciencia, Innovaci\u00f3n y UniversidadesPID2023-146658NB-C32 GC-MS metabolomics profile of methanol extract of Acacia modesta gum and gum-assisted fabrication and characterization of gold nanoparticles through green synthesis approach2022Higher Education Commission Pakist\u00e1nIRSIP 49 BMS 30 Photo- and [&hellip;]<\/p>\n","protected":false},"author":1,"featured_media":0,"parent":0,"menu_order":4,"comment_status":"closed","ping_status":"closed","template":"","meta":{"footnotes":""},"class_list":["post-74","page","type-page","status-publish","hentry"],"yoast_head":"<!-- This site is optimized with the Yoast SEO plugin v26.3 - https:\/\/yoast.com\/wordpress\/plugins\/seo\/ -->\n<title>Funding - Supramolecular Systems in Nanomedicine<\/title>\n<meta name=\"robots\" content=\"index, follow, max-snippet:-1, max-image-preview:large, max-video-preview:-1\" \/>\n<link rel=\"canonical\" href=\"https:\/\/www.ub.edu\/perminamat\/funding\/\" \/>\n<meta property=\"og:locale\" content=\"en_GB\" \/>\n<meta property=\"og:type\" content=\"article\" \/>\n<meta property=\"og:title\" content=\"Funding - Supramolecular Systems in Nanomedicine\" \/>\n<meta property=\"og:description\" content=\"FUNDING SUPRAMOLECULAR SYSTEMS IN NANOMEDICINE Funded projects Bio-Funcionalizaci\u00f3n de Chips En Suspensi\u00f3n para Nanotecnolog\u00eda y Nanomedicina a escala celular2024-2026 (active)Ministerio de Ciencia, Innovaci\u00f3n y UniversidadesPID2023-146658NB-C32 GC-MS metabolomics profile of methanol extract of Acacia modesta gum and gum-assisted fabrication and characterization of gold nanoparticles through green synthesis approach2022Higher Education Commission Pakist\u00e1nIRSIP 49 BMS 30 Photo- and [&hellip;]\" \/>\n<meta property=\"og:url\" content=\"https:\/\/www.ub.edu\/perminamat\/funding\/\" \/>\n<meta property=\"og:site_name\" content=\"Supramolecular Systems in Nanomedicine\" \/>\n<meta property=\"article:modified_time\" content=\"2025-11-12T11:42:49+00:00\" \/>\n<meta property=\"og:image\" content=\"https:\/\/www.ub.edu\/perminamat\/wp-content\/uploads\/2024\/06\/ministerio-ciencia.png\" \/>\n\t<meta property=\"og:image:width\" content=\"447\" \/>\n\t<meta property=\"og:image:height\" content=\"145\" \/>\n\t<meta property=\"og:image:type\" content=\"image\/png\" \/>\n<meta name=\"twitter:card\" content=\"summary_large_image\" \/>\n<meta name=\"twitter:label1\" content=\"Estimated reading time\" \/>\n\t<meta name=\"twitter:data1\" content=\"3 minutes\" \/>\n<script type=\"application\/ld+json\" class=\"yoast-schema-graph\">{\"@context\":\"https:\/\/schema.org\",\"@graph\":[{\"@type\":\"WebPage\",\"@id\":\"https:\/\/www.ub.edu\/perminamat\/funding\/\",\"url\":\"https:\/\/www.ub.edu\/perminamat\/funding\/\",\"name\":\"Funding - Supramolecular Systems in Nanomedicine\",\"isPartOf\":{\"@id\":\"https:\/\/www.ub.edu\/perminamat\/#website\"},\"primaryImageOfPage\":{\"@id\":\"https:\/\/www.ub.edu\/perminamat\/funding\/#primaryimage\"},\"image\":{\"@id\":\"https:\/\/www.ub.edu\/perminamat\/funding\/#primaryimage\"},\"thumbnailUrl\":\"https:\/\/www.ub.edu\/perminamat\/wp-content\/uploads\/2024\/06\/ministerio-ciencia.png\",\"datePublished\":\"2024-06-13T13:40:15+00:00\",\"dateModified\":\"2025-11-12T11:42:49+00:00\",\"breadcrumb\":{\"@id\":\"https:\/\/www.ub.edu\/perminamat\/funding\/#breadcrumb\"},\"inLanguage\":\"en-GB\",\"potentialAction\":[{\"@type\":\"ReadAction\",\"target\":[\"https:\/\/www.ub.edu\/perminamat\/funding\/\"]}]},{\"@type\":\"ImageObject\",\"inLanguage\":\"en-GB\",\"@id\":\"https:\/\/www.ub.edu\/perminamat\/funding\/#primaryimage\",\"url\":\"https:\/\/www.ub.edu\/perminamat\/wp-content\/uploads\/2024\/06\/ministerio-ciencia.png\",\"contentUrl\":\"https:\/\/www.ub.edu\/perminamat\/wp-content\/uploads\/2024\/06\/ministerio-ciencia.png\",\"width\":447,\"height\":145},{\"@type\":\"BreadcrumbList\",\"@id\":\"https:\/\/www.ub.edu\/perminamat\/funding\/#breadcrumb\",\"itemListElement\":[{\"@type\":\"ListItem\",\"position\":1,\"name\":\"Home\",\"item\":\"https:\/\/www.ub.edu\/perminamat\/\"},{\"@type\":\"ListItem\",\"position\":2,\"name\":\"Funding\"}]},{\"@type\":\"WebSite\",\"@id\":\"https:\/\/www.ub.edu\/perminamat\/#website\",\"url\":\"https:\/\/www.ub.edu\/perminamat\/\",\"name\":\"Supramolecular Systems in Nanomedicine\",\"description\":\"\",\"potentialAction\":[{\"@type\":\"SearchAction\",\"target\":{\"@type\":\"EntryPoint\",\"urlTemplate\":\"https:\/\/www.ub.edu\/perminamat\/?s={search_term_string}\"},\"query-input\":{\"@type\":\"PropertyValueSpecification\",\"valueRequired\":true,\"valueName\":\"search_term_string\"}}],\"inLanguage\":\"en-GB\"}]}<\/script>\n<!-- \/ Yoast SEO plugin. -->","yoast_head_json":{"title":"Funding - Supramolecular Systems in Nanomedicine","robots":{"index":"index","follow":"follow","max-snippet":"max-snippet:-1","max-image-preview":"max-image-preview:large","max-video-preview":"max-video-preview:-1"},"canonical":"https:\/\/www.ub.edu\/perminamat\/funding\/","og_locale":"en_GB","og_type":"article","og_title":"Funding - Supramolecular Systems in Nanomedicine","og_description":"FUNDING SUPRAMOLECULAR SYSTEMS IN NANOMEDICINE Funded projects Bio-Funcionalizaci\u00f3n de Chips En Suspensi\u00f3n para Nanotecnolog\u00eda y Nanomedicina a escala celular2024-2026 (active)Ministerio de Ciencia, Innovaci\u00f3n y UniversidadesPID2023-146658NB-C32 GC-MS metabolomics profile of methanol extract of Acacia modesta gum and gum-assisted fabrication and characterization of gold nanoparticles through green synthesis approach2022Higher Education Commission Pakist\u00e1nIRSIP 49 BMS 30 Photo- and [&hellip;]","og_url":"https:\/\/www.ub.edu\/perminamat\/funding\/","og_site_name":"Supramolecular Systems in Nanomedicine","article_modified_time":"2025-11-12T11:42:49+00:00","og_image":[{"width":447,"height":145,"url":"https:\/\/www.ub.edu\/perminamat\/wp-content\/uploads\/2024\/06\/ministerio-ciencia.png","type":"image\/png"}],"twitter_card":"summary_large_image","twitter_misc":{"Estimated reading time":"3 minutes"},"schema":{"@context":"https:\/\/schema.org","@graph":[{"@type":"WebPage","@id":"https:\/\/www.ub.edu\/perminamat\/funding\/","url":"https:\/\/www.ub.edu\/perminamat\/funding\/","name":"Funding - Supramolecular Systems in Nanomedicine","isPartOf":{"@id":"https:\/\/www.ub.edu\/perminamat\/#website"},"primaryImageOfPage":{"@id":"https:\/\/www.ub.edu\/perminamat\/funding\/#primaryimage"},"image":{"@id":"https:\/\/www.ub.edu\/perminamat\/funding\/#primaryimage"},"thumbnailUrl":"https:\/\/www.ub.edu\/perminamat\/wp-content\/uploads\/2024\/06\/ministerio-ciencia.png","datePublished":"2024-06-13T13:40:15+00:00","dateModified":"2025-11-12T11:42:49+00:00","breadcrumb":{"@id":"https:\/\/www.ub.edu\/perminamat\/funding\/#breadcrumb"},"inLanguage":"en-GB","potentialAction":[{"@type":"ReadAction","target":["https:\/\/www.ub.edu\/perminamat\/funding\/"]}]},{"@type":"ImageObject","inLanguage":"en-GB","@id":"https:\/\/www.ub.edu\/perminamat\/funding\/#primaryimage","url":"https:\/\/www.ub.edu\/perminamat\/wp-content\/uploads\/2024\/06\/ministerio-ciencia.png","contentUrl":"https:\/\/www.ub.edu\/perminamat\/wp-content\/uploads\/2024\/06\/ministerio-ciencia.png","width":447,"height":145},{"@type":"BreadcrumbList","@id":"https:\/\/www.ub.edu\/perminamat\/funding\/#breadcrumb","itemListElement":[{"@type":"ListItem","position":1,"name":"Home","item":"https:\/\/www.ub.edu\/perminamat\/"},{"@type":"ListItem","position":2,"name":"Funding"}]},{"@type":"WebSite","@id":"https:\/\/www.ub.edu\/perminamat\/#website","url":"https:\/\/www.ub.edu\/perminamat\/","name":"Supramolecular Systems in Nanomedicine","description":"","potentialAction":[{"@type":"SearchAction","target":{"@type":"EntryPoint","urlTemplate":"https:\/\/www.ub.edu\/perminamat\/?s={search_term_string}"},"query-input":{"@type":"PropertyValueSpecification","valueRequired":true,"valueName":"search_term_string"}}],"inLanguage":"en-GB"}]}},"_links":{"self":[{"href":"https:\/\/www.ub.edu\/perminamat\/wp-json\/wp\/v2\/pages\/74","targetHints":{"allow":["GET"]}}],"collection":[{"href":"https:\/\/www.ub.edu\/perminamat\/wp-json\/wp\/v2\/pages"}],"about":[{"href":"https:\/\/www.ub.edu\/perminamat\/wp-json\/wp\/v2\/types\/page"}],"author":[{"embeddable":true,"href":"https:\/\/www.ub.edu\/perminamat\/wp-json\/wp\/v2\/users\/1"}],"replies":[{"embeddable":true,"href":"https:\/\/www.ub.edu\/perminamat\/wp-json\/wp\/v2\/comments?post=74"}],"version-history":[{"count":46,"href":"https:\/\/www.ub.edu\/perminamat\/wp-json\/wp\/v2\/pages\/74\/revisions"}],"predecessor-version":[{"id":1914,"href":"https:\/\/www.ub.edu\/perminamat\/wp-json\/wp\/v2\/pages\/74\/revisions\/1914"}],"wp:attachment":[{"href":"https:\/\/www.ub.edu\/perminamat\/wp-json\/wp\/v2\/media?parent=74"}],"curies":[{"name":"wp","href":"https:\/\/api.w.org\/{rel}","templated":true}]}}