{"id":1128,"date":"2017-06-21T20:58:13","date_gmt":"2017-06-21T19:58:13","guid":{"rendered":"http:\/\/www.ub.edu\/plural\/?page_id=1128"},"modified":"2017-06-21T21:50:44","modified_gmt":"2017-06-21T20:50:44","slug":"koinos_es","status":"publish","type":"page","link":"https:\/\/www.ub.edu\/plural\/koinos_es\/","title":{"rendered":"KOINOS: European Portfolio Plurilingual Literacy Practices"},"content":{"rendered":"<h3>KOINOS: European Portfolio Plurilingual Literacy Practices<\/h3>\n<p>\nKOINOS es un proyecto europeo Erasmus + que se basa en la cooperaci\u00f3n entre diferentes instituciones que trabajan en el tema de la educaci\u00f3n escolar y la educaci\u00f3n superior. La propuesta del proyecto se basa fundamentalmente en una concepci\u00f3n de la educaci\u00f3n pluriling\u00fce e intercultural dentro de una concepci\u00f3n social de la ense\u00f1anza y el aprendizaje. Se trata de reconocer la voz de todos los ciudadanos y ciudadanas y que esa voz sea la base de la comunicaci\u00f3n en la que nuestro alumnado realizar\u00e1 su aprendizaje.<\/p>\n<p>KOINOS es un t\u00e9rmino griego que significa &#8220;al servicio de la comunidad&#8221; y que fue seleccionado especialmente por el equipo, ya que consideramos que refleja nuestro compromiso en que el trabajo desarrollado repercuta en la mejora de la educaci\u00f3n de las comunidades.<\/p>\n<p>KOINOS prev\u00e9 la creaci\u00f3n de diversos instrumentos y materiales denominados Productos Intelectuales. KOINOS hace especial \u00e9nfasis en la formaci\u00f3n de los profesionales de la educaci\u00f3n para que a partir de la reflexi\u00f3n y an\u00e1lisis de la propia pr\u00e1ctica educativa, puedan innovar para la mejora de la calidad y la cualidad de la educaci\u00f3n en relaci\u00f3n al desarrollo de las competencias pluriling\u00fces en un contexto multicultural. Se prev\u00e9 que este proyecto tenga una duraci\u00f3n de dos a\u00f1os, sin embargo, el equipo KOINOS espera que sea el inicio de un largo camino para seguir aportando experiencia y conocimiento sobre un tema complejo que caracteriza a las sociedades europeas actuales de presente y de futuro.<\/p>\n<p>Los principales objetivos del proyecto son:<\/p>\n<ul>\n<li>Aumentar la calidad de la educaci\u00f3n para todos.<\/li>\n<li>Detectar y establecer, juntamente con los ni\u00f1os participantes, un inventario comunitario de sus pr\u00e1cticas lectoras pluriling\u00fces y multimodales en entornos diferentes (escuelas, bibliotecas, familias, centros de barrio, amistades\u2026)<\/li>\n<li>Impulsar el desarrollo de las competencias lectoras de los escolares \u2013 y, en particular, las relacionadas con las pr\u00e1cticas pluriling\u00fces y multimodales- como veh\u00edculo clave para el logro de objetivos curriculares.<\/li>\n<li>Involucrar a las familias y otros agentes sociales en las pr\u00e1cticas lectoras pluriling\u00fces y multimodales.<\/li>\n<li>Proponer acciones de formaci\u00f3n para escuelas, familias y otros agentes sociales.<\/li>\n<li>Poner a disposici\u00f3n de la comunidad los resultados y productos obtenidos.<\/li>\n<li>Impacto sobre los colectivos destinatarios: mejora de las competencias ling\u00fc\u00edsticas de la ciudadan\u00eda europea y aumento de la motivaci\u00f3n por el aprendizaje de lenguas minoritarias.<\/li>\n<li>Impacto directo sobre las instituciones que colaboran con las organizaciones socias a trav\u00e9s de los productos intelectuales y actividades de formaci\u00f3n.  Impacto directo sobre las organizaciones socias: se internacionalizan sus experiencias sobre pluriling\u00fcismo y convivencia y se profundiza en un enfoque intercultural en el desarrollo de las propias organizaciones.<\/li>\n<\/ul>\n<p><iframe loading=\"lazy\" src=\"https:\/\/drive.google.com\/file\/d\/0BwMlDz1Pw8DrWnY3WGdVYU9qeTA\/preview\" width=\"640\" height=\"480\"><\/iframe><\/p>\n","protected":false},"excerpt":{"rendered":"<p>KOINOS: European Portfolio Plurilingual Literacy Practices KOINOS es un proyecto europeo Erasmus + que se basa en la cooperaci\u00f3n entre diferentes instituciones que trabajan en el tema de la educaci\u00f3n &#8230;<\/p>\n","protected":false},"author":1,"featured_media":0,"parent":0,"menu_order":0,"comment_status":"closed","ping_status":"open","template":"page-templates\/full-width.php","meta":{"footnotes":""},"class_list":["post-1128","page","type-page","status-publish","hentry"],"_links":{"self":[{"href":"https:\/\/www.ub.edu\/plural\/wp-json\/wp\/v2\/pages\/1128","targetHints":{"allow":["GET"]}}],"collection":[{"href":"https:\/\/www.ub.edu\/plural\/wp-json\/wp\/v2\/pages"}],"about":[{"href":"https:\/\/www.ub.edu\/plural\/wp-json\/wp\/v2\/types\/page"}],"author":[{"embeddable":true,"href":"https:\/\/www.ub.edu\/plural\/wp-json\/wp\/v2\/users\/1"}],"replies":[{"embeddable":true,"href":"https:\/\/www.ub.edu\/plural\/wp-json\/wp\/v2\/comments?post=1128"}],"version-history":[{"count":3,"href":"https:\/\/www.ub.edu\/plural\/wp-json\/wp\/v2\/pages\/1128\/revisions"}],"predecessor-version":[{"id":1143,"href":"https:\/\/www.ub.edu\/plural\/wp-json\/wp\/v2\/pages\/1128\/revisions\/1143"}],"wp:attachment":[{"href":"https:\/\/www.ub.edu\/plural\/wp-json\/wp\/v2\/media?parent=1128"}],"curies":[{"name":"wp","href":"https:\/\/api.w.org\/{rel}","templated":true}]}}