{"id":522,"date":"2023-03-28T12:28:22","date_gmt":"2023-03-28T11:28:22","guid":{"rendered":"http:\/\/localhost\/plural\/?page_id=522"},"modified":"2025-03-25T12:57:58","modified_gmt":"2025-03-25T11:57:58","slug":"blog_ca","status":"publish","type":"page","link":"https:\/\/www.ub.edu\/plural\/blog_ca\/","title":{"rendered":"Blog"},"content":{"rendered":"\n<ul class=\"wp-block-social-links is-layout-flex wp-block-social-links-is-layout-flex\"><\/ul>\n\n\n\n<p><\/p>\n\n\n<ul class=\"wp-block-latest-posts__list is-grid columns-2 has-dates wp-block-latest-posts\"><li><a class=\"wp-block-latest-posts__post-title\" href=\"https:\/\/www.ub.edu\/plural\/jornades-id-envers-una-educacio-plurilingue\/\">Participaci\u00f3 de PLURAL a les Jornades I+D &#8220;Envers una educaci\u00f3 pluriling\u00fce&#8221;<\/a><time datetime=\"2024-05-13T10:30:00+01:00\" class=\"wp-block-latest-posts__post-date\">13.05.2024<\/time><div class=\"wp-block-latest-posts__post-excerpt\">Dijous 9 i divendres 10 de maig es van celebrar les jornades del projecte I+D que estem duent a terme. Les jornades, titulades &#8220;Envers una educaci\u00f3 pluriling\u00fce: espais d&#8217;hibridaci\u00f3 entre &#8230;<\/div><\/li>\n<li><a class=\"wp-block-latest-posts__post-title\" href=\"https:\/\/www.ub.edu\/plural\/participacio-plural-xxvii-jornades-interuniversitaries\/\">Participaci\u00f3 de PLURAL a les XXVII Jornades Interuniversit\u00e0ries de Recerca en Did\u00e0ctica<\/a><time datetime=\"2024-03-26T10:00:00+01:00\" class=\"wp-block-latest-posts__post-date\">26.03.2024<\/time><div class=\"wp-block-latest-posts__post-excerpt\">El darrer 19 i 20 de mar\u00e7 de 2024 es van celebrar les XXVII Jornades Interuniversit\u00e0ries de Recerca en Did\u00e0ctica de la Llengua i la Literatura, que coorganitzen la Universitat &#8230;<\/div><\/li>\n<li><a class=\"wp-block-latest-posts__post-title\" href=\"https:\/\/www.ub.edu\/plural\/jornades-educacio-umanresa-lectura\/\">Jornades d&#8217;Educaci\u00f3 a la Universitat de Manresa &#8211; El poder transformador de la lectura<\/a><time datetime=\"2024-03-13T10:00:00+01:00\" class=\"wp-block-latest-posts__post-date\">13.03.2024<\/time><div class=\"wp-block-latest-posts__post-excerpt\">El darrer dissabte 9 de mar\u00e7 es van celebrar unes jornades sobre educaci\u00f3 a la Universitat de Manresa amb el t\u00edtol de &#8220;El poder transformador de la lectura: el valor &#8230;<\/div><\/li>\n<li><a class=\"wp-block-latest-posts__post-title\" href=\"https:\/\/www.ub.edu\/plural\/publicacio-sobre-educacio-plurilingue-juli-palou-i-montserrat-fons\/\">Publicaci\u00f3 sobre la traject\u00f2ria de l&#8217;educaci\u00f3 pluriling\u00fce a c\u00e0rrec de Juli Palou i Montserrat Fons<\/a><time datetime=\"2024-02-29T11:30:00+01:00\" class=\"wp-block-latest-posts__post-date\">29.02.2024<\/time><div class=\"wp-block-latest-posts__post-excerpt\">La Montserrat Fons i d&#8217;en Juli Palou han escrit una publicaci\u00f3 sobre la traject\u00f2ria de l&#8217;educaci\u00f3 pluriling\u00fce a les aules. El seu article ha estat publicat en el n\u00famero 100 &#8230;<\/div><\/li>\n<li><a class=\"wp-block-latest-posts__post-title\" href=\"https:\/\/www.ub.edu\/plural\/inici-sessions-de-retorn-escoles\/\">Inici de les sessions de retorn amb les escoles per al projecte I+D<\/a><time datetime=\"2024-02-26T11:00:00+01:00\" class=\"wp-block-latest-posts__post-date\">26.02.2024<\/time><div class=\"wp-block-latest-posts__post-excerpt\">La setmana passada, el grup PLURAL va iniciar la fase de retorn amb els i les mestres de les escoles que participen en el projecte I+D sobre literacitats. Les persones &#8230;<\/div><\/li>\n<li><a class=\"wp-block-latest-posts__post-title\" href=\"https:\/\/www.ub.edu\/plural\/irene-tort-defensa-la-seva-tesi\/\">Irene Tort defensa la seva tesi<\/a><time datetime=\"2023-11-13T17:00:00+01:00\" class=\"wp-block-latest-posts__post-date\">13.11.2023<\/time><div class=\"wp-block-latest-posts__post-excerpt\">Dijous, 9 de novembre de 2023, Irene Tort, membre que col\u00b7labora amb PLURAL, va defensar la seva tesi doctoral a la Universitat de Barcelona amb el t\u00edtol La interacci\u00f3 oral &#8230;<\/div><\/li>\n<li><a class=\"wp-block-latest-posts__post-title\" href=\"https:\/\/www.ub.edu\/plural\/plural-al-congres-civel-de-cadis\/\">PLURAL al Congr\u00e9s CIVEL de Cadis<\/a><time datetime=\"2023-11-01T18:00:00+01:00\" class=\"wp-block-latest-posts__post-date\">01.11.2023<\/time><div class=\"wp-block-latest-posts__post-excerpt\">PLURAL viatja a Cadis per participar en el VII Congr\u00e9s CIVEL (Congreso Internacional Virtual de Educaci\u00f3n Lectora), celebrat els dies 26, 27 i 28 d&#8217;octubre de 2023. Va ser un &#8230;<\/div><\/li>\n<li><a class=\"wp-block-latest-posts__post-title\" href=\"https:\/\/www.ub.edu\/plural\/encarnacion-carrasco-conferencia-plenaria-forum-eoicat\/\">Encarnaci\u00f3n Carrasco, confer\u00e8ncia plen\u00e0ria en el IX F\u00f2rum EOICAT: Un pont cap al futur<\/a><time datetime=\"2023-10-27T13:00:00+01:00\" class=\"wp-block-latest-posts__post-date\">27.10.2023<\/time><div class=\"wp-block-latest-posts__post-excerpt\">L&#8217;Encarnaci\u00f3n Carrasco ha presentat aquest passat divendres 20 d&#8217;octubre una confer\u00e8ncia plen\u00e0ria sobre pluriling\u00fcisme en el IX F\u00f2rum EOICAT: Un pont cap al futur, espai en qu\u00e8 es troben docents &#8230;<\/div><\/li>\n<li><a class=\"wp-block-latest-posts__post-title\" href=\"https:\/\/www.ub.edu\/plural\/raquel-serrano-i-encarnacion-carrasco-colloqui-internacional-ic2023-chambery\/\">Raquel Serrano i Encarnaci\u00f3n Carrasco participen en el col\u00b7loqui internacional IC2023 a Chamb\u00e9ry (Fran\u00e7a)<\/a><time datetime=\"2023-10-18T10:00:00+01:00\" class=\"wp-block-latest-posts__post-date\">18.10.2023<\/time><div class=\"wp-block-latest-posts__post-excerpt\">Dijous 12 i divendres 13 d&#8217;octubre es va celebrar el col\u00b7loqui internacional IC2023 a la Universitat Savoie Mont Blanc de Chamb\u00e9ry, Fran\u00e7a, que tenia el t\u00edtol de &#8220;Bilans et perspectives: &#8230;<\/div><\/li>\n<li><a class=\"wp-block-latest-posts__post-title\" href=\"https:\/\/www.ub.edu\/plural\/sessio-per-compartir-i-reflexionar-sobre-literacitats-familiars-i-escolars\/\">Sessi\u00f3 per compartir i reflexionar sobre literacitats familiars i escolars<\/a><time datetime=\"2023-05-23T10:00:00+01:00\" class=\"wp-block-latest-posts__post-date\">23.05.2023<\/time><div class=\"wp-block-latest-posts__post-excerpt\">Dijous passat, 18 de maig, una mestra i una mare de l&#8217;escola Bar\u00f3 de Viver\u00a0 van reflexionar sobre les literacitats familiars i escolars amb un grup d&#8217;estudiants de segon curs &#8230;<\/div><\/li>\n<\/ul>","protected":false},"excerpt":{"rendered":"","protected":false},"author":1,"featured_media":0,"parent":0,"menu_order":0,"comment_status":"closed","ping_status":"open","template":"","meta":{"footnotes":""},"class_list":["post-522","page","type-page","status-publish","hentry"],"_links":{"self":[{"href":"https:\/\/www.ub.edu\/plural\/wp-json\/wp\/v2\/pages\/522","targetHints":{"allow":["GET"]}}],"collection":[{"href":"https:\/\/www.ub.edu\/plural\/wp-json\/wp\/v2\/pages"}],"about":[{"href":"https:\/\/www.ub.edu\/plural\/wp-json\/wp\/v2\/types\/page"}],"author":[{"embeddable":true,"href":"https:\/\/www.ub.edu\/plural\/wp-json\/wp\/v2\/users\/1"}],"replies":[{"embeddable":true,"href":"https:\/\/www.ub.edu\/plural\/wp-json\/wp\/v2\/comments?post=522"}],"version-history":[{"count":7,"href":"https:\/\/www.ub.edu\/plural\/wp-json\/wp\/v2\/pages\/522\/revisions"}],"predecessor-version":[{"id":2052,"href":"https:\/\/www.ub.edu\/plural\/wp-json\/wp\/v2\/pages\/522\/revisions\/2052"}],"wp:attachment":[{"href":"https:\/\/www.ub.edu\/plural\/wp-json\/wp\/v2\/media?parent=522"}],"curies":[{"name":"wp","href":"https:\/\/api.w.org\/{rel}","templated":true}]}}