{"id":237,"date":"2023-05-29T14:07:59","date_gmt":"2023-05-29T12:07:59","guid":{"rendered":"https:\/\/unadiversidaddesbordada2.wordpress.com\/?page_id=237"},"modified":"2023-11-30T08:24:42","modified_gmt":"2023-11-30T06:24:42","slug":"dates-importants","status":"publish","type":"page","link":"https:\/\/www.ub.edu\/plurirelig\/dates-importants\/","title":{"rendered":"Dates importants"},"content":{"rendered":"\n<p><\/p>\n\n\n\n<ul class=\"wp-block-list\">\n<li><strong>Nova data l\u00edmit presentaci\u00f3 de propostes de sessions:  <\/strong>30 de juny<\/li>\n\n\n\n<li><strong>Nova data l\u00edmit notificaci\u00f3 acceptaci\u00f3 de les propostes:<\/strong> 15 de juliol<\/li>\n\n\n\n<li><strong>Per\u00edode de recepci\u00f3 de propostes de comunicaci\u00f3 adscrites a les sessions<\/strong>: 17 de juliol &#8211; 15 d&#8217;octubre de 2023<\/li>\n\n\n\n<li><strong>Notificaci\u00f3 acceptaci\u00f3 de comunicacions<\/strong>: 30 d\u2019octubre de 2023<\/li>\n\n\n\n<li><strong>Per\u00edode d\u2019inscripci\u00f3 de participants amb comunicacions acceptades<\/strong>: 7 de novembre &#8211; 30 de novembre de 2023. <strong>PRORROGAT FINS AL 5 DE DESEMBRE!!!<\/strong><\/li>\n\n\n\n<li><strong>Data m\u00e0xima d&#8217;inscripci\u00f3 per a participants sense comunicaci\u00f3<\/strong>: 30 de desembre de 2023<\/li>\n<\/ul>\n","protected":false},"excerpt":{"rendered":"","protected":false},"author":1,"featured_media":0,"parent":0,"menu_order":0,"comment_status":"closed","ping_status":"closed","template":"","meta":{"footnotes":""},"class_list":["post-237","page","type-page","status-publish","hentry","entry"],"_links":{"self":[{"href":"https:\/\/www.ub.edu\/plurirelig\/wp-json\/wp\/v2\/pages\/237","targetHints":{"allow":["GET"]}}],"collection":[{"href":"https:\/\/www.ub.edu\/plurirelig\/wp-json\/wp\/v2\/pages"}],"about":[{"href":"https:\/\/www.ub.edu\/plurirelig\/wp-json\/wp\/v2\/types\/page"}],"author":[{"embeddable":true,"href":"https:\/\/www.ub.edu\/plurirelig\/wp-json\/wp\/v2\/users\/1"}],"replies":[{"embeddable":true,"href":"https:\/\/www.ub.edu\/plurirelig\/wp-json\/wp\/v2\/comments?post=237"}],"version-history":[{"count":13,"href":"https:\/\/www.ub.edu\/plurirelig\/wp-json\/wp\/v2\/pages\/237\/revisions"}],"predecessor-version":[{"id":794,"href":"https:\/\/www.ub.edu\/plurirelig\/wp-json\/wp\/v2\/pages\/237\/revisions\/794"}],"wp:attachment":[{"href":"https:\/\/www.ub.edu\/plurirelig\/wp-json\/wp\/v2\/media?parent=237"}],"curies":[{"name":"wp","href":"https:\/\/api.w.org\/{rel}","templated":true}]}}