{"id":92,"date":"2023-05-12T19:53:44","date_gmt":"2023-05-12T17:53:44","guid":{"rendered":"https:\/\/unadiversidaddesbordada2.wordpress.com\/?page_id=92"},"modified":"2024-01-08T08:31:11","modified_gmt":"2024-01-08T06:31:11","slug":"proyecto","status":"publish","type":"page","link":"https:\/\/www.ub.edu\/plurirelig\/proyecto\/","title":{"rendered":"Proyecto"},"content":{"rendered":"\n<div class=\"wp-block-buttons is-content-justification-center is-layout-flex wp-container-core-buttons-is-layout-a89b3969 wp-block-buttons-is-layout-flex\">\n<div class=\"wp-block-button is-style-fill\"><a class=\"wp-block-button__link wp-element-button\" href=\"https:\/\/www.ub.edu\/plurirelig\/projecte\/\">Catal\u00e0<\/a><\/div>\n<\/div>\n\n\n\n<p class=\"has-text-align-justify\">El II Simposio sobre M\u00edsticas y Heterodoxias Religiosas se enmarca en el proyecto \u201cUna diversidad desbordada. Los nuevos retos para la convivencia religiosa en Espa\u00f1a (PLURIRELIG)\u201d. Su finalidad es potenciar la comprensi\u00f3n y el debate sobre los procesos de transformaci\u00f3n de las comunidades y corrientes religiosas y espirituales, as\u00ed como la proliferaci\u00f3n de nuevas cosmovisiones y cultos en Espa\u00f1a. Para ello, quiere reunir especialistas en ciencias sociales de la religi\u00f3n y las espiritualidades para que presenten y debatan sus investigaciones a prop\u00f3sito de las formas de comunicaci\u00f3n con lo invisible que conforman la creciente pluralidad de creencias y pr\u00e1cticas religiosas en el Estado espa\u00f1ol.<\/p>\n\n\n\n<p class=\"has-text-align-justify\">La convocatoria corresponde a GREMHER, Grup de Recerca en M\u00edstiques i Heterod\u00f2xies Religioses, enmarcado en el grupo de investigaci\u00f3n consolidado GRECS, de la Universitat de Barcelona, que, desde 2013, aglutina a personas investigadoras en el \u00e1mbito de la Antropolog\u00eda Religiosa, promoviendo la indagaci\u00f3n, la publicaci\u00f3n y la difusi\u00f3n de los estudios relacionados con este campo de conocimiento. <\/p>\n\n\n\n<p class=\"has-text-align-justify\">Este simposio acoger\u00e1 exposiciones y debates sobre investigaciones en curso a prop\u00f3sito de la proliferaci\u00f3n de nuevas formas de religiosidad y espiritualidad en Espa\u00f1a. El encuentro convocar\u00e1 estudiosos\/as en ciencias sociales de la religi\u00f3n, pero tambi\u00e9n instancias competentes en la gesti\u00f3n p\u00fablica de la pluralidad religiosa y representantes tanto de iglesias y cultos instituidos como asociaciones y personas representativas de las nuevas formas de espiritualidad. Mediante ponencias, comunicaciones y mesas redondas, el evento asumir\u00e1 como eje central la manera en la que este panorama in\u00e9dito invita a una reconsideraci\u00f3n a prop\u00f3sito de las pol\u00edticas destinadas a promover y garantizar la pluralidad religiosa en libertad y convivencia.<\/p>\n\n\n\n<p class=\"has-text-align-justify\">Pretendemos potenciar la comprensi\u00f3n de los procesos de transformaci\u00f3n de las comunidades y corrientes religiosas y espirituales en el marco de las din\u00e1micas de relaci\u00f3n entre lo religioso y lo secular en una sociedad compleja y cambiante. Estudiar la actualidad del caso espa\u00f1ol es clave en el contexto europeo, teniendo en cuenta su emplazamiento en el Mediterr\u00e1neo, su historia particular y su significativa nueva diversidad.<\/p>\n\n\n\n<p class=\"has-text-align-justify\">El proyecto aspira a afrontar el reto de analizar y explicar los procesos actuales de acomodaci\u00f3n de una pluralidad religiosa en aumento y con nuevas caras, al servicio de su conocimiento, pero tambi\u00e9n como ayuda a las pol\u00edticas p\u00fablicas que la fomentan y protegen. La finalidad de la cita es contribuir a comprender la idiosincrasia de las vinculaciones entre religi\u00f3n y democracia en la sociedad espa\u00f1ola actual.<\/p>\n\n\n\n<p class=\"has-text-align-justify\">El evento ser\u00e1 posible con el apoyo\u00a0de la Facultat de Geografia i Hist\u00f2ria de la Universitat de Barcelona y de la Fundaci\u00f3n Pluralismo y Convivencia en su convocatoria 2021 de ayudas para la realizaci\u00f3n de actividades dirigidas a promover el conocimiento y el acomodo de la diversidad religiosa en un marco de di\u00e1logo, fomento de la convivencia y lucha contra la intolerancia y el discurso de odio. No obstante, la responsabilidad de los contenidos del simposio corresponde solo a su comit\u00e9 organizador.<\/p>\n","protected":false},"excerpt":{"rendered":"<p>El II Simposio sobre M\u00edsticas y Heterodoxias Religiosas se enmarca en el proyecto \u201cUna diversidad desbordada. Los nuevos retos para la convivencia religiosa en Espa\u00f1a (PLURIRELIG)\u201d. Su finalidad es potenciar la comprensi\u00f3n y el debate sobre los procesos de transformaci\u00f3n de las comunidades y corrientes religiosas y espirituales, as\u00ed como la proliferaci\u00f3n de nuevas cosmovisiones<a class=\"more-link\" href=\"https:\/\/www.ub.edu\/plurirelig\/proyecto\/\">Continue reading <span class=\"screen-reader-text\">&#8220;Proyecto&#8221;<\/span><\/a><\/p>\n","protected":false},"author":1,"featured_media":0,"parent":0,"menu_order":0,"comment_status":"closed","ping_status":"closed","template":"","meta":{"footnotes":""},"class_list":["post-92","page","type-page","status-publish","hentry","entry"],"_links":{"self":[{"href":"https:\/\/www.ub.edu\/plurirelig\/wp-json\/wp\/v2\/pages\/92","targetHints":{"allow":["GET"]}}],"collection":[{"href":"https:\/\/www.ub.edu\/plurirelig\/wp-json\/wp\/v2\/pages"}],"about":[{"href":"https:\/\/www.ub.edu\/plurirelig\/wp-json\/wp\/v2\/types\/page"}],"author":[{"embeddable":true,"href":"https:\/\/www.ub.edu\/plurirelig\/wp-json\/wp\/v2\/users\/1"}],"replies":[{"embeddable":true,"href":"https:\/\/www.ub.edu\/plurirelig\/wp-json\/wp\/v2\/comments?post=92"}],"version-history":[{"count":2,"href":"https:\/\/www.ub.edu\/plurirelig\/wp-json\/wp\/v2\/pages\/92\/revisions"}],"predecessor-version":[{"id":982,"href":"https:\/\/www.ub.edu\/plurirelig\/wp-json\/wp\/v2\/pages\/92\/revisions\/982"}],"wp:attachment":[{"href":"https:\/\/www.ub.edu\/plurirelig\/wp-json\/wp\/v2\/media?parent=92"}],"curies":[{"name":"wp","href":"https:\/\/api.w.org\/{rel}","templated":true}]}}