{"id":3634,"date":"2018-08-22T09:54:29","date_gmt":"2018-08-22T09:54:29","guid":{"rendered":"http:\/\/onetwo.themerella.com\/?page_id=3634"},"modified":"2021-01-28T12:44:33","modified_gmt":"2021-01-28T12:44:33","slug":"noticies","status":"publish","type":"page","link":"https:\/\/www.ub.edu\/proyectomonastic\/noticies\/","title":{"rendered":"NOT\u00cdCIES"},"content":{"rendered":"<p>[vc_row full_width=&#8221;stretch_row&#8221; css=&#8221;.vc_custom_1591173948768{background-color: #93aa48 !important;}&#8221;][vc_column][vc_empty_space height=&#8221;55px&#8221;][\/vc_column][\/vc_row][vc_row css=&#8221;.vc_custom_1540466790837{padding-top: 70px !important;padding-bottom: 80px !important;}&#8221;][vc_column offset=&#8221;vc_col-md-8&#8243;]<style>.ld_blog_69d577a8e361e .liquid-blog-grid{margin-left:-15px;margin-right:-15px;}.ld_blog_69d577a8e361e .liquid-blog-grid > div{padding-left:15px;padding-right:15px;}.ld_blog_69d577a8e361e .liquid-blog-grid .liquid-lp{margin-bottom:50px;}.ld_blog_69d577a8e361e .filter-list{margin-bottom:px;}.ld_blog_69d577a8e361e .liquid-blog-item .liquid-lp-title,.ld_blog_69d577a8e361e .liquid-lp .liquid-lp-title{margin-top:px;margin-bottom:px;}<\/style><div class=\"liquid-blog-posts ld_blog_69d577a8e361e 1534932429290-6757c10c-253d \"><div class=\"liquid-blog-grid row\"><div class=\"col-md-12\"><article id=\"post-8068\" class=\"liquid-lp post-8068 post type-post status-publish format-standard has-post-thumbnail hentry category-arqueologia category-congresos-seminaris-jornades\"><figure class=\"liquid-lp-media \"  data-responsive-bg=\"true\" data-parallax=\"true\" data-parallax-options='{ \"parallaxBG\": true }'><a  href=\"https:\/\/www.ub.edu\/proyectomonastic\/seminari-internacional-ii-paisatges-arqueologics-del-monacat-primitiu-a-occident-ss-iv-vii\/\"><img width=\"740\" height=\"460\" src=\"data:image\/svg+xml;charset=utf-8,&lt;svg xmlns%3D&#039;http%3A%2F%2Fwww.w3.org%2F2000%2Fsvg&#039; viewBox%3D&#039;0 0  &#039;%2F&gt;\" class=\"attachment-liquid-default-blog size-liquid-default-blog ld-lazyload wp-post-image\" alt=\"\" loading=\"lazy\" data-src=\"https:\/\/www.ub.edu\/proyectomonastic\/wp-content\/uploads\/2023\/01\/fotografies-seminari-internacional-paisatges-monastics.jpg-740x460.jpeg\" data-aspect=\"\" srcset=\"\" \/><\/a><\/figure><header class=\"liquid-lp-header\">\n\t<h2 class=\"entry-title liquid-lp-title h4\"><a  href=\"https:\/\/www.ub.edu\/proyectomonastic\/seminari-internacional-ii-paisatges-arqueologics-del-monacat-primitiu-a-occident-ss-iv-vii\/\" rel=\"bookmark\">Seminari Internacional II: Paisatges arqueol\u00f2gics del monacat primitiu a Occident (ss. IV-VII)<\/a><\/h2><\/header>\n\n\t\t\t<div class=\"liquid-lp-excerpt entry-summary mt-1\">\r\n\t\t\t\t<p>[vc_row][vc_column][vc_column_text] &nbsp; [\/vc_column_text][\/vc_column][\/vc_row][vc_row][vc_column][vc_column_text] Havent realitzat el passat any el Primer Seminari Internacional, el 16 i el 17 de novembre va tenir lloc el Segon Seminari Internacional: Paisatges arqueol\u00f2gics del monacat primitiu a Occident (ss. IV-VII).<\/p>\n\t\t\t<\/div><!-- \/.latest-post-excerpt -->\r\n\t\t\n<footer class=\"liquid-lp-footer\">\n\t<a href=\"https:\/\/www.ub.edu\/proyectomonastic\/seminari-internacional-ii-paisatges-arqueologics-del-monacat-primitiu-a-occident-ss-iv-vii\/\" class=\"btn font-weight-bold btn-naked liquid-lp-read-more\">\n\t\t<span>\n\t\t\t<span class=\"btn-txt\">Llegeix m\u00e9s<\/span>\n\t\t\t<span class=\"btn-icon\">\n\t\t\t\t<i class=\"fa fa-angle-right\"><\/i>\n\t\t\t<\/span>\n\t\t<\/span>\n\t<\/a>\n<\/footer>\n<\/article><\/div><div class=\"col-md-12\"><article id=\"post-8038\" class=\"liquid-lp post-8038 post type-post status-publish format-standard has-post-thumbnail hentry category-congresos-seminaris-jornades\"><figure class=\"liquid-lp-media \"  data-responsive-bg=\"true\" data-parallax=\"true\" data-parallax-options='{ \"parallaxBG\": true }'><a  href=\"https:\/\/www.ub.edu\/proyectomonastic\/seminari-performance-perception-and-devotional-experience-in-the-medieval-sacred-spaces\/\"><img width=\"740\" height=\"460\" src=\"data:image\/svg+xml;charset=utf-8,&lt;svg xmlns%3D&#039;http%3A%2F%2Fwww.w3.org%2F2000%2Fsvg&#039; viewBox%3D&#039;0 0  &#039;%2F&gt;\" class=\"attachment-liquid-default-blog size-liquid-default-blog ld-lazyload wp-post-image\" alt=\"\" loading=\"lazy\" data-src=\"https:\/\/www.ub.edu\/proyectomonastic\/wp-content\/uploads\/2022\/12\/fitxas-bbdd-reconstruccio-3d-artefacte-ceramic-paisatges-monastics.jpg-740x460.jpg\" data-aspect=\"\" srcset=\"\" \/><\/a><\/figure><header class=\"liquid-lp-header\">\n\t<h2 class=\"entry-title liquid-lp-title h4\"><a  href=\"https:\/\/www.ub.edu\/proyectomonastic\/seminari-performance-perception-and-devotional-experience-in-the-medieval-sacred-spaces\/\" rel=\"bookmark\">Seminari Performance, Perception, and Devotional Experience in the Medieval Sacred Spaces<\/a><\/h2><\/header>\n\n\t\t\t<div class=\"liquid-lp-excerpt entry-summary mt-1\">\r\n\t\t\t\t<p>[vc_row][vc_column][vc_column_text] [\/vc_column_text][\/vc_column][\/vc_row][vc_row][vc_column][vc_column_text] El passat 13-14 d\u2019 octubre de 2022 es va celebrar el Seminari&nbsp;Performance, Perception, and Devotional Experience in the Medieval Sacred Spaces organitzat pel Projecte, juntament amb la Universit\u00e0 di Bologna i la Universit\u00e0<\/p>\n\t\t\t<\/div><!-- \/.latest-post-excerpt -->\r\n\t\t\n<footer class=\"liquid-lp-footer\">\n\t<a href=\"https:\/\/www.ub.edu\/proyectomonastic\/seminari-performance-perception-and-devotional-experience-in-the-medieval-sacred-spaces\/\" class=\"btn font-weight-bold btn-naked liquid-lp-read-more\">\n\t\t<span>\n\t\t\t<span class=\"btn-txt\">Llegeix m\u00e9s<\/span>\n\t\t\t<span class=\"btn-icon\">\n\t\t\t\t<i class=\"fa fa-angle-right\"><\/i>\n\t\t\t<\/span>\n\t\t<\/span>\n\t<\/a>\n<\/footer>\n<\/article><\/div><div class=\"col-md-12\"><article id=\"post-7893\" class=\"liquid-lp post-7893 post type-post status-publish format-standard has-post-thumbnail hentry category-congresos-seminaris-jornades tag-accions-performatives tag-rituals\"><figure class=\"liquid-lp-media \"  data-responsive-bg=\"true\" data-parallax=\"true\" data-parallax-options='{ \"parallaxBG\": true }'><a  href=\"https:\/\/www.ub.edu\/proyectomonastic\/workshop-pre-former-performer-sources-et-categories-pour-letude-de-la-performance-et-le-rituel-louvain-6-7-oct-2021\/\"><img width=\"667\" height=\"460\" src=\"data:image\/svg+xml;charset=utf-8,&lt;svg xmlns%3D&#039;http%3A%2F%2Fwww.w3.org%2F2000%2Fsvg&#039; viewBox%3D&#039;0 0  &#039;%2F&gt;\" class=\"attachment-liquid-default-blog size-liquid-default-blog ld-lazyload wp-post-image\" alt=\"\" loading=\"lazy\" data-src=\"https:\/\/www.ub.edu\/proyectomonastic\/wp-content\/uploads\/2021\/09\/Sources-perfomances-rituel-Moyen-Age-Lovaina-667x460.jpg\" data-aspect=\"\" srcset=\"\" \/><\/a><\/figure><header class=\"liquid-lp-header\">\n\t<h2 class=\"entry-title liquid-lp-title h4\"><a  href=\"https:\/\/www.ub.edu\/proyectomonastic\/workshop-pre-former-performer-sources-et-categories-pour-letude-de-la-performance-et-le-rituel-louvain-6-7-oct-2021\/\" rel=\"bookmark\">Workshop Pr\u00e9-former \/Performer. Sources et cat\u00e9gories pour l&#8217;\u00e9tude de la performance et le rituel (Louvain, 6-7 oct. 2021)<\/a><\/h2><\/header>\n\n\t\t\t<div class=\"liquid-lp-excerpt entry-summary mt-1\">\r\n\t\t\t\t<p>[vc_row][vc_column][vc_column_text] &nbsp; &nbsp; Jornada d&#8217;estudi organitzada pel projecte Monastic Landscapes (UB) i la Universit\u00e9 Catholique de Louvain (UCLouvain) que t\u00e9 l\u2019objectiu de posar en com\u00fa i analitzar les fonts documentals que permeten l\u2019estudi de la<\/p>\n\t\t\t<\/div><!-- \/.latest-post-excerpt -->\r\n\t\t\n<footer class=\"liquid-lp-footer\">\n\t<a href=\"https:\/\/www.ub.edu\/proyectomonastic\/workshop-pre-former-performer-sources-et-categories-pour-letude-de-la-performance-et-le-rituel-louvain-6-7-oct-2021\/\" class=\"btn font-weight-bold btn-naked liquid-lp-read-more\">\n\t\t<span>\n\t\t\t<span class=\"btn-txt\">Llegeix m\u00e9s<\/span>\n\t\t\t<span class=\"btn-icon\">\n\t\t\t\t<i class=\"fa fa-angle-right\"><\/i>\n\t\t\t<\/span>\n\t\t<\/span>\n\t<\/a>\n<\/footer>\n<\/article><\/div><div class=\"col-md-12\"><article id=\"post-7883\" class=\"liquid-lp post-7883 post type-post status-publish format-standard has-post-thumbnail hentry category-congresos-seminaris-jornades tag-antiguitat-tardana tag-espais-monastics tag-patristica\"><figure class=\"liquid-lp-media \"  data-responsive-bg=\"true\" data-parallax=\"true\" data-parallax-options='{ \"parallaxBG\": true }'><a  href=\"https:\/\/www.ub.edu\/proyectomonastic\/seminari-internacional-paisatges-patristics-s-iv-vii\/\"><img width=\"740\" height=\"460\" src=\"data:image\/svg+xml;charset=utf-8,&lt;svg xmlns%3D&#039;http%3A%2F%2Fwww.w3.org%2F2000%2Fsvg&#039; viewBox%3D&#039;0 0  &#039;%2F&gt;\" class=\"attachment-liquid-default-blog size-liquid-default-blog ld-lazyload wp-post-image\" alt=\"\" loading=\"lazy\" data-src=\"https:\/\/www.ub.edu\/proyectomonastic\/wp-content\/uploads\/2021\/09\/Seminari-Patristica-740x460.jpg\" data-aspect=\"\" srcset=\"\" \/><\/a><\/figure><header class=\"liquid-lp-header\">\n\t<h2 class=\"entry-title liquid-lp-title h4\"><a  href=\"https:\/\/www.ub.edu\/proyectomonastic\/seminari-internacional-paisatges-patristics-s-iv-vii\/\" rel=\"bookmark\">Seminari Internacional Paisatges Patr\u00edstics (S. IV-VII)<\/a><\/h2><\/header>\n\n\t\t\t<div class=\"liquid-lp-excerpt entry-summary mt-1\">\r\n\t\t\t\t<p>[vc_row][vc_column][vc_column_text] Vinculat al projecte Monastic Landscapes, organitzem aquest seminari internacional dirigit especialment als estudiants de doctorat que investiguen sobre aspectes eclesi\u00e0stics en el per\u00edode compr\u00e8s entre l\u2019Antiguitat Tardana i els inicis de l\u2019Edat Mitjana. El<\/p>\n\t\t\t<\/div><!-- \/.latest-post-excerpt -->\r\n\t\t\n<footer class=\"liquid-lp-footer\">\n\t<a href=\"https:\/\/www.ub.edu\/proyectomonastic\/seminari-internacional-paisatges-patristics-s-iv-vii\/\" class=\"btn font-weight-bold btn-naked liquid-lp-read-more\">\n\t\t<span>\n\t\t\t<span class=\"btn-txt\">Llegeix m\u00e9s<\/span>\n\t\t\t<span class=\"btn-icon\">\n\t\t\t\t<i class=\"fa fa-angle-right\"><\/i>\n\t\t\t<\/span>\n\t\t<\/span>\n\t<\/a>\n<\/footer>\n<\/article><\/div><div class=\"col-md-12\"><article id=\"post-7866\" class=\"liquid-lp post-7866 post type-post status-publish format-standard has-post-thumbnail hentry category-congresos-seminaris-jornades tag-arxius-monastics tag-edat-mitjana tag-ordes-religioses\"><figure class=\"liquid-lp-media \"  data-responsive-bg=\"true\" data-parallax=\"true\" data-parallax-options='{ \"parallaxBG\": true }'><a  href=\"https:\/\/www.ub.edu\/proyectomonastic\/participacio-al-congres-internacional-archivos-privados-y-conventos-jerez-2021\/\"><img width=\"643\" height=\"460\" src=\"data:image\/svg+xml;charset=utf-8,&lt;svg xmlns%3D&#039;http%3A%2F%2Fwww.w3.org%2F2000%2Fsvg&#039; viewBox%3D&#039;0 0  &#039;%2F&gt;\" class=\"attachment-liquid-default-blog size-liquid-default-blog ld-lazyload wp-post-image\" alt=\"\" loading=\"lazy\" data-src=\"https:\/\/www.ub.edu\/proyectomonastic\/wp-content\/uploads\/2021\/09\/Jornadas-Archivos-Privados-Monastic-Landscapes-643x460.jpg\" data-aspect=\"\" srcset=\"\" \/><\/a><\/figure><header class=\"liquid-lp-header\">\n\t<h2 class=\"entry-title liquid-lp-title h4\"><a  href=\"https:\/\/www.ub.edu\/proyectomonastic\/participacio-al-congres-internacional-archivos-privados-y-conventos-jerez-2021\/\" rel=\"bookmark\">Participaci\u00f3 al Congr\u00e9s Internacional Archivos privados y conventos (Jerez, 2021)<\/a><\/h2><\/header>\n\n\t\t\t<div class=\"liquid-lp-excerpt entry-summary mt-1\">\r\n\t\t\t\t<p>[vc_row][vc_column][vc_column_text] [\/vc_column_text][\/vc_column][\/vc_row][vc_row][vc_column][vc_column_text] &nbsp; [\/vc_column_text][\/vc_column][\/vc_row][vc_row][vc_column][vc_column_text] Una nodrida representaci\u00f3 de Paisatges Mon\u00e0stics van participar el passat 16-18 de juny 2021 en el Congr\u00e9s Internacional celebrat a Jerez de Frontera, Archivos privados y conventos, coorganitzat pel mateix projecte,<\/p>\n\t\t\t<\/div><!-- \/.latest-post-excerpt -->\r\n\t\t\n<footer class=\"liquid-lp-footer\">\n\t<a href=\"https:\/\/www.ub.edu\/proyectomonastic\/participacio-al-congres-internacional-archivos-privados-y-conventos-jerez-2021\/\" class=\"btn font-weight-bold btn-naked liquid-lp-read-more\">\n\t\t<span>\n\t\t\t<span class=\"btn-txt\">Llegeix m\u00e9s<\/span>\n\t\t\t<span class=\"btn-icon\">\n\t\t\t\t<i class=\"fa fa-angle-right\"><\/i>\n\t\t\t<\/span>\n\t\t<\/span>\n\t<\/a>\n<\/footer>\n<\/article><\/div><\/div><!--\/ .row --><div class=\"page-nav\"><nav aria-label=\"Page navigation\"><ul class=\"pagination\"><li><span aria-current=\"page\" class=\"page-numbers current\">1<\/span><\/li>\n\t<li><a class=\"page-numbers\" href=\"https:\/\/www.ub.edu\/proyectomonastic\/wp-json\/wp\/v2\/pages\/3634\/page\/2\/\">2<\/a><\/li>\n\t<li><a class=\"page-numbers\" href=\"https:\/\/www.ub.edu\/proyectomonastic\/wp-json\/wp\/v2\/pages\/3634\/page\/3\/\">3<\/a><\/li>\n\t<li><a class=\"next page-numbers\" href=\"https:\/\/www.ub.edu\/proyectomonastic\/wp-json\/wp\/v2\/pages\/3634\/page\/2\/\"><span aria-hidden=\"true\"><i class=\"fa fa-angle-right\"><\/i><\/span><\/a><\/li><\/ul><\/nav><\/div><\/div><!--\/ .liquid-blog-posts -->[\/vc_column][vc_column offset=&#8221;vc_col-md-offset-1 vc_col-md-3&#8243;][vc_widget_sidebar sidebar_id=&#8221;main&#8221;][\/vc_column][\/vc_row][vc_row][vc_column][vc_column_text]<\/p>\n<p>[\/vc_column_text][\/vc_column][\/vc_row]<\/p>\n","protected":false},"excerpt":{"rendered":"<p>[vc_row full_width=&#8221;stretch_row&#8221; css=&#8221;.vc_custom_1591173948768{background-color: #93aa48 !important;}&#8221;][vc_column][vc_empty_space height=&#8221;55px&#8221;][\/vc_column][\/vc_row][vc_row css=&#8221;.vc_custom_1540466790837{padding-top: 70px !important;padding-bottom: 80px !important;}&#8221;][vc_column offset=&#8221;vc_col-md-8&#8243;][\/vc_column][vc_column offset=&#8221;vc_col-md-offset-1 vc_col-md-3&#8243;][vc_widget_sidebar sidebar_id=&#8221;main&#8221;][\/vc_column][\/vc_row][vc_row][vc_column][vc_column_text] [\/vc_column_text][\/vc_column][\/vc_row]<\/p>\n","protected":false},"author":1,"featured_media":0,"parent":0,"menu_order":0,"comment_status":"closed","ping_status":"closed","template":"","meta":[],"_links":{"self":[{"href":"https:\/\/www.ub.edu\/proyectomonastic\/wp-json\/wp\/v2\/pages\/3634"}],"collection":[{"href":"https:\/\/www.ub.edu\/proyectomonastic\/wp-json\/wp\/v2\/pages"}],"about":[{"href":"https:\/\/www.ub.edu\/proyectomonastic\/wp-json\/wp\/v2\/types\/page"}],"author":[{"embeddable":true,"href":"https:\/\/www.ub.edu\/proyectomonastic\/wp-json\/wp\/v2\/users\/1"}],"replies":[{"embeddable":true,"href":"https:\/\/www.ub.edu\/proyectomonastic\/wp-json\/wp\/v2\/comments?post=3634"}],"version-history":[{"count":10,"href":"https:\/\/www.ub.edu\/proyectomonastic\/wp-json\/wp\/v2\/pages\/3634\/revisions"}],"predecessor-version":[{"id":7697,"href":"https:\/\/www.ub.edu\/proyectomonastic\/wp-json\/wp\/v2\/pages\/3634\/revisions\/7697"}],"wp:attachment":[{"href":"https:\/\/www.ub.edu\/proyectomonastic\/wp-json\/wp\/v2\/media?parent=3634"}],"curies":[{"name":"wp","href":"https:\/\/api.w.org\/{rel}","templated":true}]}}