{"id":51,"date":"2020-05-11T11:41:24","date_gmt":"2020-05-11T11:41:24","guid":{"rendered":"https:\/\/ub.edu\/proyectomonastic\/?page_id=51"},"modified":"2021-02-19T10:30:44","modified_gmt":"2021-02-19T10:30:44","slug":"cartografia-de-la-materialitat","status":"publish","type":"page","link":"https:\/\/www.ub.edu\/proyectomonastic\/cartografia-de-la-materialitat\/","title":{"rendered":"CARTOGRAFIA DE LA MATERIALITAT"},"content":{"rendered":"<p>[vc_row css=&#8221;.vc_custom_1591167146501{background-color: #93aa48 !important;}&#8221;][vc_column][vc_empty_space height=&#8221;55px&#8221;][\/vc_column][\/vc_row][vc_row css=&#8221;.vc_custom_1589532798682{padding-top: 90px !important;padding-bottom: 0px !important;}&#8221;][vc_column enable_content_animation=&#8221;yes&#8221; ca_init_scale_x=&#8221;1&#8243; ca_init_scale_y=&#8221;1&#8243; ca_init_scale_z=&#8221;1&#8243; ca_init_opacity=&#8221;1&#8243; ca_an_scale_x=&#8221;1&#8243; ca_an_scale_y=&#8221;1&#8243; ca_an_scale_z=&#8221;1&#8243; ca_an_opacity=&#8221;1&#8243; align=&#8221;text-left&#8221; offset=&#8221;vc_col-md-offset-2 vc_col-md-8&#8243; ca_duration=&#8221;1200&#8243; ca_delay=&#8221;180&#8243; ca_init_translate_y=&#8221;73&#8243;]<\/p>\n<style>.ld_fancy_heading_69fa0f841f88a h2{font-size:30px;line-height:1.222em;color:rgb(0, 0, 0);}.ld_fancy_heading_69fa0f841f88a .lqd-highlight-inner{height:0.275em;bottom:0px;}<\/style><div class=\"ld-fancy-heading mask-text ld_fancy_heading_69fa0f841f88a\">\r\n\t<h2 class=\"lqd-highlight-underline lqd-highlight-grow-left\" data-split-text=\"true\" data-custom-animations=\"true\" data-ca-options='{\"triggerHandler\":\"inview\",\"animationTarget\":\".lqd-lines .split-inner\",\"duration\":700,\"delay\":100,\"easing\":\"easeOutQuint\",\"direction\":\"forward\",\"initValues\":{\"scale\":1},\"animations\":{\"scale\":1}}' data-split-options='{\"type\":\"lines\"}'><span class=\"ld-fh-txt\"> <span style=\"color: #93aa48\"><strong>CARTOGRAFIA DE LA MATERIALITAT<\/strong><\/span>: Biblioteca Virtual D\u2019artefactes<\/span><\/h2><\/div>\n<p>[\/vc_column][\/vc_row][vc_row css=&#8221;.vc_custom_1589532858818{padding-top: 30px !important;padding-bottom: 10px !important;}&#8221;][vc_column enable_content_animation=&#8221;yes&#8221; ca_init_scale_x=&#8221;1&#8243; ca_init_scale_y=&#8221;1&#8243; ca_init_scale_z=&#8221;1&#8243; ca_init_opacity=&#8221;1&#8243; ca_an_scale_x=&#8221;1&#8243; ca_an_scale_y=&#8221;1&#8243; ca_an_scale_z=&#8221;1&#8243; ca_an_opacity=&#8221;1&#8243; align=&#8221;text-left&#8221; offset=&#8221;vc_col-md-offset-2 vc_col-md-8&#8243; ca_duration=&#8221;1200&#8243; ca_delay=&#8221;180&#8243; ca_init_translate_y=&#8221;73&#8243;][vc_column_text]<span style=\"font-size: 18px;\"><strong>Inventariarem i estudiarem, reproduirem en 3D i identificarem l\u2019origen dels materials recuperats en intervencions arqueol\u00f2giques en monestirs de diferents per\u00edodes. Visualitzarem sobre una cartografia digital espec\u00edfica, els vincles entre diferents territoris de la Mediterr\u00e0nia.<\/strong><\/span><\/p>\n<figure id=\"attachment_7726\" aria-describedby=\"caption-attachment-7726\" style=\"width: 567px\" class=\"wp-caption alignnone\"><img loading=\"lazy\" class=\"size-full wp-image-7726\" src=\"https:\/\/www.ub.edu\/proyectomonastic\/wp-content\/uploads\/2021\/02\/fitxas-bbdd-reconstruccio-3d-artefacte-ceramic-paisatges-monastics.jpg\" alt=\"\" width=\"567\" height=\"813\" srcset=\"https:\/\/www.ub.edu\/proyectomonastic\/wp-content\/uploads\/2021\/02\/fitxas-bbdd-reconstruccio-3d-artefacte-ceramic-paisatges-monastics.jpg 567w, https:\/\/www.ub.edu\/proyectomonastic\/wp-content\/uploads\/2021\/02\/fitxas-bbdd-reconstruccio-3d-artefacte-ceramic-paisatges-monastics-209x300.jpg 209w\" sizes=\"(max-width: 567px) 100vw, 567px\" \/><figcaption id=\"caption-attachment-7726\" class=\"wp-caption-text\">Fitxes de la base de dades i reconstrucci\u00f3 en 3D d&#8217;un artefacte cer\u00e0mic<\/figcaption><\/figure>\n<p>Les intervencions arqueol\u00f2giques posen al descobert les estructures que conformaren els espais caracter\u00edstics d\u2019un determinat jaciment i els canvis que s\u2019hi produ\u00efren al llarg del temps. En les excavacions que portem a terme en establiments mon\u00e0stics, podem comprendre com s\u2019organitzaren els diferents \u00e0mbits dins del monestir i la relaci\u00f3 que establiren amb el seu entorn, aix\u00ed com la seva evoluci\u00f3 durant el per\u00edode en que estigueren actius. Juntament amb aquestes estructures, recuperem materials que ens ajuden a establir les datacions dels diferents estrats i ens faciliten la interpretaci\u00f3 dels espais i els seus usos. Aquests materials poden ser de diferent naturalesa, des de produccions cer\u00e0miques fins objectes de metall, passant per vidres, materials l\u00edtics, objectes d\u2019os o fins i tot restes de fauna i de vegetaci\u00f3. Tots ells ens permeten establir les condicions de vida dels habitants d\u2019aquell lloc. Alguns objectes els identifiquem com a produccions locals o properes al jaciment, identifiquem les mat\u00e8ries primeres disponibles a l\u2019entorn i els classifiquem segons tipologia i t\u00e8cnica de producci\u00f3. Altres provenen de zones m\u00e9s allunyades, generalment dins l\u2019\u00e0mbit de la Mediterr\u00e0nia occidental i oriental per a les nostres cronologies.<\/p>\n<p>L\u2019origen d\u2019aquets materials denota un cert flux d\u2019intercanvis&nbsp; comercials que varia al llarg del temps i ens indica vincles i relacions que depassen la materialitat, ja que all\u00e0 on arriben els objectes tamb\u00e9 hi solen arribar les idees.<\/p>\n<figure id=\"attachment_7727\" aria-describedby=\"caption-attachment-7727\" style=\"width: 1200px\" class=\"wp-caption alignnone\"><img loading=\"lazy\" class=\"size-full wp-image-7727\" src=\"https:\/\/www.ub.edu\/proyectomonastic\/wp-content\/uploads\/2021\/02\/Estudi-de-materials-laborattori-arqueologia-medieval-LAMUB-paisatges-monastics.jpg\" alt=\"\" width=\"1200\" height=\"438\" srcset=\"https:\/\/www.ub.edu\/proyectomonastic\/wp-content\/uploads\/2021\/02\/Estudi-de-materials-laborattori-arqueologia-medieval-LAMUB-paisatges-monastics.jpg 1200w, https:\/\/www.ub.edu\/proyectomonastic\/wp-content\/uploads\/2021\/02\/Estudi-de-materials-laborattori-arqueologia-medieval-LAMUB-paisatges-monastics-300x110.jpg 300w, https:\/\/www.ub.edu\/proyectomonastic\/wp-content\/uploads\/2021\/02\/Estudi-de-materials-laborattori-arqueologia-medieval-LAMUB-paisatges-monastics-1024x374.jpg 1024w\" sizes=\"(max-width: 1200px) 100vw, 1200px\" \/><figcaption id=\"caption-attachment-7727\" class=\"wp-caption-text\">Treballs d&#8217;estudi de materials al Laboratori d&#8217;Arqueologia Medieval (LAMUB)<\/figcaption><\/figure>\n<p>Aquests motius s\u00f3n els que ens han portat a tirar endavant la iniciativa de realitzar una biblioteca virtual d\u2019artefactes procedents de les campanyes arqueol\u00f2giques que, des de fa anys estem portant a terme. Es tracta d\u2019una bases de dades en la que, juntament amb la identificaci\u00f3 i dataci\u00f3 de les peces triades, indicarem la seva provinen\u00e7a i realitzarem reconstruccions en 3D de les peces senceres, a partir dels fragments i d\u2019altres exemplars o paral\u00b7lels que puguem localitzar en museus, cat\u00e0legs i inventaris. Aix\u00ed mateix mostrarem el dibuix de cada fragment i la seva representaci\u00f3 fotogram\u00e8trica.<\/p>\n<p>Finalment bolcarem la informaci\u00f3 de provinen\u00e7a en un sistema d\u2019informaci\u00f3 geogr\u00e0fica i generarem mapes dels fluxos d\u2019intercanvis que es produ\u00efren entre els nostres jaciments i les diferents zones de provinen\u00e7a dels artefactes. Aix\u00f2 ens permetr\u00e0 veure la intensitat d\u2019aquestes relacions i les variacions que es produ\u00efren al llarg del temps. La informaci\u00f3 elaborada la presentarem en format obert a trav\u00e9s de la xarxa on es podr\u00e0 consultar tant la base de dades com la cartografia que generem.[\/vc_column_text][\/vc_column][\/vc_row][vc_row content_placement=&#8221;middle&#8221; css=&#8221;.vc_custom_1589533823191{padding-top: 40px !important;}&#8221;][vc_column width=&#8221;1\/4&#8243;][vc_single_image image=&#8221;6846&#8243; img_size=&#8221;full&#8221; alignment=&#8221;center&#8221; image_max_width=&#8221;150px&#8221;][\/vc_column][vc_column width=&#8221;1\/4&#8243;][vc_single_image image=&#8221;6847&#8243; img_size=&#8221;full&#8221; image_max_width=&#8221;200&#8243;][\/vc_column][vc_column width=&#8221;1\/4&#8243;][vc_single_image image=&#8221;6854&#8243; img_size=&#8221;full&#8221; alignment=&#8221;center&#8221; image_max_width=&#8221;250px&#8221;][\/vc_column][vc_column width=&#8221;1\/4&#8243;][vc_single_image image=&#8221;7253&#8243; img_size=&#8221;full&#8221; alignment=&#8221;center&#8221; image_max_width=&#8221;200px&#8221;][\/vc_column][\/vc_row][vc_row][vc_column][vc_column_text]<\/p>\n<p>[\/vc_column_text][\/vc_column][\/vc_row]<\/p>\n","protected":false},"excerpt":{"rendered":"<p>[vc_row css=&#8221;.vc_custom_1591167146501{background-color: #93aa48 !important;}&#8221;][vc_column][vc_empty_space height=&#8221;55px&#8221;][\/vc_column][\/vc_row][vc_row css=&#8221;.vc_custom_1589532798682{padding-top: 90px !important;padding-bottom: 0px !important;}&#8221;][vc_column enable_content_animation=&#8221;yes&#8221; ca_init_scale_x=&#8221;1&#8243; ca_init_scale_y=&#8221;1&#8243; ca_init_scale_z=&#8221;1&#8243; ca_init_opacity=&#8221;1&#8243;&#8230;<\/p>\n","protected":false},"author":1,"featured_media":0,"parent":0,"menu_order":0,"comment_status":"closed","ping_status":"closed","template":"","meta":[],"_links":{"self":[{"href":"https:\/\/www.ub.edu\/proyectomonastic\/wp-json\/wp\/v2\/pages\/51"}],"collection":[{"href":"https:\/\/www.ub.edu\/proyectomonastic\/wp-json\/wp\/v2\/pages"}],"about":[{"href":"https:\/\/www.ub.edu\/proyectomonastic\/wp-json\/wp\/v2\/types\/page"}],"author":[{"embeddable":true,"href":"https:\/\/www.ub.edu\/proyectomonastic\/wp-json\/wp\/v2\/users\/1"}],"replies":[{"embeddable":true,"href":"https:\/\/www.ub.edu\/proyectomonastic\/wp-json\/wp\/v2\/comments?post=51"}],"version-history":[{"count":10,"href":"https:\/\/www.ub.edu\/proyectomonastic\/wp-json\/wp\/v2\/pages\/51\/revisions"}],"predecessor-version":[{"id":7729,"href":"https:\/\/www.ub.edu\/proyectomonastic\/wp-json\/wp\/v2\/pages\/51\/revisions\/7729"}],"wp:attachment":[{"href":"https:\/\/www.ub.edu\/proyectomonastic\/wp-json\/wp\/v2\/media?parent=51"}],"curies":[{"name":"wp","href":"https:\/\/api.w.org\/{rel}","templated":true}]}}