{"id":584,"date":"2018-07-26T12:45:09","date_gmt":"2018-07-26T12:45:09","guid":{"rendered":"http:\/\/original.liquid-themes.com\/?page_id=584"},"modified":"2020-09-29T15:48:30","modified_gmt":"2020-09-29T15:48:30","slug":"sobre-paisatges-monastics","status":"publish","type":"page","link":"https:\/\/www.ub.edu\/proyectomonastic\/sobre-paisatges-monastics\/","title":{"rendered":"SOBRE PAISATGES MON\u00c0STICS"},"content":{"rendered":"<p>[vc_row full_width=&#8221;stretch_row&#8221; gap=&#8221;35&#8243; css=&#8221;.vc_custom_1591349050913{background-color: #93aa48 !important;}&#8221;][vc_column][vc_empty_space height=&#8221;55px&#8221; css=&#8221;.vc_custom_1591110597740{background-color: #93aa48 !important;}&#8221;][\/vc_column][\/vc_row][vc_row css=&#8221;.vc_custom_1591109291658{padding-top: 50px !important;padding-bottom: 0px !important;}&#8221;][vc_column enable_content_animation=&#8221;yes&#8221; ca_init_scale_x=&#8221;1&#8243; ca_init_scale_y=&#8221;1&#8243; ca_init_scale_z=&#8221;1&#8243; ca_init_opacity=&#8221;1&#8243; ca_an_scale_x=&#8221;1&#8243; ca_an_scale_y=&#8221;1&#8243; ca_an_scale_z=&#8221;1&#8243; ca_an_opacity=&#8221;1&#8243; align=&#8221;text-left&#8221; offset=&#8221;vc_col-md-offset-2 vc_col-md-8&#8243; ca_duration=&#8221;1200&#8243; ca_delay=&#8221;180&#8243; ca_init_translate_y=&#8221;73&#8243;]<\/p>\n<style>.ld_fancy_heading_69f6dad9535a5 h2{font-size:30px;line-height:1.222em;color:rgb(0, 0, 0);}.ld_fancy_heading_69f6dad9535a5 .lqd-highlight-inner{height:0.275em;bottom:0px;}<\/style><div class=\"ld-fancy-heading mask-text ld_fancy_heading_69f6dad9535a5\">\r\n\t<h2 class=\"lqd-highlight-underline lqd-highlight-grow-left\" data-split-text=\"true\" data-custom-animations=\"true\" data-ca-options='{\"triggerHandler\":\"inview\",\"animationTarget\":\".lqd-lines .split-inner\",\"duration\":700,\"delay\":100,\"easing\":\"easeOutQuint\",\"direction\":\"forward\",\"initValues\":{\"scale\":1},\"animations\":{\"scale\":1}}' data-split-options='{\"type\":\"lines\"}'><span class=\"ld-fh-txt\"> <span style=\"color: #93aa48\"><em><strong>Paisatges mon\u00e0stics<\/strong><\/em><\/span> \u00e9s un projecte multidisciplinari d\u2019Humanitats Digitals que avan\u00e7a en el coneixement dels contextos mon\u00e0stics medievals al Mediterrani Occidental.<\/span><\/h2><\/div>\n<p>[\/vc_column][\/vc_row][vc_row css=&#8221;.vc_custom_1589532858818{padding-top: 30px !important;padding-bottom: 10px !important;}&#8221;][vc_column enable_content_animation=&#8221;yes&#8221; ca_init_scale_x=&#8221;1&#8243; ca_init_scale_y=&#8221;1&#8243; ca_init_scale_z=&#8221;1&#8243; ca_init_opacity=&#8221;1&#8243; ca_an_scale_x=&#8221;1&#8243; ca_an_scale_y=&#8221;1&#8243; ca_an_scale_z=&#8221;1&#8243; ca_an_opacity=&#8221;1&#8243; align=&#8221;text-left&#8221; offset=&#8221;vc_col-md-offset-2 vc_col-md-8&#8243; ca_duration=&#8221;1200&#8243; ca_delay=&#8221;180&#8243; ca_init_translate_y=&#8221;73&#8243;][vc_column_text]<span style=\"color: #737782; font-size: 17px; line-height: 20px;\">Partim de l\u2019experi\u00e8ncia acumulada en projectes anteriors <a href=\"http:\/\/www.ub.edu\/claustra\/eng\" target=\"_blank\" rel=\"noopener noreferrer\"><span style=\"color: #93aa48;\"><strong>Claustra<\/strong><\/span><\/a> i <a href=\"http:\/\/www.ub.edu\/proyectopaisajes\/index.php\/es\/\" target=\"_blank\" rel=\"noopener noreferrer\"><strong><span style=\"color: #93aa48;\">Paisatges Espirituals<\/span><\/strong><\/a> i de la potencialitat de la perspectiva espacial (spatial turn) desenvolupada, obrint-nos a nous reptes: <\/span><\/p>\n<p style=\"padding-left: 40px;\"><span style=\"color: #737782; font-size: 17px; line-height: 20px;\">\u2022 Abordem el paisatge mon\u00e0stic a trav\u00e9s de l\u2019estudi de la <strong>materialitat<\/strong> en la seva complexitat (objectes i usos, interaccions amb els actors i en el seu espai). <\/span><\/p>\n<p style=\"padding-left: 40px;\"><span style=\"color: #737782; font-size: 17px; line-height: 20px;\">\u2022 Prioritzem la recerca basada en sistemes innovadors de <strong>representaci\u00f3<\/strong> i <strong>virtualitzaci\u00f3<\/strong>. <\/span><\/p>\n<p><span style=\"color: #737782; font-size: 17px; line-height: 20px;\">On l\u2019espai \u00e9s a m\u00e9s: <\/span><\/p>\n<p style=\"padding-left: 40px;\"><span style=\"color: #737782; font-size: 17px; line-height: 20px;\">\u2022 punt de trobada entre all\u00f2 material i all\u00f2 espiritual <\/span><\/p>\n<p style=\"padding-left: 40px;\"><span style=\"color: #737782; font-size: 17px; line-height: 20px;\">\u2022 punt de visualitzaci\u00f3 de les relacions sexuades de poder i socioecon\u00f2miques del fenomen mon\u00e0stic. <\/span><\/p>\n<p>&nbsp;<\/p>\n<p><span style=\"color: #737782; font-size: 17px; line-height: 20px;\"><em><strong><span style=\"color: #93aa48;\">Paisatges mon\u00e0stics<\/span><\/strong><\/em> s\u2019articula en quatre l\u00ednies de recerca: <\/span><\/p>\n<p style=\"padding-left: 40px;\"><span style=\"color: #737782; font-size: 17px; line-height: 20px;\">\u2022 Cartografia de la materialitat: biblioteca virtual d\u2019artefactes <\/span><\/p>\n<p style=\"padding-left: 40px;\"><span style=\"color: #737782; font-size: 17px; line-height: 20px;\">\u2022 Paisatges urbans intangibles: cartografia mon\u00e0stica <\/span><\/p>\n<p style=\"padding-left: 40px;\"><span style=\"color: #737782; font-size: 17px; line-height: 20px;\">\u2022<\/span><span style=\"color: #737782; font-size: 17px; line-height: 20px;\"> El paisatge viscut: topografia dels objectes <\/span><\/p>\n<p style=\"padding-left: 40px;\"><span style=\"color: #737782; font-size: 17px; line-height: 20px;\">\u2022 Materialitats ef\u00edmeres: performances i recreacions <\/span><\/p>\n<p>&nbsp;<\/p>\n<p><span style=\"color: #737782; font-size: 17px; line-height: 20px;\">La producci\u00f3 cient\u00edfica que sorgeixi de cada l\u00ednia de recerca, tindr\u00e0 una vessant digital que es concretar\u00e0 en diferents productes (cartografies, topografies, bases de dades&#8230;) i en publicacions i altres activitats cient\u00edfiques. La difusi\u00f3 de les nostres activitats la realitzarem a trav\u00e9s de les not\u00edcies i de les xarxes socials.<\/span>[\/vc_column_text][\/vc_column][\/vc_row][vc_row content_placement=&#8221;middle&#8221; css=&#8221;.vc_custom_1589533823191{padding-top: 40px !important;}&#8221;][vc_column width=&#8221;1\/4&#8243;][vc_single_image image=&#8221;6846&#8243; img_size=&#8221;full&#8221; alignment=&#8221;center&#8221; image_max_width=&#8221;150px&#8221;][\/vc_column][vc_column width=&#8221;1\/4&#8243;][vc_single_image image=&#8221;6847&#8243; img_size=&#8221;full&#8221; image_max_width=&#8221;200&#8243;][\/vc_column][vc_column width=&#8221;1\/4&#8243;][vc_single_image image=&#8221;6854&#8243; img_size=&#8221;full&#8221; alignment=&#8221;center&#8221; image_max_width=&#8221;250px&#8221;][\/vc_column][vc_column width=&#8221;1\/4&#8243;][vc_single_image image=&#8221;7253&#8243; img_size=&#8221;full&#8221; alignment=&#8221;center&#8221; image_max_width=&#8221;200px&#8221;][\/vc_column][\/vc_row][vc_row][vc_column][vc_column_text]<\/p>\n<div class=\"boldgrid-section\">\n<div class=\"container\">\n<div class=\"row\">\n<div class=\"col-md-12 col-xs-12 col-sm-12\">\n<p>[\/vc_column_text][\/vc_column][\/vc_row][vc_row][vc_column][vc_column_text]<\/p>\n<\/div>\n<\/div>\n<\/div>\n<\/div>\n<div class=\"boldgrid-section\">\n<div class=\"container\">\n<div class=\"row\">\n<div class=\"col-md-12 col-xs-12 col-sm-12\">\n<p>[\/vc_column_text][\/vc_column][\/vc_row][vc_row][vc_column][vc_column_text]<\/p>\n<\/div>\n<\/div>\n<\/div>\n<\/div>\n<p>[\/vc_column_text][\/vc_column][\/vc_row]<\/p>\n","protected":false},"excerpt":{"rendered":"<p>[vc_row full_width=&#8221;stretch_row&#8221; gap=&#8221;35&#8243; css=&#8221;.vc_custom_1591349050913{background-color: #93aa48 !important;}&#8221;][vc_column][vc_empty_space height=&#8221;55px&#8221; css=&#8221;.vc_custom_1591110597740{background-color: #93aa48 !important;}&#8221;][\/vc_column][\/vc_row][vc_row css=&#8221;.vc_custom_1591109291658{padding-top: 50px !important;padding-bottom: 0px !important;}&#8221;][vc_column&#8230;<\/p>\n","protected":false},"author":1,"featured_media":0,"parent":0,"menu_order":0,"comment_status":"closed","ping_status":"closed","template":"","meta":[],"_links":{"self":[{"href":"https:\/\/www.ub.edu\/proyectomonastic\/wp-json\/wp\/v2\/pages\/584"}],"collection":[{"href":"https:\/\/www.ub.edu\/proyectomonastic\/wp-json\/wp\/v2\/pages"}],"about":[{"href":"https:\/\/www.ub.edu\/proyectomonastic\/wp-json\/wp\/v2\/types\/page"}],"author":[{"embeddable":true,"href":"https:\/\/www.ub.edu\/proyectomonastic\/wp-json\/wp\/v2\/users\/1"}],"replies":[{"embeddable":true,"href":"https:\/\/www.ub.edu\/proyectomonastic\/wp-json\/wp\/v2\/comments?post=584"}],"version-history":[{"count":10,"href":"https:\/\/www.ub.edu\/proyectomonastic\/wp-json\/wp\/v2\/pages\/584\/revisions"}],"predecessor-version":[{"id":7255,"href":"https:\/\/www.ub.edu\/proyectomonastic\/wp-json\/wp\/v2\/pages\/584\/revisions\/7255"}],"wp:attachment":[{"href":"https:\/\/www.ub.edu\/proyectomonastic\/wp-json\/wp\/v2\/media?parent=584"}],"curies":[{"name":"wp","href":"https:\/\/api.w.org\/{rel}","templated":true}]}}