{"id":60,"date":"2020-05-11T11:42:30","date_gmt":"2020-05-11T11:42:30","guid":{"rendered":"https:\/\/ub.edu\/proyectomonastic\/?page_id=60"},"modified":"2022-04-11T08:24:02","modified_gmt":"2022-04-11T08:24:02","slug":"materialitats-efimeres","status":"publish","type":"page","link":"https:\/\/www.ub.edu\/proyectomonastic\/materialitats-efimeres\/","title":{"rendered":"MATERIALITATS EF\u00cdMERES"},"content":{"rendered":"<p>[vc_row][vc_column][vc_column_text]<\/p>\n<div class=\"boldgrid-section\">\n<div class=\"container\">\n<div class=\"row\">\n<div class=\"col-md-12 col-xs-12 col-sm-12\">\n<p>[\/vc_column_text][\/vc_column][\/vc_row][vc_row css=&#8221;.vc_custom_1591171321728{background-color: #93aa48 !important;}&#8221;][vc_column][vc_empty_space height=&#8221;55px&#8221;][\/vc_column][\/vc_row][vc_row css=&#8221;.vc_custom_1589532798682{padding-top: 90px !important;padding-bottom: 0px !important;}&#8221;][vc_column enable_content_animation=&#8221;yes&#8221; ca_init_scale_x=&#8221;1&#8243; ca_init_scale_y=&#8221;1&#8243; ca_init_scale_z=&#8221;1&#8243; ca_init_opacity=&#8221;1&#8243; ca_an_scale_x=&#8221;1&#8243; ca_an_scale_y=&#8221;1&#8243; ca_an_scale_z=&#8221;1&#8243; ca_an_opacity=&#8221;1&#8243; align=&#8221;text-left&#8221; offset=&#8221;vc_col-md-offset-2 vc_col-md-8&#8243; ca_duration=&#8221;1200&#8243; ca_delay=&#8221;180&#8243; ca_init_translate_y=&#8221;73&#8243;]<\/p>\n<style>.ld_fancy_heading_69e9c4e8e30e1 h2{font-size:30px;line-height:1.222em;color:rgb(0, 0, 0);}.ld_fancy_heading_69e9c4e8e30e1 .lqd-highlight-inner{height:0.275em;bottom:0px;}<\/style><div class=\"ld-fancy-heading mask-text ld_fancy_heading_69e9c4e8e30e1\">\r\n\t<h2 class=\"lqd-highlight-underline lqd-highlight-grow-left\" data-split-text=\"true\" data-custom-animations=\"true\" data-ca-options='{\"triggerHandler\":\"inview\",\"animationTarget\":\".lqd-lines .split-inner\",\"duration\":700,\"delay\":100,\"easing\":\"easeOutQuint\",\"direction\":\"forward\",\"initValues\":{\"scale\":1},\"animations\":{\"scale\":1}}' data-split-options='{\"type\":\"lines\"}'><span class=\"ld-fh-txt\"> <span style=\"color: #93aa48\"><strong>MATERIALITATS EF\u00cdMERES: <\/strong><\/span><em>performances <\/em>i recreacions<\/span><\/h2><\/div>\n<p>[\/vc_column][\/vc_row][vc_row css=&#8221;.vc_custom_1589532858818{padding-top: 30px !important;padding-bottom: 10px !important;}&#8221;][vc_column enable_content_animation=&#8221;yes&#8221; ca_init_scale_x=&#8221;1&#8243; ca_init_scale_y=&#8221;1&#8243; ca_init_scale_z=&#8221;1&#8243; ca_init_opacity=&#8221;1&#8243; ca_an_scale_x=&#8221;1&#8243; ca_an_scale_y=&#8221;1&#8243; ca_an_scale_z=&#8221;1&#8243; ca_an_opacity=&#8221;1&#8243; align=&#8221;text-left&#8221; offset=&#8221;vc_col-md-offset-2 vc_col-md-8&#8243; ca_duration=&#8221;1200&#8243; ca_delay=&#8221;180&#8243; ca_init_translate_y=&#8221;73&#8243;][vc_column_text]<span style=\"font-size: 18px;\"><strong>Cercarem i catalogarem, estudiarem i recrearem&nbsp;les pr\u00e0ctiques devocionals, commemoratives, les representacions lit\u00fargiques i els rituals mon\u00e0stics a partir de documentaci\u00f3 mon\u00e0stica (llibres lit\u00fargics i documents d\u2019arxiu). Produirem i gravarem una representaci\u00f3 d\u2019un d\u2019aquests actes.<\/strong><\/span><\/p>\n<p class=\"\"><span style=\"font-size: 16px;\"><strong><a href=\"https:\/\/www.ub.edu\/proyectomonastic\/base-de-dades-de-les-performances\/\">ACC\u00c9S A LA VISUALITZACI\u00d3 DE LA BASE DE DADES.<\/a><\/strong><\/span><\/p>\n<p><img loading=\"lazy\" class=\"alignnone size-full wp-image-7721\" src=\"https:\/\/www.ub.edu\/proyectomonastic\/wp-content\/uploads\/2021\/02\/Ritual-uso-de-un-convento-declarisas.-Bibliotea-de-Catalunya-paisatges-monastics.jpg\" alt=\"\" width=\"872\" height=\"1230\" srcset=\"https:\/\/www.ub.edu\/proyectomonastic\/wp-content\/uploads\/2021\/02\/Ritual-uso-de-un-convento-declarisas.-Bibliotea-de-Catalunya-paisatges-monastics.jpg 872w, https:\/\/www.ub.edu\/proyectomonastic\/wp-content\/uploads\/2021\/02\/Ritual-uso-de-un-convento-declarisas.-Bibliotea-de-Catalunya-paisatges-monastics-213x300.jpg 213w, https:\/\/www.ub.edu\/proyectomonastic\/wp-content\/uploads\/2021\/02\/Ritual-uso-de-un-convento-declarisas.-Bibliotea-de-Catalunya-paisatges-monastics-726x1024.jpg 726w\" sizes=\"(max-width: 872px) 100vw, 872px\" \/><span style=\"font-size: 12px;\">Ritual per a \u00fas d&#8217;un convent de clarisses. Biblioteca de Catalunya, Ms. 865, f. 5<\/span><\/p>\n<p>En aquesta l\u00ednia d\u2019investigaci\u00f3 abordem la cultura material i la topografia mon\u00e0stica des de la centralitat de les <em>performances<\/em> i des de la dimensi\u00f3 performativa d\u2019algunes de les pr\u00e0ctiques (lit\u00fargiques, devocionals, commemoratives, legals) descobertes a l\u2019interior del monestir o en relaci\u00f3 a les comunitats mon\u00e0stiques (dins i fora). L\u2019inter\u00e8s per la performance ha portat al desenvolupament de tot un camp interdisciplinari (art, antropologia, literatura, teatre, <em>gender studies<\/em>, lit\u00fargia&#8230;) que ofereix un marc interpretatiu molt suggeridor per als estudis medievals. El context medieval i de manera particular el context mon\u00e0stic ofereix un entorn privilegiat: des dels drames religiosos, representacions o misteris, els rituals, a les processons en una festivat concreta. La performance pot descriure\u2019s de manera concreta com la representaci\u00f3 d\u2019una cerim\u00f2nia, ritual, drama u obra de m\u00fasica o dansa. O, de manera gen\u00e8rica, com tota acci\u00f3 amb una dimensi\u00f3 \u201cp\u00fablica\u201d, davant una audi\u00e8ncia, i amb capacitat transformadora tant per als \u201cactors\u201d com per l\u2019\u201caudi\u00e8ncia\u201d. Tant en un sentit com en l\u2019altra es posa en primer pla, com suggereix Elina Gerstman, les possibilitats de relacionar el teatre medieval, les imatges, els textos, els objectes i les pr\u00e0ctiques de veure, llegir, escoltar, cantar i representar. Altres autors han emfasitzat la seva liminalitat, la seva potencialitat per crear i superar barreres, de resistir l\u2019autoritat i definir identitats; i, d\u2019aqu\u00ed la possibilitat de descobrir i significar, en aquests contextos performatius, l\u2019<em>agency<\/em> de les comunitats mon\u00e0stiques femenines a l\u2019hora de crear i desenvolupar aspectes originals de la seva viv\u00e8ncia del temps lit\u00fargic i comunitari.<\/p>\n<p>Volem, en relaci\u00f3 a l\u2019altra l\u00ednia de investigaci\u00f3 \u201cEl paisatge viscut: topografia dels objectes\u201d, vincular alguns dels objectes dels inventaris de sagristia i de convent del monestir de Sant Antoni i Santa Clara de Barcelona a aquest ventall de representacions, rituals i processons. Des d\u2019objectes lit\u00fargics (creus, calzes, ornaments de l\u2019altar, vestimenta) a tota una materialitat ef\u00edmera (\u201cneules\u201d de paper, ales d\u2019\u00e0ngels, barbes i cabelleres&#8230;) que prenen el seu sentit en el context performatiu que volem significar en aquesta l\u00ednia.<\/p>\n<figure id=\"attachment_7293\" aria-describedby=\"caption-attachment-7293\" style=\"width: 995px\" class=\"wp-caption alignnone\"><img loading=\"lazy\" class=\"wp-image-7293 size-full\" src=\"https:\/\/www.ub.edu\/proyectomonastic\/wp-content\/uploads\/2020\/10\/Psalter-paisatges-monastics_02.jpg\" alt=\"Psalter\" width=\"995\" height=\"647\" srcset=\"https:\/\/www.ub.edu\/proyectomonastic\/wp-content\/uploads\/2020\/10\/Psalter-paisatges-monastics_02.jpg 995w, https:\/\/www.ub.edu\/proyectomonastic\/wp-content\/uploads\/2020\/10\/Psalter-paisatges-monastics_02-300x195.jpg 300w\" sizes=\"(max-width: 995px) 100vw, 995px\" \/><figcaption id=\"caption-attachment-7293\" class=\"wp-caption-text\"><span style=\"font-size: 12px;\">Queen Mary Psalter. BL MS Royal 2 B VII, fol. 177<\/span><\/figcaption><\/figure>\n<div class=\"boldgrid-section\">\n<div class=\"container\">\n<div class=\"row\">\n<div class=\"col-md-12 col-xs-12 col-sm-12\">\n<p>D\u2019altra banda, volem centrar el nostre estudi en la cerca i la catalogaci\u00f3 d\u2019aquestes <em>perfomances<\/em> a partir del corpus de manuscrits i documents d\u2019arxiu, per analitzar el qui, en quin espai, davant quin p\u00fablic, quina vestimenta, quins objectes, quina m\u00fasica, quina gestualitat (entre d\u2019altres aspectes). Finalment, un aspecte essencial de la nostra investigaci\u00f3 culminar\u00e0 amb la recreaci\u00f3 (<em>re-enactment<\/em>) i representaci\u00f3 en el present d\u2019algunes d\u2019aquestes <em>performances<\/em>, davant d\u2019una audi\u00e8ncia no necess\u00e0riament especialitzada, que estimuli alhora la investigaci\u00f3 mateixa i sigui un mitj\u00e0 de difusi\u00f3 i de participaci\u00f3.<\/p>\n<\/div>\n<\/div>\n<\/div>\n<\/div>\n<p>[\/vc_column_text][\/vc_column][\/vc_row][vc_row content_placement=&#8221;middle&#8221; css=&#8221;.vc_custom_1589533823191{padding-top: 40px !important;}&#8221;][vc_column width=&#8221;1\/4&#8243;][vc_single_image image=&#8221;6846&#8243; img_size=&#8221;full&#8221; alignment=&#8221;center&#8221; image_max_width=&#8221;150px&#8221;][\/vc_column][vc_column width=&#8221;1\/4&#8243;][vc_single_image image=&#8221;6847&#8243; img_size=&#8221;full&#8221; image_max_width=&#8221;200&#8243;][\/vc_column][vc_column width=&#8221;1\/4&#8243;][vc_single_image image=&#8221;6854&#8243; img_size=&#8221;full&#8221; alignment=&#8221;center&#8221; image_max_width=&#8221;250px&#8221;][\/vc_column][vc_column width=&#8221;1\/4&#8243;][vc_single_image image=&#8221;7253&#8243; img_size=&#8221;full&#8221; alignment=&#8221;center&#8221; image_max_width=&#8221;200px&#8221;][\/vc_column][\/vc_row][vc_row][vc_column][vc_column_text]<\/p>\n<p>[\/vc_column_text][\/vc_column][\/vc_row][vc_row][vc_column][vc_column_text]<\/p>\n<p>[\/vc_column_text][\/vc_column][\/vc_row][vc_row][vc_column][vc_column_text]<\/p>\n<\/div>\n<\/div>\n<\/div>\n<\/div>\n<p>[\/vc_column_text][\/vc_column][\/vc_row]<\/p>\n","protected":false},"excerpt":{"rendered":"<p>[vc_row][vc_column][vc_column_text] [\/vc_column_text][\/vc_column][\/vc_row][vc_row css=&#8221;.vc_custom_1591171321728{background-color: #93aa48 !important;}&#8221;][vc_column][vc_empty_space height=&#8221;55px&#8221;][\/vc_column][\/vc_row][vc_row css=&#8221;.vc_custom_1589532798682{padding-top: 90px !important;padding-bottom: 0px !important;}&#8221;][vc_column enable_content_animation=&#8221;yes&#8221; ca_init_scale_x=&#8221;1&#8243; ca_init_scale_y=&#8221;1&#8243; ca_init_scale_z=&#8221;1&#8243;&#8230;<\/p>\n","protected":false},"author":1,"featured_media":0,"parent":0,"menu_order":0,"comment_status":"closed","ping_status":"closed","template":"","meta":[],"_links":{"self":[{"href":"https:\/\/www.ub.edu\/proyectomonastic\/wp-json\/wp\/v2\/pages\/60"}],"collection":[{"href":"https:\/\/www.ub.edu\/proyectomonastic\/wp-json\/wp\/v2\/pages"}],"about":[{"href":"https:\/\/www.ub.edu\/proyectomonastic\/wp-json\/wp\/v2\/types\/page"}],"author":[{"embeddable":true,"href":"https:\/\/www.ub.edu\/proyectomonastic\/wp-json\/wp\/v2\/users\/1"}],"replies":[{"embeddable":true,"href":"https:\/\/www.ub.edu\/proyectomonastic\/wp-json\/wp\/v2\/comments?post=60"}],"version-history":[{"count":10,"href":"https:\/\/www.ub.edu\/proyectomonastic\/wp-json\/wp\/v2\/pages\/60\/revisions"}],"predecessor-version":[{"id":7960,"href":"https:\/\/www.ub.edu\/proyectomonastic\/wp-json\/wp\/v2\/pages\/60\/revisions\/7960"}],"wp:attachment":[{"href":"https:\/\/www.ub.edu\/proyectomonastic\/wp-json\/wp\/v2\/media?parent=60"}],"curies":[{"name":"wp","href":"https:\/\/api.w.org\/{rel}","templated":true}]}}