{"id":7383,"date":"2021-01-21T16:02:12","date_gmt":"2021-01-21T16:02:12","guid":{"rendered":"https:\/\/www.ub.edu\/proyectomonastic\/?page_id=7383"},"modified":"2022-04-08T11:06:21","modified_gmt":"2022-04-08T11:06:21","slug":"materialidades-efimeras","status":"publish","type":"page","link":"https:\/\/www.ub.edu\/proyectomonastic\/es\/materialidades-efimeras\/","title":{"rendered":"MATERIALIDADES EF\u00cdMERAS"},"content":{"rendered":"<p>[vc_row css=&#8221;.vc_custom_1591171321728{background-color: #93aa48 !important;}&#8221;][vc_column][vc_empty_space height=&#8221;55px&#8221;][\/vc_column][\/vc_row][vc_row css=&#8221;.vc_custom_1589532798682{padding-top: 90px !important;padding-bottom: 0px !important;}&#8221;][vc_column enable_content_animation=&#8221;yes&#8221; ca_init_scale_x=&#8221;1&#8243; ca_init_scale_y=&#8221;1&#8243; ca_init_scale_z=&#8221;1&#8243; ca_init_opacity=&#8221;1&#8243; ca_an_scale_x=&#8221;1&#8243; ca_an_scale_y=&#8221;1&#8243; ca_an_scale_z=&#8221;1&#8243; ca_an_opacity=&#8221;1&#8243; align=&#8221;text-left&#8221; offset=&#8221;vc_col-md-offset-2 vc_col-md-8&#8243; ca_duration=&#8221;1200&#8243; ca_delay=&#8221;180&#8243; ca_init_translate_y=&#8221;73&#8243;]<style>.ld_fancy_heading_69f9399ed80e4 h2{font-size:30px;line-height:1.222em;color:rgb(0, 0, 0);}.ld_fancy_heading_69f9399ed80e4 .lqd-highlight-inner{height:0.275em;bottom:0px;}<\/style><div class=\"ld-fancy-heading mask-text ld_fancy_heading_69f9399ed80e4\">\r\n\t<h2 class=\"lqd-highlight-underline lqd-highlight-grow-left\" data-split-text=\"true\" data-custom-animations=\"true\" data-ca-options='{\"triggerHandler\":\"inview\",\"animationTarget\":\".lqd-lines .split-inner\",\"duration\":700,\"delay\":100,\"easing\":\"easeOutQuint\",\"direction\":\"forward\",\"initValues\":{\"scale\":1},\"animations\":{\"scale\":1}}' data-split-options='{\"type\":\"lines\"}'><span class=\"ld-fh-txt\"> <span style=\"color: #93aa48\"><strong>MATERIALIDADES EF\u00cdMERAS: <\/strong><\/span><em>performances <\/em>y recreaciones<\/span><\/h2><\/div>[\/vc_column][\/vc_row][vc_row css=&#8221;.vc_custom_1589532858818{padding-top: 30px !important;padding-bottom: 10px !important;}&#8221;][vc_column enable_content_animation=&#8221;yes&#8221; ca_init_scale_x=&#8221;1&#8243; ca_init_scale_y=&#8221;1&#8243; ca_init_scale_z=&#8221;1&#8243; ca_init_opacity=&#8221;1&#8243; ca_an_scale_x=&#8221;1&#8243; ca_an_scale_y=&#8221;1&#8243; ca_an_scale_z=&#8221;1&#8243; ca_an_opacity=&#8221;1&#8243; align=&#8221;text-left&#8221; offset=&#8221;vc_col-md-offset-2 vc_col-md-8&#8243; ca_duration=&#8221;1200&#8243; ca_delay=&#8221;180&#8243; ca_init_translate_y=&#8221;73&#8243;][vc_column_text]<span style=\"font-size: 18px;\"><strong>Buscaremos y catalogaremos, estudiaremos y recrearemos las pr\u00e1cticas devocionales y conmemorativas, las representaciones lit\u00fargicas y los rituales mon\u00e1sticos a partir de la documentaci\u00f3n mon\u00e1stica (libros lit\u00fargicos y documentos de archivo). Produciremos y gravaremos una representaci\u00f3n de uno de estos actos.<\/strong><\/span><\/p>\n<p><span style=\"font-size: 16px;\"><strong><a href=\"https:\/\/www.ub.edu\/proyectomonastic\/bd-performances\/\">ACCESO A LA VISUALIZACI\u00d3N DE LA BASE DE DATOS.<\/a><\/strong><\/span><\/p>\n<p><img loading=\"lazy\" class=\"alignnone size-full wp-image-7721\" src=\"https:\/\/www.ub.edu\/proyectomonastic\/wp-content\/uploads\/2021\/02\/Ritual-uso-de-un-convento-declarisas.-Bibliotea-de-Catalunya-paisatges-monastics.jpg\" alt=\"\" width=\"872\" height=\"1230\" srcset=\"https:\/\/www.ub.edu\/proyectomonastic\/wp-content\/uploads\/2021\/02\/Ritual-uso-de-un-convento-declarisas.-Bibliotea-de-Catalunya-paisatges-monastics.jpg 872w, https:\/\/www.ub.edu\/proyectomonastic\/wp-content\/uploads\/2021\/02\/Ritual-uso-de-un-convento-declarisas.-Bibliotea-de-Catalunya-paisatges-monastics-213x300.jpg 213w, https:\/\/www.ub.edu\/proyectomonastic\/wp-content\/uploads\/2021\/02\/Ritual-uso-de-un-convento-declarisas.-Bibliotea-de-Catalunya-paisatges-monastics-726x1024.jpg 726w\" sizes=\"(max-width: 872px) 100vw, 872px\" \/><span style=\"font-size: 12px;\">Ritual de uso de un convento de clarisas. Biblioteca de Catalu\u00f1a, Ms. 865, f. 5<\/span><\/p>\n<div class=\"boldgrid-section\">\n<div class=\"container\">\n<div class=\"row\">\n<div class=\"col-md-12 col-xs-12 col-sm-12\">\n<p>En esta l\u00ednea de investigaci\u00f3n abordaremos la cultura material y la topograf\u00eda mon\u00e1stica desde la centralidad de las <em>performances<\/em> y desde la dimensi\u00f3n performativa de algunas pr\u00e1cticas (lit\u00fargicas, devocionales, conmemorativas, legales) que han sido descubiertas en el interior de los monasterios o simplemente en relaci\u00f3n con las comunidades mon\u00e1sticas (dentro y fuera). El inter\u00e9s por la performance ha llevado precisamente al desarrollo de todo un campo interdisciplinario (arte, antropolog\u00eda, literatura, teatro, <em>gender studies<\/em>, liturgia\u2026) que ofrece un marco interpretativo muy sugerente para los estudios medievales. El contexto medieval, y de manera particular el contexto mon\u00e1stico, ofrece un entorno privilegiado: desde dramas religiosos, representaciones o misterios, los rituales, hasta las procesiones relacionadas con una festividad concreta. La performance puede mostrar de manera concreta una ceremonia, un ritual, un drama o una obra de m\u00fasica o danza. De forma m\u00e1s gen\u00e9rica tambi\u00e9n nos muestra su capacidad transformadora tanto para los \u201cactores\u201d como para la \u201caudiencia\u201d , tal y como sucede con todas las acciones que tienen una dimensi\u00f3n p\u00fablica. De este modo, se ponen en primer plano, como sugiere Elina Gerstman, las posibilidades de relacionar el teatro medieval, las im\u00e1genes, los textos, los objetos y las pr\u00e1cticas de ver, leer, escuchar, cantar y representar. Otros autores, recalcan su potencialidad de crear y superar barreras, de resistir la autoridad y definir identidades. A partir de aqu\u00ed nos proponemos, descubrir y significar, dentro de estos contextos performativos, la identidad de las comunidades mon\u00e1sticas femeninas y su capacidad de crear y desarrollar aspectos originales de la vida, tanto en contextos lit\u00fargicos como comunitarios.<\/p>\n<p>Queremos, en cuanto a la otra l\u00ednea de investigaci\u00f3n \u201cEl paisaje vivido: topograf\u00eda de los objetos\u201d, vincular algunos de los objetos de los inventarios de sacrist\u00eda y de convento del monasterio de Sant Antoni y Santa Clara de Barcelona a este abanico de representaciones, rituales y procesiones. Desde dichos objetos lit\u00fargicos (cruces, c\u00e1lices, ornamentos de altar, vestimenta) hasta la misma materialidad ef\u00edmera (neulas de papel, alas de \u00e1ngeles, barbas y cabelleras\u2026) que toman su significado en el contexto performativo que queremos recalcar en esta l\u00ednea.<\/p>\n<figure id=\"attachment_7293\" aria-describedby=\"caption-attachment-7293\" style=\"width: 995px\" class=\"wp-caption alignnone\"><img loading=\"lazy\" class=\"wp-image-7293 size-full\" src=\"https:\/\/www.ub.edu\/proyectomonastic\/wp-content\/uploads\/2020\/10\/Psalter-paisatges-monastics_02.jpg\" alt=\"Psalter\" width=\"995\" height=\"647\" srcset=\"https:\/\/www.ub.edu\/proyectomonastic\/wp-content\/uploads\/2020\/10\/Psalter-paisatges-monastics_02.jpg 995w, https:\/\/www.ub.edu\/proyectomonastic\/wp-content\/uploads\/2020\/10\/Psalter-paisatges-monastics_02-300x195.jpg 300w\" sizes=\"(max-width: 995px) 100vw, 995px\" \/><figcaption id=\"caption-attachment-7293\" class=\"wp-caption-text\"><span style=\"font-size: 12px;\">Queen Mary Psalter, British Library, Ms. Royal 2 B VII, f. 177\u00a0<\/span><\/figcaption><\/figure>\n<p>Por otro lado, queremos centrar nuestro estudio en la b\u00fasqueda y la catalogaci\u00f3n de estas <em>performances<\/em> a partir del corpus de manuscritos y de documentos de archivo, para as\u00ed analizar el qui\u00e9n, el d\u00f3nde, con qu\u00e9 p\u00fablico, con qu\u00e9 vestimenta, con qu\u00e9 objetos, con qu\u00e9 m\u00fasica, con qu\u00e9 gestualidad\u2026 entre otros aspectos. Finalmente, una parte esencial de nuestra investigaci\u00f3n acabar\u00e1 con la recreaci\u00f3n (<em>re-enactment<\/em>) y la representaci\u00f3n en el presente de algunas de estas performances, delante de una audiencia no necesariamente especializada, para que estimule la investigaci\u00f3n de esta y se convierta en un medio de difusi\u00f3n y de participaci\u00f3n.<\/p>\n<\/div>\n<\/div>\n<\/div>\n<\/div>\n<p>[\/vc_column_text][\/vc_column][\/vc_row][vc_row content_placement=&#8221;middle&#8221; css=&#8221;.vc_custom_1589533823191{padding-top: 40px !important;}&#8221;][vc_column width=&#8221;1\/4&#8243;][vc_single_image image=&#8221;6846&#8243; img_size=&#8221;full&#8221; alignment=&#8221;center&#8221; image_max_width=&#8221;150px&#8221;][\/vc_column][vc_column width=&#8221;1\/4&#8243;][vc_single_image image=&#8221;6847&#8243; img_size=&#8221;full&#8221; image_max_width=&#8221;200&#8243;][\/vc_column][vc_column width=&#8221;1\/4&#8243;][vc_single_image image=&#8221;6854&#8243; img_size=&#8221;full&#8221; alignment=&#8221;center&#8221; image_max_width=&#8221;250px&#8221;][\/vc_column][vc_column width=&#8221;1\/4&#8243;][vc_single_image image=&#8221;7253&#8243; img_size=&#8221;full&#8221; alignment=&#8221;center&#8221; image_max_width=&#8221;200px&#8221;][\/vc_column][\/vc_row][vc_row][vc_column][vc_column_text][\/vc_column_text][\/vc_column][\/vc_row][vc_row][vc_column][vc_column_text][\/vc_column_text][\/vc_column][\/vc_row][vc_row][vc_column][vc_column_text][\/vc_column_text][\/vc_column][\/vc_row]<\/p>\n","protected":false},"excerpt":{"rendered":"<p>[vc_row css=&#8221;.vc_custom_1591171321728{background-color: #93aa48 !important;}&#8221;][vc_column][vc_empty_space height=&#8221;55px&#8221;][\/vc_column][\/vc_row][vc_row css=&#8221;.vc_custom_1589532798682{padding-top: 90px !important;padding-bottom: 0px !important;}&#8221;][vc_column enable_content_animation=&#8221;yes&#8221; ca_init_scale_x=&#8221;1&#8243; ca_init_scale_y=&#8221;1&#8243; ca_init_scale_z=&#8221;1&#8243; ca_init_opacity=&#8221;1&#8243;&#8230;<\/p>\n","protected":false},"author":1,"featured_media":0,"parent":0,"menu_order":0,"comment_status":"closed","ping_status":"closed","template":"","meta":[],"_links":{"self":[{"href":"https:\/\/www.ub.edu\/proyectomonastic\/wp-json\/wp\/v2\/pages\/7383"}],"collection":[{"href":"https:\/\/www.ub.edu\/proyectomonastic\/wp-json\/wp\/v2\/pages"}],"about":[{"href":"https:\/\/www.ub.edu\/proyectomonastic\/wp-json\/wp\/v2\/types\/page"}],"author":[{"embeddable":true,"href":"https:\/\/www.ub.edu\/proyectomonastic\/wp-json\/wp\/v2\/users\/1"}],"replies":[{"embeddable":true,"href":"https:\/\/www.ub.edu\/proyectomonastic\/wp-json\/wp\/v2\/comments?post=7383"}],"version-history":[{"count":8,"href":"https:\/\/www.ub.edu\/proyectomonastic\/wp-json\/wp\/v2\/pages\/7383\/revisions"}],"predecessor-version":[{"id":7957,"href":"https:\/\/www.ub.edu\/proyectomonastic\/wp-json\/wp\/v2\/pages\/7383\/revisions\/7957"}],"wp:attachment":[{"href":"https:\/\/www.ub.edu\/proyectomonastic\/wp-json\/wp\/v2\/media?parent=7383"}],"curies":[{"name":"wp","href":"https:\/\/api.w.org\/{rel}","templated":true}]}}