{"id":7402,"date":"2021-01-22T10:03:40","date_gmt":"2021-01-22T10:03:40","guid":{"rendered":"https:\/\/www.ub.edu\/proyectomonastic\/?page_id=7402"},"modified":"2021-09-16T09:34:56","modified_gmt":"2021-09-16T09:34:56","slug":"noticias","status":"publish","type":"page","link":"https:\/\/www.ub.edu\/proyectomonastic\/es\/noticias\/","title":{"rendered":"NOTICIAS"},"content":{"rendered":"<p>[vc_row full_width=&#8221;stretch_row&#8221; css=&#8221;.vc_custom_1611764017263{background-color: #93aa48 !important;}&#8221;][vc_column][vc_empty_space height=&#8221;55px&#8221;][\/vc_column][\/vc_row][vc_row css=&#8221;.vc_custom_1540466790837{padding-top: 70px !important;padding-bottom: 80px !important;}&#8221;][vc_column offset=&#8221;vc_col-md-8&#8243;]<\/p>\n<style>.ld_blog_69f6ad0e1bb79 .liquid-blog-grid{margin-left:-15px;margin-right:-15px;}.ld_blog_69f6ad0e1bb79 .liquid-blog-grid > div{padding-left:15px;padding-right:15px;}.ld_blog_69f6ad0e1bb79 .liquid-blog-grid .liquid-lp{margin-bottom:50px;}.ld_blog_69f6ad0e1bb79 .filter-list{margin-bottom:px;}.ld_blog_69f6ad0e1bb79 .liquid-blog-item .liquid-lp-title,.ld_blog_69f6ad0e1bb79 .liquid-lp .liquid-lp-title{margin-top:px;margin-bottom:px;}<\/style><div class=\"liquid-blog-posts ld_blog_69f6ad0e1bb79 1534932429290-6757c10c-253d \"><div class=\"liquid-blog-grid row\"><div class=\"col-md-12\"><article id=\"post-8074\" class=\"liquid-lp post-8074 post type-post status-publish format-standard has-post-thumbnail hentry category-tesis-doctorales\"><figure class=\"liquid-lp-media \"  data-responsive-bg=\"true\" data-parallax=\"true\" data-parallax-options='{ \"parallaxBG\": true }'><a  href=\"https:\/\/www.ub.edu\/proyectomonastic\/es\/seminario-internacional-ii-paisajes-arqueologicos-del-monacado-primitivo-en-occidente-ss-iv-vii\/\"><img width=\"740\" height=\"460\" src=\"data:image\/svg+xml;charset=utf-8,&lt;svg xmlns%3D&#039;http%3A%2F%2Fwww.w3.org%2F2000%2Fsvg&#039; viewBox%3D&#039;0 0  &#039;%2F&gt;\" class=\"attachment-liquid-default-blog size-liquid-default-blog ld-lazyload wp-post-image\" alt=\"\" loading=\"lazy\" data-src=\"https:\/\/www.ub.edu\/proyectomonastic\/wp-content\/uploads\/2023\/01\/fotografies-seminari-internacional-paisatges-monastics.jpg-740x460.jpeg\" data-aspect=\"\" srcset=\"\" \/><\/a><\/figure><header class=\"liquid-lp-header\">\n\t<h2 class=\"entry-title liquid-lp-title h4\"><a  href=\"https:\/\/www.ub.edu\/proyectomonastic\/es\/seminario-internacional-ii-paisajes-arqueologicos-del-monacado-primitivo-en-occidente-ss-iv-vii\/\" rel=\"bookmark\">Seminario Internacional II: Paisajes arqueol\u00f3gicos del monacado primitivo en Occidente (ss. IV-VII)<\/a><\/h2><\/header>\n\n\t\t\t<div class=\"liquid-lp-excerpt entry-summary mt-1\">\r\n\t\t\t\t<p>[vc_row][vc_column][vc_column_text] &nbsp; [\/vc_column_text][\/vc_column][\/vc_row][vc_row][vc_column][vc_column_text] Habiendo realizado el a\u00f1o pasado el Primer Seminario Internacional, el 16 y 17 de noviembre tuvo lugar el Segundo Seminario Internacional: Paisajes arqueol\u00f3gicos del monacato primitivo en Occidente (ss. IV-VII). Dirigido tambi\u00e9n<\/p>\n\t\t\t<\/div><!-- \/.latest-post-excerpt -->\r\n\t\t\n<footer class=\"liquid-lp-footer\">\n\t<a href=\"https:\/\/www.ub.edu\/proyectomonastic\/es\/seminario-internacional-ii-paisajes-arqueologicos-del-monacado-primitivo-en-occidente-ss-iv-vii\/\" class=\"btn font-weight-bold btn-naked liquid-lp-read-more\">\n\t\t<span>\n\t\t\t<span class=\"btn-txt\">Llegeix m\u00e9s<\/span>\n\t\t\t<span class=\"btn-icon\">\n\t\t\t\t<i class=\"fa fa-angle-right\"><\/i>\n\t\t\t<\/span>\n\t\t<\/span>\n\t<\/a>\n<\/footer>\n<\/article><\/div><div class=\"col-md-12\"><article id=\"post-8052\" class=\"liquid-lp post-8052 post type-post status-publish format-standard has-post-thumbnail hentry category-tesis-doctorales\"><figure class=\"liquid-lp-media \"  data-responsive-bg=\"true\" data-parallax=\"true\" data-parallax-options='{ \"parallaxBG\": true }'><a  href=\"https:\/\/www.ub.edu\/proyectomonastic\/es\/seminario-performance-perception-and-devotional-experience-in-the-medieval-sacred-spaces\/\"><img width=\"740\" height=\"460\" src=\"data:image\/svg+xml;charset=utf-8,&lt;svg xmlns%3D&#039;http%3A%2F%2Fwww.w3.org%2F2000%2Fsvg&#039; viewBox%3D&#039;0 0  &#039;%2F&gt;\" class=\"attachment-liquid-default-blog size-liquid-default-blog ld-lazyload wp-post-image\" alt=\"\" loading=\"lazy\" data-src=\"https:\/\/www.ub.edu\/proyectomonastic\/wp-content\/uploads\/2022\/12\/fitxas-bbdd-reconstruccio-3d-artefacte-ceramic-paisatges-monastics.jpg-740x460.jpg\" data-aspect=\"\" srcset=\"\" \/><\/a><\/figure><header class=\"liquid-lp-header\">\n\t<h2 class=\"entry-title liquid-lp-title h4\"><a  href=\"https:\/\/www.ub.edu\/proyectomonastic\/es\/seminario-performance-perception-and-devotional-experience-in-the-medieval-sacred-spaces\/\" rel=\"bookmark\">Seminario Performance, Perception, and Devotional Experience in the Medieval Sacred Spaces<\/a><\/h2><\/header>\n\n\t\t\t<div class=\"liquid-lp-excerpt entry-summary mt-1\">\r\n\t\t\t\t<p>[vc_row][vc_column][vc_column_text] &nbsp; [\/vc_column_text][\/vc_column][\/vc_row][vc_row][vc_column][vc_column_text] El pasado 13-14 de octubre de 2022 se celebro el Seminario Performance, Perception, and Devotional Experience in the Medieval Sacred Spaces organizado por el Proyecto, juntamente con la Universit\u00e0 di Bologna y<\/p>\n\t\t\t<\/div><!-- \/.latest-post-excerpt -->\r\n\t\t\n<footer class=\"liquid-lp-footer\">\n\t<a href=\"https:\/\/www.ub.edu\/proyectomonastic\/es\/seminario-performance-perception-and-devotional-experience-in-the-medieval-sacred-spaces\/\" class=\"btn font-weight-bold btn-naked liquid-lp-read-more\">\n\t\t<span>\n\t\t\t<span class=\"btn-txt\">Llegeix m\u00e9s<\/span>\n\t\t\t<span class=\"btn-icon\">\n\t\t\t\t<i class=\"fa fa-angle-right\"><\/i>\n\t\t\t<\/span>\n\t\t<\/span>\n\t<\/a>\n<\/footer>\n<\/article><\/div><div class=\"col-md-12\"><article id=\"post-7896\" class=\"liquid-lp post-7896 post type-post status-publish format-standard has-post-thumbnail hentry category-congresos-seminarios-jornadas tag-acciones-performativas tag-espacios-monasticos tag-rituales\"><figure class=\"liquid-lp-media \"  data-responsive-bg=\"true\" data-parallax=\"true\" data-parallax-options='{ \"parallaxBG\": true }'><a  href=\"https:\/\/www.ub.edu\/proyectomonastic\/es\/workshop-pre-former-performer-sources-et-categories-pour-letude-de-la-performance-et-le-ritual-louvain-6-7-oct-2021\/\"><img width=\"667\" height=\"460\" src=\"data:image\/svg+xml;charset=utf-8,&lt;svg xmlns%3D&#039;http%3A%2F%2Fwww.w3.org%2F2000%2Fsvg&#039; viewBox%3D&#039;0 0  &#039;%2F&gt;\" class=\"attachment-liquid-default-blog size-liquid-default-blog ld-lazyload wp-post-image\" alt=\"\" loading=\"lazy\" data-src=\"https:\/\/www.ub.edu\/proyectomonastic\/wp-content\/uploads\/2021\/09\/Sources-perfomances-rituel-Moyen-Age-Lovaina-667x460.jpg\" data-aspect=\"\" srcset=\"\" \/><\/a><\/figure><header class=\"liquid-lp-header\">\n\t<h2 class=\"entry-title liquid-lp-title h4\"><a  href=\"https:\/\/www.ub.edu\/proyectomonastic\/es\/workshop-pre-former-performer-sources-et-categories-pour-letude-de-la-performance-et-le-ritual-louvain-6-7-oct-2021\/\" rel=\"bookmark\">Workshop Pr\u00e9-former \/Performer. Sources et cat\u00e9gories pour l&#8217;\u00e9tude de la performance et le ritual (Louvain, 6-7 oct. 2021)<\/a><\/h2><\/header>\n\n\t\t\t<div class=\"liquid-lp-excerpt entry-summary mt-1\">\r\n\t\t\t\t<p>[vc_row][vc_column][vc_column_text] Jornada de estudio organizadapor el proyecto Monastic Landscapes (UB) y la Universit\u00e9 Catholique de Louvain (UCLouvain), con el objetivo de poner en com\u00fan y analizar las fuentes que permiten el estudio de la performance<\/p>\n\t\t\t<\/div><!-- \/.latest-post-excerpt -->\r\n\t\t\n<footer class=\"liquid-lp-footer\">\n\t<a href=\"https:\/\/www.ub.edu\/proyectomonastic\/es\/workshop-pre-former-performer-sources-et-categories-pour-letude-de-la-performance-et-le-ritual-louvain-6-7-oct-2021\/\" class=\"btn font-weight-bold btn-naked liquid-lp-read-more\">\n\t\t<span>\n\t\t\t<span class=\"btn-txt\">Llegeix m\u00e9s<\/span>\n\t\t\t<span class=\"btn-icon\">\n\t\t\t\t<i class=\"fa fa-angle-right\"><\/i>\n\t\t\t<\/span>\n\t\t<\/span>\n\t<\/a>\n<\/footer>\n<\/article><\/div><div class=\"col-md-12\"><article id=\"post-7886\" class=\"liquid-lp post-7886 post type-post status-publish format-standard has-post-thumbnail hentry category-congresos-seminarios-jornadas tag-antiguedad-tardia tag-espacios-monasticos tag-patristica-es\"><figure class=\"liquid-lp-media \"  data-responsive-bg=\"true\" data-parallax=\"true\" data-parallax-options='{ \"parallaxBG\": true }'><a  href=\"https:\/\/www.ub.edu\/proyectomonastic\/es\/seminario-internacional-patristica\/\"><img width=\"740\" height=\"460\" src=\"data:image\/svg+xml;charset=utf-8,&lt;svg xmlns%3D&#039;http%3A%2F%2Fwww.w3.org%2F2000%2Fsvg&#039; viewBox%3D&#039;0 0  &#039;%2F&gt;\" class=\"attachment-liquid-default-blog size-liquid-default-blog ld-lazyload wp-post-image\" alt=\"\" loading=\"lazy\" data-src=\"https:\/\/www.ub.edu\/proyectomonastic\/wp-content\/uploads\/2021\/09\/Seminari-Patristica-740x460.jpg\" data-aspect=\"\" srcset=\"\" \/><\/a><\/figure><header class=\"liquid-lp-header\">\n\t<h2 class=\"entry-title liquid-lp-title h4\"><a  href=\"https:\/\/www.ub.edu\/proyectomonastic\/es\/seminario-internacional-patristica\/\" rel=\"bookmark\">Seminario Internacional Patr\u00edstica<\/a><\/h2><\/header>\n\n\t\t\t<div class=\"liquid-lp-excerpt entry-summary mt-1\">\r\n\t\t\t\t<p>[vc_row][vc_column][vc_column_text] Vinculado al proyecto Monastic Landscapes, organizamos este seminario internacional dirigido especialmente a los estudiantes de doctorado que investigan sobre aspectos eclesi\u00e1sticos en el per\u00edodo comprendido entre la Antig\u00fcedad Tard\u00eda y la Temprana Edad Media.<\/p>\n\t\t\t<\/div><!-- \/.latest-post-excerpt -->\r\n\t\t\n<footer class=\"liquid-lp-footer\">\n\t<a href=\"https:\/\/www.ub.edu\/proyectomonastic\/es\/seminario-internacional-patristica\/\" class=\"btn font-weight-bold btn-naked liquid-lp-read-more\">\n\t\t<span>\n\t\t\t<span class=\"btn-txt\">Llegeix m\u00e9s<\/span>\n\t\t\t<span class=\"btn-icon\">\n\t\t\t\t<i class=\"fa fa-angle-right\"><\/i>\n\t\t\t<\/span>\n\t\t<\/span>\n\t<\/a>\n<\/footer>\n<\/article><\/div><div class=\"col-md-12\"><article id=\"post-7870\" class=\"liquid-lp post-7870 post type-post status-publish format-standard has-post-thumbnail hentry category-congresos-seminarios-jornadas tag-espacios-monasticos tag-ordenes-religiosos\"><figure class=\"liquid-lp-media \"  data-responsive-bg=\"true\" data-parallax=\"true\" data-parallax-options='{ \"parallaxBG\": true }'><a  href=\"https:\/\/www.ub.edu\/proyectomonastic\/es\/participacion-en-el-congreso-internacional-archivos-privados-y-conventos-jerez-2021\/\"><img width=\"643\" height=\"460\" src=\"data:image\/svg+xml;charset=utf-8,&lt;svg xmlns%3D&#039;http%3A%2F%2Fwww.w3.org%2F2000%2Fsvg&#039; viewBox%3D&#039;0 0  &#039;%2F&gt;\" class=\"attachment-liquid-default-blog size-liquid-default-blog ld-lazyload wp-post-image\" alt=\"\" loading=\"lazy\" data-src=\"https:\/\/www.ub.edu\/proyectomonastic\/wp-content\/uploads\/2021\/09\/Jornadas-Archivos-Privados-Monastic-Landscapes-643x460.jpg\" data-aspect=\"\" srcset=\"\" \/><\/a><\/figure><header class=\"liquid-lp-header\">\n\t<h2 class=\"entry-title liquid-lp-title h4\"><a  href=\"https:\/\/www.ub.edu\/proyectomonastic\/es\/participacion-en-el-congreso-internacional-archivos-privados-y-conventos-jerez-2021\/\" rel=\"bookmark\">Participaci\u00f3n en el Congreso Internacional Archivos privados y conventos (Jerez, 2021)<\/a><\/h2><\/header>\n\n\t\t\t<div class=\"liquid-lp-excerpt entry-summary mt-1\">\r\n\t\t\t\t<p>[vc_row][vc_column][vc_column_text] Una nutrida representaci\u00f3n de Pa\u00edses Mon\u00e1sticos particip\u00f3 los pasados 16-18 de junio de 2021 en el Congreso Internacional celebrado en Jerez de Frontera, Archivos privados y conventos, coorganizado por mismo proyecto, la Universidad Pablo<\/p>\n\t\t\t<\/div><!-- \/.latest-post-excerpt -->\r\n\t\t\n<footer class=\"liquid-lp-footer\">\n\t<a href=\"https:\/\/www.ub.edu\/proyectomonastic\/es\/participacion-en-el-congreso-internacional-archivos-privados-y-conventos-jerez-2021\/\" class=\"btn font-weight-bold btn-naked liquid-lp-read-more\">\n\t\t<span>\n\t\t\t<span class=\"btn-txt\">Llegeix m\u00e9s<\/span>\n\t\t\t<span class=\"btn-icon\">\n\t\t\t\t<i class=\"fa fa-angle-right\"><\/i>\n\t\t\t<\/span>\n\t\t<\/span>\n\t<\/a>\n<\/footer>\n<\/article><\/div><\/div><!--\/ .row --><div class=\"page-nav\"><nav aria-label=\"Page navigation\"><ul class=\"pagination\"><li><span aria-current=\"page\" class=\"page-numbers current\">1<\/span><\/li>\n\t<li><a class=\"page-numbers\" href=\"https:\/\/www.ub.edu\/proyectomonastic\/wp-json\/wp\/v2\/pages\/7402\/page\/2\/\">2<\/a><\/li>\n\t<li><a class=\"page-numbers\" href=\"https:\/\/www.ub.edu\/proyectomonastic\/wp-json\/wp\/v2\/pages\/7402\/page\/3\/\">3<\/a><\/li>\n\t<li><a class=\"next page-numbers\" href=\"https:\/\/www.ub.edu\/proyectomonastic\/wp-json\/wp\/v2\/pages\/7402\/page\/2\/\"><span aria-hidden=\"true\"><i class=\"fa fa-angle-right\"><\/i><\/span><\/a><\/li><\/ul><\/nav><\/div><\/div><!--\/ .liquid-blog-posts -->\n<p>[\/vc_column][vc_column offset=&#8221;vc_col-md-offset-1 vc_col-md-3&#8243;][vc_widget_sidebar sidebar_id=&#8221;main&#8221;][\/vc_column][\/vc_row][vc_row][vc_column][vc_column_text]<\/p>\n<p>[\/vc_column_text][\/vc_column][\/vc_row][vc_row][vc_column][vc_column_text]<\/p>\n<div class=\"boldgrid-section\">\n<div class=\"container\">\n<div class=\"row\">\n<div class=\"col-md-12 col-xs-12 col-sm-12\">\n<p>[\/vc_column_text][\/vc_column][\/vc_row][vc_row][vc_column][vc_column_text]<\/p>\n<\/div>\n<\/div>\n<\/div>\n<\/div>\n<p>[\/vc_column_text][\/vc_column][\/vc_row]<\/p>\n","protected":false},"excerpt":{"rendered":"<p>[vc_row full_width=&#8221;stretch_row&#8221; css=&#8221;.vc_custom_1611764017263{background-color: #93aa48 !important;}&#8221;][vc_column][vc_empty_space height=&#8221;55px&#8221;][\/vc_column][\/vc_row][vc_row css=&#8221;.vc_custom_1540466790837{padding-top: 70px !important;padding-bottom: 80px !important;}&#8221;][vc_column offset=&#8221;vc_col-md-8&#8243;] [\/vc_column][vc_column offset=&#8221;vc_col-md-offset-1 vc_col-md-3&#8243;][vc_widget_sidebar sidebar_id=&#8221;main&#8221;][\/vc_column][\/vc_row][vc_row][vc_column][vc_column_text] [\/vc_column_text][\/vc_column][\/vc_row][vc_row][vc_column][vc_column_text] [\/vc_column_text][\/vc_column][\/vc_row][vc_row][vc_column][vc_column_text] [\/vc_column_text][\/vc_column][\/vc_row]<\/p>\n","protected":false},"author":1,"featured_media":0,"parent":0,"menu_order":0,"comment_status":"closed","ping_status":"closed","template":"","meta":[],"_links":{"self":[{"href":"https:\/\/www.ub.edu\/proyectomonastic\/wp-json\/wp\/v2\/pages\/7402"}],"collection":[{"href":"https:\/\/www.ub.edu\/proyectomonastic\/wp-json\/wp\/v2\/pages"}],"about":[{"href":"https:\/\/www.ub.edu\/proyectomonastic\/wp-json\/wp\/v2\/types\/page"}],"author":[{"embeddable":true,"href":"https:\/\/www.ub.edu\/proyectomonastic\/wp-json\/wp\/v2\/users\/1"}],"replies":[{"embeddable":true,"href":"https:\/\/www.ub.edu\/proyectomonastic\/wp-json\/wp\/v2\/comments?post=7402"}],"version-history":[{"count":9,"href":"https:\/\/www.ub.edu\/proyectomonastic\/wp-json\/wp\/v2\/pages\/7402\/revisions"}],"predecessor-version":[{"id":7899,"href":"https:\/\/www.ub.edu\/proyectomonastic\/wp-json\/wp\/v2\/pages\/7402\/revisions\/7899"}],"wp:attachment":[{"href":"https:\/\/www.ub.edu\/proyectomonastic\/wp-json\/wp\/v2\/media?parent=7402"}],"curies":[{"name":"wp","href":"https:\/\/api.w.org\/{rel}","templated":true}]}}