{"id":7474,"date":"2021-01-22T12:09:00","date_gmt":"2021-01-22T12:09:00","guid":{"rendered":"https:\/\/www.ub.edu\/proyectomonastic\/?page_id=7474"},"modified":"2021-02-18T18:49:52","modified_gmt":"2021-02-18T18:49:52","slug":"home-monastic-landscapes","status":"publish","type":"page","link":"https:\/\/www.ub.edu\/proyectomonastic\/en\/home-monastic-landscapes\/","title":{"rendered":"Home-Monastic Landscapes"},"content":{"rendered":"<p>[vc_row full_height=&#8221;yes&#8221; content_placement=&#8221;middle&#8221; parallax=&#8221;enable_parallax&#8221; enable_slideshow_bg=&#8221;yes&#8221; slideshow_images=&#8221;7709,7200,6916,7281,7280,7710,7713,7714&#8243; enable_overlay=&#8221;yes&#8221; css=&#8221;.vc_custom_1613674092547{background-color: #93aa48 !important;background-position: center;background-repeat: no-repeat !important;background-size: contain !important;}&#8221; overlay_bg=&#8221;rgba(16, 15, 38, 0.093)&#8221; slideshow_delay=&#8221;1800&#8243;][vc_column enable_content_animation=&#8221;yes&#8221; ca_init_scale_x=&#8221;1&#8243; ca_init_scale_y=&#8221;1&#8243; ca_init_scale_z=&#8221;1&#8243; ca_init_opacity=&#8221;0&#8243; ca_an_scale_x=&#8221;1&#8243; ca_an_scale_y=&#8221;1&#8243; ca_an_scale_z=&#8221;1&#8243; ca_an_opacity=&#8221;1&#8243; offset=&#8221;vc_col-md-6 vc_col-xs-12&#8243; ca_duration=&#8221;1200&#8243; ca_delay=&#8221;150&#8243; ca_init_translate_y=&#8221;60&#8243; ca_init_translate_z=&#8221;-160&#8243; ca_init_rotate_x=&#8221;-84&#8243; el_class=&#8221;sliderhome&#8221;]<\/p>\n<style>.ld_fancy_heading_69f6f53f52a66 h6{font-family:Lato!important;font-weight:400!important;font-style:italic!important;font-size:50px;line-height:1.1em;letter-spacing:-0.4px;color:rgb(255, 255, 255);}.ld_fancy_heading_69f6f53f52a66 h6 {margin-bottom:0.27em !important;  } .ld_fancy_heading_69f6f53f52a66 .lqd-highlight-inner{height:0.275em;bottom:0px;}.ld_fancy_heading_69f6f53f52a66 h6 {margin-bottom:0.27em !important;  } .ld_fancy_heading_69f6f53f52a66 .txt-rotate-keywords{color:rgb(255, 255, 255);}.ld_fancy_heading_69f6f53f52a66 h6 {margin-bottom:0.27em !important;  } <\/style><div class=\"ld-fancy-heading ld_fancy_heading_69f6f53f52a66\">\r\n\t<h6 class=\"lqd-highlight-underline lqd-highlight-grow-left\" data-split-text=\"true\" data-custom-animations=\"true\" data-ca-options='{\"triggerHandler\":\"inview\",\"animationTarget\":\".lqd-lines .split-inner\",\"duration\":700,\"startDelay\":\"100\",\"delay\":\"7500\",\"easing\":\"easeOutQuint\",\"direction\":\"forward\",\"initValues\":{\"scale\":1},\"animations\":{\"scale\":1}}' data-split-options='{\"type\":\"lines\"}' data-text-rotator=\"true\"><span class=\"ld-fh-txt\">  <span class=\"txt-rotate-keywords\"><span class=\"keyword active\" style=\"color:rgb(255, 255, 255)\">Ritual per a \u00fas d&#039;un convent de clarisses<\/span><span class=\"keyword\" style=\"color:rgb(255, 255, 255)\">Fotogrametria Alguaire<\/span><span class=\"keyword\" style=\"color:rgb(255, 255, 255)\">Santa Mar\u00eda de la Merced (Sevilla)<\/span><span class=\"keyword\" style=\"color:#ffffff\">Carta de professi\u00f3 mon\u00e0stica<\/span><span class=\"keyword\" style=\"color:#ffffff\">Sta. Cec\u00edlia dels Altimiris<\/span><span class=\"keyword\" style=\"color:#ffffff\">Actuaci\u00f3 de Medieval Convent Drama<\/span><span class=\"keyword\" style=\"color:#ffffff\">Fragment del quadre del monestir de Sta. Clara de Barcelona<\/span><span class=\"keyword\" style=\"color:#ffffff\">Arca del monument de Dijous Sant<\/span><\/span><!-- \/.txt-rotate-keywords --><\/span><\/h6><\/div>\n<p>[\/vc_column][\/vc_row][vc_row css=&#8221;.vc_custom_1602089750312{padding-top: 60px !important;padding-bottom: 30px !important;}&#8221;][vc_column responsive_css=&#8221;padding_right_large:150px|padding_left_large:150px&#8221;]<\/p>\n<style>.ld_fancy_heading_69f6f53f537b3 h3{font-size:25px;line-height:1.222em;color:rgb(0, 0, 0);}.ld_fancy_heading_69f6f53f537b3 .lqd-highlight-inner{height:0.275em;bottom:0px;}<\/style><div class=\"ld-fancy-heading text-center ld_fancy_heading_69f6f53f537b3\">\r\n\t<h3 class=\"lqd-highlight-underline lqd-highlight-grow-left\" ><span class=\"ld-fh-txt\"> <span style=\"color: #93aa48\"><strong>Monastic Landscapes<\/strong><\/span> is a multidisciplinary Digital Humanities project which seeks to further our knowledge of the mediaeval monastic settings in the western Mediterranean.<\/span><\/h3><\/div>\n<p>[\/vc_column][\/vc_row][vc_row css=&#8221;.vc_custom_1602089777208{padding-top: 60px !important;padding-bottom: 30px !important;}&#8221;][vc_column responsive_css=&#8221;padding_right_large:150px|padding_left_large:150px&#8221;]<\/p>\n<style>.vc_accordion_69f6f53f53b7f .accordion-title{font-size:15px;line-height:1.5 em;}.vc_accordion_69f6f53f53b7f .accordion-item:not(:last-child){margin-bottom:5px;}<\/style><div class=\"accordion accordion-xs accordion-body-underlined accordion-expander-lg vc_accordion_69f6f53f53b7f\" id=\"vc_accordion_69f6f53f53b7f\" role=\"tablist\" aria-multiselectable=\"true\">\r\n\r\n\t<div class=\"accordion-item panel  active \">\r\n\r\n\t\t<div class=\"accordion-heading\" role=\"tab\" id=\"heading_1602088420464-8618867b-4bf2\">\r\n\t\t\t<h4 class=\"accordion-title\">\r\n\t\t\t\t<a class=\"\" data-toggle=\"collapse\" data-parent=\"#vc_accordion_69f6f53f53b7f\" href=\"#1602088420464-8618867b-4bf2\" aria-expanded=\"true\" aria-controls=\"1602088420464-8618867b-4bf2\">\r\n\t\t\t\t\t\r\n\t\t\t\t\t\r\n\t\t\t\t\tImage Credits\r\n\t\t\t\t\t\t\t\t\t\t<span class=\"accordion-expander\">\r\n\t\t\t\t\t\t<i class=\"icon-ion-ios-arrow-dropdown\"><\/i>\r\n\t\t\t\t\t\t<i class=\"icon-ion-ios-arrow-dropup\"><\/i>\r\n\t\t\t\t\t<\/span>\r\n\t\t\t\t\t\r\n\t\t\t\t<\/a>\r\n\t\t\t\t\r\n\t\t\t<\/h4>\r\n\t\t<\/div>\r\n\r\n\t\t<div id=\"1602088420464-8618867b-4bf2\" class=\"accordion-collapse collapse in\" role=\"tabpanel\" aria-labelledby=\"heading_1602088420464-8618867b-4bf2\">\r\n\t\t\t<div class=\"accordion-content\">\r\n\t\t\t<p>[vc_column_text]<span class=\"s5\" style=\"font-size: 12px;\"><strong>Slider1 :<\/strong>&nbsp;<\/span><span style=\"font-size: 12px;\"><span class=\"s5\">Ritual<\/span><span class=\"s5\"> per a <\/span><span class=\"s5\">\u00fas<\/span><span class=\"s5\"> d&#8217;un convent de clarisses<\/span>. <span class=\"s15\">Biblioteca de Catalunya, Ms. 865 <\/span><\/span><span style=\"font-size: 12px;\"><strong>Slider2:<\/strong> <\/span><span style=\"font-size: 12px;\">Fotogrametria d\u2019Alguaire. Monestir santjoanista (autors: J.M. Yepes \u2013 M. Soler) <\/span><strong><span style=\"font-size: 12px;\">Slider3: <\/span><\/strong><span style=\"font-size: 12px;\">Santa Mar\u00eda de la Merced (Sevilla). Claustre (autora: S. P\u00e9rez) <\/span><strong><span style=\"font-size: 12px;\">Slider4: <\/span><\/strong><span style=\"font-size: 12px;\">Carta de professi\u00f3 mon\u00e0stica de Caterina Sarrovira, 1584. Arxiu Monestir Sant Benet de Montserrat-Monestir de Santa Clara de Barcelona, n\u00fam. 27.30 <\/span><span style=\"font-size: 12px;\"><strong>Slider5<\/strong>: <\/span><span style=\"font-size: 12px;\">Santa Cec\u00edlia dels Altimiris. Vista a\u00e8ria (autors: J.M. Yepes \u2013 M. Sancho) <\/span><strong><span style=\"font-size: 12px;\">Slider6: <\/span><\/strong><span style=\"font-size: 12px;\">Actuaci\u00f3 de Medieval Convent Drama. <span class=\"s16\">Barking<\/span> <span class=\"s16\">Abbey<\/span> <span class=\"s16\">Easter<\/span><span class=\"s16\"> Plays <\/span><\/span><strong><span class=\"s17\" style=\"font-size: 12px;\">Slider7: <\/span><\/strong><span style=\"font-size: 12px;\"><span class=\"s17\">Fragment del quadre del monestir de Sta. Clara de Barcelona. Joan Sant\u00eds.1716. Monestir Sant Benet de Montserrat<\/span><span class=\"s19\">. <\/span><\/span><strong><span style=\"font-size: 12px;\">Slider8: <\/span><\/strong><span style=\"font-size: 12px;\">Arca del monument de Dijous Sant. Museu Monestir de Pedralbes, 115.063 (Jordi Puig)<\/span>[\/vc_column_text]<\/p>\n\t\t\t<\/div>\r\n\t\t<\/div>\r\n\t<\/div>\r\n<\/div>\n<p>[\/vc_column][\/vc_row][vc_row css=&#8221;.vc_custom_1591201692284{background-color: #93ab41 !important;}&#8221;][vc_column css=&#8221;.vc_custom_1590133676188{background-color: #93ab41 !important;}&#8221;]<\/p>\n<style>.ld_fancy_heading_69f6f53f54624 h3{color:rgb(255, 255, 255);}.ld_fancy_heading_69f6f53f54624 .lqd-highlight-inner{height:0.275em;bottom:0px;}<\/style><div class=\"ld-fancy-heading text-center ld_fancy_heading_69f6f53f54624\">\r\n\t<h3 class=\"lqd-highlight-underline lqd-highlight-grow-left\" ><span class=\"ld-fh-txt\"> <strong>LINES OF RESEARCH<\/strong><\/span><\/h3><\/div>\n<p>[\/vc_column][\/vc_row][vc_row gap=&#8221;0&#8243; css=&#8221;.vc_custom_1591204093992{background-color: #e8e8e8 !important;}&#8221;][vc_column parallax=&#8221;yes&#8221; width=&#8221;1\/2&#8243; scale_from_x=&#8221;1&#8243; scale_from_y=&#8221;1&#8243; scale_from_z=&#8221;1&#8243; from_opacity=&#8221;1&#8243; scale_to_x=&#8221;1&#8243; scale_to_y=&#8221;1&#8243; scale_to_z=&#8221;1&#8243; to_opacity=&#8221;1&#8243; enable_overlay=&#8221;yes&#8221; align=&#8221;text-center&#8221; css=&#8221;.vc_custom_1591202213570{background-image: url(https:\/\/www.ub.edu\/proyectomonastic\/wp-content\/uploads\/2020\/06\/cartografia-materialitat_02.jpg?id=7176) !important;background-position: center !important;background-repeat: no-repeat !important;background-size: cover !important;}&#8221;][vc_column_text css=&#8221;.vc_custom_1611753647695{padding-top: 100px !important;padding-right: 70px !important;padding-bottom: 50px !important;padding-left: 70px !important;}&#8221;]<\/p>\n<h4 style=\"text-align: center;\"><span style=\"color: #93aa48;\"><strong>CARTOGRAPHY OF MATERIALITY:<\/strong><\/span> <span style=\"color: #ffffff;\">Virtual library of artefacts<\/span><\/h4>\n<p>[\/vc_column_text][vc_btn title=&#8221;LEARN MORE&#8221; style=&#8221;custom&#8221; custom_background=&#8221;#000000&#8243; custom_text=&#8221;#93aa48&#8243; shape=&#8221;square&#8221; size=&#8221;lg&#8221; align=&#8221;center&#8221; link=&#8221;url:https%3A%2F%2Fwww.ub.edu%2Fproyectomonastic%2Fen%2Fcartography-of-materiality%2F|||&#8221; css=&#8221;.vc_custom_1611826972561{padding-top: 20px !important;}&#8221;][\/vc_column][vc_column width=&#8221;1\/2&#8243; align=&#8221;text-center&#8221; css=&#8221;.vc_custom_1591203009871{background-image: url(https:\/\/www.ub.edu\/proyectomonastic\/wp-content\/uploads\/2020\/06\/paisatge-urbans_02.jpg?id=7177) !important;background-position: center !important;background-repeat: no-repeat !important;background-size: cover !important;}&#8221;][vc_column_text css=&#8221;.vc_custom_1611753697038{padding-top: 100px !important;padding-right: 100px !important;padding-bottom: 50px !important;padding-left: 100px !important;}&#8221;]<\/p>\n<h4 style=\"text-align: center;\"><span style=\"color: #93aa48;\"><strong>INTANGIBLE URBAN LANDSCAPES:<\/strong><\/span> <span style=\"color: #ffffff;\">Monastic cartography<\/span><\/h4>\n<p>[\/vc_column_text][vc_btn title=&#8221;LEARN MORE&#8221; style=&#8221;custom&#8221; custom_background=&#8221;#000000&#8243; custom_text=&#8221;#93aa48&#8243; shape=&#8221;square&#8221; size=&#8221;lg&#8221; align=&#8221;center&#8221; link=&#8221;url:https%3A%2F%2Fwww.ub.edu%2Fproyectomonastic%2Fen%2Fintangible-urban-landscapes%2F|||&#8221; css=&#8221;.vc_custom_1611826991329{padding-top: 20px !important;}&#8221;][\/vc_column][\/vc_row][vc_row gap=&#8221;0&#8243; css=&#8221;.vc_custom_1591204181560{background-color: #e8e8e8 !important;}&#8221;][vc_column width=&#8221;1\/2&#8243; enable_overlay=&#8221;yes&#8221; align=&#8221;text-center&#8221; css=&#8221;.vc_custom_1591203329290{padding-top: 30px !important;padding-right: 30px !important;padding-bottom: 30px !important;padding-left: 30px !important;background-image: url(https:\/\/www.ub.edu\/proyectomonastic\/wp-content\/uploads\/2020\/06\/paisatge-viscut_02.jpg?id=7178) !important;background-position: center !important;background-repeat: no-repeat !important;background-size: cover !important;}&#8221;][vc_column_text css=&#8221;.vc_custom_1611753734915{padding-top: 100px !important;padding-right: 70px !important;padding-bottom: 50px !important;padding-left: 70px !important;}&#8221;]<\/p>\n<h4 style=\"text-align: center;\"><span style=\"color: #93aa48;\"><strong>THE LIVED LANDSCAPE:<\/strong><\/span> <span style=\"color: #ffffff;\">Topography of objects<\/span><\/h4>\n<p>[\/vc_column_text][vc_btn title=&#8221;LEARN MORE&#8221; style=&#8221;custom&#8221; custom_background=&#8221;#000000&#8243; custom_text=&#8221;#93aa48&#8243; shape=&#8221;square&#8221; size=&#8221;lg&#8221; align=&#8221;center&#8221; link=&#8221;url:https%3A%2F%2Fwww.ub.edu%2Fproyectomonastic%2Fen%2Fthe-lived-landscape%2F|||&#8221; css=&#8221;.vc_custom_1611827006274{padding-top: 20px !important;}&#8221;][\/vc_column][vc_column width=&#8221;1\/2&#8243; align=&#8221;text-center&#8221; css=&#8221;.vc_custom_1601396953579{padding-top: 30px !important;padding-right: 30px !important;padding-bottom: 30px !important;padding-left: 30px !important;background-image: url(https:\/\/www.ub.edu\/proyectomonastic\/wp-content\/uploads\/2020\/09\/materialitats-efimeres_psalter.jpg?id=7263) !important;background-position: center !important;background-repeat: no-repeat !important;background-size: cover !important;}&#8221;][vc_column_text css=&#8221;.vc_custom_1611753783958{padding-top: 100px !important;padding-right: 70px !important;padding-bottom: 50px !important;padding-left: 70px !important;}&#8221;]<\/p>\n<h4 style=\"text-align: center;\"><span style=\"color: #93aa48;\"><strong>EPHEMERAL MATERIALITIES:<\/strong><\/span> <span style=\"color: #ffffff;\">Performances and re-enactments<\/span><\/h4>\n<p>[\/vc_column_text][vc_btn title=&#8221;LEARN MORE&#8221; style=&#8221;custom&#8221; custom_background=&#8221;#000000&#8243; custom_text=&#8221;#93aa48&#8243; shape=&#8221;square&#8221; size=&#8221;lg&#8221; align=&#8221;center&#8221; link=&#8221;url:https%3A%2F%2Fwww.ub.edu%2Fproyectomonastic%2Fen%2Fephemeral-materialities%2F|||&#8221; css=&#8221;.vc_custom_1611827021424{padding-top: 20px !important;}&#8221;][\/vc_column][\/vc_row][vc_row css=&#8221;.vc_custom_1591200401949{padding-top: 40px !important;}&#8221;][vc_column width=&#8221;1\/4&#8243;][vc_single_image image=&#8221;6846&#8243; img_size=&#8221;full&#8221; alignment=&#8221;center&#8221; image_max_width=&#8221;150px&#8221;][\/vc_column][vc_column width=&#8221;1\/4&#8243;][vc_single_image image=&#8221;6847&#8243; img_size=&#8221;full&#8221; alignment=&#8221;center&#8221; image_max_width=&#8221;250px&#8221;][\/vc_column][vc_column width=&#8221;1\/4&#8243;][vc_single_image image=&#8221;6854&#8243; img_size=&#8221;full&#8221; alignment=&#8221;center&#8221; image_max_width=&#8221;250px&#8221;][\/vc_column][vc_column width=&#8221;1\/4&#8243;][vc_single_image image=&#8221;7253&#8243; img_size=&#8221;full&#8221; alignment=&#8221;center&#8221; image_max_width=&#8221;150pxpx&#8221;][\/vc_column][\/vc_row]<\/p>\n","protected":false},"excerpt":{"rendered":"<p>[vc_row full_height=&#8221;yes&#8221; content_placement=&#8221;middle&#8221; parallax=&#8221;enable_parallax&#8221; enable_slideshow_bg=&#8221;yes&#8221; slideshow_images=&#8221;7709,7200,6916,7281,7280,7710,7713,7714&#8243; enable_overlay=&#8221;yes&#8221; css=&#8221;.vc_custom_1613674092547{background-color: #93aa48 !important;background-position: center;background-repeat: no-repeat !important;background-size: contain !important;}&#8221;&#8230;<\/p>\n","protected":false},"author":1,"featured_media":0,"parent":0,"menu_order":0,"comment_status":"closed","ping_status":"closed","template":"","meta":[],"_links":{"self":[{"href":"https:\/\/www.ub.edu\/proyectomonastic\/wp-json\/wp\/v2\/pages\/7474"}],"collection":[{"href":"https:\/\/www.ub.edu\/proyectomonastic\/wp-json\/wp\/v2\/pages"}],"about":[{"href":"https:\/\/www.ub.edu\/proyectomonastic\/wp-json\/wp\/v2\/types\/page"}],"author":[{"embeddable":true,"href":"https:\/\/www.ub.edu\/proyectomonastic\/wp-json\/wp\/v2\/users\/1"}],"replies":[{"embeddable":true,"href":"https:\/\/www.ub.edu\/proyectomonastic\/wp-json\/wp\/v2\/comments?post=7474"}],"version-history":[{"count":11,"href":"https:\/\/www.ub.edu\/proyectomonastic\/wp-json\/wp\/v2\/pages\/7474\/revisions"}],"predecessor-version":[{"id":8080,"href":"https:\/\/www.ub.edu\/proyectomonastic\/wp-json\/wp\/v2\/pages\/7474\/revisions\/8080"}],"wp:attachment":[{"href":"https:\/\/www.ub.edu\/proyectomonastic\/wp-json\/wp\/v2\/media?parent=7474"}],"curies":[{"name":"wp","href":"https:\/\/api.w.org\/{rel}","templated":true}]}}