{"id":7935,"date":"2022-04-08T10:47:42","date_gmt":"2022-04-08T10:47:42","guid":{"rendered":"https:\/\/www.ub.edu\/proyectomonastic\/?page_id=7935"},"modified":"2023-03-20T10:39:09","modified_gmt":"2023-03-20T10:39:09","slug":"bd-performances","status":"publish","type":"page","link":"https:\/\/www.ub.edu\/proyectomonastic\/es\/bd-performances\/","title":{"rendered":"BASE DE DATOS DE LAS PERFORMANCES"},"content":{"rendered":"<p>[vc_row equal_height=&#8221;yes&#8221; css=&#8221;.vc_custom_1678182339133{background-color: #93aa48 !important;}&#8221;][vc_column][vc_empty_space height=&#8221;55px&#8221;][\/vc_column][\/vc_row][vc_row][vc_column][\/vc_column][\/vc_row][vc_row][vc_column][vc_column_text]&nbsp;<\/p>\n<p class=\"\" style=\"text-align: center;\"><span style=\"font-size: 24px;\"><strong><span style=\"color: #333333;\"><span style=\"color: #93aa48;\">Materialidades ef\u00edmeras<\/span><\/span><span style=\"color: #333333;\"> &#8211; Base de datos<\/span><\/strong><\/span><\/p>\n<p>&nbsp;[\/vc_column_text][\/vc_column][\/vc_row][vc_row][vc_column][vc_column_text]<\/p>\n<div class=\"boldgrid-section\">\n<div class=\"container\">\n<div class=\"row\">\n<div class=\"col-md-12 col-xs-12 col-sm-12\">\n<p class=\"\"><strong>Esta base de datos se centra en buscar, catalogar y estudiar las pr\u00e1cticas devocionales y conmemorativas, las representaciones lit\u00fargicas y otros rituales mon\u00e1sticos a partir de la documentaci\u00f3n existente. El objetivo es, en un primer lugar, exponer detalladamente estas performances y, en segundo lugar, proponer un m\u00e9todo de clasificaci\u00f3n y de an\u00e1lisis de las mismas.<\/strong><\/p>\n<p>Hemos seleccionado y estudiado m\u00e1s de 40 performances que se desarrollan en el interior de los monasterios y conventos, y que pueden acercarnos a dramatizaciones sacras (parateatrales), rituales procesionales y ceremonias desarrolladas en festividades o momentos clave del calendario lit\u00fargico (Triduo Pascual, Domingo de Ramos, Purificaci\u00f3n, etc.). Sin embargo, con el prop\u00f3sito de trabajar sobre las posibilidades del estudio de la performance, hemos abierto este campo a otros \u00e1mbitos no estrictamente lit\u00fargicos o paralit\u00fargicos para estudiar un amplio cat\u00e1logo de rituales que forman parte de la vida comunitaria (profesiones mon\u00e1sticas, defunciones y elecciones\/bendiciones de abadesas, entradas del visitador, etc.) o incluso acciones (gestualidad, espacios, circuitos) que conectan con el exterior (entrada de reyes y reinas y otras autoridades, celebraciones de matrimonios reales, etc.). Tambi\u00e9n se ha incorporado la ritualidad relacionada con aspectos comunitarios de punici\u00f3n y castigo.<\/p>\n<p>&nbsp;<\/p>\n<p><strong>AUTOR\u00cdAS<br \/>\n<\/strong>La base de datos es fruto de la colaboraci\u00f3n de diferentes investigadoras e investigadores del proyecto Monastic Landscapes: Irene Brugu\u00e9s, Maria del Mar Gra\u00f1a Cid, N\u00faria Jornet-Benito, Lenke Kov\u00e1cs, Miriam Palomba, Silvia Mar\u00eda P\u00e9rez Gonz\u00e1lez, Bego\u00f1a Pons Segu\u00ed, Olivia Robinson, Jordina Sales-Carbonell, Sergi Sancho Fibla.<\/p>\n<p>&nbsp;<\/p>\n<p class=\"\"><iframe class=\"airtable-embed\" style=\"background: transparent; border: 1px solid #ccc;\" src=\"https:\/\/airtable.com\/embed\/shrSE1KxAlA8V2KUC?backgroundColor=yellow&amp;viewControls=on\" width=\"100%\" height=\"750\" frameborder=\"0\"><\/iframe><\/p>\n<\/div>\n<\/div>\n<\/div>\n<\/div>\n<p>[\/vc_column_text][\/vc_column][\/vc_row][vc_row][vc_column][vc_column_text]&nbsp;<\/p>\n<p><strong>AUTOR\u00cdAS<\/strong><\/p>\n<p>La base de datos es fruto de la colaboraci\u00f3n de diferentes investigadoras e investigadores del proyecto Monastic Landscapes: Irene Brugu\u00e9s, Maria del Mar Gra\u00f1a Cid, N\u00faria Jornet-Benito, Lenke Kov\u00e1cs, Miriam Palomba, Silvia Mar\u00eda P\u00e9rez Gonz\u00e1lez, Bego\u00f1a Pons Segu\u00ed, Olivia Robinson, Jordina Sales-Carbonell, Sergi Sancho Fibla.<\/p>\n<p>&nbsp;[\/vc_column_text][\/vc_column][\/vc_row][vc_row][vc_column][vc_empty_space][\/vc_column][\/vc_row]<\/p>\n","protected":false},"excerpt":{"rendered":"<p>[vc_row equal_height=&#8221;yes&#8221; css=&#8221;.vc_custom_1678182339133{background-color: #93aa48 !important;}&#8221;][vc_column][vc_empty_space height=&#8221;55px&#8221;][\/vc_column][\/vc_row][vc_row][vc_column][\/vc_column][\/vc_row][vc_row][vc_column][vc_column_text]&nbsp; Materialidades ef\u00edmeras &#8211; Base de datos &nbsp;[\/vc_column_text][\/vc_column][\/vc_row][vc_row][vc_column][vc_column_text] Esta base&#8230;<\/p>\n","protected":false},"author":3,"featured_media":0,"parent":0,"menu_order":0,"comment_status":"closed","ping_status":"closed","template":"template\/page\/fullwidth.php","meta":[],"_links":{"self":[{"href":"https:\/\/www.ub.edu\/proyectomonastic\/wp-json\/wp\/v2\/pages\/7935"}],"collection":[{"href":"https:\/\/www.ub.edu\/proyectomonastic\/wp-json\/wp\/v2\/pages"}],"about":[{"href":"https:\/\/www.ub.edu\/proyectomonastic\/wp-json\/wp\/v2\/types\/page"}],"author":[{"embeddable":true,"href":"https:\/\/www.ub.edu\/proyectomonastic\/wp-json\/wp\/v2\/users\/3"}],"replies":[{"embeddable":true,"href":"https:\/\/www.ub.edu\/proyectomonastic\/wp-json\/wp\/v2\/comments?post=7935"}],"version-history":[{"count":10,"href":"https:\/\/www.ub.edu\/proyectomonastic\/wp-json\/wp\/v2\/pages\/7935\/revisions"}],"predecessor-version":[{"id":8383,"href":"https:\/\/www.ub.edu\/proyectomonastic\/wp-json\/wp\/v2\/pages\/7935\/revisions\/8383"}],"wp:attachment":[{"href":"https:\/\/www.ub.edu\/proyectomonastic\/wp-json\/wp\/v2\/media?parent=7935"}],"curies":[{"name":"wp","href":"https:\/\/api.w.org\/{rel}","templated":true}]}}