{"id":7953,"date":"2022-04-11T08:04:08","date_gmt":"2022-04-11T08:04:08","guid":{"rendered":"https:\/\/www.ub.edu\/proyectomonastic\/?page_id=7953"},"modified":"2023-03-20T10:41:09","modified_gmt":"2023-03-20T10:41:09","slug":"performances-database","status":"publish","type":"page","link":"https:\/\/www.ub.edu\/proyectomonastic\/en\/performances-database\/","title":{"rendered":"PERFORMANCES DATABASE"},"content":{"rendered":"<p>[vc_row equal_height=&#8221;yes&#8221; css=&#8221;.vc_custom_1678182739450{background-color: #93aa48 !important;}&#8221;][vc_column][vc_empty_space height=&#8221;55px&#8221;][\/vc_column][\/vc_row][vc_row][vc_column][\/vc_column][\/vc_row][vc_row][vc_column][vc_column_text]&nbsp;<\/p>\n<p class=\"\" style=\"text-align: center;\"><span style=\"font-size: 24px;\"><strong><span style=\"color: #333333;\"><span style=\"color: #93aa48;\">Materialidades ef\u00edmeras<\/span><\/span><span style=\"color: #333333;\"> &#8211; Base de datos<\/span><\/strong><\/span><\/p>\n<p>&nbsp;[\/vc_column_text][\/vc_column][\/vc_row][vc_row][vc_column][vc_column_text]<\/p>\n<div class=\"boldgrid-section\">\n<div class=\"container\">\n<div class=\"row\">\n<div class=\"col-md-12 col-xs-12 col-sm-12\">\n<p class=\"\"><strong>This database focuses on the search, cataloguing and study of devotional and commemorative practices, liturgical representations and other monastic rituals based on existing documentation. The aim is, first of all, to set out these performances in detail.<\/strong><\/p>\n<p>We have selected and studied more than 40 performances that take place inside monasteries and convents, and that can bring us closer to sacred dramatizations (para-theatrical), processional rituals and ceremonies developed in festivities or key moments of the liturgical calendar (Easter Triduum, Palm Sunday, Purification, etc.). However, in order to work on the possibilities of studying representation, we have opened this field to other areas that are not strictly liturgical or paraliturgical in order to study a wide range of rituals that are part of community life (monastic professions, deaths and elections\/blessings of abbesses, entry of visitors, etc.) or even actions (gestures, spaces, circuits) that connect with the outside world (entry of kings and other authorities, celebrations of royal marriages, etc.). Rituals related to communal aspects of punishment and punishment have also been incorporated.<\/p>\n<p>&nbsp;<\/p>\n<p><strong>AUTHORSHIP<br \/>\n<\/strong>The database is the result of the collaboration of different researchers from the Monastic Landscapes project: Irene Brugu\u00e9s, Maria del Mar Gra\u00f1a Cid, N\u00faria Jornet-Benito, Lenke Kov\u00e1cs, Miriam Palomba, Silvia Mar\u00eda P\u00e9rez Gonz\u00e1lez, Bego\u00f1a Pons Segu\u00ed, Olivia Robinson, Jordina Sales-Carbonell, Sergi Sancho Fibla.<\/p>\n<p>&nbsp;<\/p>\n<p class=\"\"><iframe class=\"airtable-embed\" style=\"background: transparent; border: 1px solid #ccc;\" src=\"https:\/\/airtable.com\/embed\/shrSE1KxAlA8V2KUC?backgroundColor=yellow&amp;viewControls=on\" width=\"100%\" height=\"750\" frameborder=\"0\"><\/iframe><\/p>\n<\/div>\n<\/div>\n<\/div>\n<\/div>\n<p>[\/vc_column_text][\/vc_column][\/vc_row][vc_row][vc_column][vc_empty_space][\/vc_column][\/vc_row]<\/p>\n","protected":false},"excerpt":{"rendered":"<p>[vc_row equal_height=&#8221;yes&#8221; css=&#8221;.vc_custom_1678182739450{background-color: #93aa48 !important;}&#8221;][vc_column][vc_empty_space height=&#8221;55px&#8221;][\/vc_column][\/vc_row][vc_row][vc_column][\/vc_column][\/vc_row][vc_row][vc_column][vc_column_text]&nbsp; Materialidades ef\u00edmeras &#8211; Base de datos &nbsp;[\/vc_column_text][\/vc_column][\/vc_row][vc_row][vc_column][vc_column_text] This database&#8230;<\/p>\n","protected":false},"author":3,"featured_media":0,"parent":0,"menu_order":0,"comment_status":"closed","ping_status":"closed","template":"template\/page\/fullwidth.php","meta":[],"_links":{"self":[{"href":"https:\/\/www.ub.edu\/proyectomonastic\/wp-json\/wp\/v2\/pages\/7953"}],"collection":[{"href":"https:\/\/www.ub.edu\/proyectomonastic\/wp-json\/wp\/v2\/pages"}],"about":[{"href":"https:\/\/www.ub.edu\/proyectomonastic\/wp-json\/wp\/v2\/types\/page"}],"author":[{"embeddable":true,"href":"https:\/\/www.ub.edu\/proyectomonastic\/wp-json\/wp\/v2\/users\/3"}],"replies":[{"embeddable":true,"href":"https:\/\/www.ub.edu\/proyectomonastic\/wp-json\/wp\/v2\/comments?post=7953"}],"version-history":[{"count":8,"href":"https:\/\/www.ub.edu\/proyectomonastic\/wp-json\/wp\/v2\/pages\/7953\/revisions"}],"predecessor-version":[{"id":8384,"href":"https:\/\/www.ub.edu\/proyectomonastic\/wp-json\/wp\/v2\/pages\/7953\/revisions\/8384"}],"wp:attachment":[{"href":"https:\/\/www.ub.edu\/proyectomonastic\/wp-json\/wp\/v2\/media?parent=7953"}],"curies":[{"name":"wp","href":"https:\/\/api.w.org\/{rel}","templated":true}]}}