{"id":7978,"date":"2022-04-20T21:28:45","date_gmt":"2022-04-20T21:28:45","guid":{"rendered":"https:\/\/www.ub.edu\/proyectomonastic\/?page_id=7978"},"modified":"2023-02-21T18:20:14","modified_gmt":"2023-02-21T18:20:14","slug":"fichas_bloque1","status":"publish","type":"page","link":"https:\/\/www.ub.edu\/proyectomonastic\/es\/fichas_bloque1\/","title":{"rendered":"Un \u201cDiurnal\u201d para una comunidad de clarisas"},"content":{"rendered":"<div class=\"boldgrid-section\">\n<div class=\"container\">\n<div class=\"row\" style=\"padding-bottom: 11px;\">\n<div class=\"col-md-12 col-xs-12 col-sm-12\">\n<p>&nbsp;<\/p>\n<p class=\"\"><img loading=\"lazy\" class=\"alignleft size-medium\" src=\"https:\/\/dummyimage.com\/80x20\/11debf\/fff\" width=\"80\" height=\"20\">El diurnal de Sant i Santa Clara de Barcelona es un manuscrito esencial en el proceso de construcci\u00f3n de la identidad comunitaria del monasterio. Sus p\u00e1ginas nos hablan de devoci\u00f3n (calendario franciscano), \u201cdonados\u201d, promotores, fundadoras (abadesa Agn\u00e8s) y monjas de la comunidad, registrados para ser recordados en las oraciones a lo largo del a\u00f1o. Conservado actualmente en la Biblioteca del Monestir de Santa Maria de Montserrat, fue confeccionado en el siglo XIV y se us\u00f3 al menos hasta el siglo XVI.<\/p>\n<p class=\"\">Este manuscrito aparece citado en casi todos los inventarios de sacrist\u00eda y de convento de la comunidad clarisa y en algunos de la benedictina. A trav\u00e9s de estos inventarios conocemos su lugar de custodia y podemos recrear su uso y funci\u00f3n tanto en las manos de las monjas como de los cl\u00e9rigos a su servicio en la etapa de esplendor medieval y, despu\u00e9s y progresivamente, perdiendo su funci\u00f3n al equipararse con el resto de breviarios del monasterio.<\/p>\n<\/div>\n<\/div>\n<p class=\"\">14 fichas<\/p>\n<\/div>\n<\/div>\n","protected":false},"excerpt":{"rendered":"<p>&nbsp; El diurnal de Sant i Santa Clara de Barcelona es un manuscrito esencial en&#8230;<\/p>\n","protected":false},"author":3,"featured_media":0,"parent":0,"menu_order":0,"comment_status":"closed","ping_status":"closed","template":"template\/page\/fullwidth.php","meta":[],"_links":{"self":[{"href":"https:\/\/www.ub.edu\/proyectomonastic\/wp-json\/wp\/v2\/pages\/7978"}],"collection":[{"href":"https:\/\/www.ub.edu\/proyectomonastic\/wp-json\/wp\/v2\/pages"}],"about":[{"href":"https:\/\/www.ub.edu\/proyectomonastic\/wp-json\/wp\/v2\/types\/page"}],"author":[{"embeddable":true,"href":"https:\/\/www.ub.edu\/proyectomonastic\/wp-json\/wp\/v2\/users\/3"}],"replies":[{"embeddable":true,"href":"https:\/\/www.ub.edu\/proyectomonastic\/wp-json\/wp\/v2\/comments?post=7978"}],"version-history":[{"count":10,"href":"https:\/\/www.ub.edu\/proyectomonastic\/wp-json\/wp\/v2\/pages\/7978\/revisions"}],"predecessor-version":[{"id":8283,"href":"https:\/\/www.ub.edu\/proyectomonastic\/wp-json\/wp\/v2\/pages\/7978\/revisions\/8283"}],"wp:attachment":[{"href":"https:\/\/www.ub.edu\/proyectomonastic\/wp-json\/wp\/v2\/media?parent=7978"}],"curies":[{"name":"wp","href":"https:\/\/api.w.org\/{rel}","templated":true}]}}