{"id":8286,"date":"2023-02-21T18:30:41","date_gmt":"2023-02-21T18:30:41","guid":{"rendered":"https:\/\/www.ub.edu\/proyectomonastic\/?page_id=8286"},"modified":"2023-02-21T18:39:38","modified_gmt":"2023-02-21T18:39:38","slug":"fichas_bloque4","status":"publish","type":"page","link":"https:\/\/www.ub.edu\/proyectomonastic\/es\/fichas_bloque4\/","title":{"rendered":"El ajuar funerario de Blanca de Sicilia"},"content":{"rendered":"<div class=\"boldgrid-section\">\n<div class=\"container\">\n<div class=\"row\" style=\"padding-bottom: 11px;\">\n<div class=\"col-md-12 col-xs-12 col-sm-12\">\n<p>&nbsp;<\/p>\n<p class=\"\">Blanca de Sicilia, condesa de Emp\u00faries y hermana de la reina Leonor, esposa de Pedro el Cerimonioso, escogi\u00f3 su sepultura en el monasterio de Sant Antoni i Santa Clara de Barcelona (del que proceden los inventarios que sirven de base a esta l\u00ednea de investigaci\u00f3n del proyecto). En 1374, cinco a\u00f1os despu\u00e9s de su muerte acaecida en Castell\u00f3 d\u2019Emp\u00faries en noviembre de 1369, lleg\u00f3 su f\u00e9retro a este monasterio y con \u00e9l una serie de objetos de su capilla privada, as\u00ed como la tela de oro que, regalo de su hermana la reina, serv\u00eda para cubrir su cuerpo en los funerales y que se deb\u00eda utilizar en las celebraciones de sus aniversarios. Estos objetos aparecen reiteradamente en los inventarios de sacrist\u00eda y de convento desde los a\u00f1os 80 del siglo XIV. Identificados primero como pertenecientes a la condesa, poco a poco pierden este v\u00ednculo, teji\u00e9ndose un relato de memoria y olvido de ricas e interesantes consecuencias.<\/p>\n<\/div>\n<\/div>\n<p class=\"\">102 fichas<\/p>\n<\/div>\n<\/div>\n","protected":false},"excerpt":{"rendered":"<p>&nbsp; Blanca de Sicilia, condesa de Emp\u00faries y hermana de la reina Leonor, esposa de&#8230;<\/p>\n","protected":false},"author":3,"featured_media":0,"parent":0,"menu_order":0,"comment_status":"closed","ping_status":"closed","template":"template\/page\/fullwidth.php","meta":[],"_links":{"self":[{"href":"https:\/\/www.ub.edu\/proyectomonastic\/wp-json\/wp\/v2\/pages\/8286"}],"collection":[{"href":"https:\/\/www.ub.edu\/proyectomonastic\/wp-json\/wp\/v2\/pages"}],"about":[{"href":"https:\/\/www.ub.edu\/proyectomonastic\/wp-json\/wp\/v2\/types\/page"}],"author":[{"embeddable":true,"href":"https:\/\/www.ub.edu\/proyectomonastic\/wp-json\/wp\/v2\/users\/3"}],"replies":[{"embeddable":true,"href":"https:\/\/www.ub.edu\/proyectomonastic\/wp-json\/wp\/v2\/comments?post=8286"}],"version-history":[{"count":3,"href":"https:\/\/www.ub.edu\/proyectomonastic\/wp-json\/wp\/v2\/pages\/8286\/revisions"}],"predecessor-version":[{"id":8292,"href":"https:\/\/www.ub.edu\/proyectomonastic\/wp-json\/wp\/v2\/pages\/8286\/revisions\/8292"}],"wp:attachment":[{"href":"https:\/\/www.ub.edu\/proyectomonastic\/wp-json\/wp\/v2\/media?parent=8286"}],"curies":[{"name":"wp","href":"https:\/\/api.w.org\/{rel}","templated":true}]}}