{"id":8357,"date":"2023-03-08T13:39:36","date_gmt":"2023-03-08T13:39:36","guid":{"rendered":"https:\/\/www.ub.edu\/proyectomonastic\/?page_id=8357"},"modified":"2023-03-30T15:28:56","modified_gmt":"2023-03-30T15:28:56","slug":"ritual-monastico","status":"publish","type":"page","link":"https:\/\/www.ub.edu\/proyectomonastic\/es\/ritual-monastico\/","title":{"rendered":"RITUAL MON\u00c1STICO"},"content":{"rendered":"<p>[vc_row equal_height=&#8221;yes&#8221; css=&#8221;.vc_custom_1678346673804{background-color: #93aa48 !important;}&#8221;][vc_column][vc_empty_space height=&#8221;50px&#8221;][\/vc_column][\/vc_row][vc_row][vc_column][\/vc_column][\/vc_row][vc_row][vc_column][vc_column_text]&nbsp;<\/p>\n<p style=\"text-align: center;\"><span style=\"font-size: 24px;\"><strong><span style=\"color: #333333;\"><span style=\"color: #93aa48;\">Materialitats ef\u00edmeres<\/span><\/span><span style=\"color: #333333;\"> &#8211; Recreaci\u00f3<\/span><\/strong><\/span><\/p>\n<p>&nbsp;[\/vc_column_text][\/vc_column][vc_column][vc_column_text]&nbsp;<\/p>\n<p><strong>Una de las actividades del proyecto, en la l\u00ednea de investigaci\u00f3n centrada en las pr\u00e1cticas performativas en el interior de los espacios mon\u00e1sticos, ha sido la recreaci\u00f3n en el presente de los rituales que ten\u00edan lugar en el monasterio de monjas benedictinas de Sant Pere de les Puel\u00b7les de Barcelona, desde El momento de la muerte de la abadesa a la elecci\u00f3n de su sucesora.<\/strong><\/p>\n<p>La base documental de la iinvestigaci\u00f3n ha sido la informaci\u00f3n que contiene un manuscrito, tard\u00edo, de principios del siglo XVII, que sintetiza las principales escenas desencadenadas en este momento tan esencial en una comunidad mon\u00e1stica (muerte de la prelada \u2013 elecci\u00f3n de la nueva) y la documentaci\u00f3n de archivo (esencialmente libros de contabilidad y documentaci\u00f3n notarial del siglo XIV) que nos acerca a las personas, cargos e espacios que intervienen en estos rituales, su gesto y significaci\u00f3n, as\u00ed como los elementos materiales adquiridos para la ocasi\u00f3n (ropas, objetos, &#8230;).<\/p>\n<p>La entidad ACUB \u00c0mbit Cultural de Benedictines, EPO de nuestro proyecto, ha elaborado el gui\u00f3n de la &#8220;performance&#8221; sobre esta base documental y ha coordinado la escenificaci\u00f3n que ha implicado m\u00e1s de 20 figurantes con voluntarios del proyecto, profesorado y alumnado de la Universidad de Barcelona; el recurso a dos formaciones corales especializadas en m\u00fasica gregoriana (<em>Auditexaudi <\/em>y <em>Schola Gregoriana de Catalunya<\/em>); y la colaboraci\u00f3n de las comunidades de Sant Benet de Montserrat y Sant Pere de les Puel\u00b7les de Barcelona y el Museo Monestir de Pedralbes en el <em>attrezo <\/em>(vestimenta, objetos y mobiliario) necesario. Adem\u00e1s, este \u00faltimo, EPO de nuestro proyecto, ha facilitado el uso de los espacios privilegiados del monasterio de Santa Maria de Pedralbes en Barcelona donde se ha llevado a t\u00e9rmino la filmaci\u00f3n de la recreaci\u00f3n.<\/p>\n<p>El resultado final es un v\u00eddeo que encadena las diferentes escenas de este ritual de la muerte y elecci\u00f3n de una abadesa. Un documental que pone el acento en los gestos (de la obediencia a la nueva abadesa, de respeto a la difunta prelada); en la m\u00fasica, el silencio y el toque de campanas que acompa\u00f1a los y las protagonistas (monjas, capellanes beneficiados, can\u00f3nigos, sepultureros, obispo, presidente de la Congregaci\u00f3n Benedictina Tarraconense y Cesaragustana, notario&#8230;) en su deambular por los espacios (claustro, coro alto y coro bajo, cap\u00edtulos, puerta del monasterio&#8230;). Y que, en definitiva, supone un gran esfuerzo para convertir la investigaci\u00f3n cient\u00edfica hist\u00f3rica, hecha y promovida desde la universidad, en un producto de divulgaci\u00f3n hist\u00f3rica enmarcado en las humanidades digitales.<\/p>\n<p>Somos conscientes de las dificultades en la recreaci\u00f3n \u2014condicionada por la conservaci\u00f3n de la documentaci\u00f3n y de la profusi\u00f3n de su informaci\u00f3n\u2014; tambi\u00e9n de las licencias que se han tenido que tomar \u2014grabaci\u00f3n de un ritual de benedictinas en un monasterio de clarisas, posibilidades materiales y de presupuesto\u2026\u2014. Aun as\u00ed, el resultado obtenido, fruto del esfuerzo colectivo y del rigor cient\u00edfico que nos ha guiado en todo momento, supera con creces las expectativas in\u00edciales, supone un gran aprendizaje a nivel individual y colectivo para los miembros del proyecto y, lo m\u00e1s importante, un producto cient\u00edfico riguroso y de gran potencial para la divulgaci\u00f3n cient\u00edfica en historia de la espiritualidad femenina.<\/p>\n<p>&nbsp;[\/vc_column_text][\/vc_column][\/vc_row][vc_row][vc_column][vc_video link=&#8221;https:\/\/www.youtube.com\/watch?v=fdgOtRTxtjk&amp;t=5s&amp;ab_channel=ACUB%C3%80mbitCulturaldeBenedictines&#8221;][\/vc_column][\/vc_row][vc_row][vc_column width=&#8221;1\/4&#8243;][vc_single_image image=&#8221;8168&#8243; img_size=&#8221;medium&#8221;][\/vc_column][vc_column width=&#8221;1\/4&#8243;][vc_single_image image=&#8221;8166&#8243; img_size=&#8221;medium&#8221;][\/vc_column][vc_column width=&#8221;1\/4&#8243;][vc_single_image image=&#8221;8169&#8243; img_size=&#8221;medium&#8221;][\/vc_column][vc_column width=&#8221;1\/4&#8243;][vc_single_image image=&#8221;8167&#8243; img_size=&#8221;medium&#8221;][\/vc_column][\/vc_row][vc_row][vc_column][vc_column_text]&nbsp;<\/p>\n<p><strong>CR\u00c9DITOS: <\/strong><\/p>\n<p><strong>Producci\u00f3n<br \/>\n<\/strong>Paisatges mon\u00e0stics. Representacions i virtualitzacions de les realitats espirituals i materials medievals en el Mediterrani Occidental (segles vi-xix), 2019-2022 (Ref. PGC2018-095350-B-I00)<\/p>\n<p><strong>Coordinaci\u00f3n<br \/>\n<\/strong>N\u00faria Jornet Benito<br \/>\nIrene Brugu\u00e9s Massot<\/p>\n<p><strong>Gui\u00f3n y direcci\u00f3n<br \/>\n<\/strong>Irene Brugu\u00e9s Massot<br \/>\nColoma Boada Catas\u00fas<br \/>\nACUB \u00c0mbit Cultural de Benedictines<\/p>\n<p><strong>Realizaci\u00f3n y postproducci\u00f3n<br \/>\n<\/strong>Productora Audiovisual Cus\u00ed-Mares<\/p>\n<p><strong>Documentaci\u00f3n<br \/>\n<\/strong>ACUB \u00c0mbit Cultural de Benedictines<\/p>\n<p><strong>Figuraci\u00f3n<br \/>\n<\/strong>Pilar Benito Mir\u00f3<br \/>\nPere Botey Casals<br \/>\nEnric Casas Reig<br \/>\nAraceli Coll Sanabra<br \/>\nMaite Comalat Navarra<br \/>\nXavier Costa Badia<br \/>\nMarc Ferrer Fern\u00e0ndez<br \/>\nLloren\u00e7 Gener Segu\u00ed<br \/>\nJaume Gual Serra<br \/>\nJoan Guilella Miquel<br \/>\nSevero Is\u00fas Montaner<br \/>\nN\u00faria Jornet Benito<br \/>\nAlice KeeferRiva<br \/>\nRosa Lluch Bramon<br \/>\nBego\u00f1a Pons Segu\u00ed<br \/>\nNil Rider Enrique<br \/>\nConcepci\u00f3n Rodr\u00edguez Parada<br \/>\nAnna Rubi\u00f3 Rod\u00f3n<br \/>\nJordi Sacasas Segura<br \/>\nAlbert Salvad\u00f3 Usach<br \/>\nJordi Sol\u00e0 Antol\u00edn<br \/>\nMaria Soler Sala<br \/>\nEul\u00e0lia Sancho Planas<br \/>\nMarta Sancho Planas<br \/>\nJosep M.Sans Manasanch<br \/>\nJordi Saura Nadal<br \/>\nManel V\u00e1zquez Mu\u00f1oz<br \/>\nAlfons&nbsp;Vil\u00e0 Grau<br \/>\nJuli\u00e0 Vilar Herms<br \/>\nRamon Vilar Herms<br \/>\nJosep Maria Yepes Montardit<\/p>\n<p><strong>M\u00fasica<br \/>\n<\/strong>Auditexaudi<br \/>\nSchola Gregoriana de Catalunya<br \/>\nDaniel Vilarr\u00fabias Cuadras<\/p>\n<p><strong>Voz en off<br \/>\n<\/strong>Anna Rubi\u00f3 Rod\u00f3n<br \/>\nN\u00faria Jornet Benito<\/p>\n<p><strong>Vestuario<br \/>\n<\/strong>Pilar Benito Mir\u00f3<br \/>\nJordi Sacasas Segura<\/p>\n<p><strong>Localizaciones<br \/>\n<\/strong>Irene Brugu\u00e9s Massot<br \/>\nReial Monestir de Santa Maria de Pedralbes<\/p>\n<p><strong>Con la colaboraci\u00f3n de<br \/>\n<\/strong>Monestir de Sant Pere de les Puel\u00b7les<br \/>\nMonestir de Sant Benet de Montserrat<br \/>\nReial Monestir de Santa Maria de Pedralbes<br \/>\nAnna Castellano Tresserra<br \/>\nCarme Aixal\u00e0 F\u00e0bregas<br \/>\nM\u00f2nica Navarro Ruiz<br \/>\nFacultat Informaci\u00f3 i Mitjans Audiovisuals de la Universitat de Barcelona<br \/>\nParr\u00f2quia de Santa Maria del Pi<br \/>\nReial i Il\u00b7lustre Arxiconfraria de la Pur\u00edssima Sang de Nostre Senyor Jesucrist<br \/>\nAjuntament de Castell\u00f3 d\u2019Emp\u00faries<br \/>\nFam\u00edlia Massot Gil<br \/>\nFam\u00edlia Mas Massot<\/p>\n<p>&nbsp;[\/vc_column_text][\/vc_column][\/vc_row][vc_row][vc_column][vc_empty_space height=&#8221;50px&#8221;][\/vc_column][\/vc_row][vc_row][vc_column][vc_column_text]<\/p>\n<div class=\"boldgrid-section\">\n<div class=\"container\">\n<div class=\"row\">\n<div class=\"col-md-12 col-xs-12 col-sm-12\">\n<p>[\/vc_column_text][\/vc_column][vc_column width=&#8221;1\/6&#8243;][\/vc_column][vc_column width=&#8221;1\/6&#8243;][vc_single_image image=&#8221;6849&#8243; img_size=&#8221;full&#8221; alignment=&#8221;center&#8221;][\/vc_column][vc_column width=&#8221;1\/6&#8243;][vc_single_image image=&#8221;8194&#8243; img_size=&#8221;full&#8221; alignment=&#8221;center&#8221;][\/vc_column][vc_column width=&#8221;1\/6&#8243;][vc_single_image image=&#8221;8187&#8243; img_size=&#8221;full&#8221; alignment=&#8221;center&#8221;][\/vc_column][vc_column width=&#8221;1\/6&#8243;][vc_single_image image=&#8221;8188&#8243; img_size=&#8221;full&#8221; alignment=&#8221;center&#8221;][\/vc_column][vc_column width=&#8221;1\/6&#8243;][\/vc_column][\/vc_row][vc_row][vc_column][vc_column_text]<\/p>\n<\/div>\n<\/div>\n<\/div>\n<\/div>\n<div class=\"boldgrid-section\">\n<div class=\"container\">\n<div class=\"row\">\n<div class=\"col-md-12 col-xs-12 col-sm-12\">\n<p>[\/vc_column_text][\/vc_column][\/vc_row][vc_row][vc_column][vc_column_text]<\/p>\n<\/div>\n<\/div>\n<\/div>\n<\/div>\n<div class=\"boldgrid-section\">\n<div class=\"container\">\n<div class=\"row\">\n<div class=\"col-md-12 col-xs-12 col-sm-12\">\n<p>[\/vc_column_text][\/vc_column][\/vc_row][vc_row][vc_column][vc_column_text]<\/p>\n<\/div>\n<\/div>\n<\/div>\n<\/div>\n<p>[\/vc_column_text][\/vc_column][\/vc_row]<\/p>\n","protected":false},"excerpt":{"rendered":"<p>[vc_row equal_height=&#8221;yes&#8221; css=&#8221;.vc_custom_1678346673804{background-color: #93aa48 !important;}&#8221;][vc_column][vc_empty_space height=&#8221;50px&#8221;][\/vc_column][\/vc_row][vc_row][vc_column][\/vc_column][\/vc_row][vc_row][vc_column][vc_column_text]&nbsp; Materialitats ef\u00edmeres &#8211; Recreaci\u00f3 &nbsp;[\/vc_column_text][\/vc_column][vc_column][vc_column_text]&nbsp; Una de las actividades&#8230;<\/p>\n","protected":false},"author":3,"featured_media":0,"parent":0,"menu_order":0,"comment_status":"closed","ping_status":"closed","template":"template\/page\/fullwidth.php","meta":[],"_links":{"self":[{"href":"https:\/\/www.ub.edu\/proyectomonastic\/wp-json\/wp\/v2\/pages\/8357"}],"collection":[{"href":"https:\/\/www.ub.edu\/proyectomonastic\/wp-json\/wp\/v2\/pages"}],"about":[{"href":"https:\/\/www.ub.edu\/proyectomonastic\/wp-json\/wp\/v2\/types\/page"}],"author":[{"embeddable":true,"href":"https:\/\/www.ub.edu\/proyectomonastic\/wp-json\/wp\/v2\/users\/3"}],"replies":[{"embeddable":true,"href":"https:\/\/www.ub.edu\/proyectomonastic\/wp-json\/wp\/v2\/comments?post=8357"}],"version-history":[{"count":7,"href":"https:\/\/www.ub.edu\/proyectomonastic\/wp-json\/wp\/v2\/pages\/8357\/revisions"}],"predecessor-version":[{"id":8426,"href":"https:\/\/www.ub.edu\/proyectomonastic\/wp-json\/wp\/v2\/pages\/8357\/revisions\/8426"}],"wp:attachment":[{"href":"https:\/\/www.ub.edu\/proyectomonastic\/wp-json\/wp\/v2\/media?parent=8357"}],"curies":[{"name":"wp","href":"https:\/\/api.w.org\/{rel}","templated":true}]}}