{"id":106,"date":"2019-04-09T17:29:34","date_gmt":"2019-04-09T16:29:34","guid":{"rendered":"http:\/\/www.ub.edu\/psychocontext\/?page_id=106"},"modified":"2021-05-13T14:19:48","modified_gmt":"2021-05-13T13:19:48","slug":"publications","status":"publish","type":"page","link":"https:\/\/www.ub.edu\/psychocontext\/ca\/publications\/","title":{"rendered":"Publicacions"},"content":{"rendered":"<p>Eiroa-Orosa, F. J. (2020). <a href=\"https:\/\/doi.org\/10.3390\/ijerph17165937\" target=\"_blank\" rel=\"noopener noreferrer\">Understanding Psychosocial Wellbeing in the Context of Complex and Multidimensional Problems<\/a>. <em>International Journal of Environmental Research and Public Health, 17<\/em>(16), 5937. <a href=\"https:\/\/www.mdpi.com\/1660-4601\/17\/16\/5937\/htm\" target=\"_blank\" rel=\"noopener noreferrer\">[Open access]<\/a><\/p>\n<p>Sanchez-Moscona, C., i Eiroa-Orosa, F. J. (2020). <a href=\"https:\/\/doi.org\/10.1111\/inm.12781\" target=\"_blank\" rel=\"noopener noreferrer\">Training mental health peer support training facilitators : a qualitative, participatory evaluation<\/a>. <em>International Journal of Mental Health Nursing<\/em>. <a href=\"https:\/\/www.ub.edu\/psychocontext\/wp-content\/uploads\/Sanchez_Moscona_Eiroa_Orosa_2020_IJMHN.pdf\" target=\"_blank\" rel=\"noopener noreferrer\">[Postprint]<\/a><\/p>\n<p>Georghiades, A., i Eiroa-Orosa, F. J. (2020). <a href=\"https:\/\/doi.org\/10.1007\/s10902-019-00173-z\">A Randomised Enquiry on the Interaction Between Wellbeing and Citizenship<\/a>. <em>Journal of Happiness Studies, 21<\/em>(6), 2115\u20132139<em>.<\/em><em>\u00a0<\/em><a href=\"http:\/\/www.ub.edu\/psychocontext\/wp-content\/uploads\/Georghiades_2019_Journal-of-Happiness-Studies.pdf\" target=\"_blank\" rel=\"noopener noreferrer\">[Postprint]<\/a><\/p>\n<p>Eiroa-Orosa, F. J. (2019). <a href=\"http:\/\/www.ub.edu\/psychocontext\/wp-content\/uploads\/Eiroa-Orosa_2019_Siso-Saude.pdf\">Contextualizando el bienestar psicosocial a trav\u00e9s de la ciudadan\u00eda y los derechos humanos<\/a>. <em>Siso Saude, 64\u201365<\/em>, 269\u2013280. <a href=\"http:\/\/www.ub.edu\/psychocontext\/wp-content\/uploads\/Eiroa-Orosa_2019_Siso-Saude_PostPrint.pdf\">[Postprint]<\/a><\/p>\n<p>Eiroa-Orosa, F. J. (2019). <a href=\"https:\/\/nebraskapressjournals.unl.edu\/issue\/9000023202163\/american-journal-of-psychiatric-rehabilitation-221-2\/\">Analyzing Community Mental Health Programs Through the Citizenship Framework: A Learning Experience<\/a>. <em>American Journal of Psychiatric Rehabilitation, 22<\/em>(1\u20132), 64\u201381. <a href=\"http:\/\/www.ub.edu\/psychocontext\/wp-content\/uploads\/Eiroa_2019_AJPR.pdf\">[Postprint]<\/a><\/p>\n<p>Eiroa-Orosa, F. J., i Garc\u00eda-Mieres, H. (2019). <a href=\"https:\/\/doi.org\/10.1007\/s10488-019-00956-9\">A Systematic Review and Meta-analysis of Recovery Educational Interventions for Mental Health Professionals<\/a>. <em>Administration and Policy in Mental Health and Mental Health Services Research,\u00a046<\/em>(6), 724\u2013752. <a href=\"http:\/\/www.ub.edu\/psychocontext\/wp-content\/uploads\/Eiroa_2019_Administration-and-Policy-in-Mental-Health.pdf\">[Postprint]<\/a><\/p>\n<p>Eiroa-Orosa, F. J., i Limi\u00f1ana-Bravo, L. (2019). <a href=\"http:\/\/doi.org\/10.3390\/ijerph16020244\">An Instrument to Measure Mental Health Professionals\u2019 Beliefs and Attitudes towards Service Users\u2019 Rights<\/a>. <em>International Journal of Environmental Research and Public Health<\/em>, <em>16<\/em>(2), 244. <a href=\"https:\/\/www.mdpi.com\/1660-4601\/16\/2\/244\/pdf\">[Open access]<\/a><\/p>\n<p>Eiroa-Orosa, F. J. (2019). <a href=\"http:\/\/www.atopos.es\/images\/eatopos5\/eatopos57.pdf\">\u00bfEs posible la investigaci\u00f3n desde el activismo en salud mental?<\/a> <em>e-\u00c1topos<\/em>, <em>5<\/em>, 64\u201384. <a href=\"http:\/\/www.atopos.es\/images\/eatopos5\/eatopos57.pdf\">[Open access]<\/a><\/p>\n<p>Eiroa-Orosa, F. J. (2018). <a href=\"http:\/\/doi.org\/10.3389\/fpsyg.2018.01795\">Editorial: The Sociocultural Context of Psychosocial Interventions<\/a>. <em>Frontiers in Psychology<\/em>, <em>9<\/em>. <a href=\"https:\/\/www.frontiersin.org\/articles\/10.3389\/fpsyg.2018.01795\/pdf\">[Open access]<\/a><\/p>\n<p>Eiroa-Orosa, F. J., i Lomascolo, M. (2018). <a href=\"http:\/\/doi.org\/10.1037\/ort0000376\">Training mental health activists increases the well-being of participants with high baseline levels of self-stigma: Results of the Obertament training evaluation<\/a>. <em>American Journal of Orthopsychiatry<\/em>, <em>88<\/em>(6), 617\u2013625. <a href=\"http:\/\/www.ub.edu\/psychocontext\/wp-content\/uploads\/Eiroa_2018_AmJOrtoPsy.pdf\">[Postprint]<\/a><\/p>\n<p>Montague, A. C., i Eiroa-Orosa, F. J. (2018). <a href=\"http:\/\/doi.org\/10.1002\/jcop.21914\">In it together: Exploring how belonging to a youth activist group enhances well-being<\/a>. <em>Journal of Community Psychology<\/em>, <em>46<\/em>(1), 23\u201343. <a href=\"http:\/\/www.ub.edu\/psychocontext\/wp-content\/uploads\/Montague_2018_JCP.pdf\">[Postprint]<\/a><\/p>\n<p>S\u00e1nchez-Moscona, C., i Eiroa-Orosa, F. J. (2018). <a href=\"https:\/\/twitter.com\/FederacioVeus\/status\/1042732629412462593\">De la experiencia a la esperanza. Evaluaci\u00f3n cualitativa de un curso de formaci\u00f3n para facilitadores de apoyo entre iguales<\/a>. <em>XPatient Barcelona Congress<\/em>. Barcelona: eurecat. <a href=\"http:\/\/www.ub.edu\/psychocontext\/wp-content\/uploads\/2018_09_20_XPatient_Barcelona_Congress_Poster_ES.pdf\">[Poster]<\/a><\/p>\n<p>Eiroa-Orosa, F. J. (2018). <a href=\"http:\/\/www.ub.edu\/psychocontext\/wp-content\/uploads\/Eiroa_2018_AMSM_Ciudadania_Salud_Mental.pdf\">Ciudadan\u00eda y salud mental: hacia una atenci\u00f3n basada en derechos<\/a>. <em>XI Congreso de la<\/em><i> Asociaci\u00f3n Madrile\u00f1a de Salud Mental<\/i>. Madrid: Asociaci\u00f3n Madrile\u00f1a de Salud Mental.<\/p>\n<p>Garc\u00eda-Mieres, H., i Eiroa-Orosa, F. J. (2018). <a href=\"http:\/\/doi.org\/10.1093\/schbul\/sby018.1043\">A meta-analysis of recovery educational and awareness interventions for mental health professionals<\/a>. <em>Schizophrenia Bulletin<\/em>, <em>44<\/em>(suppl_1), S427\u2013S427. <a href=\"http:\/\/www.ub.edu\/psychocontext\/wp-content\/uploads\/Garcia_Eiroa_2018_04_04_Poster_SIRS.pdf\">[Poster]<\/a><\/p>\n<p>Limi\u00f1ana-Bravo, L., i Eiroa-Orosa, F. J. (2017). <a href=\"http:\/\/www.ub.edu\/psychocontext\/wp-content\/uploads\/Limi\u00f1ana_2017_Avances_Psicologia_Clinica.pdf\">Formaci\u00f3n a profesionales de la salud mental: hacia una atenci\u00f3n basada en derechos<\/a>. En <em>Avances en Psicolog\u00eda Cl\u00ednica<\/em> (pp. 1023\u20131033). Granada: Asociaci\u00f3n Espa\u00f1ola de Psicolog\u00eda Conductual.<\/p>\n<p>Bardaj\u00ed-Mauri, A., Casacuberta-Mart\u00ed, S., i Eiroa-Orosa, F. J. (2017). <a href=\"http:\/\/www.ub.edu\/psychocontext\/wp-content\/uploads\/Bardaji_2017_Avances_Psicologia_Clinica.pdf\">La figura del t\u00e9cnico de apoyo entre iguales en Catalu\u00f1a: de la experiencia a la esperanza<\/a>. En <em>Avances en Psicolog\u00eda Cl\u00ednica<\/em> (pp. 1034\u20131045). Granada: Asociaci\u00f3n Espa\u00f1ola de Psicolog\u00eda Conductual.<\/p>\n<p>Eiroa-Orosa, F. J., i Rowe, M. (2017). <a href=\"http:\/\/doi.org\/10.3389\/fpsyg.2017.01020\">Taking the Concept of Citizenship in Mental Health across Countries. Reflections on Transferring Principles and Practice to Different Sociocultural Contexts<\/a>. <em>Frontiers in Psychology<\/em>, <em>8<\/em>. <a href=\"https:\/\/www.frontiersin.org\/articles\/10.3389\/fpsyg.2017.01020\/pdf\">[Open access]<\/a><\/p>\n<p>Vinyals Rojas, E., i Eiroa-Orosa, F. J. (2017). <a href=\"http:\/\/www.atopos.es\/images\/atopos18\/atopos18_6.pdf\">Formaci\u00f3n en salud mental en primera persona: de las experiencias personales al empoderamiento colectivo y la transformaci\u00f3n del sistema<\/a>. <em>\u00c1topos<\/em>, <em>18<\/em>, 61\u201373. <a href=\"http:\/\/www.atopos.es\/images\/atopos18\/atopos18_6.pdf\">[Open access]<\/a><\/p>\n<p>Brown, N. J. L., Lomas, T., i Eiroa-Orosa, F. J. (2017). <a href=\"http:\/\/doi.org\/10.4324\/9781315659794\"><em>The Routledge International Handbook of Critical Positive Psychology<\/em><\/a>. London, UK: Routledge.<\/p>\n<p style=\"padding-left: 40px;\">Brown, N. J. L., Lomas, T., i Eiroa-Orosa, F. J. (2017). <a href=\"http:\/\/hdl.handle.net\/2445\/118642\">Introduction<\/a> (pp. 1\u20132). <a href=\"http:\/\/www.ub.edu\/psychocontext\/wp-content\/uploads\/Brown_2017_Routledge_Critical_Positive_Psychology_Handbook_Introduction_f.pdf\">[Postprint]<\/a><\/p>\n<p style=\"padding-left: 40px;\">Di Martino, S., Eiroa-Orosa, F. J., i Arcidiacono, C. (2017). <a href=\"http:\/\/hdl.handle.net\/2445\/118643\">Community psychology\u2019s contributions to happiness and well-being<\/a>. (pp. 99\u2013118). <a href=\"http:\/\/www.ub.edu\/psychocontext\/wp-content\/uploads\/DiMartino_2017_Routledge_Critical_Positive_Psychology_f.pdf\">[Postprint]<\/a><\/p>\n<p style=\"padding-left: 40px;\">Eiroa-Orosa, F. J. (2017). <a href=\"http:\/\/hdl.handle.net\/2445\/118644\">A Proposed Enquiry into the Effect of Sociocultural Changes on Well-Being<\/a> (pp. 368\u2013376). <a href=\"http:\/\/www.ub.edu\/psychocontext\/wp-content\/uploads\/Eiroa_2017_Routledge_Critical_Positive_Psychology_f.pdf\">[Postprint]<\/a><\/p>\n<p style=\"padding-left: 40px;\">Eiroa-Orosa, F. J. (2017). <a href=\"http:\/\/hdl.handle.net\/2445\/118645\">Applied perspectives<\/a> (pp. 405\u2013407). <a href=\"http:\/\/www.ub.edu\/psychocontext\/wp-content\/uploads\/Eiroa_2017_Routledge_Critical_Positive_Psychology_section_3_f.pdf\">[Postprint]<\/a><\/p>\n<p style=\"padding-left: 40px;\">Montague, A. C., i Eiroa-Orosa, F. J. (2017). <a href=\"http:\/\/hdl.handle.net\/2445\/118646\">Exploring the Role of Engagement on Well-Being and Personal Development: A Review of Adolescent and Mental Health Activism<\/a> (pp. 437\u2013446). <a href=\"http:\/\/www.ub.edu\/psychocontext\/wp-content\/uploads\/Montague_2017_Routledge_Critical_Positive_Psychology_f.pdf\">[Postprint]<\/a><\/p>\n<p>Eiroa-Orosa, F. J. (2017). <em><a href=\"http:\/\/www.ub.edu\/psychocontext\/wp-content\/uploads\/Eiroa_2017_Restraint.pdf\">Recopilaci\u00f3n de argumentos sobre la reducci\u00f3n de contenciones mec\u00e1nicas y comentario de la literatura cient\u00edfica reciente<\/a><\/em>. Barcelona: &#8211; Federaci\u00f3n Catalana de Entidades de Salud Mental en 1\u00aa Persona &#8211; VEUS<\/p>\n<p>P\u00e9rez-P\u00e9rez, B., i Eiroa-Orosa, F. J. (2017). <a href=\"http:\/\/hdl.handle.net\/11181\/5545%0A\"><em>[Mental Health Rights Guide] Gu\u00eda de Derechos en Salud Mental<\/em><\/a>. Barcelona: Federaci\u00f3n Catalana de Entidades de Salud Mental en 1\u00aa Persona &#8211; VEUS<\/p>\n<p>Eiroa-Orosa, F. J. (2017). <a href=\"http:\/\/www.ub.edu\/psychocontext\/wp-content\/uploads\/Eiroa_2017_WPA.pdf\">Creating synergies between mental health professionals and the mental health first person movement: experiences from training and sensitization<\/a>. In <em>WPA XVII World Congress of Psychiatry. Psychiatry of the 21<sup>st<\/sup> Century: Context, Controversies and Commitment<\/em>. Berlin: World Psychiatric Association. <a href=\"http:\/\/www.ub.edu\/psychocontext\/wp-content\/uploads\/Eiroa_2017_WPA_Poster_EN.pdf\">[Poster]<\/a><\/p>\n<p>Eiroa-Orosa, F. J., i Porxas Roig, M. \u00c0. (2017). <a href=\"http:\/\/www.ub.edu\/psychocontext\/wp-content\/uploads\/Eiroa_Orosa_Porxas_2017_06_AEN.pdf\">M\u00e1s all\u00e1 de la recuperaci\u00f3n: Hacia una atenci\u00f3n en salud mental basada en derechos<\/a>. <em>Sujet_s a lo social, XXVII Conferencia Nacional de Salud Mental de la AEN, XXII Conferencia de la Asociaci\u00f3n Madrile\u00f1a de Salud Mental, AMSM<\/em> (pp. 381\u2013389). Madrid: Asociaci\u00f3n Espa\u00f1ola de Neuropsiquiatr\u00eda- Profesionales de Salud Mental.<\/p>\n<p>Eiroa-Orosa, F. J. (2017). <a href=\"http:\/\/www.ub.edu\/psychocontext\/wp-content\/uploads\/Eiroa_Orosa_2017_ICPS_Abstract.pdf\">Mental health activism as identity transformation<\/a>. In <em>International Convention of Psychological Science<\/em>. Vienna: Association for Psychological Science. <a href=\"http:\/\/www.ub.edu\/psychocontext\/wp-content\/uploads\/Eiroa_Orosa_2017_ICPS.pdf\">[Presentation]<\/a><\/p>\n<p>Eiroa-Orosa, F. J. (2016). <a href=\"https:\/\/www.ub.edu\/psychocontext\/wp-content\/uploads\/Eiroa-Orosa_2017_Filosof\u00eda-y-salud-mental.pdf\" target=\"_blank\" rel=\"noopener noreferrer\">El estado de los derechos de los usuarios en el \u00e1mbito de la pr\u00e1ctica de la salud mental<\/a>. En B. Rom\u00e1n, G. Cagigal, y J. M. Esquirol (Eds.), <em>Filosof\u00eda y salud mental<\/em> (pp. 144\u2013159). Barcelona: Aporia, Sant Pere Claver.<\/p>\n<p>Eiroa-Orosa, F. J. (2016). <a href=\"http:\/\/doi.org\/10.1002\/ijop.12302\">Community engagement as mental health promotion: towards a committed psychological practice<\/a>. In <em>International Journal of Psychology. Special Issue: 31<sup>st<\/sup> International Congress of Psychology <\/em>(Vol. 51, p. 242). Yokohama, Japan: International Union of Psychological Science.<\/p>\n<p>Eiroa-Orosa, F. J. (2015).\u00a0<a href=\"http:\/\/www.ub.edu\/psychocontext\/wp-content\/uploads\/Eiroa-Orosa_2016_FEARP.pdf\">Activismo en salud mental y bienestar<\/a>.\u00a0<em>Rehabilitaci\u00f3n Psicosocial<\/em>,\u00a0<em>12<\/em>(2), 32\u201335.<\/p>","protected":false},"excerpt":{"rendered":"<p>Eiroa-Orosa, F. J. (2020). Understanding Psychosocial Wellbeing in the Context of Complex and Multidimensional Problems. International Journal of Environmental Research [&hellip;]<\/p>\n","protected":false},"author":1,"featured_media":0,"parent":0,"menu_order":0,"comment_status":"closed","ping_status":"closed","template":"","meta":{"footnotes":""},"class_list":["post-106","page","type-page","status-publish","hentry"],"_links":{"self":[{"href":"https:\/\/www.ub.edu\/psychocontext\/ca\/wp-json\/wp\/v2\/pages\/106","targetHints":{"allow":["GET"]}}],"collection":[{"href":"https:\/\/www.ub.edu\/psychocontext\/ca\/wp-json\/wp\/v2\/pages"}],"about":[{"href":"https:\/\/www.ub.edu\/psychocontext\/ca\/wp-json\/wp\/v2\/types\/page"}],"author":[{"embeddable":true,"href":"https:\/\/www.ub.edu\/psychocontext\/ca\/wp-json\/wp\/v2\/users\/1"}],"replies":[{"embeddable":true,"href":"https:\/\/www.ub.edu\/psychocontext\/ca\/wp-json\/wp\/v2\/comments?post=106"}],"version-history":[{"count":27,"href":"https:\/\/www.ub.edu\/psychocontext\/ca\/wp-json\/wp\/v2\/pages\/106\/revisions"}],"predecessor-version":[{"id":542,"href":"https:\/\/www.ub.edu\/psychocontext\/ca\/wp-json\/wp\/v2\/pages\/106\/revisions\/542"}],"wp:attachment":[{"href":"https:\/\/www.ub.edu\/psychocontext\/ca\/wp-json\/wp\/v2\/media?parent=106"}],"curies":[{"name":"wp","href":"https:\/\/api.w.org\/{rel}","templated":true}]}}