{"id":12,"date":"2019-04-08T12:03:00","date_gmt":"2019-04-08T11:03:00","guid":{"rendered":"http:\/\/www.ub.edu\/psychocontext\/?page_id=12"},"modified":"2021-07-28T11:35:50","modified_gmt":"2021-07-28T10:35:50","slug":"team","status":"publish","type":"page","link":"https:\/\/www.ub.edu\/psychocontext\/ca\/team\/","title":{"rendered":"Equip"},"content":{"rendered":"<p><img loading=\"lazy\" decoding=\"async\" class=\"alignleft wp-image-122 size-thumbnail\" src=\"http:\/\/www.ub.edu\/psychocontext\/wp-content\/uploads\/2019\/04\/Michael_circle-150x150.png\" alt=\"\" width=\"150\" height=\"150\" srcset=\"https:\/\/www.ub.edu\/psychocontext\/wp-content\/uploads\/2019\/04\/Michael_circle-150x150.png 150w, https:\/\/www.ub.edu\/psychocontext\/wp-content\/uploads\/2019\/04\/Michael_circle-300x300.png 300w, https:\/\/www.ub.edu\/psychocontext\/wp-content\/uploads\/2019\/04\/Michael_circle-768x768.png 768w, https:\/\/www.ub.edu\/psychocontext\/wp-content\/uploads\/2019\/04\/Michael_circle-830x830.png 830w, https:\/\/www.ub.edu\/psychocontext\/wp-content\/uploads\/2019\/04\/Michael_circle-230x230.png 230w, https:\/\/www.ub.edu\/psychocontext\/wp-content\/uploads\/2019\/04\/Michael_circle-350x350.png 350w, https:\/\/www.ub.edu\/psychocontext\/wp-content\/uploads\/2019\/04\/Michael_circle-480x480.png 480w, https:\/\/www.ub.edu\/psychocontext\/wp-content\/uploads\/2019\/04\/Michael_circle.png 1000w\" sizes=\"auto, (max-width: 150px) 100vw, 150px\" \/><strong>Supervisor internacional.<\/strong> El professor <a href=\"https:\/\/medicine.yale.edu\/psychiatry\/people\/michael_rowe.profile\">Michael Rowe<\/a>, fou codirector del <a href=\"http:\/\/www.yale.edu\/PRCH\/\">Programa de Recuperaci\u00f3 i Salut Comunit\u00e0ria de la Universitat de Yale<\/a>. En aquest programa, en lloc de veure els individus diagnosticats de trastorns mentals com problemes que s&#8217;han d&#8217;abordar a trav\u00e9s de la intervenci\u00f3 de professionals, se&#8217;ls considera experts en els seus problemes i dificultats i, en conseq\u00fc\u00e8ncia, com els m\u00e9s qualificats per trobar solucions. La tasca central del professor Rowe ha estat involucrar a persones que viuen amb addiccions i trastorns mentals en la redefinici\u00f3 dels seus desafiaments en els seus propis termes. Els seus interessos de recerca i formaci\u00f3 han estat influenciats pel seu antic c\u00e0rrec com a director de l&#8217;equip de seguiment del Centre de Salut Mental de Connecticut. Les fortaleses i limitacions del treball de seguiment el van portar a desenvolupar un marc te\u00f2ric innovador de la ciutadania.<\/p>\n<p>&nbsp;<\/p>\n<p><img loading=\"lazy\" decoding=\"async\" class=\"alignleft wp-image-119 size-thumbnail\" src=\"http:\/\/www.ub.edu\/psychocontext\/wp-content\/uploads\/2019\/04\/Guillem_circle-150x150.png\" alt=\"\" width=\"150\" height=\"150\" srcset=\"https:\/\/www.ub.edu\/psychocontext\/wp-content\/uploads\/2019\/04\/Guillem_circle-150x150.png 150w, https:\/\/www.ub.edu\/psychocontext\/wp-content\/uploads\/2019\/04\/Guillem_circle.png 200w\" sizes=\"auto, (max-width: 150px) 100vw, 150px\" \/><strong>Supervisor de retorn.<\/strong> El professor <a href=\"http:\/\/www.ub.edu\/ipcs\/equip\/guillem-feixas-viaplana\/\">Guillem Feixas<\/a>, supervisa el projecte en la <a href=\"http:\/\/www.ub.edu\/personalint\">Secci\u00f3 de Personalitat, Avaluaci\u00f3 i Tractament Psicol\u00f2gic<\/a> del <a href=\"https:\/\/www.ub.edu\/web\/ub\/en\/universitat\/campus_fac_dep\/departaments\/c\/deppsicologiaclinica.html?\">Departament de Psicologia Cl\u00ednica i Psicobiologia<\/a> de la <a href=\"https:\/\/www.ub.edu\">Universitat de Barcelona<\/a>. El professor Feixas \u00e9s l&#8217;investigador principal del grup de recerca en <a href=\"http:\/\/www.ub.edu\/ipcs\">Intervenci\u00f3 en Psicologia Cl\u00ednica i de la Salut<\/a>. S&#8217;ha especialitzat en les \u00e0rees d&#8217;avaluaci\u00f3 i tractament psicol\u00f2gic amb una orientaci\u00f3 constructivista i sist\u00e8mica. L&#8217;objectiu principal de la seva recerca ha estat avan\u00e7ar en la comprensi\u00f3 de la construcci\u00f3 interpersonal i promoure el coneixement del seu paper en la salut, tant mental com f\u00edsica i en el proc\u00e9s psicoterap\u00e8utic. En l&#8217;actualitat es troba executant diferents assaigs cl\u00ednics amb l&#8217;objectiu d&#8217;analitzar el paper dels conflictes cognitius com una eina per a la integraci\u00f3 entre diferents enfocaments i millora de resultats.<\/p>\n<p>&nbsp;<\/p>\n<p><strong><img loading=\"lazy\" decoding=\"async\" class=\"wp-image-403 size-thumbnail alignleft\" src=\"http:\/\/www.ub.edu\/psychocontext\/wp-content\/uploads\/2020_rd_75-150x150.jpg\" alt=\"\" width=\"150\" height=\"150\" srcset=\"https:\/\/www.ub.edu\/psychocontext\/wp-content\/uploads\/2020_rd_75-150x150.jpg 150w, https:\/\/www.ub.edu\/psychocontext\/wp-content\/uploads\/2020_rd_75-300x300.jpg 300w, https:\/\/www.ub.edu\/psychocontext\/wp-content\/uploads\/2020_rd_75-768x769.jpg 768w, https:\/\/www.ub.edu\/psychocontext\/wp-content\/uploads\/2020_rd_75-1024x1024.jpg 1024w, https:\/\/www.ub.edu\/psychocontext\/wp-content\/uploads\/2020_rd_75-830x831.jpg 830w, https:\/\/www.ub.edu\/psychocontext\/wp-content\/uploads\/2020_rd_75-230x230.jpg 230w, https:\/\/www.ub.edu\/psychocontext\/wp-content\/uploads\/2020_rd_75-350x350.jpg 350w, https:\/\/www.ub.edu\/psychocontext\/wp-content\/uploads\/2020_rd_75-480x481.jpg 480w\" sizes=\"auto, (max-width: 150px) 100vw, 150px\" \/>Investigador postdoctoral.<\/strong> El Dr. <a href=\"http:\/\/www.ub.edu\/ipcs\/equip\/francisco-jose-eiroa-orosa\/\">Francisco Jos\u00e9 Eiroa Orosa<\/a> \u00e9s investigador Marie Sk\u0142odowska-Curie a les Universitats de Yale i Barcelona, \u200b\u200ben col\u00b7laboraci\u00f3 amb <a href=\"https:\/\/acpsm-aen.cat\">Associaci\u00f3 Catalana de Professionals de Salut Mental<\/a>, la <a href=\"http:\/\/veus.cat\/\">Federaci\u00f3 d&#8217;Entitats Catalanes de Salut Mental a 1\u00aa Persona &#8211; VEUS<\/a> i <a href=\"http:\/\/obertament.org\/\">Obertament<\/a>, l&#8217;alian\u00e7a catalana de lluita contra l&#8217;estigma i la discriminaci\u00f3 en salut mental. Els seus interessos de recerca estan enfocats en l&#8217;an\u00e0lisi d&#8217;estrat\u00e8gies de conscienciaci\u00f3 d&#8217;usuaris i professionals de l&#8217;\u00e0mbit de la salut mental per millorar la comunicaci\u00f3 entre ells, potenciant la participaci\u00f3 en els serveis dels primers i la reflexi\u00f3 cr\u00edtica i autocura dels segons.<\/p>","protected":false},"excerpt":{"rendered":"<p>Supervisor internacional. El professor Michael Rowe, fou codirector del Programa de Recuperaci\u00f3 i Salut Comunit\u00e0ria de la Universitat de Yale. [&hellip;]<\/p>\n","protected":false},"author":1,"featured_media":43,"parent":0,"menu_order":0,"comment_status":"closed","ping_status":"closed","template":"","meta":{"footnotes":""},"class_list":["post-12","page","type-page","status-publish","has-post-thumbnail","hentry"],"_links":{"self":[{"href":"https:\/\/www.ub.edu\/psychocontext\/ca\/wp-json\/wp\/v2\/pages\/12","targetHints":{"allow":["GET"]}}],"collection":[{"href":"https:\/\/www.ub.edu\/psychocontext\/ca\/wp-json\/wp\/v2\/pages"}],"about":[{"href":"https:\/\/www.ub.edu\/psychocontext\/ca\/wp-json\/wp\/v2\/types\/page"}],"author":[{"embeddable":true,"href":"https:\/\/www.ub.edu\/psychocontext\/ca\/wp-json\/wp\/v2\/users\/1"}],"replies":[{"embeddable":true,"href":"https:\/\/www.ub.edu\/psychocontext\/ca\/wp-json\/wp\/v2\/comments?post=12"}],"version-history":[{"count":14,"href":"https:\/\/www.ub.edu\/psychocontext\/ca\/wp-json\/wp\/v2\/pages\/12\/revisions"}],"predecessor-version":[{"id":544,"href":"https:\/\/www.ub.edu\/psychocontext\/ca\/wp-json\/wp\/v2\/pages\/12\/revisions\/544"}],"wp:featuredmedia":[{"embeddable":true,"href":"https:\/\/www.ub.edu\/psychocontext\/ca\/wp-json\/wp\/v2\/media\/43"}],"wp:attachment":[{"href":"https:\/\/www.ub.edu\/psychocontext\/ca\/wp-json\/wp\/v2\/media?parent=12"}],"curies":[{"name":"wp","href":"https:\/\/api.w.org\/{rel}","templated":true}]}}