{"id":8,"date":"2019-04-08T12:02:59","date_gmt":"2019-04-08T11:02:59","guid":{"rendered":"http:\/\/www.ub.edu\/psychocontext\/?page_id=8"},"modified":"2020-10-15T09:06:02","modified_gmt":"2020-10-15T08:06:02","slug":"home","status":"publish","type":"page","link":"https:\/\/www.ub.edu\/psychocontext\/ca\/","title":{"rendered":"Inici"},"content":{"rendered":"<p>El projecte PsychoContext, finan\u00e7at per la Comissi\u00f3 Europea, va intentar durant tres anys a crear sinergies entre diferents actors del camp de la salut mental. L&#8217;objectiu d&#8217;aquest projecte va ser oferir una reflexi\u00f3 de baix a dalt, integrada des de l&#8217;arrel la necessitat de la contextualitzaci\u00f3 de les intervencions de salut mental i les barreres professionals i institucionals per a aquest proc\u00e9s a nivell europeu, utilitzant m\u00e8todes d&#8217;investigaci\u00f3 acci\u00f3 participativa amb usuaris, familiars i professionals de serveis psicosocials, aix\u00ed com grups de la societat civil. Aix\u00f2 ens va permetre tenir un enfocament ecol\u00f2gic alhora que garant\u00edem la difusi\u00f3 directa dels resultats. El projecte es va implementar integrant tecnologies de la informaci\u00f3 amb entrevistes personals, grups focals i formaci\u00f3 professional continuada.<\/p>","protected":false},"excerpt":{"rendered":"<p>El projecte PsychoContext, finan\u00e7at per la Comissi\u00f3 Europea, va intentar durant tres anys a crear sinergies entre diferents actors del [&hellip;]<\/p>\n","protected":false},"author":1,"featured_media":69,"parent":0,"menu_order":0,"comment_status":"closed","ping_status":"closed","template":"","meta":{"footnotes":""},"class_list":["post-8","page","type-page","status-publish","has-post-thumbnail","hentry"],"_links":{"self":[{"href":"https:\/\/www.ub.edu\/psychocontext\/ca\/wp-json\/wp\/v2\/pages\/8","targetHints":{"allow":["GET"]}}],"collection":[{"href":"https:\/\/www.ub.edu\/psychocontext\/ca\/wp-json\/wp\/v2\/pages"}],"about":[{"href":"https:\/\/www.ub.edu\/psychocontext\/ca\/wp-json\/wp\/v2\/types\/page"}],"author":[{"embeddable":true,"href":"https:\/\/www.ub.edu\/psychocontext\/ca\/wp-json\/wp\/v2\/users\/1"}],"replies":[{"embeddable":true,"href":"https:\/\/www.ub.edu\/psychocontext\/ca\/wp-json\/wp\/v2\/comments?post=8"}],"version-history":[{"count":4,"href":"https:\/\/www.ub.edu\/psychocontext\/ca\/wp-json\/wp\/v2\/pages\/8\/revisions"}],"predecessor-version":[{"id":539,"href":"https:\/\/www.ub.edu\/psychocontext\/ca\/wp-json\/wp\/v2\/pages\/8\/revisions\/539"}],"wp:featuredmedia":[{"embeddable":true,"href":"https:\/\/www.ub.edu\/psychocontext\/ca\/wp-json\/wp\/v2\/media\/69"}],"wp:attachment":[{"href":"https:\/\/www.ub.edu\/psychocontext\/ca\/wp-json\/wp\/v2\/media?parent=8"}],"curies":[{"name":"wp","href":"https:\/\/api.w.org\/{rel}","templated":true}]}}