{"id":12,"date":"2019-04-08T12:03:00","date_gmt":"2019-04-08T11:03:00","guid":{"rendered":"http:\/\/www.ub.edu\/psychocontext\/?page_id=12"},"modified":"2021-07-28T11:35:50","modified_gmt":"2021-07-28T10:35:50","slug":"team","status":"publish","type":"page","link":"https:\/\/www.ub.edu\/psychocontext\/es\/team\/","title":{"rendered":"Equipo"},"content":{"rendered":"<p><img loading=\"lazy\" decoding=\"async\" class=\"alignleft wp-image-122 size-thumbnail\" src=\"http:\/\/www.ub.edu\/psychocontext\/wp-content\/uploads\/2019\/04\/Michael_circle-150x150.png\" alt=\"\" width=\"150\" height=\"150\" srcset=\"https:\/\/www.ub.edu\/psychocontext\/wp-content\/uploads\/2019\/04\/Michael_circle-150x150.png 150w, https:\/\/www.ub.edu\/psychocontext\/wp-content\/uploads\/2019\/04\/Michael_circle-300x300.png 300w, https:\/\/www.ub.edu\/psychocontext\/wp-content\/uploads\/2019\/04\/Michael_circle-768x768.png 768w, https:\/\/www.ub.edu\/psychocontext\/wp-content\/uploads\/2019\/04\/Michael_circle-830x830.png 830w, https:\/\/www.ub.edu\/psychocontext\/wp-content\/uploads\/2019\/04\/Michael_circle-230x230.png 230w, https:\/\/www.ub.edu\/psychocontext\/wp-content\/uploads\/2019\/04\/Michael_circle-350x350.png 350w, https:\/\/www.ub.edu\/psychocontext\/wp-content\/uploads\/2019\/04\/Michael_circle-480x480.png 480w, https:\/\/www.ub.edu\/psychocontext\/wp-content\/uploads\/2019\/04\/Michael_circle.png 1000w\" sizes=\"auto, (max-width: 150px) 100vw, 150px\" \/><strong>Supervisor internacional<\/strong>. El profesor <a href=\"https:\/\/medicine.yale.edu\/psychiatry\/people\/michael_rowe.profile\">Michael Rowe<\/a>, fue codirector del <a href=\"http:\/\/www.yale.edu\/PRCH\/\">Programa de Recuperaci\u00f3n y Salud Comunitaria de la Universidad de Yale<\/a>. En este programa, en lugar de ver a los individuos diagnosticados de trastornos mentales como problemas que deben abordarse a trav\u00e9s de la intervenci\u00f3n de profesionales, se les considera expertos en sus problemas y dificultades y, en consecuencia, como los m\u00e1s cualificados para encontrar soluciones. La tarea central del profesor Rowe ha sido involucrar a personas que viven con adicciones y trastornos mentales en la redefinici\u00f3n de sus desaf\u00edos en sus propios t\u00e9rminos. Sus intereses de investigaci\u00f3n y formaci\u00f3n han sido influenciados por su antiguo cargo como director del equipo de seguimiento del Centro de Salud Mental de Connecticut. Las fortalezas y limitaciones del trabajo de seguimiento le llevaron a desarrollar un marco te\u00f3rico innovador de la ciudadan\u00eda.<\/p>\n<p>&nbsp;<\/p>\n<p><img loading=\"lazy\" decoding=\"async\" class=\"alignleft wp-image-119 size-thumbnail\" src=\"http:\/\/www.ub.edu\/psychocontext\/wp-content\/uploads\/2019\/04\/Guillem_circle-150x150.png\" alt=\"\" width=\"150\" height=\"150\" srcset=\"https:\/\/www.ub.edu\/psychocontext\/wp-content\/uploads\/2019\/04\/Guillem_circle-150x150.png 150w, https:\/\/www.ub.edu\/psychocontext\/wp-content\/uploads\/2019\/04\/Guillem_circle.png 200w\" sizes=\"auto, (max-width: 150px) 100vw, 150px\" \/><strong>Supervisor de retorno.<\/strong> El profesor <a href=\"http:\/\/www.ub.edu\/ipcs\/equip\/guillem-feixas-viaplana\/\">Guillem Feixas<\/a>, supervis\u00f3 el proyecto en la <a href=\"http:\/\/www.ub.edu\/personalint\">Secci\u00f3n de Personalidad, Evaluaci\u00f3n y Tratamiento Psicol\u00f3gico<\/a> del <a href=\"https:\/\/www.ub.edu\/web\/ub\/en\/universitat\/campus_fac_dep\/departaments\/c\/deppsicologiaclinica.html?\">Departamento de Psicolog\u00eda Cl\u00ednica y Psicobiolog\u00eda<\/a> de la <a href=\"https:\/\/www.ub.edu\">Universidad de Barcelona<\/a>. El profesor Feixas es el investigador principal del grupo de investigaci\u00f3n en <a href=\"http:\/\/www.ub.edu\/ipcs\">Intervenci\u00f3n en Psicolog\u00eda Cl\u00ednica y de la Salud<\/a>. Se ha especializado en las \u00e1reas de evaluaci\u00f3n y tratamiento psicol\u00f3gico con una orientaci\u00f3n constructivista y sist\u00e9mica. El objetivo principal de su investigaci\u00f3n ha sido avanzar en la comprensi\u00f3n de la construcci\u00f3n interpersonal y promover el conocimiento de su papel en la salud, tanto mental como f\u00edsica y en el proceso psicoterap\u00e9utico. En la actualidad se encuentra ejecutando diferentes ensayos cl\u00ednicos con el objetivo de analizar el papel de los conflictos cognitivos como una herramienta para la integraci\u00f3n entre diferentes enfoques y mejora de resultados.<\/p>\n<p>&nbsp;<\/p>\n<p><strong><img loading=\"lazy\" decoding=\"async\" class=\"wp-image-403 size-thumbnail alignleft\" src=\"http:\/\/www.ub.edu\/psychocontext\/wp-content\/uploads\/2020_rd_75-150x150.jpg\" alt=\"\" width=\"150\" height=\"150\" srcset=\"https:\/\/www.ub.edu\/psychocontext\/wp-content\/uploads\/2020_rd_75-150x150.jpg 150w, https:\/\/www.ub.edu\/psychocontext\/wp-content\/uploads\/2020_rd_75-300x300.jpg 300w, https:\/\/www.ub.edu\/psychocontext\/wp-content\/uploads\/2020_rd_75-768x769.jpg 768w, https:\/\/www.ub.edu\/psychocontext\/wp-content\/uploads\/2020_rd_75-1024x1024.jpg 1024w, https:\/\/www.ub.edu\/psychocontext\/wp-content\/uploads\/2020_rd_75-830x831.jpg 830w, https:\/\/www.ub.edu\/psychocontext\/wp-content\/uploads\/2020_rd_75-230x230.jpg 230w, https:\/\/www.ub.edu\/psychocontext\/wp-content\/uploads\/2020_rd_75-350x350.jpg 350w, https:\/\/www.ub.edu\/psychocontext\/wp-content\/uploads\/2020_rd_75-480x481.jpg 480w\" sizes=\"auto, (max-width: 150px) 100vw, 150px\" \/>Investigador postdoctoral.<\/strong> El Dr. <a href=\"http:\/\/www.ub.edu\/ipcs\/equip\/francisco-jose-eiroa-orosa\/\">Francisco Jose Eiro\u00e1 Orosa<\/a> fue investigador Marie Sk\u0142odowska-Curie en las Universidades de Yale y Barcelona, \u200b\u200ben colaboraci\u00f3n con <a href=\"http:\/\/aen.es\/\">Asociaci\u00f3n Espa\u00f1ola de Neuropsiquiatr\u00eda- Profesionales de Salud Mental<\/a>, la\u00a0<a href=\"http:\/\/veus.cat\/\">Federaci\u00f3n de Entidades Catalanas de Salud Mental en 1\u00aa Persona &#8211; VEUS<\/a>\u00a0y\u00a0<a href=\"http:\/\/obertament.org\/\">Obertament<\/a>, la alianza catalana de lucha contra el estigma y la discriminaci\u00f3n en salud mental. Sus intereses de investigaci\u00f3n est\u00e1n enfocados en el an\u00e1lisis de estrategias de concienciaci\u00f3n de usuarios y profesionales del \u00e1mbito de la salud mental para mejorar la comunicaci\u00f3n entre ellos, potenciando la participaci\u00f3n en los servicios de los primeros y la reflexi\u00f3n cr\u00edtica y autocuidado de los segundos.<\/p>","protected":false},"excerpt":{"rendered":"<p>Supervisor internacional. El profesor Michael Rowe, fue codirector del Programa de Recuperaci\u00f3n y Salud Comunitaria de la Universidad de Yale. [&hellip;]<\/p>\n","protected":false},"author":1,"featured_media":43,"parent":0,"menu_order":0,"comment_status":"closed","ping_status":"closed","template":"","meta":{"footnotes":""},"class_list":["post-12","page","type-page","status-publish","has-post-thumbnail","hentry"],"_links":{"self":[{"href":"https:\/\/www.ub.edu\/psychocontext\/es\/wp-json\/wp\/v2\/pages\/12","targetHints":{"allow":["GET"]}}],"collection":[{"href":"https:\/\/www.ub.edu\/psychocontext\/es\/wp-json\/wp\/v2\/pages"}],"about":[{"href":"https:\/\/www.ub.edu\/psychocontext\/es\/wp-json\/wp\/v2\/types\/page"}],"author":[{"embeddable":true,"href":"https:\/\/www.ub.edu\/psychocontext\/es\/wp-json\/wp\/v2\/users\/1"}],"replies":[{"embeddable":true,"href":"https:\/\/www.ub.edu\/psychocontext\/es\/wp-json\/wp\/v2\/comments?post=12"}],"version-history":[{"count":14,"href":"https:\/\/www.ub.edu\/psychocontext\/es\/wp-json\/wp\/v2\/pages\/12\/revisions"}],"predecessor-version":[{"id":544,"href":"https:\/\/www.ub.edu\/psychocontext\/es\/wp-json\/wp\/v2\/pages\/12\/revisions\/544"}],"wp:featuredmedia":[{"embeddable":true,"href":"https:\/\/www.ub.edu\/psychocontext\/es\/wp-json\/wp\/v2\/media\/43"}],"wp:attachment":[{"href":"https:\/\/www.ub.edu\/psychocontext\/es\/wp-json\/wp\/v2\/media?parent=12"}],"curies":[{"name":"wp","href":"https:\/\/api.w.org\/{rel}","templated":true}]}}