{"id":8,"date":"2019-04-08T12:02:59","date_gmt":"2019-04-08T11:02:59","guid":{"rendered":"http:\/\/www.ub.edu\/psychocontext\/?page_id=8"},"modified":"2020-10-15T09:06:02","modified_gmt":"2020-10-15T08:06:02","slug":"home","status":"publish","type":"page","link":"https:\/\/www.ub.edu\/psychocontext\/es\/","title":{"rendered":"Inicio"},"content":{"rendered":"<p>El proyecto PsychoContext, financiado por la Comisi\u00f3n Europea, intent\u00f3 durante tres a\u00f1os crear sinergias entre diferentes actores del campo de la salud mental. El objetivo de este proyecto fue ofrecer una reflexi\u00f3n desde abajo hacia arriba, integrada desde la ra\u00edz la necesidad de la contextualizaci\u00f3n de las intervenciones de salud mental y las barreras profesionales e institucionales para este proceso a nivel europeo, utilizando m\u00e9todos de investigaci\u00f3n acci\u00f3n participativa con usuarios, familiares y profesionales de servicios psicosociales, as\u00ed como grupos de la sociedad civil. Esto nos permiti\u00f3 tener un enfoque ecol\u00f3gico al tiempo que garantiz\u00e1bamos la difusi\u00f3n directa de los resultados. El proyecto se implement\u00f3 integrando tecnolog\u00edas de la informaci\u00f3n con entrevistas personales, grupos focales y formaci\u00f3n profesional continuada.<\/p>","protected":false},"excerpt":{"rendered":"<p>El proyecto PsychoContext, financiado por la Comisi\u00f3n Europea, intent\u00f3 durante tres a\u00f1os crear sinergias entre diferentes actores del campo de [&hellip;]<\/p>\n","protected":false},"author":1,"featured_media":69,"parent":0,"menu_order":0,"comment_status":"closed","ping_status":"closed","template":"","meta":{"footnotes":""},"class_list":["post-8","page","type-page","status-publish","has-post-thumbnail","hentry"],"_links":{"self":[{"href":"https:\/\/www.ub.edu\/psychocontext\/es\/wp-json\/wp\/v2\/pages\/8","targetHints":{"allow":["GET"]}}],"collection":[{"href":"https:\/\/www.ub.edu\/psychocontext\/es\/wp-json\/wp\/v2\/pages"}],"about":[{"href":"https:\/\/www.ub.edu\/psychocontext\/es\/wp-json\/wp\/v2\/types\/page"}],"author":[{"embeddable":true,"href":"https:\/\/www.ub.edu\/psychocontext\/es\/wp-json\/wp\/v2\/users\/1"}],"replies":[{"embeddable":true,"href":"https:\/\/www.ub.edu\/psychocontext\/es\/wp-json\/wp\/v2\/comments?post=8"}],"version-history":[{"count":4,"href":"https:\/\/www.ub.edu\/psychocontext\/es\/wp-json\/wp\/v2\/pages\/8\/revisions"}],"predecessor-version":[{"id":539,"href":"https:\/\/www.ub.edu\/psychocontext\/es\/wp-json\/wp\/v2\/pages\/8\/revisions\/539"}],"wp:featuredmedia":[{"embeddable":true,"href":"https:\/\/www.ub.edu\/psychocontext\/es\/wp-json\/wp\/v2\/media\/69"}],"wp:attachment":[{"href":"https:\/\/www.ub.edu\/psychocontext\/es\/wp-json\/wp\/v2\/media?parent=8"}],"curies":[{"name":"wp","href":"https:\/\/api.w.org\/{rel}","templated":true}]}}