{"id":108,"date":"2023-07-02T18:57:37","date_gmt":"2023-07-02T16:57:37","guid":{"rendered":"https:\/\/www.ub.edu\/rcits\/?page_id=108"},"modified":"2025-09-29T12:48:38","modified_gmt":"2025-09-29T10:48:38","slug":"rci-ts-recerca-cientifica-interdisciplinar-en-treball-social","status":"publish","type":"page","link":"https:\/\/www.ub.edu\/rcits\/","title":{"rendered":"Inici"},"content":{"rendered":"\n<div class=\"inherit-container-width wp-block-group alignfull has-ast-global-color-5-background-color has-background is-layout-constrained wp-container-core-group-is-layout-3986d629 wp-block-group-is-layout-constrained\" style=\"padding-top:4vw;padding-right:6vw;padding-bottom:4vw;padding-left:6vw\">\n<div class=\"wp-block-group alignwide is-vertical is-nowrap is-layout-flex wp-container-core-group-is-layout-7946b6b8 wp-block-group-is-layout-flex\" style=\"padding-top:0;padding-right:0;padding-bottom:0;padding-left:0\">\n<div class=\"wp-block-columns alignwide is-layout-flex wp-container-core-columns-is-layout-21b20327 wp-block-columns-is-layout-flex\">\n<div class=\"wp-block-column is-layout-flow wp-block-column-is-layout-flow\">\n<p class=\"has-text-color\" style=\"color:#000000;font-size:19px\"><strong>RCI-TS<\/strong> \u00e9s un Grup que&nbsp;neix per contribuir en l\u2019assoliment del nivell cient\u00edfic d\u2019excel\u00b7l\u00e8ncia internacional&nbsp;&nbsp;de la recerca en Treball Social,&nbsp;aix\u00ed com en el seu&nbsp;reconeixement en condicions d\u2019igualtat vers qualsevol altre ci\u00e8ncia. L\u2019obtenci\u00f3 del m\u00e0xim nivell de puntuaci\u00f3 en l\u2019avaluaci\u00f3 cient\u00edfica i institucional dels grups de recerca de tots els camps cient\u00edfics de Catalunya per part de RCI-TS representa una important fita mai abans assolida cap aquest necessari reconeixement del Treball Social.<\/p>\n\n\n\n<p class=\"has-text-color\" style=\"color:#000000;font-size:19px\">Col\u00b7laborarem amb altres grups de Treball Social que vulguin arribar a aquest mateix nivell d\u2019excel\u00b7l\u00e8ncia cient\u00edfica que&nbsp;es mereix tant la&nbsp;societat catalana com el seu Treball Social.<\/p>\n<\/div>\n<\/div>\n\n\n\n<div class=\"wp-block-columns alignwide is-layout-flex wp-container-core-columns-is-layout-c24efe4f wp-block-columns-is-layout-flex\">\n<div class=\"wp-block-column is-layout-flow wp-block-column-is-layout-flow\" style=\"flex-basis:69%\">\n<div class=\"wp-block-cover\"><img loading=\"lazy\" decoding=\"async\" width=\"2560\" height=\"1707\" class=\"wp-block-cover__image-background wp-image-427\" alt=\"\" src=\"https:\/\/www.ub.edu\/rcits\/wp-content\/uploads\/2024\/01\/marvin-meyer-SYTO3xs06fU-unsplash-scaled.jpg\" data-object-fit=\"cover\" srcset=\"https:\/\/www.ub.edu\/rcits\/wp-content\/uploads\/2024\/01\/marvin-meyer-SYTO3xs06fU-unsplash-scaled.jpg 2560w, https:\/\/www.ub.edu\/rcits\/wp-content\/uploads\/2024\/01\/marvin-meyer-SYTO3xs06fU-unsplash-300x200.jpg 300w, https:\/\/www.ub.edu\/rcits\/wp-content\/uploads\/2024\/01\/marvin-meyer-SYTO3xs06fU-unsplash-1024x683.jpg 1024w, https:\/\/www.ub.edu\/rcits\/wp-content\/uploads\/2024\/01\/marvin-meyer-SYTO3xs06fU-unsplash-768x512.jpg 768w, https:\/\/www.ub.edu\/rcits\/wp-content\/uploads\/2024\/01\/marvin-meyer-SYTO3xs06fU-unsplash-1536x1024.jpg 1536w, https:\/\/www.ub.edu\/rcits\/wp-content\/uploads\/2024\/01\/marvin-meyer-SYTO3xs06fU-unsplash-2048x1365.jpg 2048w\" sizes=\"auto, (max-width: 2560px) 100vw, 2560px\" \/><span aria-hidden=\"true\" class=\"wp-block-cover__background has-background-dim\"><\/span><div class=\"wp-block-cover__inner-container is-layout-flow wp-block-cover-is-layout-flow\">\n<div class=\"wp-block-buttons is-content-justification-center is-layout-flex wp-container-core-buttons-is-layout-a89b3969 wp-block-buttons-is-layout-flex\">\n<div class=\"wp-block-button has-custom-width wp-block-button__width-50\"><a class=\"wp-block-button__link has-large-font-size has-custom-font-size wp-element-button\" href=\"https:\/\/www.ub.edu\/rcits\/membres\/\">Coneix m\u00e9s<\/a><\/div>\n<\/div>\n<\/div><\/div>\n<\/div>\n\n\n\n<div class=\"wp-block-column is-vertically-aligned-center is-layout-flow wp-block-column-is-layout-flow\" style=\"flex-basis:33%\">\n<div style=\"height:2vw\" aria-hidden=\"true\" class=\"wp-block-spacer\"><\/div>\n\n\n\n<p class=\"has-text-color\" style=\"color:#000000;font-size:19px\">Per a aconseguir aquest repte,&nbsp;ens basem en dos criteris necessaris: la&nbsp;interdisciplinarietat i&nbsp;l\u2019\u00e8tica. RCI-TS \u00e9s interdisciplinari,&nbsp;essent quatre membres de Treball social i quatre membres d\u2019altres disciplines afins. Aix\u00ed mateix, seguim,&nbsp;en la teoria i en la pr\u00e0ctica,&nbsp;els valors no discriminatoris de la comunitat cient\u00edfica i del Treball Social, incloent un posicionament clar a favor de les v\u00edctimes d\u2019assetjament sexual i en contra de la Viol\u00e8ncia de G\u00e8nere A\u00eflladora que es fa&nbsp;en&nbsp;contra qui les recolzem.<\/p>\n<\/div>\n<\/div>\n<\/div>\n<\/div>\n\n\n\n<h2 class=\"wp-block-heading\">Darreres not\u00edcies<\/h2>\n\n\n<ul class=\"wp-block-latest-posts__list is-grid columns-3 wp-block-latest-posts\"><li><div class=\"wp-block-latest-posts__featured-image\"><img loading=\"lazy\" decoding=\"async\" width=\"150\" height=\"150\" src=\"https:\/\/www.ub.edu\/rcits\/wp-content\/uploads\/2025\/09\/Logo-Chancri-150x150.png\" class=\"attachment-thumbnail size-thumbnail wp-post-image\" alt=\"\" style=\"\" srcset=\"https:\/\/www.ub.edu\/rcits\/wp-content\/uploads\/2025\/09\/Logo-Chancri-150x150.png 150w, https:\/\/www.ub.edu\/rcits\/wp-content\/uploads\/2025\/09\/Logo-Chancri-300x300.png 300w, https:\/\/www.ub.edu\/rcits\/wp-content\/uploads\/2025\/09\/Logo-Chancri.png 500w\" sizes=\"auto, (max-width: 150px) 100vw, 150px\" \/><\/div><a class=\"wp-block-latest-posts__post-title\" href=\"https:\/\/www.ub.edu\/rcits\/2026\/02\/12\/participa-en-lenquesta-del-projecte-chancri-evidencies-cientifiques-per-superar-lantigitanisme-de-genere\/\">Participa en l&#8217;Enquesta del projecte &#8220;Chancr\u00ed: Evid\u00e8ncies cient\u00edfiques per superar l&#8217;antigitanisme de g\u00e8nere&#8221;<\/a><\/li>\n<li><div class=\"wp-block-latest-posts__featured-image\"><img loading=\"lazy\" decoding=\"async\" width=\"150\" height=\"150\" src=\"https:\/\/www.ub.edu\/rcits\/wp-content\/uploads\/2025\/04\/El-texto-del-parrafo-1-1448x2048-1-150x150.png\" class=\"attachment-thumbnail size-thumbnail wp-post-image\" alt=\"\" style=\"\" \/><\/div><a class=\"wp-block-latest-posts__post-title\" href=\"https:\/\/www.ub.edu\/rcits\/2025\/04\/05\/jornada-eines-per-a-labordatge-de-la-violencia-de-genere-des-del-treball-social\/\">Jornada: Eines per a l\u2019abordatge de la viol\u00e8ncia de g\u00e8nere des del Treball Social<\/a><\/li>\n<li><div class=\"wp-block-latest-posts__featured-image\"><img loading=\"lazy\" decoding=\"async\" width=\"150\" height=\"150\" src=\"https:\/\/www.ub.edu\/rcits\/wp-content\/uploads\/2025\/03\/Captura-de-pantalla-2025-03-26-a-las-11.25.29-150x150.png\" class=\"attachment-thumbnail size-thumbnail wp-post-image\" alt=\"\" style=\"\" \/><\/div><a class=\"wp-block-latest-posts__post-title\" href=\"https:\/\/www.ub.edu\/rcits\/2025\/03\/26\/ponencia-convidada-a-la-conferencia-de-les-escoles-de-treball-social-de-les-kingston-university-i-university-of-sussex\/\">Pon\u00e8ncia convidada a la Confer\u00e8ncia de les Escoles de Treball Social de les Kingston University i University of Sussex<\/a><\/li>\n<li><div class=\"wp-block-latest-posts__featured-image\"><img loading=\"lazy\" decoding=\"async\" width=\"150\" height=\"150\" src=\"https:\/\/www.ub.edu\/rcits\/wp-content\/uploads\/2025\/03\/Cartell-dia-Internacional-del-TS-2025-150x150.jpg\" class=\"attachment-thumbnail size-thumbnail wp-post-image\" alt=\"\" style=\"\" \/><\/div><a class=\"wp-block-latest-posts__post-title\" href=\"https:\/\/www.ub.edu\/rcits\/2025\/03\/17\/felic-dia-internacional-del-treball-social\/\">Feli\u00e7 Dia Internacional del Treball Social<\/a><\/li>\n<li><div class=\"wp-block-latest-posts__featured-image\"><img loading=\"lazy\" decoding=\"async\" width=\"150\" height=\"150\" src=\"https:\/\/www.ub.edu\/rcits\/wp-content\/uploads\/2025\/01\/1-2-150x150.jpg\" class=\"attachment-thumbnail size-thumbnail wp-post-image\" alt=\"\" style=\"\" \/><\/div><a class=\"wp-block-latest-posts__post-title\" href=\"https:\/\/www.ub.edu\/rcits\/2025\/01\/29\/jornada-final-del-projecte-idi-rom21\/\">Jornada final del projecte I+D+i ROM21<\/a><\/li>\n<\/ul>\n\n\n<p><\/p>\n","protected":false},"excerpt":{"rendered":"<p>RCI-TS \u00e9s un Grup que&nbsp;neix per contribuir en l\u2019assoliment del nivell cient\u00edfic d\u2019excel\u00b7l\u00e8ncia internacional&nbsp;&nbsp;de la recerca en Treball Social,&nbsp;aix\u00ed com en el seu&nbsp;reconeixement en condicions d\u2019igualtat vers qualsevol altre ci\u00e8ncia. L\u2019obtenci\u00f3 del m\u00e0xim nivell de puntuaci\u00f3 en l\u2019avaluaci\u00f3 cient\u00edfica i institucional dels grups de recerca de tots els camps cient\u00edfics de Catalunya per part de &hellip;<\/p>\n<p class=\"read-more\"> <a class=\"\" href=\"https:\/\/www.ub.edu\/rcits\/\"> <span class=\"screen-reader-text\">Inici<\/span> Llegeix m\u00e9s &raquo;<\/a><\/p>\n","protected":false},"author":1,"featured_media":0,"parent":0,"menu_order":0,"comment_status":"closed","ping_status":"closed","template":"","meta":{"site-sidebar-layout":"default","site-content-layout":"default","ast-global-header-display":"","ast-banner-title-visibility":"","ast-main-header-display":"","ast-hfb-above-header-display":"","ast-hfb-below-header-display":"","ast-hfb-mobile-header-display":"","site-post-title":"disabled","ast-breadcrumbs-content":"","ast-featured-img":"","footer-sml-layout":"","theme-transparent-header-meta":"","adv-header-id-meta":"","stick-header-meta":"","header-above-stick-meta":"","header-main-stick-meta":"","header-below-stick-meta":"","footnotes":""},"class_list":["post-108","page","type-page","status-publish","hentry"],"_links":{"self":[{"href":"https:\/\/www.ub.edu\/rcits\/wp-json\/wp\/v2\/pages\/108","targetHints":{"allow":["GET"]}}],"collection":[{"href":"https:\/\/www.ub.edu\/rcits\/wp-json\/wp\/v2\/pages"}],"about":[{"href":"https:\/\/www.ub.edu\/rcits\/wp-json\/wp\/v2\/types\/page"}],"author":[{"embeddable":true,"href":"https:\/\/www.ub.edu\/rcits\/wp-json\/wp\/v2\/users\/1"}],"replies":[{"embeddable":true,"href":"https:\/\/www.ub.edu\/rcits\/wp-json\/wp\/v2\/comments?post=108"}],"version-history":[{"count":36,"href":"https:\/\/www.ub.edu\/rcits\/wp-json\/wp\/v2\/pages\/108\/revisions"}],"predecessor-version":[{"id":644,"href":"https:\/\/www.ub.edu\/rcits\/wp-json\/wp\/v2\/pages\/108\/revisions\/644"}],"wp:attachment":[{"href":"https:\/\/www.ub.edu\/rcits\/wp-json\/wp\/v2\/media?parent=108"}],"curies":[{"name":"wp","href":"https:\/\/api.w.org\/{rel}","templated":true}]}}