{"id":155,"date":"2023-07-03T13:09:00","date_gmt":"2023-07-03T11:09:00","guid":{"rendered":"https:\/\/www.ub.edu\/rcits\/?page_id=155"},"modified":"2023-07-10T19:18:59","modified_gmt":"2023-07-10T17:18:59","slug":"adriana-aubert","status":"publish","type":"page","link":"https:\/\/www.ub.edu\/rcits\/membres\/adriana-aubert\/","title":{"rendered":"Adriana Aubert"},"content":{"rendered":"\n<div class=\"wp-block-columns is-layout-flex wp-container-core-columns-is-layout-28f84493 wp-block-columns-is-layout-flex\">\n<div class=\"wp-block-column is-layout-flow wp-block-column-is-layout-flow\">\n<figure class=\"wp-block-image size-full\"><img loading=\"lazy\" decoding=\"async\" width=\"400\" height=\"400\" src=\"https:\/\/www.ub.edu\/rcits\/wp-content\/uploads\/2023\/07\/DSCF6569edited.jpeg\" alt=\"\" class=\"wp-image-81\" srcset=\"https:\/\/www.ub.edu\/rcits\/wp-content\/uploads\/2023\/07\/DSCF6569edited.jpeg 400w, https:\/\/www.ub.edu\/rcits\/wp-content\/uploads\/2023\/07\/DSCF6569edited-300x300.jpeg 300w, https:\/\/www.ub.edu\/rcits\/wp-content\/uploads\/2023\/07\/DSCF6569edited-150x150.jpeg 150w\" sizes=\"auto, (max-width: 400px) 100vw, 400px\" \/><\/figure>\n<\/div>\n\n\n\n<div class=\"wp-block-column is-layout-flow wp-block-column-is-layout-flow\">\n<p class=\"has-medium-font-size\"><strong>Adriana Aubert<\/strong> \u00e9s professora agregada del Departament de Dociologia de la Universitat de Barcelona. \u00c9s la Chair de la Research Network 10 (Sociology of Education) de la European Sociological Association. Ha sigut la Investigadora Principal del projecte Di\u00e1logo+Ciencia finan\u00e7at per la FECYT (Fundaci\u00f3n Espa\u00f1ola para la Ciencia y la Tecnolog\u00eda). Ha publicat la seva recerca en les revistes m\u00e9s importants indexades en Journal CItation Reports, com International Journal of Qualitative Methods o Children and Youth Services Review. <\/p>\n\n\n\n<div class=\"wp-block-media-text alignwide is-stacked-on-mobile\" style=\"margin-top:var(--wp--preset--spacing--20);margin-right:var(--wp--preset--spacing--20);margin-bottom:var(--wp--preset--spacing--20);margin-left:var(--wp--preset--spacing--20);grid-template-columns:15% auto\"><figure class=\"wp-block-media-text__media\"><img loading=\"lazy\" decoding=\"async\" width=\"150\" height=\"150\" src=\"https:\/\/www.ub.edu\/rcits\/wp-content\/uploads\/2023\/07\/image-150x150.png\" alt=\"\" class=\"wp-image-150 size-thumbnail\" srcset=\"https:\/\/www.ub.edu\/rcits\/wp-content\/uploads\/2023\/07\/image-150x150.png 150w, https:\/\/www.ub.edu\/rcits\/wp-content\/uploads\/2023\/07\/image-300x300.png 300w, https:\/\/www.ub.edu\/rcits\/wp-content\/uploads\/2023\/07\/image-1024x1024.png 1024w, https:\/\/www.ub.edu\/rcits\/wp-content\/uploads\/2023\/07\/image-768x768.png 768w, https:\/\/www.ub.edu\/rcits\/wp-content\/uploads\/2023\/07\/image-1536x1536.png 1536w, https:\/\/www.ub.edu\/rcits\/wp-content\/uploads\/2023\/07\/image.png 2048w\" sizes=\"auto, (max-width: 150px) 100vw, 150px\" \/><\/figure><div class=\"wp-block-media-text__content\">\n<p class=\"has-medium-font-size\"><a href=\"https:\/\/orcid.org\/0000-0001-9012-2535\" target=\"_blank\" rel=\"noreferrer noopener\">https:\/\/orcid.org\/0000-0001-7230-516X<\/a><\/p>\n<\/div><\/div>\n<\/div>\n<\/div>\n","protected":false},"excerpt":{"rendered":"<p>Adriana Aubert \u00e9s professora agregada del Departament de Dociologia de la Universitat de Barcelona. \u00c9s la Chair de la Research Network 10 (Sociology of Education) de la European Sociological Association. Ha sigut la Investigadora Principal del projecte Di\u00e1logo+Ciencia finan\u00e7at per la FECYT (Fundaci\u00f3n Espa\u00f1ola para la Ciencia y la Tecnolog\u00eda). Ha publicat la seva recerca &hellip;<\/p>\n<p class=\"read-more\"> <a class=\"\" href=\"https:\/\/www.ub.edu\/rcits\/membres\/adriana-aubert\/\"> <span class=\"screen-reader-text\">Adriana Aubert<\/span> Llegeix m\u00e9s &raquo;<\/a><\/p>\n","protected":false},"author":1,"featured_media":0,"parent":17,"menu_order":2,"comment_status":"closed","ping_status":"closed","template":"","meta":{"site-sidebar-layout":"default","site-content-layout":"default","ast-global-header-display":"","ast-banner-title-visibility":"","ast-main-header-display":"","ast-hfb-above-header-display":"","ast-hfb-below-header-display":"","ast-hfb-mobile-header-display":"","site-post-title":"","ast-breadcrumbs-content":"","ast-featured-img":"","footer-sml-layout":"","theme-transparent-header-meta":"","adv-header-id-meta":"","stick-header-meta":"","header-above-stick-meta":"","header-main-stick-meta":"","header-below-stick-meta":"","footnotes":""},"class_list":["post-155","page","type-page","status-publish","hentry"],"_links":{"self":[{"href":"https:\/\/www.ub.edu\/rcits\/wp-json\/wp\/v2\/pages\/155","targetHints":{"allow":["GET"]}}],"collection":[{"href":"https:\/\/www.ub.edu\/rcits\/wp-json\/wp\/v2\/pages"}],"about":[{"href":"https:\/\/www.ub.edu\/rcits\/wp-json\/wp\/v2\/types\/page"}],"author":[{"embeddable":true,"href":"https:\/\/www.ub.edu\/rcits\/wp-json\/wp\/v2\/users\/1"}],"replies":[{"embeddable":true,"href":"https:\/\/www.ub.edu\/rcits\/wp-json\/wp\/v2\/comments?post=155"}],"version-history":[{"count":3,"href":"https:\/\/www.ub.edu\/rcits\/wp-json\/wp\/v2\/pages\/155\/revisions"}],"predecessor-version":[{"id":270,"href":"https:\/\/www.ub.edu\/rcits\/wp-json\/wp\/v2\/pages\/155\/revisions\/270"}],"up":[{"embeddable":true,"href":"https:\/\/www.ub.edu\/rcits\/wp-json\/wp\/v2\/pages\/17"}],"wp:attachment":[{"href":"https:\/\/www.ub.edu\/rcits\/wp-json\/wp\/v2\/media?parent=155"}],"curies":[{"name":"wp","href":"https:\/\/api.w.org\/{rel}","templated":true}]}}