{"id":17,"date":"2023-07-01T10:18:14","date_gmt":"2023-07-01T10:18:14","guid":{"rendered":"https:\/\/www.ub.edu\/rcits\/?page_id=17"},"modified":"2025-09-29T13:05:22","modified_gmt":"2025-09-29T11:05:22","slug":"membres","status":"publish","type":"page","link":"https:\/\/www.ub.edu\/rcits\/membres\/","title":{"rendered":"Membres"},"content":{"rendered":"\n<div class=\"wp-block-columns is-layout-flex wp-container-core-columns-is-layout-28f84493 wp-block-columns-is-layout-flex\">\n<div class=\"wp-block-column is-layout-flow wp-block-column-is-layout-flow\">\n<figure class=\"wp-block-image aligncenter size-full is-style-rounded\"><img loading=\"lazy\" decoding=\"async\" width=\"225\" height=\"225\" src=\"https:\/\/www.ub.edu\/rcits\/wp-content\/uploads\/2023\/07\/descarga-1.jpeg\" alt=\"\" class=\"wp-image-59\" srcset=\"https:\/\/www.ub.edu\/rcits\/wp-content\/uploads\/2023\/07\/descarga-1.jpeg 225w, https:\/\/www.ub.edu\/rcits\/wp-content\/uploads\/2023\/07\/descarga-1-150x150.jpeg 150w\" sizes=\"auto, (max-width: 225px) 100vw, 225px\" \/><\/figure>\n\n\n\n<p class=\"has-text-align-center has-medium-font-size\"><strong>Ariadna Munt\u00e9<\/strong> <strong>(IP)<\/strong><\/p>\n\n\n\n<div class=\"wp-block-buttons is-content-justification-center is-layout-flex wp-container-core-buttons-is-layout-a89b3969 wp-block-buttons-is-layout-flex\">\n<div class=\"wp-block-button has-custom-width wp-block-button__width-50\"><a class=\"wp-block-button__link has-medium-font-size has-custom-font-size wp-element-button\" href=\"https:\/\/www.ub.edu\/rcits\/ariadna-munte\/\">Veure m\u00e9s<\/a><\/div>\n<\/div>\n<\/div>\n\n\n\n<div class=\"wp-block-column is-layout-flow wp-block-column-is-layout-flow\">\n<figure class=\"wp-block-image aligncenter size-thumbnail is-resized is-style-rounded\"><img loading=\"lazy\" decoding=\"async\" width=\"150\" height=\"150\" src=\"https:\/\/www.ub.edu\/rcits\/wp-content\/uploads\/2023\/07\/DSCF6569edited-150x150.jpeg\" alt=\"\" class=\"wp-image-81\" style=\"width:225px;height:225px\" srcset=\"https:\/\/www.ub.edu\/rcits\/wp-content\/uploads\/2023\/07\/DSCF6569edited-150x150.jpeg 150w, https:\/\/www.ub.edu\/rcits\/wp-content\/uploads\/2023\/07\/DSCF6569edited-300x300.jpeg 300w, https:\/\/www.ub.edu\/rcits\/wp-content\/uploads\/2023\/07\/DSCF6569edited.jpeg 400w\" sizes=\"auto, (max-width: 150px) 100vw, 150px\" \/><\/figure>\n\n\n\n<p class=\"has-text-align-center has-medium-font-size\"><strong>Adriana Aubert<\/strong><\/p>\n\n\n\n<div class=\"wp-block-buttons is-content-justification-center is-layout-flex wp-container-core-buttons-is-layout-a89b3969 wp-block-buttons-is-layout-flex\">\n<div class=\"wp-block-button has-custom-width wp-block-button__width-50\"><a class=\"wp-block-button__link has-medium-font-size has-text-align-center has-custom-font-size wp-element-button\" href=\"https:\/\/www.ub.edu\/rcits\/membres\/adriana-aubert\/\">Veure m\u00e9s<\/a><\/div>\n<\/div>\n<\/div>\n\n\n\n<div class=\"wp-block-column is-layout-flow wp-block-column-is-layout-flow\">\n<figure class=\"wp-block-image aligncenter size-full is-resized is-style-rounded\"><img loading=\"lazy\" decoding=\"async\" width=\"224\" height=\"225\" src=\"https:\/\/www.ub.edu\/rcits\/wp-content\/uploads\/2023\/07\/descarga-1-1.jpeg\" alt=\"\" class=\"wp-image-88\" style=\"width:225px\" srcset=\"https:\/\/www.ub.edu\/rcits\/wp-content\/uploads\/2023\/07\/descarga-1-1.jpeg 224w, https:\/\/www.ub.edu\/rcits\/wp-content\/uploads\/2023\/07\/descarga-1-1-150x150.jpeg 150w\" sizes=\"auto, (max-width: 224px) 100vw, 224px\" \/><\/figure>\n\n\n\n<p class=\"has-text-align-center has-medium-font-size\"><strong>Lena de Botton<\/strong><\/p>\n\n\n\n<div class=\"wp-block-buttons is-content-justification-center is-layout-flex wp-container-core-buttons-is-layout-a89b3969 wp-block-buttons-is-layout-flex\">\n<div class=\"wp-block-button has-custom-width wp-block-button__width-50\"><a class=\"wp-block-button__link has-medium-font-size has-custom-font-size wp-element-button\" href=\"https:\/\/www.ub.edu\/rcits\/membres\/lena-de-botton\/\">Veure m\u00e9s<\/a><\/div>\n<\/div>\n<\/div>\n\n\n\n<div class=\"wp-block-column is-layout-flow wp-block-column-is-layout-flow\">\n<figure class=\"wp-block-image aligncenter size-full is-resized is-style-rounded\"><img loading=\"lazy\" decoding=\"async\" width=\"329\" height=\"444\" src=\"https:\/\/www.ub.edu\/rcits\/wp-content\/uploads\/2025\/06\/Foto-CV_2025_Pilar.jpg\" alt=\"\" class=\"wp-image-589\" style=\"aspect-ratio:1;object-fit:cover;width:225px\" srcset=\"https:\/\/www.ub.edu\/rcits\/wp-content\/uploads\/2025\/06\/Foto-CV_2025_Pilar.jpg 329w, https:\/\/www.ub.edu\/rcits\/wp-content\/uploads\/2025\/06\/Foto-CV_2025_Pilar-222x300.jpg 222w\" sizes=\"auto, (max-width: 329px) 100vw, 329px\" \/><\/figure>\n\n\n\n<p class=\"has-text-align-center has-medium-font-size\"><strong>Pilar D\u00edaz<\/strong><\/p>\n\n\n\n<div class=\"wp-block-buttons is-content-justification-center is-layout-flex wp-container-core-buttons-is-layout-a89b3969 wp-block-buttons-is-layout-flex\">\n<div class=\"wp-block-button has-custom-width wp-block-button__width-50\"><a class=\"wp-block-button__link has-medium-font-size has-custom-font-size wp-element-button\" href=\"https:\/\/www.ub.edu\/rcits\/maria-pilar-diaz\/\">Veure m\u00e9s<\/a><\/div>\n<\/div>\n<\/div>\n<\/div>\n\n\n\n<div class=\"wp-block-columns is-layout-flex wp-container-core-columns-is-layout-28f84493 wp-block-columns-is-layout-flex\">\n<div class=\"wp-block-column is-layout-flow wp-block-column-is-layout-flow\">\n<figure class=\"wp-block-image aligncenter size-full is-resized is-style-rounded\"><img loading=\"lazy\" decoding=\"async\" width=\"252\" height=\"260\" src=\"https:\/\/www.ub.edu\/rcits\/wp-content\/uploads\/2023\/07\/Captura-de-Pantalla-2023-07-02-a-las-17.06.52.png\" alt=\"\" class=\"wp-image-86\" style=\"width:225px;height:225px\"\/><\/figure>\n\n\n\n<p class=\"has-text-align-center has-medium-font-size\"><strong>Ane L\u00f3pez de Aguileta<\/strong><\/p>\n\n\n\n<div class=\"wp-block-buttons is-content-justification-center is-layout-flex wp-container-core-buttons-is-layout-a89b3969 wp-block-buttons-is-layout-flex\">\n<div class=\"wp-block-button has-custom-width wp-block-button__width-50\"><a class=\"wp-block-button__link has-medium-font-size has-custom-font-size wp-element-button\" href=\"https:\/\/www.ub.edu\/rcits\/ane-lopez-de-aguileta\/\">Veure m\u00e9s<\/a><\/div>\n<\/div>\n<\/div>\n\n\n\n<div class=\"wp-block-column is-layout-flow wp-block-column-is-layout-flow\">\n<figure class=\"wp-block-image aligncenter size-full is-resized is-style-rounded\"><img loading=\"lazy\" decoding=\"async\" width=\"200\" height=\"200\" src=\"https:\/\/www.ub.edu\/rcits\/wp-content\/uploads\/2023\/07\/s200_mar_a_virginia.matulic_domandzic.jpg\" alt=\"\" class=\"wp-image-99\" style=\"width:225px;height:225px\" srcset=\"https:\/\/www.ub.edu\/rcits\/wp-content\/uploads\/2023\/07\/s200_mar_a_virginia.matulic_domandzic.jpg 200w, https:\/\/www.ub.edu\/rcits\/wp-content\/uploads\/2023\/07\/s200_mar_a_virginia.matulic_domandzic-150x150.jpg 150w\" sizes=\"auto, (max-width: 200px) 100vw, 200px\" \/><\/figure>\n\n\n\n<p class=\"has-text-align-center has-medium-font-size\"><strong><strong>M. <\/strong><\/strong><strong style=\"font-weight: bold;\">Virginia Matuli\u010d<\/strong><\/p>\n\n\n\n<div class=\"wp-block-buttons is-content-justification-center is-layout-flex wp-container-core-buttons-is-layout-a89b3969 wp-block-buttons-is-layout-flex\">\n<div class=\"wp-block-button has-custom-width wp-block-button__width-50\"><a class=\"wp-block-button__link has-medium-font-size has-custom-font-size wp-element-button\" href=\"https:\/\/www.ub.edu\/rcits\/membres\/maria-virginia-matulic-domandzic\/\">Veure m\u00e9s<\/a><\/div>\n<\/div>\n<\/div>\n<\/div>\n\n\n\n<h2 class=\"wp-block-heading has-text-align-center\">Col\u00b7laboradores<\/h2>\n\n\n\n<div class=\"wp-block-columns is-layout-flex wp-container-core-columns-is-layout-28f84493 wp-block-columns-is-layout-flex\">\n<div class=\"wp-block-column is-layout-flow wp-block-column-is-layout-flow\">\n<figure class=\"wp-block-image aligncenter size-large is-resized is-style-rounded\"><img loading=\"lazy\" decoding=\"async\" width=\"768\" height=\"1024\" src=\"https:\/\/www.ub.edu\/rcits\/wp-content\/uploads\/2025\/06\/WhatsApp-Image-2025-06-17-at-6.55.27-PM-1-768x1024.jpeg\" alt=\"\" class=\"wp-image-602\" style=\"aspect-ratio:1;object-fit:cover;width:225px\" srcset=\"https:\/\/www.ub.edu\/rcits\/wp-content\/uploads\/2025\/06\/WhatsApp-Image-2025-06-17-at-6.55.27-PM-1-768x1024.jpeg 768w, https:\/\/www.ub.edu\/rcits\/wp-content\/uploads\/2025\/06\/WhatsApp-Image-2025-06-17-at-6.55.27-PM-1-225x300.jpeg 225w, https:\/\/www.ub.edu\/rcits\/wp-content\/uploads\/2025\/06\/WhatsApp-Image-2025-06-17-at-6.55.27-PM-1-1152x1536.jpeg 1152w, https:\/\/www.ub.edu\/rcits\/wp-content\/uploads\/2025\/06\/WhatsApp-Image-2025-06-17-at-6.55.27-PM-1.jpeg 1536w\" sizes=\"auto, (max-width: 768px) 100vw, 768px\" \/><\/figure>\n\n\n\n<p class=\"has-text-align-center has-medium-font-size\"><strong>Natali Cerr\u00f3n<\/strong><\/p>\n\n\n\n<div class=\"wp-block-buttons is-content-justification-center is-layout-flex wp-container-core-buttons-is-layout-a89b3969 wp-block-buttons-is-layout-flex\">\n<div class=\"wp-block-button has-custom-width wp-block-button__width-25\"><a class=\"wp-block-button__link has-medium-font-size has-text-align-center has-custom-font-size wp-element-button\" href=\"https:\/\/www.ub.edu\/rcits\/natali-cerron\/\">Veure m\u00e9s<\/a><\/div>\n<\/div>\n<\/div>\n\n\n\n<div class=\"wp-block-column is-layout-flow wp-block-column-is-layout-flow\">\n<figure class=\"wp-block-image aligncenter size-large is-resized is-style-rounded\"><img loading=\"lazy\" decoding=\"async\" width=\"683\" height=\"1024\" src=\"https:\/\/www.ub.edu\/rcits\/wp-content\/uploads\/2025\/06\/WhatsApp-Image-2025-06-25-at-09.11.19-683x1024.jpeg\" alt=\"\" class=\"wp-image-625\" style=\"aspect-ratio:1;object-fit:cover;width:225px\" srcset=\"https:\/\/www.ub.edu\/rcits\/wp-content\/uploads\/2025\/06\/WhatsApp-Image-2025-06-25-at-09.11.19-683x1024.jpeg 683w, https:\/\/www.ub.edu\/rcits\/wp-content\/uploads\/2025\/06\/WhatsApp-Image-2025-06-25-at-09.11.19-200x300.jpeg 200w, https:\/\/www.ub.edu\/rcits\/wp-content\/uploads\/2025\/06\/WhatsApp-Image-2025-06-25-at-09.11.19-768x1152.jpeg 768w, https:\/\/www.ub.edu\/rcits\/wp-content\/uploads\/2025\/06\/WhatsApp-Image-2025-06-25-at-09.11.19-1024x1536.jpeg 1024w, https:\/\/www.ub.edu\/rcits\/wp-content\/uploads\/2025\/06\/WhatsApp-Image-2025-06-25-at-09.11.19.jpeg 1093w\" sizes=\"auto, (max-width: 683px) 100vw, 683px\" \/><\/figure>\n\n\n\n<p class=\"has-text-align-center has-medium-font-size\"><strong>Paula Abella<\/strong><\/p>\n\n\n\n<div class=\"wp-block-buttons is-content-justification-center is-layout-flex wp-container-core-buttons-is-layout-a89b3969 wp-block-buttons-is-layout-flex\">\n<div class=\"wp-block-button has-custom-width wp-block-button__width-25\"><a class=\"wp-block-button__link has-medium-font-size has-custom-font-size wp-element-button\" href=\"https:\/\/www.ub.edu\/rcits\/paula-abella\/\">Veure m\u00e9s<\/a><\/div>\n<\/div>\n<\/div>\n<\/div>\n\n\n\n<p><\/p>\n","protected":false},"excerpt":{"rendered":"<p>Ariadna Munt\u00e9 (IP) Adriana Aubert Lena de Botton Pilar D\u00edaz Ane L\u00f3pez de Aguileta M. Virginia Matuli\u010d Col\u00b7laboradores Natali Cerr\u00f3n Paula Abella<\/p>\n","protected":false},"author":1,"featured_media":0,"parent":0,"menu_order":0,"comment_status":"closed","ping_status":"closed","template":"","meta":{"site-sidebar-layout":"no-sidebar","site-content-layout":"page-builder","ast-global-header-display":"","ast-banner-title-visibility":"","ast-main-header-display":"","ast-hfb-above-header-display":"","ast-hfb-below-header-display":"","ast-hfb-mobile-header-display":"","site-post-title":"disabled","ast-breadcrumbs-content":"","ast-featured-img":"disabled","footer-sml-layout":"","theme-transparent-header-meta":"","adv-header-id-meta":"","stick-header-meta":"","header-above-stick-meta":"","header-main-stick-meta":"","header-below-stick-meta":"","footnotes":""},"class_list":["post-17","page","type-page","status-publish","hentry"],"_links":{"self":[{"href":"https:\/\/www.ub.edu\/rcits\/wp-json\/wp\/v2\/pages\/17","targetHints":{"allow":["GET"]}}],"collection":[{"href":"https:\/\/www.ub.edu\/rcits\/wp-json\/wp\/v2\/pages"}],"about":[{"href":"https:\/\/www.ub.edu\/rcits\/wp-json\/wp\/v2\/types\/page"}],"author":[{"embeddable":true,"href":"https:\/\/www.ub.edu\/rcits\/wp-json\/wp\/v2\/users\/1"}],"replies":[{"embeddable":true,"href":"https:\/\/www.ub.edu\/rcits\/wp-json\/wp\/v2\/comments?post=17"}],"version-history":[{"count":27,"href":"https:\/\/www.ub.edu\/rcits\/wp-json\/wp\/v2\/pages\/17\/revisions"}],"predecessor-version":[{"id":646,"href":"https:\/\/www.ub.edu\/rcits\/wp-json\/wp\/v2\/pages\/17\/revisions\/646"}],"wp:attachment":[{"href":"https:\/\/www.ub.edu\/rcits\/wp-json\/wp\/v2\/media?parent=17"}],"curies":[{"name":"wp","href":"https:\/\/api.w.org\/{rel}","templated":true}]}}