{"id":19,"date":"2023-07-01T10:18:14","date_gmt":"2023-07-01T08:18:14","guid":{"rendered":"https:\/\/www.ub.edu\/rcits\/?page_id=19"},"modified":"2026-01-02T23:56:58","modified_gmt":"2026-01-02T22:56:58","slug":"publicacions","status":"publish","type":"page","link":"https:\/\/www.ub.edu\/rcits\/publicacions\/","title":{"rendered":"Publicacions"},"content":{"rendered":"\n<h3 class=\"wp-block-heading has-text-align-center\">Selecci\u00f3 de publicacions en revistes indexades a Journal Citation Reports i\/o Scopus<\/h3>\n\n\n\n<p class=\"has-medium-font-size\"><strong>2025<\/strong><\/p>\n\n\n\n<p>Garcia Yeste, C., Morl\u00e0-Folch, T., Lopez de Aguileta, G., Natividad Sancho, L., Lopez de Aguileta, A., &amp; Munt\u00e9-Pascual, A. (2025). Achieving the same educational opportunities for all: overcoming hoax interpretations of the PISA results.&nbsp;<em>International Journal of Adolescence and Youth<\/em>.&nbsp;<a href=\"https:\/\/doi.org\/10.1080\/02673843.2025.2459330\" target=\"_blank\" rel=\"noreferrer noopener\">https:\/\/doi.org\/10.1080\/02673843.2025.2459330<\/a><\/p>\n\n\n\n<p>L\u00f3pez de Aguileta, A., Crespo-L\u00f3pez, A., &amp; L\u00f3pez de Aguileta, G. (2025). Literature review on music, Social Work and respect for diversity. <em>Social Sciences<\/em>, <em>14<\/em>(2), 101. <a href=\"https:\/\/doi.org\/10.3390\/socsci14020101\" target=\"_blank\" rel=\"noreferrer noopener\">https:\/\/doi.org\/10.3390\/socsci14020101<\/a><\/p>\n\n\n\n<p>Munt\u00e9-Pascual, A., Ruiz-Eugenio, L., &amp; L\u00f3pez de Aguileta, A. (2025). Dialogic scientific gatherings: promoting inclusive health participation and communication among non-academic Roma women. <em>Frontiers in Public Health<\/em>, <em>13<\/em>(1618150), 1618150. <a href=\"https:\/\/doi.org\/10.3389\/fpubh.2025.1618150\" target=\"_blank\" rel=\"noreferrer noopener\">https:\/\/doi.org\/10.3389\/fpubh.2025.1618150<\/a><\/p>\n\n\n\n<p>Olabarria, A., Zubiri-Esnaola, H., Khalfaoui, A., &amp; Aubert, A. (2025). The Impact of Dialogic Teacher Training on Students\u2019 Peer Intervention to Address School Violence.&nbsp;<em>SAGE Open<\/em>.&nbsp;<a href=\"https:\/\/doi.org\/10.1177\/21582440251361616\" target=\"_blank\" rel=\"noreferrer noopener\">https:\/\/doi.org\/10.1177\/21582440251361616<\/a><\/p>\n\n\n\n<p>Redondo-Sama, G., Khaqan, S., Morl\u00e0-Folch, T., &amp; Munt\u00e9-Pascual, A. (2025). Leading schools through dialogue: the role of principals in schools as Learning Communities. <em>Journal of New Approaches in Educational Research<\/em>, <em>14<\/em>(1), 1\u201317. <a href=\"https:\/\/doi.org\/10.1007\/s44322-025-00033-0\">https:\/\/doi.org\/10.1007\/s44322-025-00033-0<\/a><\/p>\n\n\n\n<p class=\"has-medium-font-size\"><strong>2024<\/strong><\/p>\n\n\n\n<p>Abella, P., Aubert, A., Matuli\u010d, M. V., &amp; Munt\u00e9-Pascual, A. (2024). Roma Women\u2019s Role in the Health Preservation of Their Communities during the COVID-19 Pandemic. <em>International Journal of Environmental Research and Public Health<\/em>, <em>21<\/em>(8), 985. <a href=\"https:\/\/doi.org\/10.3390\/ijerph21080985\" target=\"_blank\" rel=\"noreferrer noopener\">https:\/\/doi.org\/10.3390\/ijerph21080985<\/a> <\/p>\n\n\n\n<p>Aiello-Cabrera, E., Khalfaoui, A., Munt\u00e9-Pascual, A., &amp; Sord\u00e9-Mart\u00ed, T. (2024). A Dialogue with Grassroots Romani Women Leaders in Spain About Their Views on Roma Feminism. <em>Affilia. Feminist Inquiry in Social Work<\/em>,<em> 0<\/em>(0). <a href=\"https:\/\/doi.org\/10.1177\/08861099231218674\" target=\"_blank\" rel=\"noreferrer noopener\">https:\/\/doi.org\/10.1177\/08861099231218674<\/a><\/p>\n\n\n\n<p>Ca\u00f1averas, P., De Botton, L., Carbonell, S., Elboj, C., Aubert, A., &amp; L\u00f3pez de Aguileta, G. (2024). Youth voices participating in the improvement of sexual consent awareness campaigns. <em>Sexes<\/em>, <em>5<\/em>(4), 579\u2013595. <a href=\"https:\/\/doi.org\/10.3390\/sexes5040038\" target=\"_blank\" rel=\"noreferrer noopener\">https:\/\/doi.org\/10.3390\/sexes5040038<\/a><\/p>\n\n\n\n<p>Guardiola-F\u00edgols, M., G\u00f3mez Gonz\u00e1lez, A., Natividad-Sancho, L., &amp; Gairal-Casad\u00f3, R. (2024). Scientific workshops with a dialogical approach: an effective tool for introducing science into vulnerable educational contexts. <em>Frontiers in Education<\/em>, <em>8<\/em>. <a href=\"https:\/\/doi.org\/10.3389\/feduc.2023.1263360\" target=\"_blank\" rel=\"noreferrer noopener\">https:\/\/doi.org\/10.3389\/feduc.2023.1263360<\/a><\/p>\n\n\n\n<p>L\u00f3pez de Aguileta, A. (2024). Contributions from Research with (and Not without) Roma Women to Social Work during the COVID-19 Pandemic.&nbsp;<em>Sustainability<\/em>,&nbsp;<em>16<\/em>, 677. <a href=\"https:\/\/doi.org\/10.3390\/su16020677\" target=\"_blank\" rel=\"noreferrer noopener\">https:\/\/doi.org\/10.3390\/su16020677<\/a><\/p>\n\n\n\n<p>L\u00f3pez de Aguileta, A., &amp; Munt\u00e9-Pascual, A. (2024). Overcoming Bureaucratization. Rethinking the Social Work Model in Dialogue with Roma.&nbsp;<em>Social and Education History<\/em>, 1\u201318.&nbsp;<a href=\"https:\/\/doi.org\/10.17583\/hse.14725\" target=\"_blank\" rel=\"noreferrer noopener\">https:\/\/doi.org\/10.17583\/hse.14725<\/a><\/p>\n\n\n\n<p>L\u00f3pez-de-Aguileta Jaussi, A., Munt\u00e9 Pascual, A., &amp; De Botton Fern\u00e1ndez, L. (2024). Trabajo Social con familias roma inmigrantes en situaci\u00f3n de exclusi\u00f3n residencial: H\u00e9roes y hero\u00ednas invisibles sosteniendo el impacto de la pandemia por covid-19.&nbsp;<em>Revista Prisma Social<\/em>,<em> 44<\/em>, 31\u201357. <a href=\"https:\/\/revistaprismasocial.es\/article\/view\/5305\" target=\"_blank\" rel=\"noreferrer noopener\">https:\/\/revistaprismasocial.es\/article\/view\/5305<\/a><\/p>\n\n\n\n<p>Matuli\u010d, M.V., Ca\u00efs, J., &amp; De Vicente, I. (2024). Explaining the Homelessness Phenomenon in Familistic Mediterranean Societies: A New Analytical Framework.&nbsp;<em>Social Indicators Research<\/em>. <a href=\"https:\/\/doi.org\/10.1007\/s11205-023-03292-6\" target=\"_blank\" rel=\"noreferrer noopener\">https:\/\/doi.org\/10.1007\/s11205-023-03292-6<\/a><\/p>\n\n\n\n<p>Munt\u00e9, A., Matuli\u010d-Domandzic, M. V., L\u00f3pez de Aguileta, A., Aiello-Cabrera, E., Elboj Saso, C., Valero, D., &amp; Melgar, P. (2024). Asserting the visibility of social work in science. <em>Frontiers in Sociology<\/em>, <em>9<\/em>. <a href=\"https:\/\/doi.org\/10.3389\/fsoc.2024.1411781\" target=\"_blank\" rel=\"noreferrer noopener\">https:\/\/doi.org\/10.3389\/fsoc.2024.1411781<\/a><\/p>\n\n\n\n<p>Novo-Molinero, MT., Morla-Folch, T., Jimenez Esteller, L., Molina Roldan, S. &amp; Gomez Gonzalez, A. (2024)&nbsp;Impacting life expectancies of incarcerated people through dialogic scientific gatherings and dialogic scientific workshops in prisons.&nbsp;<em>Humanities &amp; Social Sciences Communications, 11<\/em>, 354. <a href=\"https:\/\/doi.org\/10.1057\/s41599-024-02844-6\" target=\"_blank\" rel=\"noreferrer noopener\">https:\/\/doi.org\/10.1057\/s41599-024-02844-6<\/a><\/p>\n\n\n\n<p>Rios-Gonzalez, O., Torres, A., Aiello, E., Coelho, B., Legorburo-Torres, G., &amp; Munte-Pascual, A.&nbsp;(2024). Not all men: the debates in social networks on masculinities and consent.&nbsp;<em>Humanities &amp; Social Sciences Communications,&nbsp;11<\/em>, 67. <a href=\"https:\/\/doi.org\/10.1057\/s41599-023-02569-y\" target=\"_blank\" rel=\"noreferrer noopener\">https:\/\/doi.org\/10.1057\/s41599-023-02569-y<\/a><\/p>\n\n\n\n<p>Roca-Campos, E., Zubiri-Esnaola, H., Le\u00f3n-Jim\u00e9nez, S., &amp; Aubert, A. (2024). Perceived improvement of literacy skills of students with and without Special Educational Needs through Dialogic Literary Gatherings. <em>Disabilities<\/em>, <em>4<\/em>(4), 1030\u20131043. <a href=\"https:\/\/doi.org\/10.3390\/disabilities4040064\" target=\"_blank\" rel=\"noreferrer noopener\">https:\/\/doi.org\/10.3390\/disabilities4040064<\/a><\/p>\n\n\n\n<p>Valero, D., Elboj, C., &amp; De Botton, L. (2024). Roma in the COVID-19 crisis: Transformative elements that emerge from the research. <em>Social Sciences<\/em>, <em>13<\/em>(12), 679. <a href=\"https:\/\/doi.org\/10.3390\/socsci13120679\" target=\"_blank\" rel=\"noreferrer noopener\">https:\/\/doi.org\/10.3390\/socsci13120679<\/a><\/p>\n\n\n\n<p class=\"has-medium-font-size\"><strong>2023<\/strong><\/p>\n\n\n\n<p>Girb\u00e9s-Peco, S., Tellado, I., L\u00f3pez de Aguileta, G., &amp; de Botton Fern\u00e1ndez, L. (2023). Promoting high\u2010quality interactions among early childhood education minority students: a case study of dialogic literary gatherings. <em>Literacy Discussion<\/em>. <a href=\"https:\/\/doi.org\/10.1111\/lit.12354\" target=\"_blank\" rel=\"noreferrer noopener\">https:\/\/doi.org\/10.1111\/lit.12354<\/a><\/p>\n\n\n\n<p>Oliver, E., Redondo-Sama, G., L\u00f3pez de Aguileta, A., &amp; Burgu\u00e9s, A<em>.<\/em>&nbsp;(2023). Research agenda to engage citizens in science through social media communicative observations.&nbsp;<em>Humanities and Social Sciences Communications<\/em>,<em>&nbsp;10<\/em>, 447. <a href=\"https:\/\/doi.org\/10.1057\/s41599-023-01954-x\" target=\"_blank\" rel=\"noreferrer noopener\">https:\/\/doi.org\/10.1057\/s41599-023-01954-x<\/a><\/p>\n\n\n\n<p>Ruiz-Eugenio, L., Munte-Pascual, A., Khalfaoui, A.&nbsp;&amp; Serradell, O. (2023). Dialogic scientific gatherings with mothers and teachers from a primary school: raising awareness about the impact of gender and education research.&nbsp;<em>Humanities &amp; Social Sciences Communications, 10<\/em>, 699. <a href=\"https:\/\/doi.org\/10.1057\/s41599-023-02224-6\" target=\"_blank\" rel=\"noreferrer noopener\">https:\/\/doi.org\/10.1057\/s41599-023-02224-6<\/a> <\/p>\n\n\n\n<p class=\"has-medium-font-size\"><strong>2022<\/strong> <strong>i abans<\/strong><\/p>\n\n\n\n<p>Munt\u00e9-Pascual, A., Khalfaoui, A., Valero, D., &amp; Redondo-Sama, G. (2022). Social Impact Indicators in the Context of the Roma Community: Contributions to the Debate on Methodological Implications.&nbsp;<em>International Journal of Qualitative Methods, 21<\/em>.&nbsp;&nbsp;<a rel=\"noreferrer noopener\" href=\"https:\/\/doi.org\/10.1177%2F16094069211064668\" target=\"_blank\">https:\/\/doi.org\/10.1177\/16094069211064668<\/a><\/p>\n\n\n\n<p>Gairal-Casad\u00f3, R., Garc\u00eda-Yeste, C., Munt\u00e9, A., &amp; Padr\u00f3s, M. (2022)&nbsp;Study to Change Destiny. Elements That Promote Successful Trajectories in Young People who Have Been in Residential Care.&nbsp;&nbsp;<em>The British Journal of Social Work<\/em>,&nbsp;<em>52<\/em>(4) 2253\u20132270.&nbsp;<a rel=\"noreferrer noopener\" href=\"https:\/\/doi.org\/10.1093\/bjsw\/bcab087\" target=\"_blank\">https:\/\/doi.org\/10.1093\/bjsw\/bcab087<\/a><\/p>\n\n\n\n<p>G\u00f3mez, A., Girb\u00e9s, S., Jim\u00e9nez, J.M., &amp; Vieites, M. (2022). \u201cWithout support, victims do not report\u201d: The Co-creation of a workplace sexual harassment risk assessment survey tool.&nbsp;<em>Gender, work and organization<\/em>, <em>30<\/em>(4), 1354.&nbsp;&nbsp;<a rel=\"noreferrer noopener\" href=\"https:\/\/doi.org\/10.1111\/gwao.12840\" target=\"_blank\">https:\/\/doi.org\/10.1111\/gwao.12840<\/a><\/p>\n\n\n\n<p>Salceda, M., Vidu, A., Aubert, A., &amp; Padr\u00f3s, M. (2022). Dialogic literary gatherings in out-of-home care to overcome educational inequalities by improving school academic performance.&nbsp;<em>Children and Youth Services Review<\/em>,<em> 133<\/em>, 10636.&nbsp;<a rel=\"noreferrer noopener\" href=\"https:\/\/doi.org\/10.1016\/j.childyouth.2022.106368\" target=\"_blank\">https:\/\/doi.org\/10.1016\/j.childyouth.2022.106368<\/a><\/p>\n\n\n\n<p>Melgar Alcantud, P., Plaja, T., Munt\u00e9, A., &amp; Redondo, G. (2021). Jane Addams, Coherence in Uncertain Times: A Political Entrepreneurship in Social Work. <em>Social and Education History<\/em>, <em>10<\/em>(3), 362-379. <a rel=\"noreferrer noopener\" href=\"https:\/\/doi.org\/10.17583\/hse.8771\" target=\"_blank\">https:\/\/doi.org\/10.17583\/hse.8771 <\/a><\/p>\n\n\n\n<p>Munt\u00e9 Pascual, A., de Vicente, I., Matulic, V., &amp; Amador, J. (2020). The Invisible Feminist Action of Roma Families. <em>Affilia<\/em> &#8211; <em>Feminist Inquiry in Social Work<\/em>, <em>35<\/em>(4), 516\u2013532. <a rel=\"noreferrer noopener\" href=\"https:\/\/doi.org\/10.1177\/0886109920906780\" target=\"_blank\">https:\/\/doi.org\/10.1177\/0886109920906780<\/a><\/p>\n\n\n\n<p>Matulic Domandzic, V. M., Pascual, A. M., &amp; De Vicente Zueras, I. (2020). Sinhogarismo femenino: una aproximaci\u00f3n a la intersecci\u00f3n entre g\u00e9nero, edad y procesos migratorios. <em>Rasplavy<\/em>, <em>8<\/em>(1), 57\u201385. <a rel=\"noreferrer noopener\" href=\"https:\/\/doi.org\/10.17583\/rasp.2020.4724\" target=\"_blank\">https:\/\/doi.org\/10.17583\/rasp.2020.4724 <\/a><\/p>\n\n\n\n<p>Redondo-Sama, G., Matulic, V., Munt\u00e9-Pascual, A., &amp; de Vicente, I. (2020).&nbsp;Social Work during the COVID-19 Crisis: Responding to Urgent Social Needs.&nbsp;<em>Sustainability<\/em>,&nbsp;<em>12<\/em>(20), 8595.&nbsp;&nbsp;<a href=\"https:\/\/doi.org\/10.3390\/su12208595\" target=\"_blank\" rel=\"noreferrer noopener\">https:\/\/doi.org\/10.3390\/su12208595<\/a><\/p>\n\n\n\n<p>Valero, D., Elboj, C., Plaja, T. &amp; Munt\u00e9, A. (2020). Social work and the Roma community: elements to improve current practices<em>. European Journal of Social Work, 24<\/em>(6), 978-989. <a rel=\"noreferrer noopener\" href=\"https:\/\/doi.org\/10.1080\/13691457.2020.1857705\" target=\"_blank\">https:\/\/doi.org\/10.1080\/13691457.2020.1857705<\/a><\/p>\n\n\n\n<p>Serradell, O., Ramis, M., de Botton, L., &amp; Soler, C. (2019).&nbsp;Spaces free of violence: the key role of Moroccan women in conflict prevention in schools. A case study.&nbsp;<em>Journal of Gender Studies<\/em>, <em>29<\/em>(1),161-173. <a rel=\"noreferrer noopener\" href=\"https:\/\/doi.org\/10.1080\/09589236.2019.1620096\" target=\"_blank\">https:\/\/doi.org\/10.1080\/09589236.2019.1620096<\/a><\/p>\n\n\n\n<p>Aubert, A., \u00c1lvarez, P., Girb\u00e9s-Peco, S., &amp; Molina, S. (2018).&nbsp;Overcoming feudal constraints on educational research in Spain: the impact of the CIMIE conference.&nbsp;<em>Higher Education Research &amp; Development<\/em>, <em>38 <\/em>(3), 450-464. <a href=\"https:\/\/doi.org\/10.1080\/07294360.2018.1544228\" target=\"_blank\" rel=\"noreferrer noopener\">https:\/\/doi.org\/10.1080\/07294360.2018.1544228<\/a><\/p>\n\n\n\n<p>Garcia Yeste, C., Gairal Casad\u00f3, R., Munt\u00e9 Pascual, A., &amp; Plaja Vi\u00f1as, T. (2018). Dialogic literary gatherings and out-of-home childcare: Creation of new meanings through classic literature. <em>Child &amp; Family Social Work<\/em>, <em>23<\/em>(1), 62\u201370. <a rel=\"noreferrer noopener\" href=\"https:\/\/doi.org\/10.1111\/cfs.12384\" target=\"_blank\">https:\/\/doi.org\/10.1111\/cfs.12384<\/a><\/p>\n\n\n\n<p>Pulido-Rodr\u00edguez, M. A., Amador, J., &amp; Rodrigo, E. A. (2015).&nbsp;Manuel, Recovering the Sense of the Democratic Movement Through Living Solidarity in Dialogic Literary Gatherings.&nbsp;<em>Qualitative Inquiry<\/em>,&nbsp;<em>21<\/em>(10), 851\u2013857. <a rel=\"noreferrer noopener\" href=\"https:\/\/doi.org\/10.1080\/07294360.2018.1544228\" target=\"_blank\">https:\/\/doi.org\/10.1080<\/a><a href=\"https:\/\/doi.org\/10.1080\/07294360.2018.1544228\" target=\"_blank\" rel=\"noreferrer noopener\">\/07294360.2018.1544228<\/a><\/p>\n\n\n\n<p>G\u00f3mez, A., Munt\u00e9, A., &amp; Sord\u00e9, T. (2014). Transforming Schools Through Minority Males\u2019 Participation: Overcoming Cultural Stereotypes and Preventing Violence. <em>Journal of Interpersonal Violence<\/em>, <em>29<\/em>(11), 2002\u20132020. <a rel=\"noreferrer noopener\" href=\"https:\/\/doi.org\/10.1177\/0886260513515949\" target=\"_blank\">https:\/\/doi.org\/10.1177\/0886260513515949<\/a> <\/p>\n\n\n\n<p>Munt\u00e9, A., Serradell, O., &amp; Sord\u00e9, T. (2011). From Research to Policy: Roma Participation Through Communicative Organization.&nbsp;<em>Qualitative Inquiry<\/em>,&nbsp;<em>17<\/em>(3), 256\u2013266.&nbsp;<a href=\"https:\/\/doi.org\/10.1177\/1077800410397804\" target=\"_blank\" rel=\"noreferrer noopener\">https:\/\/doi.org\/10.1177\/1077800410397804<\/a><\/p>\n\n\n\n<h3 class=\"wp-block-heading has-text-align-center\">Altres publicacions<\/h3>\n\n\n\n<p class=\"has-medium-font-size\"><strong>2023<\/strong><\/p>\n\n\n\n<p>G\u00f3mez Gonzalez, A. (2023). Communicative Methodology: Working Together with the Roma Community for Improving Their Lives. In N. K. Denzin, Y. S. Lincoln, M. D. Giardina, &amp; G. S. Cannella (Eds.), <em>The SAGE Handbook of Qualitative Research<\/em>. Routledge. <a href=\"https:\/\/us.sagepub.com\/en-us\/nam\/the-sage-handbook-of-qualitative-research\/book275161\" target=\"_blank\" rel=\"noreferrer noopener\">https:\/\/us.sagepub.com\/en-us\/nam\/the-sage-handbook-of-qualitative-research\/book275161<\/a><\/p>\n\n\n\n<p>Matulic Domandzic, M. V., &amp; Fustier Garc\u00eda, N. (Coord.) (2023). <em>Les persones en situaci\u00f3 de sense llar a la ciutat de Barcelona. L&#8217;acompanyament des del treball social<\/em>. Col\u00b7legi Oficial de Treball Social de Catalunya. <\/p>\n\n\n\n<p>Munt\u00e9-Pascual, A., Roca-Campos, E., Redondo-Sama, G., &amp; Racionero-Plaza, S. (2023). Grassroots solidarity in social work : Strengthening the welfare state beyond COVID-19 through social impact in the field of child abuse. In <em>Post-Pandemic Welfare and Social Work<\/em> (1st Edition, pp. 148\u2013157). Routledge. <a href=\"https:\/\/doi.org\/10.4324\/9781003416210-13\" target=\"_blank\" rel=\"noreferrer noopener\">https:\/\/doi.org\/10.4324\/9781003416210-13<\/a><\/p>\n","protected":false},"excerpt":{"rendered":"<p>Selecci\u00f3 de publicacions en revistes indexades a Journal Citation Reports i\/o Scopus 2025 Garcia Yeste, C., Morl\u00e0-Folch, T., Lopez de Aguileta, G., Natividad Sancho, L., Lopez de Aguileta, A., &amp; Munt\u00e9-Pascual, A. (2025). Achieving the same educational opportunities for all: overcoming hoax interpretations of the PISA results.&nbsp;International Journal of Adolescence and Youth.&nbsp;https:\/\/doi.org\/10.1080\/02673843.2025.2459330 L\u00f3pez de Aguileta, &hellip;<\/p>\n<p class=\"read-more\"> <a class=\"\" href=\"https:\/\/www.ub.edu\/rcits\/publicacions\/\"> <span class=\"screen-reader-text\">Publicacions<\/span> Llegeix m\u00e9s &raquo;<\/a><\/p>\n","protected":false},"author":1,"featured_media":0,"parent":0,"menu_order":6,"comment_status":"closed","ping_status":"closed","template":"","meta":{"site-sidebar-layout":"default","site-content-layout":"default","ast-global-header-display":"","ast-banner-title-visibility":"","ast-main-header-display":"","ast-hfb-above-header-display":"","ast-hfb-below-header-display":"","ast-hfb-mobile-header-display":"","site-post-title":"disabled","ast-breadcrumbs-content":"","ast-featured-img":"","footer-sml-layout":"","theme-transparent-header-meta":"","adv-header-id-meta":"","stick-header-meta":"","header-above-stick-meta":"","header-main-stick-meta":"","header-below-stick-meta":"","footnotes":""},"class_list":["post-19","page","type-page","status-publish","hentry"],"_links":{"self":[{"href":"https:\/\/www.ub.edu\/rcits\/wp-json\/wp\/v2\/pages\/19","targetHints":{"allow":["GET"]}}],"collection":[{"href":"https:\/\/www.ub.edu\/rcits\/wp-json\/wp\/v2\/pages"}],"about":[{"href":"https:\/\/www.ub.edu\/rcits\/wp-json\/wp\/v2\/types\/page"}],"author":[{"embeddable":true,"href":"https:\/\/www.ub.edu\/rcits\/wp-json\/wp\/v2\/users\/1"}],"replies":[{"embeddable":true,"href":"https:\/\/www.ub.edu\/rcits\/wp-json\/wp\/v2\/comments?post=19"}],"version-history":[{"count":91,"href":"https:\/\/www.ub.edu\/rcits\/wp-json\/wp\/v2\/pages\/19\/revisions"}],"predecessor-version":[{"id":653,"href":"https:\/\/www.ub.edu\/rcits\/wp-json\/wp\/v2\/pages\/19\/revisions\/653"}],"wp:attachment":[{"href":"https:\/\/www.ub.edu\/rcits\/wp-json\/wp\/v2\/media?parent=19"}],"curies":[{"name":"wp","href":"https:\/\/api.w.org\/{rel}","templated":true}]}}