{"id":605,"date":"2025-06-24T18:31:24","date_gmt":"2025-06-24T16:31:24","guid":{"rendered":"https:\/\/www.ub.edu\/rcits\/?page_id=605"},"modified":"2026-01-12T17:46:25","modified_gmt":"2026-01-12T16:46:25","slug":"natali-cerron","status":"publish","type":"page","link":"https:\/\/www.ub.edu\/rcits\/membres\/natali-cerron\/","title":{"rendered":"Natali Cerr\u00f3n"},"content":{"rendered":"\n<div class=\"wp-block-media-text is-stacked-on-mobile\" style=\"grid-template-columns:27% auto\"><figure class=\"wp-block-media-text__media\"><img loading=\"lazy\" decoding=\"async\" width=\"768\" height=\"1024\" src=\"https:\/\/www.ub.edu\/rcits\/wp-content\/uploads\/2025\/06\/WhatsApp-Image-2025-06-17-at-6.55.27-PM-1-768x1024.jpeg\" alt=\"\" class=\"wp-image-602 size-full\" srcset=\"https:\/\/www.ub.edu\/rcits\/wp-content\/uploads\/2025\/06\/WhatsApp-Image-2025-06-17-at-6.55.27-PM-1-768x1024.jpeg 768w, https:\/\/www.ub.edu\/rcits\/wp-content\/uploads\/2025\/06\/WhatsApp-Image-2025-06-17-at-6.55.27-PM-1-225x300.jpeg 225w, https:\/\/www.ub.edu\/rcits\/wp-content\/uploads\/2025\/06\/WhatsApp-Image-2025-06-17-at-6.55.27-PM-1-1152x1536.jpeg 1152w, https:\/\/www.ub.edu\/rcits\/wp-content\/uploads\/2025\/06\/WhatsApp-Image-2025-06-17-at-6.55.27-PM-1.jpeg 1536w\" sizes=\"auto, (max-width: 768px) 100vw, 768px\" \/><\/figure><div class=\"wp-block-media-text__content\">\n<p class=\"has-medium-font-size\"><strong>Natali Cerr\u00f3n<\/strong> \u00e9s graduada en Educaci\u00f3 Prim\u00e0ria, t\u00e9 un m\u00e0ster en Gesti\u00f3 Educativa i \u00e9s Doctora en Ci\u00e8ncies de l\u2019Educaci\u00f3 per la Universidad del Centro del Per\u00fa, amb t\u00edtol homologat per la Universitat de Barcelona. \u00c9s Coach Ontol\u00f2gica certificada per la Pontif\u00edcia Universitat Cat\u00f2lica del Per\u00fa i per EADA Business School (Barcelona). Ha exercit funcions directives en el sector educatiu, liderant processos de gesti\u00f3 pedag\u00f2gica i institucional. Actualment cursa el programa de Doctorat en Educaci\u00f3 i Societat a la Universitat de Barcelona, dins la l\u00ednia de recerca \u201cTreball Social, Serveis Socials i Pol\u00edtica Social\u201d. Col\u00b7labora en projectes de recerca centrats en dones en situaci\u00f3 de sensellarisme, Grup de Recerca Cient\u00edfica Interdisciplin\u00e0ria en Treball Social (RCI-TS) de la Universitat de Barcelona i l&#8217;Associaci\u00f3 Catalana de Recerca en Treball Social (ACRTS). Els seus interessos de recerca se centren en la inclusi\u00f3 social, la transformaci\u00f3 comunit\u00e0ria i el Treball Social Comunitari.<\/p>\n\n\n\n<div class=\"wp-block-media-text is-stacked-on-mobile\" style=\"grid-template-columns:15% auto\"><figure class=\"wp-block-media-text__media\"><img loading=\"lazy\" decoding=\"async\" width=\"300\" height=\"300\" src=\"https:\/\/www.ub.edu\/rcits\/wp-content\/uploads\/2025\/06\/image.png\" alt=\"\" class=\"wp-image-594 size-full\" srcset=\"https:\/\/www.ub.edu\/rcits\/wp-content\/uploads\/2025\/06\/image.png 300w, https:\/\/www.ub.edu\/rcits\/wp-content\/uploads\/2025\/06\/image-150x150.png 150w\" sizes=\"auto, (max-width: 300px) 100vw, 300px\" \/><\/figure><div class=\"wp-block-media-text__content\">\n<p class=\"has-medium-font-size\"><a href=\"https:\/\/orcid.org\/0009-0001-9521-9878\">https:\/\/orcid.org\/0009-0001-9521-9878<\/a><\/p>\n<\/div><\/div>\n<\/div><\/div>\n","protected":false},"excerpt":{"rendered":"","protected":false},"author":1,"featured_media":0,"parent":17,"menu_order":0,"comment_status":"closed","ping_status":"closed","template":"","meta":{"site-sidebar-layout":"default","site-content-layout":"default","ast-global-header-display":"","ast-banner-title-visibility":"","ast-main-header-display":"","ast-hfb-above-header-display":"","ast-hfb-below-header-display":"","ast-hfb-mobile-header-display":"","site-post-title":"","ast-breadcrumbs-content":"","ast-featured-img":"","footer-sml-layout":"","theme-transparent-header-meta":"","adv-header-id-meta":"","stick-header-meta":"","header-above-stick-meta":"","header-main-stick-meta":"","header-below-stick-meta":"","footnotes":""},"class_list":["post-605","page","type-page","status-publish","hentry"],"_links":{"self":[{"href":"https:\/\/www.ub.edu\/rcits\/wp-json\/wp\/v2\/pages\/605","targetHints":{"allow":["GET"]}}],"collection":[{"href":"https:\/\/www.ub.edu\/rcits\/wp-json\/wp\/v2\/pages"}],"about":[{"href":"https:\/\/www.ub.edu\/rcits\/wp-json\/wp\/v2\/types\/page"}],"author":[{"embeddable":true,"href":"https:\/\/www.ub.edu\/rcits\/wp-json\/wp\/v2\/users\/1"}],"replies":[{"embeddable":true,"href":"https:\/\/www.ub.edu\/rcits\/wp-json\/wp\/v2\/comments?post=605"}],"version-history":[{"count":2,"href":"https:\/\/www.ub.edu\/rcits\/wp-json\/wp\/v2\/pages\/605\/revisions"}],"predecessor-version":[{"id":609,"href":"https:\/\/www.ub.edu\/rcits\/wp-json\/wp\/v2\/pages\/605\/revisions\/609"}],"up":[{"embeddable":true,"href":"https:\/\/www.ub.edu\/rcits\/wp-json\/wp\/v2\/pages\/17"}],"wp:attachment":[{"href":"https:\/\/www.ub.edu\/rcits\/wp-json\/wp\/v2\/media?parent=605"}],"curies":[{"name":"wp","href":"https:\/\/api.w.org\/{rel}","templated":true}]}}