{"id":70,"date":"2023-07-02T12:46:53","date_gmt":"2023-07-02T10:46:53","guid":{"rendered":"https:\/\/www.ub.edu\/rcits\/?page_id=70"},"modified":"2026-03-04T11:41:16","modified_gmt":"2026-03-04T10:41:16","slug":"ariadna-munte","status":"publish","type":"page","link":"https:\/\/www.ub.edu\/rcits\/membres\/ariadna-munte\/","title":{"rendered":"Ariadna Munt\u00e9"},"content":{"rendered":"\n<div class=\"wp-block-columns is-layout-flex wp-container-core-columns-is-layout-28f84493 wp-block-columns-is-layout-flex\">\n<div class=\"wp-block-column is-layout-flow wp-block-column-is-layout-flow\">\n<figure class=\"wp-block-image size-full is-resized\"><img loading=\"lazy\" decoding=\"async\" width=\"225\" height=\"225\" src=\"https:\/\/www.ub.edu\/rcits\/wp-content\/uploads\/2023\/07\/descarga-1.jpeg\" alt=\"\" class=\"wp-image-59\" style=\"width:410px;height:410px\" srcset=\"https:\/\/www.ub.edu\/rcits\/wp-content\/uploads\/2023\/07\/descarga-1.jpeg 225w, https:\/\/www.ub.edu\/rcits\/wp-content\/uploads\/2023\/07\/descarga-1-150x150.jpeg 150w\" sizes=\"auto, (max-width: 225px) 100vw, 225px\" \/><\/figure>\n<\/div>\n\n\n\n<div class=\"wp-block-column is-layout-flow wp-block-column-is-layout-flow\">\n<p class=\"has-medium-font-size\"><strong>Ariadna Munt\u00e9<\/strong>.<strong> <\/strong>Investigadora Principal. <\/p>\n\n\n\n<p class=\"has-medium-font-size\">La Dra. Ariadna Munt\u00e9 \u00e9s Professora Agregada de la UFR &#8211; Escola de Treball Social (Departament de Treball Social i Serveis Socials) de la Universitat de Barcelona, i ha estat investigadora en diversos projectes nacionals I+D+i que versen sobre comunitat gitana, accions educatives d&#8217;\u00e8xit en les escoles i viol\u00e8ncia masclista. Tamb\u00e9 ha sigut la investigadora principal del workpackage 7 del projecte Horizon 2020 SOLIDUS, aix\u00ed com membre de l\u2019equip investigador de les recerques R+D+I europeus tamb\u00e9 finan\u00e7at s per Horizon 2020 ALLINTERACT i KIDS4ALL.<br>Ha publicat articles sobre aquests temes en revistes com <em>Child &amp; Family Social Work<\/em>, <em>European Journal of Women Studies, Qualitative Inquiry, Journal of Interpersonal violence, Journal of Ethnic and Migration Studies o AFFILIA: The Journal of Women and Social Work<\/em>, i els seus interessos de recerca s\u00f3n el Treball Social, la Comunitat gitana, la viol\u00e8ncia masclista, la inclusi\u00f3 social, els canvis educatius i la participaci\u00f3 social.<\/p>\n\n\n\n<div class=\"wp-block-media-text alignwide\" style=\"margin-top:var(--wp--preset--spacing--20);margin-right:var(--wp--preset--spacing--20);margin-bottom:var(--wp--preset--spacing--20);margin-left:var(--wp--preset--spacing--20);grid-template-columns:15% auto\"><figure class=\"wp-block-media-text__media\"><img loading=\"lazy\" decoding=\"async\" width=\"150\" height=\"150\" src=\"https:\/\/www.ub.edu\/rcits\/wp-content\/uploads\/2023\/07\/image-150x150.png\" alt=\"\" class=\"wp-image-150 size-thumbnail\" srcset=\"https:\/\/www.ub.edu\/rcits\/wp-content\/uploads\/2023\/07\/image-150x150.png 150w, https:\/\/www.ub.edu\/rcits\/wp-content\/uploads\/2023\/07\/image-300x300.png 300w, https:\/\/www.ub.edu\/rcits\/wp-content\/uploads\/2023\/07\/image-1024x1024.png 1024w, https:\/\/www.ub.edu\/rcits\/wp-content\/uploads\/2023\/07\/image-768x768.png 768w, https:\/\/www.ub.edu\/rcits\/wp-content\/uploads\/2023\/07\/image-1536x1536.png 1536w, https:\/\/www.ub.edu\/rcits\/wp-content\/uploads\/2023\/07\/image.png 2048w\" sizes=\"auto, (max-width: 150px) 100vw, 150px\" \/><\/figure><div class=\"wp-block-media-text__content\">\n<p class=\"has-medium-font-size\"><a href=\"https:\/\/orcid.org\/0000-0002-2226-634X\" target=\"_blank\" rel=\"noreferrer noopener\">https:\/\/orcid.org\/0000-0001-7230-516X<\/a><\/p>\n<\/div><\/div>\n\n\n\n<p class=\"has-medium-font-size\">Tel\u00e8fon: +34 934034913<br>Contacte: amunte@ub.edu<\/p>\n\n\n\n<ul class=\"wp-block-social-links has-huge-icon-size is-layout-flex wp-block-social-links-is-layout-flex\"><li class=\"wp-social-link wp-social-link-mail  wp-block-social-link\"><a rel=\"noopener nofollow\" target=\"_blank\" href=\"mailto:&#097;&#109;&#117;nte&#064;&#117;b.&#101;du\" class=\"wp-block-social-link-anchor\"><svg width=\"24\" height=\"24\" viewBox=\"0 0 24 24\" version=\"1.1\" xmlns=\"http:\/\/www.w3.org\/2000\/svg\" aria-hidden=\"true\" focusable=\"false\"><path d=\"M19,5H5c-1.1,0-2,.9-2,2v10c0,1.1.9,2,2,2h14c1.1,0,2-.9,2-2V7c0-1.1-.9-2-2-2zm.5,12c0,.3-.2.5-.5.5H5c-.3,0-.5-.2-.5-.5V9.8l7.5,5.6,7.5-5.6V17zm0-9.1L12,13.6,4.5,7.9V7c0-.3.2-.5.5-.5h14c.3,0,.5.2.5.5v.9z\"><\/path><\/svg><span class=\"wp-block-social-link-label screen-reader-text\">Correu electr\u00f2nic<\/span><\/a><\/li><\/ul>\n<\/div>\n<\/div>\n","protected":false},"excerpt":{"rendered":"<p>Ariadna Munt\u00e9. Investigadora Principal. La Dra. Ariadna Munt\u00e9 \u00e9s Professora Agregada de la UFR &#8211; Escola de Treball Social (Departament de Treball Social i Serveis Socials) de la Universitat de Barcelona, i ha estat investigadora en diversos projectes nacionals I+D+i que versen sobre comunitat gitana, accions educatives d&#8217;\u00e8xit en les escoles i viol\u00e8ncia masclista. Tamb\u00e9 &hellip;<\/p>\n<p class=\"read-more\"> <a class=\"\" href=\"https:\/\/www.ub.edu\/rcits\/membres\/ariadna-munte\/\"> <span class=\"screen-reader-text\">Ariadna Munt\u00e9<\/span> Llegeix m\u00e9s &raquo;<\/a><\/p>\n","protected":false},"author":1,"featured_media":0,"parent":17,"menu_order":1,"comment_status":"closed","ping_status":"closed","template":"","meta":{"site-sidebar-layout":"default","site-content-layout":"default","ast-global-header-display":"","ast-banner-title-visibility":"","ast-main-header-display":"","ast-hfb-above-header-display":"","ast-hfb-below-header-display":"","ast-hfb-mobile-header-display":"","site-post-title":"","ast-breadcrumbs-content":"","ast-featured-img":"","footer-sml-layout":"","theme-transparent-header-meta":"","adv-header-id-meta":"","stick-header-meta":"","header-above-stick-meta":"","header-main-stick-meta":"","header-below-stick-meta":"","footnotes":""},"class_list":["post-70","page","type-page","status-publish","hentry"],"_links":{"self":[{"href":"https:\/\/www.ub.edu\/rcits\/wp-json\/wp\/v2\/pages\/70","targetHints":{"allow":["GET"]}}],"collection":[{"href":"https:\/\/www.ub.edu\/rcits\/wp-json\/wp\/v2\/pages"}],"about":[{"href":"https:\/\/www.ub.edu\/rcits\/wp-json\/wp\/v2\/types\/page"}],"author":[{"embeddable":true,"href":"https:\/\/www.ub.edu\/rcits\/wp-json\/wp\/v2\/users\/1"}],"replies":[{"embeddable":true,"href":"https:\/\/www.ub.edu\/rcits\/wp-json\/wp\/v2\/comments?post=70"}],"version-history":[{"count":10,"href":"https:\/\/www.ub.edu\/rcits\/wp-json\/wp\/v2\/pages\/70\/revisions"}],"predecessor-version":[{"id":712,"href":"https:\/\/www.ub.edu\/rcits\/wp-json\/wp\/v2\/pages\/70\/revisions\/712"}],"up":[{"embeddable":true,"href":"https:\/\/www.ub.edu\/rcits\/wp-json\/wp\/v2\/pages\/17"}],"wp:attachment":[{"href":"https:\/\/www.ub.edu\/rcits\/wp-json\/wp\/v2\/media?parent=70"}],"curies":[{"name":"wp","href":"https:\/\/api.w.org\/{rel}","templated":true}]}}