{"id":1209,"date":"2022-08-30T10:01:06","date_gmt":"2022-08-30T08:01:06","guid":{"rendered":"http:\/\/www.ub.edu\/religdialog\/?page_id=1209"},"modified":"2022-08-30T10:01:06","modified_gmt":"2022-08-30T08:01:06","slug":"formacio-ruth","status":"publish","type":"page","link":"https:\/\/www.ub.edu\/religdialog\/formacio-ruth\/","title":{"rendered":"FORMACI\u00d3 RUTH"},"content":{"rendered":"\n<h2 class=\"has-text-align-center wp-block-heading\"><span style=\"color:#49068c\" class=\"has-inline-color\">Di\u00e1logo intercultural y formaci\u00f3n del profesorado. Seminario formativo<\/span><\/h2>\n\n\n\n<div style=\"height:55px\" aria-hidden=\"true\" class=\"wp-block-spacer\"><\/div>\n\n\n\n<div class=\"wp-block-image\"><figure class=\"aligncenter size-large\"><img loading=\"lazy\" decoding=\"async\" width=\"1024\" height=\"760\" src=\"http:\/\/www.ub.edu\/religdialog\/wp-content\/uploads\/2022\/08\/formacio-ruth-1024x760.png\" alt=\"\" class=\"wp-image-1210\" srcset=\"https:\/\/www.ub.edu\/religdialog\/wp-content\/uploads\/2022\/08\/formacio-ruth-1024x760.png 1024w, https:\/\/www.ub.edu\/religdialog\/wp-content\/uploads\/2022\/08\/formacio-ruth-300x223.png 300w, https:\/\/www.ub.edu\/religdialog\/wp-content\/uploads\/2022\/08\/formacio-ruth-768x570.png 768w, https:\/\/www.ub.edu\/religdialog\/wp-content\/uploads\/2022\/08\/formacio-ruth.png 1155w\" sizes=\"auto, (max-width: 1024px) 100vw, 1024px\" \/><\/figure><\/div>\n\n\n\n<p class=\"has-text-align-justify\">La Dra. Ruth Vil\u00e0 Ba\u00f1os, investigadora principal del proyecto I+D  <a href=\"http:\/\/www.ub.edu\/religdialog\/?page_id=571\">\u00abDi\u00e0leg intercultural i interreligi\u00f3s per fomentar la cultura de pau a joves i menors estrangers no acompanyats (MENA) a Barcelona i Melilla (RTI2018-095259-B-I00,MCIU\/AEI\/FEDER,UE)\u00bb<\/a>,  realiz\u00f3 un seminario formativo en la Universidad Castilla-La Mancha sobre di\u00e1logo intercultural y formaci\u00f3n del profesorado, dentro del marco del proyecto <a rel=\"noreferrer noopener\" href=\"https:\/\/www.uclm.es\/grupos\/aprendemos-enter-culturas\/aprendemos-enter-culturas-2\" target=\"_blank\">Aprendemos \u00abENTER\u00bb Culturas 2.0. J\u00f3venes y EducACci\u00f3n contra el racismo.<\/a> <\/p>\n\n\n\n<blockquote class=\"wp-block-quote has-text-align-left is-layout-flow wp-block-quote-is-layout-flow\"><p>La idea principal del proyecto es la de favorecer la adquisici\u00f3n de conocimientos, habilidades, actitudes y valores de car\u00e1cter global intercultural en el profesorado y estudiantado del Centro, como agentes transformadores para una sociedad m\u00e1s inclusiva y equitativa, alineado con los Objetivos de Desarrollo Sostenible (ODS), con especial relevancia los objetivos 1, 3, 4, y 5. Tomamos como premisa el fortalecimiento de las disposiciones de pensamiento, los h\u00e1bitos de la mente, y las habilidades socioemocionales para la creaci\u00f3n de una cultura de pensamiento, toma de perspectiva y el fomento de la sensibilidad intercultural.<\/p><cite>Aprendemos \u00abENTER\u00bb Culturas 2.0<\/cite><\/blockquote>\n\n\n\n<p>La formaci\u00f3n se realiz\u00f3 en febrero de 2022 y constituy\u00f3 el <a rel=\"noreferrer noopener\" href=\"https:\/\/www.uclm.es\/grupos\/aprendemos-enter-culturas\/aprendemos-enter-culturas-2\/Formacion-y-desarrollo-profesional\/Workshop-1-Educacion-intercultural\" target=\"_blank\">Workshop 1 Educaci\u00f3n intercultural<\/a>, en el cual se abordaron algunos conceptos claves, tales como Di\u00e1logo Intercultural, Di\u00e1logo Interreligioso y La Comunicaci\u00f3n Intercultural. <\/p>\n\n\n\n<figure class=\"wp-block-gallery aligncenter columns-3 is-cropped wp-block-gallery-1 is-layout-flex wp-block-gallery-is-layout-flex\"><ul class=\"blocks-gallery-grid\"><li class=\"blocks-gallery-item\"><figure><img loading=\"lazy\" decoding=\"async\" width=\"1024\" height=\"759\" src=\"http:\/\/www.ub.edu\/religdialog\/wp-content\/uploads\/2022\/08\/dialeg-intercultural-ruth-1024x759.png\" alt=\"\" data-id=\"1211\" data-link=\"http:\/\/www.ub.edu\/religdialog\/?attachment_id=1211\" class=\"wp-image-1211\" srcset=\"https:\/\/www.ub.edu\/religdialog\/wp-content\/uploads\/2022\/08\/dialeg-intercultural-ruth-1024x759.png 1024w, https:\/\/www.ub.edu\/religdialog\/wp-content\/uploads\/2022\/08\/dialeg-intercultural-ruth-300x222.png 300w, https:\/\/www.ub.edu\/religdialog\/wp-content\/uploads\/2022\/08\/dialeg-intercultural-ruth-768x569.png 768w, https:\/\/www.ub.edu\/religdialog\/wp-content\/uploads\/2022\/08\/dialeg-intercultural-ruth.png 1105w\" sizes=\"auto, (max-width: 1024px) 100vw, 1024px\" \/><\/figure><\/li><li class=\"blocks-gallery-item\"><figure><img loading=\"lazy\" decoding=\"async\" width=\"1024\" height=\"761\" src=\"http:\/\/www.ub.edu\/religdialog\/wp-content\/uploads\/2022\/08\/dialeg-interreligioso-ruth-1024x761.png\" alt=\"\" data-id=\"1212\" data-link=\"http:\/\/www.ub.edu\/religdialog\/?attachment_id=1212\" class=\"wp-image-1212\" srcset=\"https:\/\/www.ub.edu\/religdialog\/wp-content\/uploads\/2022\/08\/dialeg-interreligioso-ruth-1024x761.png 1024w, https:\/\/www.ub.edu\/religdialog\/wp-content\/uploads\/2022\/08\/dialeg-interreligioso-ruth-300x223.png 300w, https:\/\/www.ub.edu\/religdialog\/wp-content\/uploads\/2022\/08\/dialeg-interreligioso-ruth-768x571.png 768w, https:\/\/www.ub.edu\/religdialog\/wp-content\/uploads\/2022\/08\/dialeg-interreligioso-ruth.png 1113w\" sizes=\"auto, (max-width: 1024px) 100vw, 1024px\" \/><\/figure><\/li><li class=\"blocks-gallery-item\"><figure><img loading=\"lazy\" decoding=\"async\" width=\"1024\" height=\"764\" src=\"http:\/\/www.ub.edu\/religdialog\/wp-content\/uploads\/2022\/08\/comunicacion-intercultural-ruth-1024x764.png\" alt=\"\" data-id=\"1213\" data-full-url=\"http:\/\/www.ub.edu\/religdialog\/wp-content\/uploads\/2022\/08\/comunicacion-intercultural-ruth.png\" data-link=\"http:\/\/www.ub.edu\/religdialog\/?attachment_id=1213\" class=\"wp-image-1213\" srcset=\"https:\/\/www.ub.edu\/religdialog\/wp-content\/uploads\/2022\/08\/comunicacion-intercultural-ruth-1024x764.png 1024w, https:\/\/www.ub.edu\/religdialog\/wp-content\/uploads\/2022\/08\/comunicacion-intercultural-ruth-300x224.png 300w, https:\/\/www.ub.edu\/religdialog\/wp-content\/uploads\/2022\/08\/comunicacion-intercultural-ruth-768x573.png 768w, https:\/\/www.ub.edu\/religdialog\/wp-content\/uploads\/2022\/08\/comunicacion-intercultural-ruth.png 1119w\" sizes=\"auto, (max-width: 1024px) 100vw, 1024px\" \/><\/figure><\/li><\/ul><\/figure>\n\n\n\n<p class=\"has-text-align-justify\">Tambi\u00e9n se abordaron estrategias y propuestas para la formaci\u00f3n del profesorado, tales como las competencias comunicativas y las competencias interculturales; la conciencia intercultural, la sensibilidad intercultural, las habilidades interculturales; y propuestas desde la educaci\u00f3n.<\/p>\n\n\n\n<figure class=\"wp-block-gallery columns-3 is-cropped wp-block-gallery-2 is-layout-flex wp-block-gallery-is-layout-flex\"><ul class=\"blocks-gallery-grid\"><li class=\"blocks-gallery-item\"><figure><img loading=\"lazy\" decoding=\"async\" width=\"1024\" height=\"766\" src=\"http:\/\/www.ub.edu\/religdialog\/wp-content\/uploads\/2022\/08\/recursos-profesrado-ruth-1-1024x766.png\" alt=\"\" data-id=\"1214\" data-link=\"http:\/\/www.ub.edu\/religdialog\/?attachment_id=1214\" class=\"wp-image-1214\" srcset=\"https:\/\/www.ub.edu\/religdialog\/wp-content\/uploads\/2022\/08\/recursos-profesrado-ruth-1-1024x766.png 1024w, https:\/\/www.ub.edu\/religdialog\/wp-content\/uploads\/2022\/08\/recursos-profesrado-ruth-1-300x224.png 300w, https:\/\/www.ub.edu\/religdialog\/wp-content\/uploads\/2022\/08\/recursos-profesrado-ruth-1-768x574.png 768w, https:\/\/www.ub.edu\/religdialog\/wp-content\/uploads\/2022\/08\/recursos-profesrado-ruth-1.png 1127w\" sizes=\"auto, (max-width: 1024px) 100vw, 1024px\" \/><\/figure><\/li><li class=\"blocks-gallery-item\"><figure><img loading=\"lazy\" decoding=\"async\" width=\"1024\" height=\"771\" src=\"http:\/\/www.ub.edu\/religdialog\/wp-content\/uploads\/2022\/08\/recursos-profesrado-ruth-2-1024x771.png\" alt=\"\" data-id=\"1215\" data-link=\"http:\/\/www.ub.edu\/religdialog\/?attachment_id=1215\" class=\"wp-image-1215\" srcset=\"https:\/\/www.ub.edu\/religdialog\/wp-content\/uploads\/2022\/08\/recursos-profesrado-ruth-2-1024x771.png 1024w, https:\/\/www.ub.edu\/religdialog\/wp-content\/uploads\/2022\/08\/recursos-profesrado-ruth-2-300x226.png 300w, https:\/\/www.ub.edu\/religdialog\/wp-content\/uploads\/2022\/08\/recursos-profesrado-ruth-2-768x578.png 768w, https:\/\/www.ub.edu\/religdialog\/wp-content\/uploads\/2022\/08\/recursos-profesrado-ruth-2.png 1117w\" sizes=\"auto, (max-width: 1024px) 100vw, 1024px\" \/><\/figure><\/li><li class=\"blocks-gallery-item\"><figure><img loading=\"lazy\" decoding=\"async\" width=\"1024\" height=\"765\" src=\"http:\/\/www.ub.edu\/religdialog\/wp-content\/uploads\/2022\/08\/recursos-profesrado-ruth-3-1024x765.png\" alt=\"\" data-id=\"1216\" data-full-url=\"http:\/\/www.ub.edu\/religdialog\/wp-content\/uploads\/2022\/08\/recursos-profesrado-ruth-3.png\" data-link=\"http:\/\/www.ub.edu\/religdialog\/?attachment_id=1216\" class=\"wp-image-1216\" srcset=\"https:\/\/www.ub.edu\/religdialog\/wp-content\/uploads\/2022\/08\/recursos-profesrado-ruth-3-1024x765.png 1024w, https:\/\/www.ub.edu\/religdialog\/wp-content\/uploads\/2022\/08\/recursos-profesrado-ruth-3-300x224.png 300w, https:\/\/www.ub.edu\/religdialog\/wp-content\/uploads\/2022\/08\/recursos-profesrado-ruth-3-768x574.png 768w, https:\/\/www.ub.edu\/religdialog\/wp-content\/uploads\/2022\/08\/recursos-profesrado-ruth-3.png 1115w\" sizes=\"auto, (max-width: 1024px) 100vw, 1024px\" \/><\/figure><\/li><\/ul><\/figure>\n\n\n\n<p class=\"has-text-align-justify\">Por \u00faltimo, se presentaron recursos y referencias bibliogr\u00e1ficas, para poder profundizar m\u00e1s en las tem\u00e1ticas tratadas. Algunos de los recursos presentados fueron el ECOTONO, juego de simulaci\u00f3n para la resoluci\u00f3n de conflictos interculturales, <a rel=\"noreferrer noopener\" href=\"https:\/\/www.epals.com\/#\/connections\" target=\"_blank\">EPALS<\/a>, una comunidad para colaborar con estudiantes de otros pa\u00edses y <a rel=\"noreferrer noopener\" href=\"https:\/\/www.storiesthatmove.org\/en\/\" target=\"_blank\">Stories that Move<\/a>, una herramienta gratuita online para ense\u00f1ar sobre la diversidad y la discriminaci\u00f3n, basada en las experiencias reales de diferentes personas.<\/p>\n","protected":false},"excerpt":{"rendered":"<p>Di\u00e1logo intercultural y formaci\u00f3n del profesorado. Seminario formativo La Dra. Ruth Vil\u00e0 Ba\u00f1os, investigadora principal del proyecto I+D \u00abDi\u00e0leg intercultural i interreligi\u00f3s per fomentar la cultura de pau a joves i menors estrangers no acompanyats (MENA) a Barcelona i Melilla (RTI2018-095259-B-I00,MCIU\/AEI\/FEDER,UE)\u00bb, realiz\u00f3 un seminario formativo en la Universidad Castilla-La Mancha sobre di\u00e1logo intercultural y formaci\u00f3n [&hellip;]<\/p>\n","protected":false},"author":1,"featured_media":0,"parent":0,"menu_order":0,"comment_status":"closed","ping_status":"closed","template":"","meta":{"footnotes":""},"class_list":["post-1209","page","type-page","status-publish","hentry"],"_links":{"self":[{"href":"https:\/\/www.ub.edu\/religdialog\/wp-json\/wp\/v2\/pages\/1209","targetHints":{"allow":["GET"]}}],"collection":[{"href":"https:\/\/www.ub.edu\/religdialog\/wp-json\/wp\/v2\/pages"}],"about":[{"href":"https:\/\/www.ub.edu\/religdialog\/wp-json\/wp\/v2\/types\/page"}],"author":[{"embeddable":true,"href":"https:\/\/www.ub.edu\/religdialog\/wp-json\/wp\/v2\/users\/1"}],"replies":[{"embeddable":true,"href":"https:\/\/www.ub.edu\/religdialog\/wp-json\/wp\/v2\/comments?post=1209"}],"version-history":[{"count":1,"href":"https:\/\/www.ub.edu\/religdialog\/wp-json\/wp\/v2\/pages\/1209\/revisions"}],"predecessor-version":[{"id":1217,"href":"https:\/\/www.ub.edu\/religdialog\/wp-json\/wp\/v2\/pages\/1209\/revisions\/1217"}],"wp:attachment":[{"href":"https:\/\/www.ub.edu\/religdialog\/wp-json\/wp\/v2\/media?parent=1209"}],"curies":[{"name":"wp","href":"https:\/\/api.w.org\/{rel}","templated":true}]}}