{"id":369,"date":"2020-10-20T12:35:26","date_gmt":"2020-10-20T10:35:26","guid":{"rendered":"http:\/\/www.ub.edu\/religdialog\/?page_id=369"},"modified":"2021-11-15T15:21:12","modified_gmt":"2021-11-15T14:21:12","slug":"qui-som","status":"publish","type":"page","link":"https:\/\/www.ub.edu\/religdialog\/qui-som\/","title":{"rendered":"Qui som"},"content":{"rendered":"\n<div class=\"wp-block-group alignwide\"><div class=\"wp-block-group__inner-container is-layout-flow wp-block-group-is-layout-flow\">\n<h1 class=\"has-text-align-center wp-block-heading\">QUI SOM<\/h1>\n<\/div><\/div>\n\n\n\n<div class=\"wp-block-group alignwide\"><div class=\"wp-block-group__inner-container is-layout-flow wp-block-group-is-layout-flow\">\n<p class=\"has-text-align-center\">Som un grup de investigadores que compartim recerca en di\u00e0leg Intercultural i interreligi\u00f3s,&nbsp; joventut i migraci\u00f3, dones i migraci\u00f3, educaci\u00f3 intercultural i comunicaci\u00f3 intercultural.<\/p>\n<\/div><\/div>\n\n\n\n<div class=\"wp-block-group\"><div class=\"wp-block-group__inner-container is-layout-flow wp-block-group-is-layout-flow\">\n<div class=\"wp-block-group\"><div class=\"wp-block-group__inner-container is-layout-flow wp-block-group-is-layout-flow\">\n<div class=\"wp-block-group\"><div class=\"wp-block-group__inner-container is-layout-flow wp-block-group-is-layout-flow\">\n<div class=\"wp-block-image is-style-rounded\"><figure class=\"aligncenter size-large is-resized\"><a href=\"http:\/\/www.ub.edu\/religdialog\/?page_id=454\"><img loading=\"lazy\" decoding=\"async\" src=\"http:\/\/www.ub.edu\/religdialog\/wp-content\/uploads\/2020\/11\/Ruth_Vila_Banos-4.jpg\" alt=\"\" class=\"wp-image-447\" width=\"218\" height=\"272\"\/><\/a><figcaption><strong><span style=\"color:#49068c\" class=\"has-inline-color\">RUTH VIL\u00c0 BA\u00d1OS<\/span><\/strong><\/figcaption><\/figure><\/div>\n<\/div><\/div>\n<\/div><\/div>\n\n\n\n<div class=\"wp-block-group\"><div class=\"wp-block-group__inner-container is-layout-flow wp-block-group-is-layout-flow\">\n<div class=\"wp-block-group\"><div class=\"wp-block-group__inner-container is-layout-flow wp-block-group-is-layout-flow\">\n<div class=\"wp-block-group\"><div class=\"wp-block-group__inner-container is-layout-flow wp-block-group-is-layout-flow\">\n<div class=\"wp-block-group\"><div class=\"wp-block-group__inner-container is-layout-flow wp-block-group-is-layout-flow\">\n<div class=\"wp-block-image is-style-rounded\"><figure class=\"alignleft size-large is-resized\"><a href=\"http:\/\/www.ub.edu\/religdialog\/?page_id=491\"><img loading=\"lazy\" decoding=\"async\" src=\"http:\/\/www.ub.edu\/religdialog\/wp-content\/uploads\/2020\/11\/ANGE2-2.jpg\" alt=\"\" class=\"wp-image-440\" width=\"228\" height=\"234\"\/><\/a><figcaption><strong><span style=\"color:#49068c\" class=\"has-inline-color\">ANGELINA S\u00c1NCHEZ MART\u00cd<\/span><\/strong><\/figcaption><\/figure><\/div>\n<\/div><\/div>\n\n\n\n<div class=\"wp-block-image is-style-rounded\"><figure class=\"alignright size-large is-resized\"><a href=\"http:\/\/www.ub.edu\/religdialog\/?page_id=460\"><img loading=\"lazy\" decoding=\"async\" src=\"http:\/\/www.ub.edu\/religdialog\/wp-content\/uploads\/2020\/11\/Montserrat_Niella-3.jpg\" alt=\"\" class=\"wp-image-445\" width=\"239\" height=\"244\"\/><\/a><figcaption><strong><span style=\"color:#49068c\" class=\"has-inline-color\">MONTSERRAT FREIXA NIELLA<\/span><\/strong><\/figcaption><\/figure><\/div>\n<\/div><\/div>\n<\/div><\/div>\n\n\n\n<div class=\"wp-block-image is-style-rounded\"><figure class=\"aligncenter size-large is-resized\"><a href=\"http:\/\/www.ub.edu\/religdialog\/?page_id=501\"><img loading=\"lazy\" decoding=\"async\" src=\"http:\/\/www.ub.edu\/religdialog\/wp-content\/uploads\/2020\/11\/assumpta.aneas_-2.jpg\" alt=\"\" class=\"wp-image-441\" width=\"255\" height=\"255\" srcset=\"https:\/\/www.ub.edu\/religdialog\/wp-content\/uploads\/2020\/11\/assumpta.aneas_-2.jpg 200w, https:\/\/www.ub.edu\/religdialog\/wp-content\/uploads\/2020\/11\/assumpta.aneas_-2-150x150.jpg 150w\" sizes=\"auto, (max-width: 255px) 100vw, 255px\" \/><\/a><figcaption><strong><span style=\"color:#49068c\" class=\"has-inline-color\">ASSUMPTA ANEAS \u00c1LVAREZ<\/span><\/strong><\/figcaption><\/figure><\/div>\n\n\n\n<div class=\"wp-block-image is-style-rounded\"><figure class=\"alignleft size-large is-resized\"><a href=\"http:\/\/www.ub.edu\/religdialog\/?page_id=494\"><img loading=\"lazy\" decoding=\"async\" src=\"http:\/\/www.ub.edu\/religdialog\/wp-content\/uploads\/2020\/11\/massot_ines-1.jpg\" alt=\"\" class=\"wp-image-442\" width=\"231\" height=\"231\" srcset=\"https:\/\/www.ub.edu\/religdialog\/wp-content\/uploads\/2020\/11\/massot_ines-1.jpg 220w, https:\/\/www.ub.edu\/religdialog\/wp-content\/uploads\/2020\/11\/massot_ines-1-150x150.jpg 150w\" sizes=\"auto, (max-width: 231px) 100vw, 231px\" \/><\/a><figcaption><strong><span style=\"color:#49068c\" class=\"has-inline-color\">IN\u00c9S MASSOT LAFONT<\/span><\/strong><\/figcaption><\/figure><\/div>\n\n\n\n<div class=\"wp-block-image is-style-rounded\"><figure class=\"alignright size-large is-resized\"><a href=\"http:\/\/www.ub.edu\/religdialog\/?page_id=497\"><img loading=\"lazy\" decoding=\"async\" src=\"http:\/\/www.ub.edu\/religdialog\/wp-content\/uploads\/2020\/11\/franciele-1.jpeg\" alt=\"\" class=\"wp-image-443\" width=\"216\" height=\"216\" srcset=\"https:\/\/www.ub.edu\/religdialog\/wp-content\/uploads\/2020\/11\/franciele-1.jpeg 200w, https:\/\/www.ub.edu\/religdialog\/wp-content\/uploads\/2020\/11\/franciele-1-150x150.jpeg 150w\" sizes=\"auto, (max-width: 216px) 100vw, 216px\" \/><\/a><figcaption><strong><span style=\"color:#49068c\" class=\"has-inline-color\">FRANCIELE CORTI<\/span><\/strong><\/figcaption><\/figure><\/div>\n\n\n\n<div class=\"wp-block-image is-style-rounded\"><figure class=\"aligncenter size-large is-resized\"><a href=\"http:\/\/www.ub.edu\/religdialog\/?page_id=481\"><img loading=\"lazy\" decoding=\"async\" src=\"http:\/\/www.ub.edu\/religdialog\/wp-content\/uploads\/2020\/11\/omaira-1.jpg\" alt=\"\" class=\"wp-image-444\" width=\"238\" height=\"237\" srcset=\"https:\/\/www.ub.edu\/religdialog\/wp-content\/uploads\/2020\/11\/omaira-1.jpg 200w, https:\/\/www.ub.edu\/religdialog\/wp-content\/uploads\/2020\/11\/omaira-1-150x150.jpg 150w\" sizes=\"auto, (max-width: 238px) 100vw, 238px\" \/><\/a><figcaption><strong><span style=\"color:#49068c\" class=\"has-inline-color\">OMAIRA BELTR\u00c1N S\u00c1NCHEZ<\/span><\/strong><\/figcaption><\/figure><\/div>\n\n\n\n<div class=\"wp-block-image is-style-rounded\"><figure class=\"alignleft size-large is-resized\"><a href=\"http:\/\/www.ub.edu\/religdialog\/?page_id=486\"><img loading=\"lazy\" decoding=\"async\" src=\"http:\/\/www.ub.edu\/religdialog\/wp-content\/uploads\/2020\/11\/berta-1.jpg\" alt=\"\" class=\"wp-image-448\" width=\"203\" height=\"245\"\/><\/a><figcaption><strong><span style=\"color:#49068c\" class=\"has-inline-color\">BERTA GU\u00dcELL TORRENT<\/span><\/strong><\/figcaption><\/figure><\/div>\n\n\n\n<div class=\"wp-block-image is-style-rounded\"><figure class=\"alignright size-large is-resized\"><a href=\"http:\/\/www.ub.edu\/religdialog\/?page_id=465\"><img loading=\"lazy\" decoding=\"async\" src=\"http:\/\/www.ub.edu\/religdialog\/wp-content\/uploads\/2020\/11\/marta-sabariego-2-1.jpg\" alt=\"\" class=\"wp-image-449\" width=\"205\" height=\"241\"\/><\/a><figcaption><strong><span style=\"color:#49068c\" class=\"has-inline-color\">MARTA SABARIEGO PIUGARTA<\/span><\/strong><\/figcaption><\/figure><\/div>\n<\/div><\/div>\n\n\n\n<div style=\"height:21px\" aria-hidden=\"true\" class=\"wp-block-spacer\"><\/div>\n<\/div><\/div>\n\n\n\n<div class=\"wp-block-image is-style-rounded\"><figure class=\"aligncenter size-large is-resized\"><a href=\"http:\/\/www.ub.edu\/religdialog\/?page_id=1056\"><img loading=\"lazy\" decoding=\"async\" src=\"http:\/\/www.ub.edu\/religdialog\/wp-content\/uploads\/2021\/10\/Argazkia1-839x1024.jpg\" alt=\"\" class=\"wp-image-1054\" width=\"230\" height=\"280\" srcset=\"https:\/\/www.ub.edu\/religdialog\/wp-content\/uploads\/2021\/10\/Argazkia1-839x1024.jpg 839w, https:\/\/www.ub.edu\/religdialog\/wp-content\/uploads\/2021\/10\/Argazkia1-246x300.jpg 246w, https:\/\/www.ub.edu\/religdialog\/wp-content\/uploads\/2021\/10\/Argazkia1-768x938.jpg 768w, https:\/\/www.ub.edu\/religdialog\/wp-content\/uploads\/2021\/10\/Argazkia1-1258x1536.jpg 1258w, https:\/\/www.ub.edu\/religdialog\/wp-content\/uploads\/2021\/10\/Argazkia1-1677x2048.jpg 1677w\" sizes=\"auto, (max-width: 230px) 100vw, 230px\" \/><\/a><figcaption><span style=\"color:#49068c\" class=\"has-inline-color\"><strong>MARTA VENCESLAO PUEYO<\/strong><\/span><\/figcaption><\/figure><\/div>\n\n\n\n<div class=\"wp-block-image is-style-rounded\"><figure class=\"alignleft size-full is-resized\"><a href=\"http:\/\/www.ub.edu\/religdialog\/?page_id=1075\"><img loading=\"lazy\" decoding=\"async\" src=\"http:\/\/www.ub.edu\/religdialog\/wp-content\/uploads\/2021\/11\/DSC_0206.jpg\" alt=\"\" class=\"wp-image-1073\" width=\"245\" height=\"193\" srcset=\"https:\/\/www.ub.edu\/religdialog\/wp-content\/uploads\/2021\/11\/DSC_0206.jpg 359w, https:\/\/www.ub.edu\/religdialog\/wp-content\/uploads\/2021\/11\/DSC_0206-300x236.jpg 300w\" sizes=\"auto, (max-width: 245px) 100vw, 245px\" \/><\/a><figcaption><strong><span style=\"color:#49068c\" class=\"has-inline-color\">MARTA SIM\u00d3 S\u00c0NCHEZ<\/span><\/strong><\/figcaption><\/figure><\/div>\n\n\n\n<p> <\/p>\n\n\n\n<div class=\"wp-block-image is-style-rounded\"><figure class=\"alignright size-large is-resized\"><a href=\"http:\/\/www.ub.edu\/religdialog\/?page_id=1018\"><img loading=\"lazy\" decoding=\"async\" src=\"http:\/\/www.ub.edu\/religdialog\/wp-content\/uploads\/2021\/10\/foto-linkedin.png\" alt=\"\" class=\"wp-image-1015\" width=\"217\" height=\"238\" srcset=\"https:\/\/www.ub.edu\/religdialog\/wp-content\/uploads\/2021\/10\/foto-linkedin.png 312w, https:\/\/www.ub.edu\/religdialog\/wp-content\/uploads\/2021\/10\/foto-linkedin-274x300.png 274w\" sizes=\"auto, (max-width: 217px) 100vw, 217px\" \/><\/a><figcaption><span style=\"color:#49068c\" class=\"has-inline-color\"><strong>MELISSA SCHMIDLIN ROCCATAGLIATA<\/strong><\/span><\/figcaption><\/figure><\/div>\n\n\n\n<div style=\"height:100px\" aria-hidden=\"true\" class=\"wp-block-spacer\"><\/div>\n\n\n\n<figure class=\"wp-block-embed alignleft is-type-rich is-provider-twitter wp-block-embed-twitter\"><div class=\"wp-block-embed__wrapper\">\n<a class=\"twitter-timeline\" data-width=\"500\" data-height=\"750\" data-dnt=\"true\" href=\"https:\/\/twitter.com\/diiub?ref_src=twsrc%5Etfw\">Tweets by diiub<\/a><script async src=\"https:\/\/platform.twitter.com\/widgets.js\" charset=\"utf-8\"><\/script>\n<\/div><\/figure>\n","protected":false},"excerpt":{"rendered":"<p>QUI SOM Som un grup de investigadores que compartim recerca en di\u00e0leg Intercultural i interreligi\u00f3s,&nbsp; joventut i migraci\u00f3, dones i migraci\u00f3, educaci\u00f3 intercultural i comunicaci\u00f3 intercultural.<\/p>\n","protected":false},"author":1,"featured_media":0,"parent":0,"menu_order":0,"comment_status":"closed","ping_status":"closed","template":"","meta":{"footnotes":""},"class_list":["post-369","page","type-page","status-publish","hentry"],"_links":{"self":[{"href":"https:\/\/www.ub.edu\/religdialog\/wp-json\/wp\/v2\/pages\/369","targetHints":{"allow":["GET"]}}],"collection":[{"href":"https:\/\/www.ub.edu\/religdialog\/wp-json\/wp\/v2\/pages"}],"about":[{"href":"https:\/\/www.ub.edu\/religdialog\/wp-json\/wp\/v2\/types\/page"}],"author":[{"embeddable":true,"href":"https:\/\/www.ub.edu\/religdialog\/wp-json\/wp\/v2\/users\/1"}],"replies":[{"embeddable":true,"href":"https:\/\/www.ub.edu\/religdialog\/wp-json\/wp\/v2\/comments?post=369"}],"version-history":[{"count":32,"href":"https:\/\/www.ub.edu\/religdialog\/wp-json\/wp\/v2\/pages\/369\/revisions"}],"predecessor-version":[{"id":1078,"href":"https:\/\/www.ub.edu\/religdialog\/wp-json\/wp\/v2\/pages\/369\/revisions\/1078"}],"wp:attachment":[{"href":"https:\/\/www.ub.edu\/religdialog\/wp-json\/wp\/v2\/media?parent=369"}],"curies":[{"name":"wp","href":"https:\/\/api.w.org\/{rel}","templated":true}]}}