{"id":494,"date":"2020-11-06T14:46:57","date_gmt":"2020-11-06T13:46:57","guid":{"rendered":"http:\/\/www.ub.edu\/religdialog\/?page_id=494"},"modified":"2020-11-06T15:08:38","modified_gmt":"2020-11-06T14:08:38","slug":"ines","status":"publish","type":"page","link":"https:\/\/www.ub.edu\/religdialog\/ines\/","title":{"rendered":"INES"},"content":{"rendered":"\n<div style=\"height:55px\" aria-hidden=\"true\" class=\"wp-block-spacer\"><\/div>\n\n\n\n<h2 class=\"has-text-align-center wp-block-heading\"><span style=\"color:#49068c\" class=\"has-inline-color\">IN\u00c9S MASSOT LAFONT<\/span><\/h2>\n\n\n\n<div class=\"wp-block-image is-style-rounded\"><figure class=\"aligncenter size-large is-resized\"><img loading=\"lazy\" decoding=\"async\" src=\"http:\/\/www.ub.edu\/religdialog\/wp-content\/uploads\/2020\/11\/massot_ines-2.jpg\" alt=\"\" class=\"wp-image-495\" width=\"310\" height=\"310\" srcset=\"https:\/\/www.ub.edu\/religdialog\/wp-content\/uploads\/2020\/11\/massot_ines-2.jpg 220w, https:\/\/www.ub.edu\/religdialog\/wp-content\/uploads\/2020\/11\/massot_ines-2-150x150.jpg 150w\" sizes=\"auto, (max-width: 310px) 100vw, 310px\" \/><\/figure><\/div>\n\n\n\n<p class=\"has-text-align-center\">Doctora en Pedagogia, Universitat de Barcelona, 2001. \u00c0mbits d&#8217;especialitzaci\u00f3 \/ l\u00ednies de recerca:&nbsp;Comunitat i sentiment de pertinen\u00e7a, interculturalitat, immigraci\u00f3 i cohesi\u00f3 social, participaci\u00f3 i orientaci\u00f3<\/p>\n\n\n\n<p class=\"has-text-align-left\">Contacte:\u00a0imassot@ub.edu     <a href=\"http:\/\/orcid.org\/0000-0001-6924-1433\" target=\"_blank\" rel=\"noreferrer noopener\">ORCID<\/a><a rel=\"noreferrer noopener\" href=\"https:\/\/www.researchgate.net\/profile\/Ines_Lafon\" target=\"_blank\">Researchgate<\/a>    Universitat de BarcelonaCampus Mundet. Edifici de LlevantPasseig de la Vall d\u2019Hebron, 171, 2a planta, despatx 202. Departament de M\u00e8todes d\u2019Investigaci\u00f3 i Diagn\u00f2stic en Educaci\u00f3\u00a0<\/p>\n\n\n\n<p class=\"has-text-align-left\"> \u00a0<\/p>\n\n\n\n<p class=\"has-text-align-left\">\u00a0<\/p>\n","protected":false},"excerpt":{"rendered":"<p>IN\u00c9S MASSOT LAFONT Doctora en Pedagogia, Universitat de Barcelona, 2001. \u00c0mbits d&#8217;especialitzaci\u00f3 \/ l\u00ednies de recerca:&nbsp;Comunitat i sentiment de pertinen\u00e7a, interculturalitat, immigraci\u00f3 i cohesi\u00f3 social, participaci\u00f3 i orientaci\u00f3 Contacte:\u00a0imassot@ub.edu ORCIDResearchgate Universitat de BarcelonaCampus Mundet. Edifici de LlevantPasseig de la Vall d\u2019Hebron, 171, 2a planta, despatx 202. Departament de M\u00e8todes d\u2019Investigaci\u00f3 i Diagn\u00f2stic en Educaci\u00f3\u00a0 \u00a0 [&hellip;]<\/p>\n","protected":false},"author":1,"featured_media":0,"parent":0,"menu_order":0,"comment_status":"closed","ping_status":"closed","template":"","meta":{"footnotes":""},"class_list":["post-494","page","type-page","status-publish","hentry"],"_links":{"self":[{"href":"https:\/\/www.ub.edu\/religdialog\/wp-json\/wp\/v2\/pages\/494","targetHints":{"allow":["GET"]}}],"collection":[{"href":"https:\/\/www.ub.edu\/religdialog\/wp-json\/wp\/v2\/pages"}],"about":[{"href":"https:\/\/www.ub.edu\/religdialog\/wp-json\/wp\/v2\/types\/page"}],"author":[{"embeddable":true,"href":"https:\/\/www.ub.edu\/religdialog\/wp-json\/wp\/v2\/users\/1"}],"replies":[{"embeddable":true,"href":"https:\/\/www.ub.edu\/religdialog\/wp-json\/wp\/v2\/comments?post=494"}],"version-history":[{"count":3,"href":"https:\/\/www.ub.edu\/religdialog\/wp-json\/wp\/v2\/pages\/494\/revisions"}],"predecessor-version":[{"id":511,"href":"https:\/\/www.ub.edu\/religdialog\/wp-json\/wp\/v2\/pages\/494\/revisions\/511"}],"wp:attachment":[{"href":"https:\/\/www.ub.edu\/religdialog\/wp-json\/wp\/v2\/media?parent=494"}],"curies":[{"name":"wp","href":"https:\/\/api.w.org\/{rel}","templated":true}]}}