{"id":13786,"date":"2023-07-01T18:18:36","date_gmt":"2023-07-01T16:18:36","guid":{"rendered":"https:\/\/www.ub.edu\/retrucs\/?page_id=13786"},"modified":"2026-03-19T20:27:29","modified_gmt":"2026-03-19T19:27:29","slug":"sobre-portal-divulgacio","status":"publish","type":"page","link":"https:\/\/www.ub.edu\/retrucs\/sobre-portal-divulgacio\/","title":{"rendered":"Sobre aquest portal"},"content":{"rendered":"<div class=\"responsive-tabs\">\n<h2 class=\"tabtitle\">Presentaci\u00f3<\/h2>\n<div class=\"tabcontent\">\n\n\n\n\n<p>D&#8217;acord amb el&nbsp;<a href=\"http:\/\/hdl.handle.net\/2445\/190680\">Pla de lleng\u00fces<\/a> (maig de 2022) i el <a href=\"https:\/\/eureka.bibliotecadigital.gencat.cat\/bitstream\/handle\/20.500.14344\/118\/pla_enfortiment_catala_universitats_2022.pdf\">Pla d&#8217;enfortiment de la llengua catalana<\/a> (juny de 2022), la Universitat de Barcelona i el Departament d&#8217;Universitats i Recerca de la Generalitat, respectivament, fan una aposta decidida per&nbsp;promoure el catal\u00e0 en l&#8217;\u00e0mbit de la recerca, la transfer\u00e8ncia del coneixement i la divulgaci\u00f3 cient\u00edfica. Hem de tenir en compte que Internet i les xarxes socials han eixamplat els canals i les formes de divulgaci\u00f3 del coneixement. Cal pensar, doncs, en l&#8217;ampli ventall de mitjans nous: Twitter, Instagram, TikTok, YouTube, Twitch, etc., i fer productes atractius,&nbsp;innovadors, rigorosos i de prestigi, que captin l&#8217;atenci\u00f3 de l&#8217;audi\u00e8ncia i garanteixin la difusi\u00f3 de la divulgaci\u00f3. La tecnologia ofereix moltes possibilitats i el disseny gr\u00e0fic, ara d&#8217;abast universal, permet presentar la informaci\u00f3 de manera molt visual i clara.<\/p>\n\n\n\n<p>Mar\u00eda Casado i Pere Puigdom\u00e8nech, des de l&#8217;Observatori de Bio\u00e8tica i Dret, estableixen que \u00abla comunicaci\u00f3 dels resultats de la recerca \u00e9s un deure \u00e8tic i ha de ser considerada com a part del treball investigador i com una exig\u00e8ncia per a aquells que es dediquin a la recerca cient\u00edfica\u00bb i afegeixen la necessitat que els investigadors considerin la comunicaci\u00f3 dels resultats a la societat en general com a part intr\u00ednseca de la seva activitat professional, en cooperaci\u00f3 amb els professionals de la comunicaci\u00f3 i els periodistes cient\u00edfics, per transmetre de manera intel\u00b7ligible i vera\u00e7 els resultats de la recerca i la import\u00e0ncia per al desenvolupament del coneixement i la presa de decisions socials i individuals (<a href=\"https:\/\/hdl.handle.net\/2445\/122804\">Document sobre els aspectes \u00e8tics del di\u00e0leg entre ci\u00e8ncia i societat<\/a>, 2018). Divulgar i transferir \u00e9s, doncs, una responsabilitat, per\u00f2 tamb\u00e9 una necessitat.<\/p>\n\n\n\n<p>Si ja hi ha un debat important sobre la necessitat de refor\u00e7ar la pres\u00e8ncia de lleng\u00fces diferents de l&#8217;angl\u00e8s en la recerca, est\u00e0 fora de dubte la necessitat de fer la divulgaci\u00f3 en la llengua que la societat a qui s&#8217;adre\u00e7a pot entendre. En aquest sentit, la societat catalana ha de poder accedir a textos divulgatius de qualitat en catal\u00e0. Alhora, \u00e9s fonamental que la divulgaci\u00f3 i transfer\u00e8ncia de coneixement en catal\u00e0 sigui reconeguda en els curr\u00edculums i les traject\u00f2ries acad\u00e8miques dels docents.<\/p>\n\n\n\n<p>En el marc de la 12a Trobada de Divulgaci\u00f3, la delegada del rector per a la divulgaci\u00f3 cient\u00edfica, Gemma Marfany, va concloure que \u00abdivulgar \u00e9s com ballar, i una dansa l&#8217;han de ballar junts qui divulga i cadascuna de les persones que formen la seva audi\u00e8ncia; cal trobar, doncs, la manera de posar-se d&#8217;acord i buscar l&#8217;espai com\u00fa per poder ballar conjuntament\u00bb.<\/p>\n\n\n\n<p>En aquest sentit, l&#8217;espai <strong>Divulga-ho b\u00e9!<\/strong> neix per donar resposta als dubtes i necessitats de llengua i comunicaci\u00f3 que poden tenir els divulgadors quan busquen aquest di\u00e0leg o complicitat amb el p\u00fablic. S&#8217;adre\u00e7a especialment als professionals implicats en projectes de <a href=\"https:\/\/www.ub.edu\/laubdivulga\/trobada-divulgacio\/\">La UB divulga<\/a>, per\u00f2 tamb\u00e9 a qualsevol persona que s&#8217;enfronti a l&#8217;aventura d&#8217;explicar, amb esperit divulgatiu, la seva recerca o coneixement especialitzat. El web s&#8217;ha pensat com una mena de concentrador: centralitza una selecci\u00f3 molt filtrada d&#8217;eines i recursos b\u00e0sics que tenim a l&#8217;abast per poder\u00a0divulgar b\u00e9, de manera entenedora i amb qualitat.<\/p>\n\n\n\n<p>En divulgaci\u00f3, el rigor cient\u00edfic \u00e9s clau, per\u00f2 tamb\u00e9 ho \u00e9s el rigor ling\u00fc\u00edstic. Al costat de les&nbsp;<a href=\"https:\/\/www.ub.edu\/retrucs\/recursos-divulgacio\/eines-correccio\/\">eines de correcci\u00f3<\/a>&nbsp;imprescindibles i dels&nbsp;<a href=\"https:\/\/www.ub.edu\/retrucs\/recursos-divulgacio\/cerca-terminologica\/\">cercadors terminol\u00f2gics<\/a>&nbsp;de m\u00e9s abast i fiabilitat, hi ha&nbsp;consells i recomanacions&nbsp;essencials que pretenen garantir l&#8217;efic\u00e0cia comunicativa dels diversos&nbsp;tipus de textos i mitjans,&nbsp;<a href=\"https:\/\/www.ub.edu\/retrucs\/recursos-divulgacio\/comunicacio-oral\/\">orals<\/a> i <a href=\"https:\/\/www.ub.edu\/retrucs\/recursos-divulgacio\/comunicacio-escrita\/\">escrits<\/a>. A m\u00e9s a m\u00e9s, es presenten aplicacions i entorns diversos per resoldre&nbsp;necessitats gr\u00e0fiques, tant pel que fa als&nbsp;<a href=\"https:\/\/www.ub.edu\/retrucs\/recursos-divulgacio\/recursos-tecnics\/\">suports visuals<\/a>&nbsp;que acompanyen la comunicaci\u00f3 com en relaci\u00f3 amb els&nbsp;<a href=\"https:\/\/www.ub.edu\/retrucs\/recursos-divulgacio\/recursos-grafics-div\/\">repositoris d&#8217;imatges<\/a>&nbsp;m\u00e9s habituals.<\/p>\n\n\n\n<\/div><h2 class=\"tabtitle\">Cr\u00e8dits<\/h2>\n<div class=\"tabcontent\">\n\n\n\n\n<p><strong>Coordinaci\u00f3 i disseny<\/strong>: Anna Grau<br \/><strong>Desenvolupament<\/strong>: Xavier Albons, N\u00faria Castells, \u00c0ngels Egea, Anna Grau i Esther Huguet<br \/><strong>Suport t\u00e8cnic<\/strong>: Sandra Rius<\/p>\n\n\n\n<p><strong>Agra\u00efments<\/strong>: Marga Becerra i Sabrina Men\u00e9ndez, de la Unitat de Cultura Cient\u00edfica i Innovaci\u00f3    <\/p>\n\n\n\n<p><strong>Imatge de cap\u00e7alera<\/strong>: fotografia de <a href=\"https:\/\/unsplash.com\/ja\/@mattbotsford?utm_source=unsplash&amp;utm_medium=referral&amp;utm_content=creditCopyText\">Matt Botsford<\/a> per a <a href=\"https:\/\/unsplash.com\/photos\/OKLqGsCT8qs?utm_source=unsplash&amp;utm_medium=referral&amp;utm_content=creditCopyText\">Unsplash<\/a><br \/><strong>Icones de format<\/strong>: icones de <a href=\"https:\/\/www.flaticon.es\/autores\/cuputo\">Cuputo<\/a> per a <a href=\"https:\/\/www.flaticon.es\/\">Flaticon<\/a><\/p>\n\n\n\n<p>Inici del projecte: agost de 2023<br \/>Darrera actualitzaci\u00f3: juny de 2024<\/p>\n\n\n\n<p>Universitat de Barcelona<br \/>Serveis Ling\u00fc\u00edstics<br \/>Melcior de Palau, 140<br \/>08014 Barcelona<\/p>\n\n\n\n<p>Aquest projecte ha rebut un ajut INTERLINGUA de la Generalitat de Catalunya per al foment i \u00fas de les lleng\u00fces en l&#8217;\u00e0mbit universitari.<\/p>\n\n\n\n<p><img decoding=\"async\" class=\"wp-image-14039\" style=\"width: 150px;\" src=\"https:\/\/www.ub.edu\/retrucs\/wp-content\/uploads\/qr-recursos-divulgacio.png\" alt=\"codi QR del portal de recursos de divulgaci\u00f3\"\/><\/p>\n\n\n\n<\/div><h2 class=\"tabtitle\">Imatge<\/h2>\n<div class=\"tabcontent\">\n\n\n\n\n<p>La imatge institucional del portal es pot consultar al <a href=\"https:\/\/hdl.handle.net\/2445\/221880\">Dip\u00f2sit digital<\/a> de la Universitat de Barcelona. S&#8217;han dissenyat materials en suports diversos, que poden fer servir totes les entitats i institucions per a la difusi\u00f3 corresponent en projectes, actes i activitats que organitzin.<\/p>\n\n\n\n<ul class=\"wp-block-list\">\n<li>Cartells en format <a href=\"https:\/\/diposit.ub.edu\/bitstreams\/856f0495-4bba-47dc-97e8-1149a54aa858\/download\">A3<\/a> i <a href=\"https:\/\/diposit.ub.edu\/bitstreams\/63ffa619-68d0-474c-a5f3-36aea6f5709c\/download\">A4<\/a><\/li>\n\n\n\n<li><a href=\"https:\/\/diposit.ub.edu\/bitstreams\/76261b50-baf5-4993-a210-7bc0835a3224\/download\">Expositors digitals<\/a><\/li>\n\n\n\n<li><a href=\"https:\/\/diposit.ub.edu\/bitstreams\/1df03b78-2404-4bb2-87f5-0066bd9c64dc\/download\">Postal<\/a><\/li>\n\n\n\n<li>Publicacions per a les xarxes socials: <a href=\"https:\/\/diposit.ub.edu\/bitstreams\/f0dc2567-bb7e-4f8b-bc23-d4f0cdd35ae9\/download\">X<\/a>, <a href=\"https:\/\/diposit.ub.edu\/bitstreams\/4900fa40-056d-47b9-9f62-aed26833ad2c\/download\">Facebook<\/a> i <a href=\"https:\/\/diposit.ub.edu\/bitstreams\/e8c1e3f7-be72-4e49-b4ba-717d6faf7a7a\/download\">Instagram<\/a><\/li>\n\n\n\n<li>B\u00e0ners per a espais espec\u00edfics: <a href=\"https:\/\/diposit.ub.edu\/bitstreams\/91455390-65f8-4714-bc31-184a71ada569\/download\">est\u00e0ndard<\/a>, <a href=\"https:\/\/diposit.ub.edu\/server\/api\/core\/bitstreams\/73462060-e606-49b3-8ded-72aeaf935ebc\/content\">SocUB<\/a>, <a href=\"https:\/\/diposit.ub.edu\/bitstreams\/8ed61bce-eaea-486e-86c7-044533b20f9b\/download\">M\u00f3nUB<\/a><\/li>\n<\/ul>\n\n\n\n<p>Tots els materials gr\u00e0fics propis del portal estan subjectes a la llic\u00e8ncia de Creative Commons <a href=\"https:\/\/creativecommons.org\/licenses\/by-nd\/4.0\/deed.ca\">Reconeixement \u2013 Sense obra derivada 4.0 Internacional<\/a>.<\/p>\n\n\n\n<\/div><h2 class=\"tabtitle\">Contacte<\/h2>\n<div class=\"tabcontent\">\n\n\n\n<style id=\"wpforms-css-vars-14625\">\n\t\t\t\t#wpforms-14625 {\n\t\t\t\t\n\t\t\t}\n\t\t\t<\/style><div class=\"wpforms-container wpforms-container-full wpforms-render-modern\" id=\"wpforms-14625\"><form id=\"wpforms-form-14625\" class=\"wpforms-validate wpforms-form wpforms-ajax-form\" data-formid=\"14625\" method=\"post\" enctype=\"multipart\/form-data\" action=\"\/retrucs\/wp-json\/wp\/v2\/pages\/13786\" data-token=\"b9c753d13e82dfaa8df0df4a98b0a5f9\" data-token-time=\"1778259770\"><noscript class=\"wpforms-error-noscript\">Activeu el JavaScript al navegador per a poder completar el formulari.<\/noscript><div id=\"wpforms-error-noscript\" style=\"display: none;\">Activeu el JavaScript al navegador per a poder completar el formulari.<\/div><div class=\"wpforms-field-container\"><div id=\"wpforms-14625-field_0-container\" class=\"wpforms-field wpforms-field-name\" data-field-id=\"0\"><label class=\"wpforms-field-label\" for=\"wpforms-14625-field_0\">Nom i cognoms <span class=\"wpforms-required-label\" aria-hidden=\"true\">*<\/span><\/label><input type=\"text\" id=\"wpforms-14625-field_0\" class=\"wpforms-field-medium wpforms-field-required\" name=\"wpforms[fields][0]\" aria-errormessage=\"wpforms-14625-field_0-error\" required><\/div><div id=\"wpforms-14625-field_1-container\" class=\"wpforms-field wpforms-field-email\" data-field-id=\"1\"><label class=\"wpforms-field-label\" for=\"wpforms-14625-field_1\">Adre\u00e7a de correu electr\u00f2nic <span class=\"wpforms-required-label\" aria-hidden=\"true\">*<\/span><\/label><input type=\"email\" id=\"wpforms-14625-field_1\" class=\"wpforms-field-medium wpforms-field-required\" name=\"wpforms[fields][1]\" spellcheck=\"false\" aria-errormessage=\"wpforms-14625-field_1-error\" required><\/div><div id=\"wpforms-14625-field_3-container\" class=\"wpforms-field wpforms-field-text\" data-field-id=\"3\"><label class=\"wpforms-field-label\" for=\"wpforms-14625-field_3\">Assumpte <span class=\"wpforms-required-label\" aria-hidden=\"true\">*<\/span><\/label><input type=\"text\" id=\"wpforms-14625-field_3\" class=\"wpforms-field-medium wpforms-field-required\" name=\"wpforms[fields][3]\" aria-errormessage=\"wpforms-14625-field_3-error\" required><\/div><div id=\"wpforms-14625-field_2-container\" class=\"wpforms-field wpforms-field-textarea\" data-field-id=\"2\"><label class=\"wpforms-field-label\" for=\"wpforms-14625-field_2\">Missatge <span class=\"wpforms-required-label\" aria-hidden=\"true\">*<\/span><\/label><textarea id=\"wpforms-14625-field_2\" class=\"wpforms-field-medium wpforms-field-required\" name=\"wpforms[fields][2]\" aria-errormessage=\"wpforms-14625-field_2-error\" required><\/textarea><\/div><div id=\"wpforms-14625-field_5-container\" class=\"wpforms-field wpforms-field-checkbox\" data-field-id=\"5\"><fieldset><legend class=\"wpforms-field-label\">Dret d\u2019informaci\u00f3 relatiu al tractament de dades personals <span class=\"wpforms-required-label\" aria-hidden=\"true\">*<\/span><\/legend><div id=\"wpforms-14625-field_5-description\" class=\"wpforms-field-description\">1)\u202fEl responsable del tractament de les dades \u00e9s la Secretaria General de la Universitat de Barcelona. 2)\u202fLa finalitat del tractament \u00e9s gestionar els suggeriments, dubtes i consultes plantejats. 3)\u202fEn qualsevol moment, podeu exercir els drets d\u2019acc\u00e9s, rectificaci\u00f3, supressi\u00f3, portabilitat i limitaci\u00f3 del tractament. 4)\u202fPer a m\u00e9s informaci\u00f3, consulteu la informaci\u00f3 detallada del <a href=\"https:\/\/web.ub.edu\/documents\/25716649\/0\/proteccio-dades.pdf\/6dfb61e7-5930-c3ec-837d-80fa4538cb78?t=1729241199020\">tractament de dades personals<\/a>. <\/div><ul id=\"wpforms-14625-field_5\" class=\"wpforms-field-required\"><li class=\"choice-1 depth-1\"><input type=\"checkbox\" id=\"wpforms-14625-field_5_1\" name=\"wpforms[fields][5][]\" value=\"Declaro que he llegit el dret d\u2019informaci\u00f3 i consento expressament el tractament de les dades en els termes exposats.\" aria-errormessage=\"wpforms-14625-field_5_1-error\" aria-describedby=\"wpforms-14625-field_5-description\" required ><label class=\"wpforms-field-label-inline\" for=\"wpforms-14625-field_5_1\">Declaro que he llegit el dret d\u2019informaci\u00f3 i consento expressament el tractament de les dades en els termes exposats.<\/label><\/li><\/ul><\/fieldset><\/div><\/div><!-- .wpforms-field-container --><div class=\"wpforms-submit-container\" ><input type=\"hidden\" name=\"wpforms[id]\" value=\"14625\"><input type=\"hidden\" name=\"page_title\" value=\"\"><input type=\"hidden\" name=\"page_url\" value=\"https:\/\/www.ub.edu\/retrucs\/wp-json\/wp\/v2\/pages\/13786\"><input type=\"hidden\" name=\"url_referer\" value=\"\"><button type=\"submit\" name=\"wpforms[submit]\" id=\"wpforms-submit-14625\" class=\"wpforms-submit\" data-alt-text=\"S\u2019est\u00e0 enviant...\" data-submit-text=\"Envia\" aria-live=\"assertive\" value=\"wpforms-submit\">Envia<\/button><img loading=\"lazy\" decoding=\"async\" src=\"https:\/\/www.ub.edu\/retrucs\/wp-content\/plugins\/wpforms-lite\/assets\/images\/submit-spin.svg\" class=\"wpforms-submit-spinner\" style=\"display: none;\" width=\"26\" height=\"26\" alt=\"S&#039;est\u00e0 carregant\"><\/div><\/form><\/div>  <!-- .wpforms-container -->\n\n\n<\/div><\/div>\n","protected":false},"excerpt":{"rendered":"<p>D&#8217;acord amb el&nbsp;Pla de lleng\u00fces (maig de 2022) i el Pla d&#8217;enfortiment de la llengua catalana (juny de 2022), la Universitat de Barcelona i el Departament d&#8217;Universitats i Recerca de la Generalitat, respectivament, fan una aposta decidida per&nbsp;promoure el catal\u00e0 en l&#8217;\u00e0mbit de la recerca, la transfer\u00e8ncia del coneixement i &#8230;<\/p>\n","protected":false},"author":3,"featured_media":13785,"parent":0,"menu_order":0,"comment_status":"closed","ping_status":"closed","template":"","meta":{"_acf_changed":false,"footnotes":""},"categories":[254],"tags":[],"class_list":["post-13786","page","type-page","status-publish","has-post-thumbnail","hentry","category-recursos-divulgacio","column","threecol","has-thumbnail"],"acf":[],"_links":{"self":[{"href":"https:\/\/www.ub.edu\/retrucs\/wp-json\/wp\/v2\/pages\/13786","targetHints":{"allow":["GET"]}}],"collection":[{"href":"https:\/\/www.ub.edu\/retrucs\/wp-json\/wp\/v2\/pages"}],"about":[{"href":"https:\/\/www.ub.edu\/retrucs\/wp-json\/wp\/v2\/types\/page"}],"author":[{"embeddable":true,"href":"https:\/\/www.ub.edu\/retrucs\/wp-json\/wp\/v2\/users\/3"}],"replies":[{"embeddable":true,"href":"https:\/\/www.ub.edu\/retrucs\/wp-json\/wp\/v2\/comments?post=13786"}],"version-history":[{"count":7,"href":"https:\/\/www.ub.edu\/retrucs\/wp-json\/wp\/v2\/pages\/13786\/revisions"}],"predecessor-version":[{"id":18534,"href":"https:\/\/www.ub.edu\/retrucs\/wp-json\/wp\/v2\/pages\/13786\/revisions\/18534"}],"wp:featuredmedia":[{"embeddable":true,"href":"https:\/\/www.ub.edu\/retrucs\/wp-json\/wp\/v2\/media\/13785"}],"wp:attachment":[{"href":"https:\/\/www.ub.edu\/retrucs\/wp-json\/wp\/v2\/media?parent=13786"}],"wp:term":[{"taxonomy":"category","embeddable":true,"href":"https:\/\/www.ub.edu\/retrucs\/wp-json\/wp\/v2\/categories?post=13786"},{"taxonomy":"post_tag","embeddable":true,"href":"https:\/\/www.ub.edu\/retrucs\/wp-json\/wp\/v2\/tags?post=13786"}],"curies":[{"name":"wp","href":"https:\/\/api.w.org\/{rel}","templated":true}]}}