{"id":15094,"date":"2024-02-12T10:00:21","date_gmt":"2024-02-12T09:00:21","guid":{"rendered":"https:\/\/www.ub.edu\/retrucs\/?page_id=15094"},"modified":"2026-02-17T18:32:03","modified_gmt":"2026-02-17T17:32:03","slug":"sobre-portal-accessibilitat","status":"publish","type":"page","link":"https:\/\/www.ub.edu\/retrucs\/sobre-portal-accessibilitat\/","title":{"rendered":"Sobre aquest portal"},"content":{"rendered":"<div class=\"responsive-tabs\">\n<h2 class=\"tabtitle\">Presentaci\u00f3<\/h2>\n<div class=\"tabcontent\">\n\n\n\n\n<p>Aquest portal neix de la necessitat, especialment de les administracions i entitats p\u00fabliques, de garantir l&#8217;accessibilitat i usabilitat de la informaci\u00f3 que ofereixen als usuaris. Representa un punt d&#8217;acc\u00e9s \u00fanic a diversos recursos que poden contribuir a millorar l&#8217;acc\u00e9s als continguts: <strong>directrius i normativa<\/strong>, <strong>terminologia<\/strong> de l&#8217;\u00e0mbit, <strong>pautes de redacci\u00f3<\/strong>, <strong>eines d&#8217;edici\u00f3<\/strong> (pensades especialment per a desenvolupadors) i <strong>eines de navegaci\u00f3<\/strong> (pensades sobretot per a usuaris).<\/p>\n\n\n\n<p>Un entorn accessible i usable millora l&#8217;experi\u00e8ncia de tots els usuaris, independentment de les seves capacitats, i promou un <strong>disseny intu\u00eftiu, eficient i amable<\/strong> dels continguts. M\u00e9s enll\u00e0 de la possibilitat d&#8217;adaptar la informaci\u00f3 a les necessitats dels usuaris o dels dispositius de consulta, l&#8217;aposta per un <strong>disseny universal<\/strong>, que compleixi els principis d&#8217;<strong>accessibilitat, usabilitat i inclusi\u00f3<\/strong>, \u00e9s un comprom\u00eds ferm de les institucions europees.<\/p>\n\n\n\n<p>En aquest sentit, l&#8217;eix central del projecte \u00e9s la traducci\u00f3 catalana de les <a href=\"https:\/\/www.w3.org\/Translations\/WCAG22-ca\/\">Directrius per a l\u2019accessibilitat del contingut web<\/a> (WCAG), liderada per la Facultat de Matem\u00e0tiques i Inform\u00e0tica de la Universitat de Barcelona, amb la col\u00b7laboraci\u00f3 del grup de recerca Adaptabit i els Serveis Ling\u00fc\u00edstics, i l&#8217;assessorament terminol\u00f2gic del TERMCAT. Les <strong>WCAG<\/strong> estableixen els <strong>principis, directrius, criteris i t\u00e8cniques<\/strong> que permeten que els continguts siguin accessibles a tothom. Disposar, doncs, de la versi\u00f3 catalana de les WCAG \u00e9s una fita rellevant i un punt de partida necessari per presentar aquest portal d&#8217;accessibilitat i usabilitat.<\/p>\n\n\n\n<\/div><h2 class=\"tabtitle\">Cr\u00e8dits<\/h2>\n<div class=\"tabcontent\">\n\n\n\n\n<p><strong>Idea original i coordinaci\u00f3<\/strong>: Anna Grau<br \/><strong>Desenvolupament<\/strong>: Xavier Albons, \u00c0ngels Egea i Anna Grau<br \/><strong>Col\u00b7laboraci\u00f3<\/strong>: Isabella Minig<br \/><strong>Suport t\u00e8cnic<\/strong>: Sandra Rius<\/p>\n\n\n\n<p><strong>Agra\u00efments<\/strong>: Mireia Ribera (Facultat de Matem\u00e0tiques i Inform\u00e0tica), i Xavier Tur i Oriol Oliva (Desenvolupament Web)<\/p>\n\n\n\n<p><strong>Imatge de cap\u00e7alera i destacades<\/strong>: fotografies de&nbsp;<a href=\"https:\/\/www.pexels.com\/ca-es\/@karolina-grabowska\/\">Karolina Grabowska<\/a>&nbsp;per a&nbsp;<a href=\"https:\/\/www.pexels.com\/ca-es\/\">Pexels<\/a><\/p>\n\n\n\n<p>Inici del projecte: setembre de 2021<br \/>Darrera actualitzaci\u00f3: desembre de 2024<\/p>\n\n\n\n<p>Universitat de Barcelona<br \/>Serveis Ling\u00fc\u00edstics<br \/>Melcior de Palau, 140<br \/>08014 Barcelona<\/p>\n\n\n\n<p>Aquest projecte ha rebut un ajut INTERLINGUA de la Generalitat de Catalunya per al foment i \u00fas de les lleng\u00fces en l\u2019\u00e0mbit universitari.<\/p>\n\n\n\n<p><img decoding=\"async\" class=\"wp-image-14039\" style=\"width: 150px;\" src=\"https:\/\/www.ub.edu\/retrucs\/wp-content\/uploads\/qr-accessibilitat.png\" alt=\"codi QR del portal d&amp;#039;accessibilitat i usabilitat\"\/><\/p>\n\n\n\n<\/div><h2 class=\"tabtitle\">Contacte<\/h2>\n<div class=\"tabcontent\">\n\n\n\n<style id=\"wpforms-css-vars-15119\">\n\t\t\t\t#wpforms-15119 {\n\t\t\t\t\n\t\t\t}\n\t\t\t<\/style><div class=\"wpforms-container wpforms-container-full wpforms-render-modern\" id=\"wpforms-15119\"><form id=\"wpforms-form-15119\" class=\"wpforms-validate wpforms-form wpforms-ajax-form\" data-formid=\"15119\" method=\"post\" enctype=\"multipart\/form-data\" action=\"\/retrucs\/wp-json\/wp\/v2\/pages\/15094\" data-token=\"cc1d370adab818d3c13150d94f5f1f67\" data-token-time=\"1778175937\"><noscript class=\"wpforms-error-noscript\">Activeu el JavaScript al navegador per a poder completar el formulari.<\/noscript><div id=\"wpforms-error-noscript\" style=\"display: none;\">Activeu el JavaScript al navegador per a poder completar el formulari.<\/div><div class=\"wpforms-field-container\"><div id=\"wpforms-15119-field_0-container\" class=\"wpforms-field wpforms-field-name\" data-field-id=\"0\"><label class=\"wpforms-field-label\" for=\"wpforms-15119-field_0\">Nom i cognoms <span class=\"wpforms-required-label\" aria-hidden=\"true\">*<\/span><\/label><input type=\"text\" id=\"wpforms-15119-field_0\" class=\"wpforms-field-medium wpforms-field-required\" name=\"wpforms[fields][0]\" aria-errormessage=\"wpforms-15119-field_0-error\" required><\/div><div id=\"wpforms-15119-field_1-container\" class=\"wpforms-field wpforms-field-email\" data-field-id=\"1\"><label class=\"wpforms-field-label\" for=\"wpforms-15119-field_1\">Adre\u00e7a de correu electr\u00f2nic <span class=\"wpforms-required-label\" aria-hidden=\"true\">*<\/span><\/label><input type=\"email\" id=\"wpforms-15119-field_1\" class=\"wpforms-field-medium wpforms-field-required\" name=\"wpforms[fields][1]\" spellcheck=\"false\" aria-errormessage=\"wpforms-15119-field_1-error\" required><\/div><div id=\"wpforms-15119-field_3-container\" class=\"wpforms-field wpforms-field-text\" data-field-id=\"3\"><label class=\"wpforms-field-label\" for=\"wpforms-15119-field_3\">Assumpte <span class=\"wpforms-required-label\" aria-hidden=\"true\">*<\/span><\/label><input type=\"text\" id=\"wpforms-15119-field_3\" class=\"wpforms-field-medium wpforms-field-required\" name=\"wpforms[fields][3]\" aria-errormessage=\"wpforms-15119-field_3-error\" required><\/div><div id=\"wpforms-15119-field_2-container\" class=\"wpforms-field wpforms-field-textarea\" data-field-id=\"2\"><label class=\"wpforms-field-label\" for=\"wpforms-15119-field_2\">Missatge <span class=\"wpforms-required-label\" aria-hidden=\"true\">*<\/span><\/label><textarea id=\"wpforms-15119-field_2\" class=\"wpforms-field-medium wpforms-field-required\" name=\"wpforms[fields][2]\" aria-errormessage=\"wpforms-15119-field_2-error\" required><\/textarea><\/div><div id=\"wpforms-15119-field_5-container\" class=\"wpforms-field wpforms-field-checkbox\" data-field-id=\"5\"><fieldset><legend class=\"wpforms-field-label\">Dret d\u2019informaci\u00f3 relatiu al tractament de dades personals <span class=\"wpforms-required-label\" aria-hidden=\"true\">*<\/span><\/legend><div id=\"wpforms-15119-field_5-description\" class=\"wpforms-field-description\">1)\u202fEl responsable del tractament de les dades \u00e9s la Secretaria General de la Universitat de Barcelona. 2)\u202fLa finalitat del tractament \u00e9s gestionar els suggeriments, dubtes i consultes plantejats. 3)\u202fEn qualsevol moment, podeu exercir els drets d\u2019acc\u00e9s, rectificaci\u00f3, supressi\u00f3, portabilitat i limitaci\u00f3 del tractament. 4)\u202fPer a m\u00e9s informaci\u00f3, consulteu la informaci\u00f3 detallada del <a href=\"https:\/\/web.ub.edu\/documents\/25716649\/0\/proteccio-dades.pdf\/6dfb61e7-5930-c3ec-837d-80fa4538cb78?t=1729241199020\">tractament de dades personals<\/a>. <\/div><ul id=\"wpforms-15119-field_5\" class=\"wpforms-field-required\"><li class=\"choice-1 depth-1\"><input type=\"checkbox\" id=\"wpforms-15119-field_5_1\" name=\"wpforms[fields][5][]\" value=\"Declaro que he llegit el dret d\u2019informaci\u00f3 i consento expressament el tractament de les dades en els termes exposats.\" aria-errormessage=\"wpforms-15119-field_5_1-error\" aria-describedby=\"wpforms-15119-field_5-description\" required ><label class=\"wpforms-field-label-inline\" for=\"wpforms-15119-field_5_1\">Declaro que he llegit el dret d\u2019informaci\u00f3 i consento expressament el tractament de les dades en els termes exposats.<\/label><\/li><\/ul><\/fieldset><\/div><\/div><!-- .wpforms-field-container --><div class=\"wpforms-submit-container\" ><input type=\"hidden\" name=\"wpforms[id]\" value=\"15119\"><input type=\"hidden\" name=\"page_title\" value=\"\"><input type=\"hidden\" name=\"page_url\" value=\"https:\/\/www.ub.edu\/retrucs\/wp-json\/wp\/v2\/pages\/15094\"><input type=\"hidden\" name=\"url_referer\" value=\"\"><button type=\"submit\" name=\"wpforms[submit]\" id=\"wpforms-submit-15119\" class=\"wpforms-submit\" data-alt-text=\"S\u2019est\u00e0 enviant...\" data-submit-text=\"Envia\" aria-live=\"assertive\" value=\"wpforms-submit\">Envia<\/button><img loading=\"lazy\" decoding=\"async\" src=\"https:\/\/www.ub.edu\/retrucs\/wp-content\/plugins\/wpforms-lite\/assets\/images\/submit-spin.svg\" class=\"wpforms-submit-spinner\" style=\"display: none;\" width=\"26\" height=\"26\" alt=\"S&#039;est\u00e0 carregant\"><\/div><\/form><\/div>  <!-- .wpforms-container -->\n\n\n<\/div><\/div>\n","protected":false},"excerpt":{"rendered":"<p>Aquest portal neix de la necessitat, especialment de les administracions i entitats p\u00fabliques, de garantir l&#8217;accessibilitat i usabilitat de la informaci\u00f3 que ofereixen als usuaris. Representa un punt d&#8217;acc\u00e9s \u00fanic a diversos recursos que poden contribuir a millorar l&#8217;acc\u00e9s als continguts: directrius i normativa, terminologia de l&#8217;\u00e0mbit, pautes de redacci\u00f3, &#8230;<\/p>\n","protected":false},"author":3,"featured_media":14966,"parent":0,"menu_order":0,"comment_status":"closed","ping_status":"closed","template":"","meta":{"_acf_changed":false,"footnotes":""},"categories":[186],"tags":[],"class_list":["post-15094","page","type-page","status-publish","has-post-thumbnail","hentry","category-accessibilitat-usabilitat","column","threecol","has-thumbnail"],"acf":[],"_links":{"self":[{"href":"https:\/\/www.ub.edu\/retrucs\/wp-json\/wp\/v2\/pages\/15094","targetHints":{"allow":["GET"]}}],"collection":[{"href":"https:\/\/www.ub.edu\/retrucs\/wp-json\/wp\/v2\/pages"}],"about":[{"href":"https:\/\/www.ub.edu\/retrucs\/wp-json\/wp\/v2\/types\/page"}],"author":[{"embeddable":true,"href":"https:\/\/www.ub.edu\/retrucs\/wp-json\/wp\/v2\/users\/3"}],"replies":[{"embeddable":true,"href":"https:\/\/www.ub.edu\/retrucs\/wp-json\/wp\/v2\/comments?post=15094"}],"version-history":[{"count":4,"href":"https:\/\/www.ub.edu\/retrucs\/wp-json\/wp\/v2\/pages\/15094\/revisions"}],"predecessor-version":[{"id":17448,"href":"https:\/\/www.ub.edu\/retrucs\/wp-json\/wp\/v2\/pages\/15094\/revisions\/17448"}],"wp:featuredmedia":[{"embeddable":true,"href":"https:\/\/www.ub.edu\/retrucs\/wp-json\/wp\/v2\/media\/14966"}],"wp:attachment":[{"href":"https:\/\/www.ub.edu\/retrucs\/wp-json\/wp\/v2\/media?parent=15094"}],"wp:term":[{"taxonomy":"category","embeddable":true,"href":"https:\/\/www.ub.edu\/retrucs\/wp-json\/wp\/v2\/categories?post=15094"},{"taxonomy":"post_tag","embeddable":true,"href":"https:\/\/www.ub.edu\/retrucs\/wp-json\/wp\/v2\/tags?post=15094"}],"curies":[{"name":"wp","href":"https:\/\/api.w.org\/{rel}","templated":true}]}}