{"id":72,"date":"2020-12-29T12:00:33","date_gmt":"2020-12-29T10:00:33","guid":{"rendered":"https:\/\/angles.antartico.es\/?page_id=72"},"modified":"2026-04-22T00:36:22","modified_gmt":"2026-04-21T22:36:22","slug":"qui-som","status":"publish","type":"page","link":"https:\/\/www.ub.edu\/revistaangle\/qui-som\/","title":{"rendered":"Qui som"},"content":{"rendered":"\n<figure class=\"wp-block-embed is-type-video is-provider-youtube wp-block-embed-youtube wp-embed-aspect-16-9 wp-has-aspect-ratio\"><div class=\"wp-block-embed__wrapper\">\n<iframe title=\"La Revista Angle: periodisme d&#039;estudiants per a estudiants\" width=\"800\" height=\"450\" data-src=\"https:\/\/www.youtube.com\/embed\/N7cGMl9uyAI?feature=oembed\" frameborder=\"0\" allow=\"accelerometer; autoplay; clipboard-write; encrypted-media; gyroscope; picture-in-picture; web-share\" referrerpolicy=\"strict-origin-when-cross-origin\" allowfullscreen src=\"data:image\/svg+xml;base64,PHN2ZyB3aWR0aD0iMSIgaGVpZ2h0PSIxIiB4bWxucz0iaHR0cDovL3d3dy53My5vcmcvMjAwMC9zdmciPjwvc3ZnPg==\" class=\"lazyload\" data-load-mode=\"1\"><\/iframe>\n<\/div><\/figure>\n\n\n<p>La<strong> Revista<\/strong> <strong>Angle<\/strong>\u202f\u00e9s una iniciativa dels estudis de Comunicaci\u00f3\u202fde la Facultat de Filologia i Comunicaci\u00f3\u202fde la Universitat de Barcelona amb el prop\u00f2sit de servir com a mitj\u00e0 de comunicaci\u00f3 que abordi la cultura des del periodisme rigor\u00f3s, en profunditat i amb enfocaments originals.<\/p>\n<p>El nostre punt de partida\u202f\u00e9s la cultura entesa\u202f<em>lato sensu<\/em>, considerant la seva relaci\u00f3 amb la comunicaci\u00f3 i la ind\u00fastria, per\u00f2 tamb\u00e9 amb la societat, la ci\u00e8ncia i la pol\u00edtica. Creiem que el periodisme que\u00a0vol donar compte de la cultura, com tot bon periodisme, ha de perseguir ensenyar als lectors diferents facetes, coses que desconeixen, per mitj\u00e0 de la pluralitat de fonts, la investigaci\u00f3 i el rigor.<\/p>\n<p><strong>Revista Angle<\/strong> \u00e9s una publicaci\u00f3 elaborada per estudiants i docents, un projecte multim\u00e8dia que neix de la comunicaci\u00f3 en xarxa i, per tant, imbrica la tecnologia amb la pr\u00e0ctica period\u00edstica, amb la intenci\u00f3 d\u2019aprofitar al m\u00e0xim les possibilitats del periodisme en l\u00ednia i d\u2019oferir als alumnes una experi\u00e8ncia d\u2019innovaci\u00f3 docent basada en l\u2019aprenentatge professionalitzador.<\/p>\n<p>D\u2019aquesta manera, es pret\u00e9n arribar a un lector plural i habituat al m\u00f3n digital i, al mateix temps, fomentar una mirada i una perspectiva\u202finterdisciplinar\u202fque relacioni\u202fel fet cultural amb altres factors (econ\u00f2mics, socials, de pensament, ci\u00e8ncia).\u202fLa intenci\u00f3 \u00e9s contribuir\u202fa esperonar en l\u2019alumnat i els lectors la curiositat, l\u2019inter\u00e8s per desenvolupar una fruct\u00edfera interpretaci\u00f3 de la realitat i la capacitat d\u2019elaborar textos ben documentats, treballats i\u202fque contemplin diferents\u202fangles.<\/p>\n<hr width=\"100%\" \/>\n<h1 class=\"p1\">Consell de direcci\u00f3<\/h1>\n<p>Joan G. Burguera Serra<br \/>Juan Jose Caballero Molina<br \/>Daniel Garc\u00eda Sastre<br \/>Ana Gonz\u00e1lez Tornero<br \/>Mar Jorge Sotelo<br \/>Marta Lasalas Guasch<br \/>M\u00f3nica Marchesi Garc\u00eda<br \/>Albert Montilla Garrido<br \/>Javier Sanz Aznar<\/p>\n<hr width=\"100%\" \/>\n<h1 class=\"p1\">Direcci\u00f3<\/h1>\n<p class=\"p1\">M\u00f3nica Marchesi Garc\u00eda<\/p>\n<hr width=\"100%\" \/>\n<h1 class=\"p1\">Coordinaci\u00f3<\/h1>\n<p class=\"p1\">Mar Jorge Sotelo<\/p>\n<hr width=\"100%\" \/>\n<h1 class=\"p1\">Assistent de coordinaci\u00f3<\/h1>\n<p class=\"p1\">Ian Lumbiarres Montfort<\/p>\n<hr width=\"100%\" \/>\n<h1 class=\"p1\">Redacci\u00f3<\/h1>\n<p class=\"p1\">Martina Jordan S\u00e1nchez<br \/>Natalia P\u00e9rez Anido<br \/>Ian Lumbiarres Montfort<br \/>Maria Nazarena Otero Chaves<br \/>Al\u00e8xia Hern\u00e1ndez Navarro <br \/>Isabella Valverde N\u00fa\u00f1ez<\/p>\n\n\n<p><\/p>\n","protected":false},"excerpt":{"rendered":"<p>La Revista Angle\u202f\u00e9s una iniciativa dels estudis de Comunicaci\u00f3\u202fde la Facultat de Filologia i Comunicaci\u00f3\u202fde la Universitat de Barcelona amb el prop\u00f2sit de servir com a mitj\u00e0 de comunicaci\u00f3 que abordi la cultura des del periodisme rigor\u00f3s, en profunditat i amb enfocaments originals. El nostre punt de partida\u202f\u00e9s la cultura entesa\u202flato sensu, considerant la seva [&hellip;]<\/p>\n","protected":false},"author":94,"featured_media":0,"parent":0,"menu_order":0,"comment_status":"closed","ping_status":"closed","template":"","meta":{"footnotes":""},"class_list":["post-72","page","type-page","status-publish","hentry"],"_links":{"self":[{"href":"https:\/\/www.ub.edu\/revistaangle\/wp-json\/wp\/v2\/pages\/72","targetHints":{"allow":["GET"]}}],"collection":[{"href":"https:\/\/www.ub.edu\/revistaangle\/wp-json\/wp\/v2\/pages"}],"about":[{"href":"https:\/\/www.ub.edu\/revistaangle\/wp-json\/wp\/v2\/types\/page"}],"author":[{"embeddable":true,"href":"https:\/\/www.ub.edu\/revistaangle\/wp-json\/wp\/v2\/users\/94"}],"replies":[{"embeddable":true,"href":"https:\/\/www.ub.edu\/revistaangle\/wp-json\/wp\/v2\/comments?post=72"}],"version-history":[{"count":68,"href":"https:\/\/www.ub.edu\/revistaangle\/wp-json\/wp\/v2\/pages\/72\/revisions"}],"predecessor-version":[{"id":7762,"href":"https:\/\/www.ub.edu\/revistaangle\/wp-json\/wp\/v2\/pages\/72\/revisions\/7762"}],"wp:attachment":[{"href":"https:\/\/www.ub.edu\/revistaangle\/wp-json\/wp\/v2\/media?parent=72"}],"curies":[{"name":"wp","href":"https:\/\/api.w.org\/{rel}","templated":true}]}}