{"id":74,"date":"2020-12-29T12:01:11","date_gmt":"2020-12-29T10:01:11","guid":{"rendered":"https:\/\/angles.antartico.es\/?page_id=74"},"modified":"2025-10-14T11:17:04","modified_gmt":"2025-10-14T09:17:04","slug":"contacte","status":"publish","type":"page","link":"https:\/\/www.ub.edu\/revistaangle\/contacte\/","title":{"rendered":"Contacte"},"content":{"rendered":"\n<p>La revista <strong>Angle<\/strong> \u00e9s un projecte sorgit dels estudis de comunicaci\u00f3 de la <a href=\"https:\/\/www.ub.edu\/portal\/web\/filologia-comunicacio\/\" target=\"_blank\" rel=\"noopener\">Facultat de Filologia i Comunicaci\u00f3<\/a>, ubicada a l\u2019Edifici Hist\u00f2ric de la Universitat de Barcelona (Gran Via de les Corts Catalanes, 585).<\/p>\n\n\n\n<p>Si vols contactar amb nosaltres escriu a <strong><a data-auth=\"NotApplicable\" data-linkindex=\"0\" href=\"mailto:revista.angle@ub.edu\" id=\"LPlnk614298\" target=\"_blank\" rel=\"noopener noreferrer\">revista.angle@ub.edu<\/a><\/strong>\u00a0i et respondrem l\u2019abans possible.<\/p>\n\n\n\n<p>&nbsp;<\/p>\n","protected":false},"excerpt":{"rendered":"<p>La revista Angle \u00e9s un projecte sorgit dels estudis de comunicaci\u00f3 de la Facultat de Filologia i Comunicaci\u00f3, ubicada a l\u2019Edifici Hist\u00f2ric de la Universitat de Barcelona (Gran Via de les Corts Catalanes, 585). Si vols contactar amb nosaltres escriu a revista.angle@ub.edu\u00a0i et respondrem l\u2019abans possible. &nbsp;<\/p>\n","protected":false},"author":94,"featured_media":0,"parent":0,"menu_order":0,"comment_status":"closed","ping_status":"closed","template":"","meta":{"footnotes":""},"class_list":["post-74","page","type-page","status-publish","hentry"],"_links":{"self":[{"href":"https:\/\/www.ub.edu\/revistaangle\/wp-json\/wp\/v2\/pages\/74","targetHints":{"allow":["GET"]}}],"collection":[{"href":"https:\/\/www.ub.edu\/revistaangle\/wp-json\/wp\/v2\/pages"}],"about":[{"href":"https:\/\/www.ub.edu\/revistaangle\/wp-json\/wp\/v2\/types\/page"}],"author":[{"embeddable":true,"href":"https:\/\/www.ub.edu\/revistaangle\/wp-json\/wp\/v2\/users\/94"}],"replies":[{"embeddable":true,"href":"https:\/\/www.ub.edu\/revistaangle\/wp-json\/wp\/v2\/comments?post=74"}],"version-history":[{"count":14,"href":"https:\/\/www.ub.edu\/revistaangle\/wp-json\/wp\/v2\/pages\/74\/revisions"}],"predecessor-version":[{"id":6583,"href":"https:\/\/www.ub.edu\/revistaangle\/wp-json\/wp\/v2\/pages\/74\/revisions\/6583"}],"wp:attachment":[{"href":"https:\/\/www.ub.edu\/revistaangle\/wp-json\/wp\/v2\/media?parent=74"}],"curies":[{"name":"wp","href":"https:\/\/api.w.org\/{rel}","templated":true}]}}