{"id":2142,"date":"2019-08-19T22:21:53","date_gmt":"2019-08-19T20:21:53","guid":{"rendered":"http:\/\/www.ub.edu\/risknat\/?page_id=2142"},"modified":"2023-08-01T01:13:52","modified_gmt":"2023-07-31T23:13:52","slug":"datacio-de-fenomens","status":"publish","type":"page","link":"https:\/\/www.ub.edu\/risknat\/datacio-de-fenomens\/","title":{"rendered":"Dataci\u00f3 de fen\u00f2mens"},"content":{"rendered":"<p><div class=\"fusion-fullwidth fullwidth-box fusion-builder-row-1 nonhundred-percent-fullwidth non-hundred-percent-height-scrolling\" style=\"--awb-background-position:left top;--awb-border-sizes-top:0px;--awb-border-sizes-bottom:0px;--awb-border-sizes-left:0px;--awb-border-sizes-right:0px;--awb-border-radius-top-left:0px;--awb-border-radius-top-right:0px;--awb-border-radius-bottom-right:0px;--awb-border-radius-bottom-left:0px;--awb-padding-top:90px;--awb-padding-bottom:50px;\" ><div class=\"fusion-builder-row fusion-row\"><div class=\"fusion-layout-column fusion_builder_column fusion-builder-column-0 fusion_builder_column_1_6 1_6 fusion-one-sixth fusion-column-first fusion-no-small-visibility\" style=\"--awb-bg-blend:overlay;--awb-bg-size:cover;width:13.3333%; margin-right: 4%;\"><div class=\"fusion-column-wrapper fusion-flex-column-wrapper-legacy\"><div class=\"fusion-clearfix\"><\/div><\/div><\/div><div class=\"fusion-layout-column fusion_builder_column fusion-builder-column-1 fusion_builder_column_2_3 2_3 fusion-two-third\" style=\"--awb-bg-blend:overlay;--awb-bg-size:cover;--awb-margin-bottom:30px;width:65.3333%; margin-right: 4%;\"><div class=\"fusion-column-wrapper fusion-flex-column-wrapper-legacy\"><div class=\"fusion-text fusion-text-1\"><p>La finalitat \u00e9s acotar la freq\u00fc\u00e8ncia o la velocitat de fen\u00f2mens geol\u00f2gics associats a risc. Tenim una llarga traject\u00f2ria en la combinaci\u00f3 d&#8217;un ventall ampli de m\u00e8todes de dataci\u00f3 num\u00e8rica, incloent Radiocarboni, S\u00e8ries de l&#8217;Urani, cosmon\u00faclids terrestres (Be-10 i Al-26), Temoluminesc\u00e8ncia (TL), Luminesc\u00e8ncia activada \u00f2pticament (OSL, IRSL), Racemitzaci\u00f3 d&#8217;amino\u00e0cids, Paleomagnetisme i Dendrocronologia. L\u2019aplicaci\u00f3 d\u2019aquests m\u00e8todes la duem a terme en laboratoris externs a la UB, per\u00f2 sempre buscant una col\u00b7laboraci\u00f3 cient\u00edfica molt estreta amb els millors especialistes a nivell internacional de cada m\u00e8tode. La millora d\u2019aquest m\u00e8todes i la reducci\u00f3 d\u2019incerteses s\u00f3n clau per a establir la probabilitat de desencadenament de fen\u00f2mens perillosos en el futur.<div class='yrm-content yrm-content-1 yrm-content-hide  ' id='yrm-y6xoH' data-id='1' data-show-status='false' data-after-action='' style=\"visibility: hidden;height: 0;\">\n\t\t\t<div id='yrm-inner-content-yrm-y6xoH' class='yrm-inner-content-wrapper yrm-cntent-1'><\/p>\n<p>Els reptes que ens plantegem son:<\/p>\n<ol>\n<li>incentivar l\u2019aplicaci\u00f3 de m\u00e8todes innovadors de forma paral\u00b7lela a m\u00e8todes ben coneguts, per a explorar-ne el potencial i les limitacions. Aquest m\u00e8todes inclouen, per exemple, els basats en la combinaci\u00f3 de cosmon\u00faclids terrestres Beril\u00b7li-10 i Alumini-26 a partir de la presa de mostres de perfils en profunditat, l&#8217;aplicaci\u00f3 del martell de Schmidt a superf\u00edcies rocoses exposades, la S\u00e8rie de l\u2019Urani aplicats a la dataci\u00f3 de carbonats pedog\u00e8nics formats en fases inicials de s\u00f2ls carbonatats (cutans), la luminisc\u00e8ncia \u00f2ptica d\u2019infraroigs (IRSL) en feldspats, i la comparaci\u00f3 entre dades de radiocarboni i la racemitzaci\u00f3 d&#8217;amino\u00e0cids.<\/li>\n<li>incloure, quan sigui rellevant, un estudi del desenvolupament de paleos\u00f2ls en l\u2019\u00e0n\u00e0lisi geomorfol\u00f2gica pr\u00e8via a qualsevol dataci\u00f3 num\u00e8rica, per maximitzar-ne les possibilitats d\u2019\u00e8xit.<\/div>\n\t\t<\/div><div class='yrm-btn-wrapper yrm-btn-wrapper-1 yrm-more-button-wrapper  '\n\t\tdata-custom-more-class-name='' data-custom-less-class-name=''><span title='' data-less-title='' data-more-title='' class='yrm-toggle-expand  yrm-toggle-expand-1 ' data-rel='yrm-y6xoH' data-more='m\u00e9s text' data-less='menys text'><span class='yrm-text-wrapper yrm-text-wrapper-custom-dimensions'><span class=\"yrm-button-text-1 yrm-button-text-span\">m\u00e9s text<\/span><\/span><\/span><\/div><\/li>\n<\/ol>\n<\/div><div class=\"fusion-clearfix\"><\/div><\/div><\/div><div class=\"fusion-layout-column fusion_builder_column fusion-builder-column-2 fusion_builder_column_1_6 1_6 fusion-one-sixth fusion-column-last fusion-no-small-visibility\" style=\"--awb-bg-blend:overlay;--awb-bg-size:cover;width:13.3333%;\"><div class=\"fusion-column-wrapper fusion-flex-column-wrapper-legacy\"><div class=\"fusion-sep-clear\"><\/div><div class=\"fusion-separator fusion-full-width-sep\" style=\"margin-left: auto;margin-right: auto;margin-top:20px;width:100%;\"><\/div><div class=\"fusion-sep-clear\"><\/div><div class=\"fusion-clearfix\"><\/div><\/div><\/div><\/div><\/div><div class=\"fusion-fullwidth fullwidth-box fusion-builder-row-2 fusion-flex-container has-pattern-background has-mask-background nonhundred-percent-fullwidth non-hundred-percent-height-scrolling\" style=\"--awb-border-radius-top-left:0px;--awb-border-radius-top-right:0px;--awb-border-radius-bottom-right:0px;--awb-border-radius-bottom-left:0px;\" ><div class=\"fusion-builder-row fusion-row fusion-flex-align-items-flex-start\" style=\"max-width:1144px;margin-left: calc(-4% \/ 2 );margin-right: calc(-4% \/ 2 );\"><div class=\"fusion-layout-column fusion_builder_column fusion-builder-column-3 fusion_builder_column_1_1 1_1 fusion-flex-column\" style=\"--awb-bg-size:cover;--awb-width-large:100%;--awb-margin-top-large:0px;--awb-spacing-right-large:1.92%;--awb-margin-bottom-large:20px;--awb-spacing-left-large:1.92%;--awb-width-medium:100%;--awb-order-medium:0;--awb-spacing-right-medium:1.92%;--awb-spacing-left-medium:1.92%;--awb-width-small:100%;--awb-order-small:0;--awb-spacing-right-small:1.92%;--awb-spacing-left-small:1.92%;\"><div class=\"fusion-column-wrapper fusion-column-has-shadow fusion-flex-justify-content-flex-start fusion-content-layout-column\"><div class=\"awb-gallery-wrapper awb-gallery-wrapper-1 button-span-no\" style=\"--more-btn-alignment:center;\" data-limit=\"6\" data-page=\"1\"><div style=\"margin:-5px;--awb-aspect-ratio:1 \/ 1;--awb-bordersize:0px;\" class=\"fusion-gallery fusion-gallery-container fusion-grid-3 fusion-columns-total-6 fusion-gallery-layout-grid fusion-gallery-1 has-aspect-ratio\"><div style=\"padding:5px;\" class=\"fusion-grid-column fusion-gallery-column fusion-gallery-column-3 hover-type-zoomin\"><div class=\"fusion-gallery-image\"><a href=\"https:\/\/www.ub.edu\/risknat\/wp-content\/uploads\/2019\/08\/08-Presa-de-mostres-cosmonuclids-terrestres-dataci\u00f3-ventall-al\u00b7luvial-Foto-RPallas.jpg\" data-caption=\"Presa de mostres de cosmonuclids terrestres per a la dataci\u00f3 d&#039;un ventall al\u00b7luvial. Falla de Carboneras. Foto Raimon Pallas\" rel=\"noreferrer\" data-rel=\"iLightbox[gallery_image_1]\" class=\"fusion-lightbox\" target=\"_self\"><img decoding=\"async\" data-src=\"https:\/\/www.ub.edu\/risknat\/wp-content\/uploads\/2019\/08\/08-Presa-de-mostres-cosmonuclids-terrestres-dataci\u00f3-ventall-al\u00b7luvial-Foto-RPallas.jpg\" width=\"3264\" height=\"2448\" alt=\"\" title=\"08-Presa de mostres-cosmonuclids terrestres-dataci\u00f3 ventall al\u00b7luvial-Foto RPallas\" aria-label=\"08-Presa de mostres-cosmonuclids terrestres-dataci\u00f3 ventall al\u00b7luvial-Foto RPallas\" class=\"img-responsive wp-image-2268 lazyload\" data-srcset=\"https:\/\/www.ub.edu\/risknat\/wp-content\/uploads\/2019\/08\/08-Presa-de-mostres-cosmonuclids-terrestres-dataci\u00f3-ventall-al\u00b7luvial-Foto-RPallas-200x150.jpg 200w, https:\/\/www.ub.edu\/risknat\/wp-content\/uploads\/2019\/08\/08-Presa-de-mostres-cosmonuclids-terrestres-dataci\u00f3-ventall-al\u00b7luvial-Foto-RPallas-400x300.jpg 400w, https:\/\/www.ub.edu\/risknat\/wp-content\/uploads\/2019\/08\/08-Presa-de-mostres-cosmonuclids-terrestres-dataci\u00f3-ventall-al\u00b7luvial-Foto-RPallas-600x450.jpg 600w, https:\/\/www.ub.edu\/risknat\/wp-content\/uploads\/2019\/08\/08-Presa-de-mostres-cosmonuclids-terrestres-dataci\u00f3-ventall-al\u00b7luvial-Foto-RPallas-800x600.jpg 800w, https:\/\/www.ub.edu\/risknat\/wp-content\/uploads\/2019\/08\/08-Presa-de-mostres-cosmonuclids-terrestres-dataci\u00f3-ventall-al\u00b7luvial-Foto-RPallas-1200x900.jpg 1200w, https:\/\/www.ub.edu\/risknat\/wp-content\/uploads\/2019\/08\/08-Presa-de-mostres-cosmonuclids-terrestres-dataci\u00f3-ventall-al\u00b7luvial-Foto-RPallas.jpg 3264w\" data-sizes=\"(min-width: 2200px) 100vw, (min-width: 784px) 363px, (min-width: 712px) 545px, (min-width: 640px) 712px,\" src=\"data:image\/svg+xml;base64,PHN2ZyB3aWR0aD0iMSIgaGVpZ2h0PSIxIiB4bWxucz0iaHR0cDovL3d3dy53My5vcmcvMjAwMC9zdmciPjwvc3ZnPg==\" style=\"--smush-placeholder-width: 3264px; --smush-placeholder-aspect-ratio: 3264\/2448;\" \/><\/a><\/div><\/div><div style=\"padding:5px;\" class=\"fusion-grid-column fusion-gallery-column fusion-gallery-column-3 hover-type-zoomin\"><div class=\"fusion-gallery-image\"><a href=\"https:\/\/www.ub.edu\/risknat\/wp-content\/uploads\/2019\/08\/Presa-de-mostres-de-radiocarboni-Localitat-Tostana-Falla-Carboneras-Foto-Azora-Films.jpeg\" data-caption=\"Presa de mostres de radiocarboni a la Localitat de Tostana, Falla de Carboneras. Foto Azora Films\" rel=\"noreferrer\" data-rel=\"iLightbox[gallery_image_1]\" class=\"fusion-lightbox\" target=\"_self\"><img decoding=\"async\" data-src=\"https:\/\/www.ub.edu\/risknat\/wp-content\/uploads\/2019\/08\/Presa-de-mostres-de-radiocarboni-Localitat-Tostana-Falla-Carboneras-Foto-Azora-Films.jpeg\" width=\"1920\" height=\"1080\" alt=\"\" title=\"Presa de mostres de radiocarboni &#8211; Localitat Tostana -Falla Carboneras &#8211; Foto Azora Films\" aria-label=\"Presa de mostres de radiocarboni &#8211; Localitat Tostana -Falla Carboneras &#8211; Foto Azora Films\" class=\"img-responsive wp-image-2145 lazyload\" data-srcset=\"https:\/\/www.ub.edu\/risknat\/wp-content\/uploads\/2019\/08\/Presa-de-mostres-de-radiocarboni-Localitat-Tostana-Falla-Carboneras-Foto-Azora-Films-200x113.jpeg 200w, https:\/\/www.ub.edu\/risknat\/wp-content\/uploads\/2019\/08\/Presa-de-mostres-de-radiocarboni-Localitat-Tostana-Falla-Carboneras-Foto-Azora-Films-400x225.jpeg 400w, https:\/\/www.ub.edu\/risknat\/wp-content\/uploads\/2019\/08\/Presa-de-mostres-de-radiocarboni-Localitat-Tostana-Falla-Carboneras-Foto-Azora-Films-600x338.jpeg 600w, https:\/\/www.ub.edu\/risknat\/wp-content\/uploads\/2019\/08\/Presa-de-mostres-de-radiocarboni-Localitat-Tostana-Falla-Carboneras-Foto-Azora-Films-800x450.jpeg 800w, https:\/\/www.ub.edu\/risknat\/wp-content\/uploads\/2019\/08\/Presa-de-mostres-de-radiocarboni-Localitat-Tostana-Falla-Carboneras-Foto-Azora-Films-1200x675.jpeg 1200w, https:\/\/www.ub.edu\/risknat\/wp-content\/uploads\/2019\/08\/Presa-de-mostres-de-radiocarboni-Localitat-Tostana-Falla-Carboneras-Foto-Azora-Films.jpeg 1920w\" data-sizes=\"(min-width: 2200px) 100vw, (min-width: 784px) 363px, (min-width: 712px) 545px, (min-width: 640px) 712px,\" src=\"data:image\/svg+xml;base64,PHN2ZyB3aWR0aD0iMSIgaGVpZ2h0PSIxIiB4bWxucz0iaHR0cDovL3d3dy53My5vcmcvMjAwMC9zdmciPjwvc3ZnPg==\" style=\"--smush-placeholder-width: 1920px; --smush-placeholder-aspect-ratio: 1920\/1080;\" \/><\/a><\/div><\/div><div style=\"padding:5px;\" class=\"fusion-grid-column fusion-gallery-column fusion-gallery-column-3 hover-type-zoomin\"><div class=\"fusion-gallery-image\"><a href=\"https:\/\/www.ub.edu\/risknat\/wp-content\/uploads\/2019\/08\/Mostreig-de-cosmon\u00faclids-terrestres-conca-de-Huercal-Overa-B\u00e8tiques-Orientals-Foto-RPall\u00e0s.jpg\" data-caption=\"Mostreig d&#039;un perfil en profunditat de cosmon\u00faclids terrestres, conca de Huercal Overa, B\u00e8tiques Orientals, Almer\u00eda. Foto Raimon Pall\u00e0s\" rel=\"noreferrer\" data-rel=\"iLightbox[gallery_image_1]\" class=\"fusion-lightbox\" target=\"_self\"><img decoding=\"async\" data-src=\"https:\/\/www.ub.edu\/risknat\/wp-content\/uploads\/2019\/08\/Mostreig-de-cosmon\u00faclids-terrestres-conca-de-Huercal-Overa-B\u00e8tiques-Orientals-Foto-RPall\u00e0s.jpg\" width=\"3264\" height=\"2448\" alt=\"\" title=\"Mostreig de cosmon\u00faclids terrestres, conca de Huercal Overa, B\u00e8tiques Orientals &#8211; Foto RPall\u00e0s\" aria-label=\"Mostreig de cosmon\u00faclids terrestres, conca de Huercal Overa, B\u00e8tiques Orientals &#8211; Foto RPall\u00e0s\" class=\"img-responsive wp-image-2144 lazyload\" data-srcset=\"https:\/\/www.ub.edu\/risknat\/wp-content\/uploads\/2019\/08\/Mostreig-de-cosmon\u00faclids-terrestres-conca-de-Huercal-Overa-B\u00e8tiques-Orientals-Foto-RPall\u00e0s-200x150.jpg 200w, https:\/\/www.ub.edu\/risknat\/wp-content\/uploads\/2019\/08\/Mostreig-de-cosmon\u00faclids-terrestres-conca-de-Huercal-Overa-B\u00e8tiques-Orientals-Foto-RPall\u00e0s-400x300.jpg 400w, https:\/\/www.ub.edu\/risknat\/wp-content\/uploads\/2019\/08\/Mostreig-de-cosmon\u00faclids-terrestres-conca-de-Huercal-Overa-B\u00e8tiques-Orientals-Foto-RPall\u00e0s-600x450.jpg 600w, https:\/\/www.ub.edu\/risknat\/wp-content\/uploads\/2019\/08\/Mostreig-de-cosmon\u00faclids-terrestres-conca-de-Huercal-Overa-B\u00e8tiques-Orientals-Foto-RPall\u00e0s-800x600.jpg 800w, https:\/\/www.ub.edu\/risknat\/wp-content\/uploads\/2019\/08\/Mostreig-de-cosmon\u00faclids-terrestres-conca-de-Huercal-Overa-B\u00e8tiques-Orientals-Foto-RPall\u00e0s-1200x900.jpg 1200w, https:\/\/www.ub.edu\/risknat\/wp-content\/uploads\/2019\/08\/Mostreig-de-cosmon\u00faclids-terrestres-conca-de-Huercal-Overa-B\u00e8tiques-Orientals-Foto-RPall\u00e0s.jpg 3264w\" data-sizes=\"(min-width: 2200px) 100vw, (min-width: 784px) 363px, (min-width: 712px) 545px, (min-width: 640px) 712px,\" src=\"data:image\/svg+xml;base64,PHN2ZyB3aWR0aD0iMSIgaGVpZ2h0PSIxIiB4bWxucz0iaHR0cDovL3d3dy53My5vcmcvMjAwMC9zdmciPjwvc3ZnPg==\" style=\"--smush-placeholder-width: 3264px; --smush-placeholder-aspect-ratio: 3264\/2448;\" \/><\/a><\/div><\/div><div class=\"clearfix\"><\/div><div style=\"padding:5px;\" class=\"fusion-grid-column fusion-gallery-column fusion-gallery-column-3 hover-type-zoomin\"><div class=\"fusion-gallery-image\"><a href=\"https:\/\/www.ub.edu\/risknat\/wp-content\/uploads\/2019\/08\/Mesurador-de-profunditats-per-al-mostreig-de-cosmon\u00faclides-terrestres-conca-de-Huercal-Overa-Foto-RPall\u00e0s.jpg\" data-caption=\"Mesurador de profunditats per al mostreig de cosmon\u00faclids terrestres a la conca de Huercal Overa, Almer\u00eda. Foto Raimon Pall\u00e0s\" rel=\"noreferrer\" data-rel=\"iLightbox[gallery_image_1]\" class=\"fusion-lightbox\" target=\"_self\"><img decoding=\"async\" data-src=\"https:\/\/www.ub.edu\/risknat\/wp-content\/uploads\/2019\/08\/Mesurador-de-profunditats-per-al-mostreig-de-cosmon\u00faclides-terrestres-conca-de-Huercal-Overa-Foto-RPall\u00e0s.jpg\" width=\"3264\" height=\"2448\" alt=\"\" title=\"Mesurador de profunditats per al mostreig de cosmon\u00faclides terrestres &#8211; conca de Huercal Overa &#8211; Foto RPall\u00e0s\" aria-label=\"Mesurador de profunditats per al mostreig de cosmon\u00faclides terrestres &#8211; conca de Huercal Overa &#8211; Foto RPall\u00e0s\" class=\"img-responsive wp-image-2147 lazyload\" data-srcset=\"https:\/\/www.ub.edu\/risknat\/wp-content\/uploads\/2019\/08\/Mesurador-de-profunditats-per-al-mostreig-de-cosmon\u00faclides-terrestres-conca-de-Huercal-Overa-Foto-RPall\u00e0s-200x150.jpg 200w, https:\/\/www.ub.edu\/risknat\/wp-content\/uploads\/2019\/08\/Mesurador-de-profunditats-per-al-mostreig-de-cosmon\u00faclides-terrestres-conca-de-Huercal-Overa-Foto-RPall\u00e0s-400x300.jpg 400w, https:\/\/www.ub.edu\/risknat\/wp-content\/uploads\/2019\/08\/Mesurador-de-profunditats-per-al-mostreig-de-cosmon\u00faclides-terrestres-conca-de-Huercal-Overa-Foto-RPall\u00e0s-600x450.jpg 600w, https:\/\/www.ub.edu\/risknat\/wp-content\/uploads\/2019\/08\/Mesurador-de-profunditats-per-al-mostreig-de-cosmon\u00faclides-terrestres-conca-de-Huercal-Overa-Foto-RPall\u00e0s-800x600.jpg 800w, https:\/\/www.ub.edu\/risknat\/wp-content\/uploads\/2019\/08\/Mesurador-de-profunditats-per-al-mostreig-de-cosmon\u00faclides-terrestres-conca-de-Huercal-Overa-Foto-RPall\u00e0s-1200x900.jpg 1200w, https:\/\/www.ub.edu\/risknat\/wp-content\/uploads\/2019\/08\/Mesurador-de-profunditats-per-al-mostreig-de-cosmon\u00faclides-terrestres-conca-de-Huercal-Overa-Foto-RPall\u00e0s.jpg 3264w\" data-sizes=\"(min-width: 2200px) 100vw, (min-width: 784px) 363px, (min-width: 712px) 545px, (min-width: 640px) 712px,\" src=\"data:image\/svg+xml;base64,PHN2ZyB3aWR0aD0iMSIgaGVpZ2h0PSIxIiB4bWxucz0iaHR0cDovL3d3dy53My5vcmcvMjAwMC9zdmciPjwvc3ZnPg==\" style=\"--smush-placeholder-width: 3264px; --smush-placeholder-aspect-ratio: 3264\/2448;\" \/><\/a><\/div><\/div><div style=\"padding:5px;\" class=\"fusion-grid-column fusion-gallery-column fusion-gallery-column-3 hover-type-zoomin\"><div class=\"fusion-gallery-image\"><a href=\"https:\/\/www.ub.edu\/risknat\/wp-content\/uploads\/2019\/08\/Reconeixement-geomorfol\u00f2gic-previ-a-la-selecci\u00f3-de-localitats-aptes-per-a-la-dataci\u00f3-mitjan\u00e7ant-cosmon\u00faclids-terrestres-Foto-RPall\u00e0s.jpg\" data-caption=\"Reconeixement geomorfol\u00f2gic previ a la selecci\u00f3 de localitats aptes per a la dataci\u00f3 mitjan\u00e7ant cosmon\u00faclids terrestres a la conca de Huercal Overa. Foto Raimon Pall\u00e0s\" rel=\"noreferrer\" data-rel=\"iLightbox[gallery_image_1]\" class=\"fusion-lightbox\" target=\"_self\"><img decoding=\"async\" data-src=\"https:\/\/www.ub.edu\/risknat\/wp-content\/uploads\/2019\/08\/Reconeixement-geomorfol\u00f2gic-previ-a-la-selecci\u00f3-de-localitats-aptes-per-a-la-dataci\u00f3-mitjan\u00e7ant-cosmon\u00faclids-terrestres-Foto-RPall\u00e0s.jpg\" width=\"2448\" height=\"3264\" alt=\"\" title=\"Reconeixement geomorfol\u00f2gic previ a la selecci\u00f3 de localitats aptes per a la dataci\u00f3 mitjan\u00e7ant cosmon\u00faclids terrestres &#8211; Foto RPall\u00e0s\" aria-label=\"Reconeixement geomorfol\u00f2gic previ a la selecci\u00f3 de localitats aptes per a la dataci\u00f3 mitjan\u00e7ant cosmon\u00faclids terrestres &#8211; Foto RPall\u00e0s\" class=\"img-responsive wp-image-2146 lazyload\" data-srcset=\"https:\/\/www.ub.edu\/risknat\/wp-content\/uploads\/2019\/08\/Reconeixement-geomorfol\u00f2gic-previ-a-la-selecci\u00f3-de-localitats-aptes-per-a-la-dataci\u00f3-mitjan\u00e7ant-cosmon\u00faclids-terrestres-Foto-RPall\u00e0s-200x267.jpg 200w, https:\/\/www.ub.edu\/risknat\/wp-content\/uploads\/2019\/08\/Reconeixement-geomorfol\u00f2gic-previ-a-la-selecci\u00f3-de-localitats-aptes-per-a-la-dataci\u00f3-mitjan\u00e7ant-cosmon\u00faclids-terrestres-Foto-RPall\u00e0s-400x533.jpg 400w, https:\/\/www.ub.edu\/risknat\/wp-content\/uploads\/2019\/08\/Reconeixement-geomorfol\u00f2gic-previ-a-la-selecci\u00f3-de-localitats-aptes-per-a-la-dataci\u00f3-mitjan\u00e7ant-cosmon\u00faclids-terrestres-Foto-RPall\u00e0s-600x800.jpg 600w, https:\/\/www.ub.edu\/risknat\/wp-content\/uploads\/2019\/08\/Reconeixement-geomorfol\u00f2gic-previ-a-la-selecci\u00f3-de-localitats-aptes-per-a-la-dataci\u00f3-mitjan\u00e7ant-cosmon\u00faclids-terrestres-Foto-RPall\u00e0s-800x1067.jpg 800w, https:\/\/www.ub.edu\/risknat\/wp-content\/uploads\/2019\/08\/Reconeixement-geomorfol\u00f2gic-previ-a-la-selecci\u00f3-de-localitats-aptes-per-a-la-dataci\u00f3-mitjan\u00e7ant-cosmon\u00faclids-terrestres-Foto-RPall\u00e0s-1200x1600.jpg 1200w, https:\/\/www.ub.edu\/risknat\/wp-content\/uploads\/2019\/08\/Reconeixement-geomorfol\u00f2gic-previ-a-la-selecci\u00f3-de-localitats-aptes-per-a-la-dataci\u00f3-mitjan\u00e7ant-cosmon\u00faclids-terrestres-Foto-RPall\u00e0s.jpg 2448w\" data-sizes=\"(min-width: 2200px) 100vw, (min-width: 784px) 363px, (min-width: 712px) 545px, (min-width: 640px) 712px,\" src=\"data:image\/svg+xml;base64,PHN2ZyB3aWR0aD0iMSIgaGVpZ2h0PSIxIiB4bWxucz0iaHR0cDovL3d3dy53My5vcmcvMjAwMC9zdmciPjwvc3ZnPg==\" style=\"--smush-placeholder-width: 2448px; --smush-placeholder-aspect-ratio: 2448\/3264;\" \/><\/a><\/div><\/div><div style=\"padding:5px;\" class=\"fusion-grid-column fusion-gallery-column fusion-gallery-column-3 hover-type-zoomin\"><div class=\"fusion-gallery-image\"><a href=\"https:\/\/www.ub.edu\/risknat\/wp-content\/uploads\/2019\/08\/Mostreig-de-cosmon\u00faclids-terrestres-conca-de-Huercal-Overa-B\u00e8tiques-Orientals-Foto-RPall\u00e0s-2.jpg\" data-caption=\"Mostreig d&#039;un perfil en profunditat de cosmon\u00faclids terrestres, conca de Huercal Overa, B\u00e8tiques Orientals, Almer\u00eda. Foto Raimon Pall\u00e0s\" rel=\"noreferrer\" data-rel=\"iLightbox[gallery_image_1]\" class=\"fusion-lightbox\" target=\"_self\"><img decoding=\"async\" data-src=\"https:\/\/www.ub.edu\/risknat\/wp-content\/uploads\/2019\/08\/Mostreig-de-cosmon\u00faclids-terrestres-conca-de-Huercal-Overa-B\u00e8tiques-Orientals-Foto-RPall\u00e0s-2.jpg\" width=\"3264\" height=\"2448\" alt=\"\" title=\"Mostreig de cosmon\u00faclids terrestres, conca de Huercal Overa, B\u00e8tiques Orientals &#8211; Foto RPall\u00e0s (2)\" aria-label=\"Mostreig de cosmon\u00faclids terrestres, conca de Huercal Overa, B\u00e8tiques Orientals &#8211; Foto RPall\u00e0s (2)\" class=\"img-responsive wp-image-2143 lazyload\" data-srcset=\"https:\/\/www.ub.edu\/risknat\/wp-content\/uploads\/2019\/08\/Mostreig-de-cosmon\u00faclids-terrestres-conca-de-Huercal-Overa-B\u00e8tiques-Orientals-Foto-RPall\u00e0s-2-200x150.jpg 200w, https:\/\/www.ub.edu\/risknat\/wp-content\/uploads\/2019\/08\/Mostreig-de-cosmon\u00faclids-terrestres-conca-de-Huercal-Overa-B\u00e8tiques-Orientals-Foto-RPall\u00e0s-2-400x300.jpg 400w, https:\/\/www.ub.edu\/risknat\/wp-content\/uploads\/2019\/08\/Mostreig-de-cosmon\u00faclids-terrestres-conca-de-Huercal-Overa-B\u00e8tiques-Orientals-Foto-RPall\u00e0s-2-600x450.jpg 600w, https:\/\/www.ub.edu\/risknat\/wp-content\/uploads\/2019\/08\/Mostreig-de-cosmon\u00faclids-terrestres-conca-de-Huercal-Overa-B\u00e8tiques-Orientals-Foto-RPall\u00e0s-2-800x600.jpg 800w, https:\/\/www.ub.edu\/risknat\/wp-content\/uploads\/2019\/08\/Mostreig-de-cosmon\u00faclids-terrestres-conca-de-Huercal-Overa-B\u00e8tiques-Orientals-Foto-RPall\u00e0s-2-1200x900.jpg 1200w, https:\/\/www.ub.edu\/risknat\/wp-content\/uploads\/2019\/08\/Mostreig-de-cosmon\u00faclids-terrestres-conca-de-Huercal-Overa-B\u00e8tiques-Orientals-Foto-RPall\u00e0s-2.jpg 3264w\" data-sizes=\"(min-width: 2200px) 100vw, (min-width: 784px) 363px, (min-width: 712px) 545px, (min-width: 640px) 712px,\" src=\"data:image\/svg+xml;base64,PHN2ZyB3aWR0aD0iMSIgaGVpZ2h0PSIxIiB4bWxucz0iaHR0cDovL3d3dy53My5vcmcvMjAwMC9zdmciPjwvc3ZnPg==\" style=\"--smush-placeholder-width: 3264px; --smush-placeholder-aspect-ratio: 3264\/2448;\" \/><\/a><\/div><\/div><div class=\"clearfix\"><\/div><\/div><\/div><\/div><\/div><\/div><\/div><\/p>\n","protected":false},"excerpt":{"rendered":"","protected":false},"author":1,"featured_media":0,"parent":0,"menu_order":0,"comment_status":"closed","ping_status":"closed","template":"100-width.php","meta":{"footnotes":""},"class_list":["post-2142","page","type-page","status-publish","hentry"],"_links":{"self":[{"href":"https:\/\/www.ub.edu\/risknat\/wp-json\/wp\/v2\/pages\/2142","targetHints":{"allow":["GET"]}}],"collection":[{"href":"https:\/\/www.ub.edu\/risknat\/wp-json\/wp\/v2\/pages"}],"about":[{"href":"https:\/\/www.ub.edu\/risknat\/wp-json\/wp\/v2\/types\/page"}],"author":[{"embeddable":true,"href":"https:\/\/www.ub.edu\/risknat\/wp-json\/wp\/v2\/users\/1"}],"replies":[{"embeddable":true,"href":"https:\/\/www.ub.edu\/risknat\/wp-json\/wp\/v2\/comments?post=2142"}],"version-history":[{"count":11,"href":"https:\/\/www.ub.edu\/risknat\/wp-json\/wp\/v2\/pages\/2142\/revisions"}],"predecessor-version":[{"id":4292,"href":"https:\/\/www.ub.edu\/risknat\/wp-json\/wp\/v2\/pages\/2142\/revisions\/4292"}],"wp:attachment":[{"href":"https:\/\/www.ub.edu\/risknat\/wp-json\/wp\/v2\/media?parent=2142"}],"curies":[{"name":"wp","href":"https:\/\/api.w.org\/{rel}","templated":true}]}}