{"id":2159,"date":"2019-08-19T22:33:07","date_gmt":"2019-08-19T20:33:07","guid":{"rendered":"http:\/\/www.ub.edu\/risknat\/?page_id=2159"},"modified":"2023-07-27T02:11:23","modified_gmt":"2023-07-27T00:11:23","slug":"capacitat-formativa","status":"publish","type":"page","link":"https:\/\/www.ub.edu\/risknat\/capacitat-formativa\/","title":{"rendered":"Capacitat formativa"},"content":{"rendered":"<div class=\"fusion-fullwidth fullwidth-box fusion-builder-row-1 nonhundred-percent-fullwidth non-hundred-percent-height-scrolling\" style=\"--awb-background-position:left top;--awb-border-sizes-top:0px;--awb-border-sizes-bottom:0px;--awb-border-sizes-left:0px;--awb-border-sizes-right:0px;--awb-border-radius-top-left:0px;--awb-border-radius-top-right:0px;--awb-border-radius-bottom-right:0px;--awb-border-radius-bottom-left:0px;--awb-padding-top:90px;--awb-padding-bottom:50px;\" ><div class=\"fusion-builder-row fusion-row\"><div class=\"fusion-layout-column fusion_builder_column fusion-builder-column-0 fusion_builder_column_1_6 1_6 fusion-one-sixth fusion-column-first fusion-no-small-visibility\" style=\"--awb-bg-size:cover;width:13.3333%; margin-right: 4%;\"><div class=\"fusion-column-wrapper fusion-flex-column-wrapper-legacy\"><div class=\"fusion-clearfix\"><\/div><\/div><\/div><div class=\"fusion-layout-column fusion_builder_column fusion-builder-column-1 fusion_builder_column_2_3 2_3 fusion-two-third\" style=\"--awb-bg-size:cover;--awb-margin-bottom:30px;width:65.3333%; margin-right: 4%;\"><div class=\"fusion-column-wrapper fusion-flex-column-wrapper-legacy\"><div class=\"fusion-text fusion-text-1\"><p>Un dels principals factors de cohesi\u00f3 del grup \u00e9s la implicaci\u00f3 directa, la coordinaci\u00f3 i la doc\u00e8ncia en l&#8217;especialitat de Riscos geol\u00f2gics del m\u00e0ster oficial Recursos minerals i Riscos geol\u00f2gics. La doc\u00e8ncia es fa en col\u00b7laboraci\u00f3 entre la UB i la UAB, i ha estat acreditada per AQU Catalunya com a m\u00e0ster d&#8217;excel\u00b7l\u00e8ncia l&#8217;any 2022. Els membres de RISKNAT imparteixen doc\u00e8ncia en les assignatures metodol\u00f2giques de SIG i Teledetecci\u00f3 i han estat assessors d&#8217;un m\u00ednim de 33 treballs de final de m\u00e0ster (TFM) del 2017 al 2022, alguns dels quals van donar lloc a publicacions especialitzades. La majoria dels membres de RISKNAT tamb\u00e9 participen en el Programa de Doctorat de Ci\u00e8ncies de la Terra de la UB, que ha estat distingit amb Menci\u00f3 cap a l\u2019Excel\u00b7l\u00e8ncia pel Ministeri d\u2019Educaci\u00f3.<\/p>\n<div class='yrm-content yrm-content-1 yrm-content-hide  ' id='yrm-U4tTr' data-id='1' data-show-status='false' data-after-action='' style=\"visibility: hidden;height: 0;\">\n\t\t\t<div id='yrm-inner-content-yrm-U4tTr' class='yrm-inner-content-wrapper yrm-cntent-1'>Participem en una nova estructura de m\u00e0ster sobre la Direcci\u00f3 Estrat\u00e8gica de Seguretat (Facultat de Dret, UB) com a professors convidats. En aquest m\u00e0ster coordinem una assignatura (3 ECTS) titulada Emergencias medioambientales des del curs 2022-23.<\/p>\n<p>Alguns membres tamb\u00e9 participen en altres m\u00e0sters com: M\u00e0ster en Ci\u00e8ncia i Gesti\u00f3 Integrada de l&#8217;Aigua (UB, coordinat tamb\u00e9 per la Facultat de Ci\u00e8ncies de la Terra), M\u00e0ster en Gesti\u00f3 d&#8217;Arees de Muntanya (UdL-UB-UAB-). UdG-URV) i M\u00e0ster de Formaci\u00f3 del Professorat de Secund\u00e0ria Obligat\u00f2ria i Batxillerat, Formaci\u00f3 Professional i Ensenyament d&#8217;Idiomes (UB) i alguns tamb\u00e9 han impartit confer\u00e8ncies al M\u00e0ster Universitari d&#8217;Enginyeria Naval i Oce\u00e0nica, impartit a la Facultat de N\u00e0utica de Barcelona de la UPC i al curs Observando los polos: pasado, presente y futuro de la Universidad Internacional Menedez Pelayo (UIMP).<\/p>\n<p>Els membres del grup tamb\u00e9 han participat en xarxes de formaci\u00f3 innovadores Marie Sk\u0142odowska-Curie finan\u00e7ades per la CE, com SLATE (https:\/\/www.itn-slate.eu\/), on 15 estudiants internacionals van completar un doctorat amb un enfocament com\u00fa en els perills geol\u00f2gics en alta mar. Tamb\u00e9 han impartit cursos espec\u00edfics sobre riscos geol\u00f2gics a alta mar a Corea.<\/div>\n\t\t<\/div><div class='yrm-btn-wrapper yrm-btn-wrapper-1 yrm-more-button-wrapper  '\n\t\tdata-custom-more-class-name='' data-custom-less-class-name=''><span title='' data-less-title='' data-more-title='' class='yrm-toggle-expand  yrm-toggle-expand-1 ' data-rel='yrm-U4tTr' data-more='m\u00e9s text' data-less='menys text'><span class='yrm-text-wrapper yrm-text-wrapper-custom-dimensions'><span class=\"yrm-button-text-1 yrm-button-text-span\">m\u00e9s text<\/span><\/span><\/span><\/div>\n<p>Un dels reptes de RISKNAT \u00e9s fer que els nostres resultats reverteixin en les an\u00e0lisis de perillositat i, per fer-ho, busquem la formaci\u00f3 de joves investigadors tant en el subministrament de dades sobre els par\u00e0metres relacionats amb els processos com en l&#8217;an\u00e0lisi de perills (per exemple, el consorci del grup Fault2Sha ILP, i la xarxa europea de formaci\u00f3 en ITN SLATE).<\/p>\n<ul>\n<\/ul>\n<\/div><div class=\"fusion-clearfix\"><\/div><\/div><\/div><div class=\"fusion-layout-column fusion_builder_column fusion-builder-column-2 fusion_builder_column_1_6 1_6 fusion-one-sixth fusion-column-last fusion-no-small-visibility\" style=\"--awb-bg-size:cover;width:13.3333%;\"><div class=\"fusion-column-wrapper fusion-flex-column-wrapper-legacy\"><div class=\"fusion-sep-clear\"><\/div><div class=\"fusion-separator fusion-full-width-sep\" style=\"margin-left: auto;margin-right: auto;margin-top:20px;width:100%;\"><\/div><div class=\"fusion-sep-clear\"><\/div><div class=\"fusion-clearfix\"><\/div><\/div><\/div><\/div><\/div>\n","protected":false},"excerpt":{"rendered":"","protected":false},"author":1,"featured_media":0,"parent":0,"menu_order":0,"comment_status":"closed","ping_status":"closed","template":"100-width.php","meta":{"footnotes":""},"class_list":["post-2159","page","type-page","status-publish","hentry"],"_links":{"self":[{"href":"https:\/\/www.ub.edu\/risknat\/wp-json\/wp\/v2\/pages\/2159","targetHints":{"allow":["GET"]}}],"collection":[{"href":"https:\/\/www.ub.edu\/risknat\/wp-json\/wp\/v2\/pages"}],"about":[{"href":"https:\/\/www.ub.edu\/risknat\/wp-json\/wp\/v2\/types\/page"}],"author":[{"embeddable":true,"href":"https:\/\/www.ub.edu\/risknat\/wp-json\/wp\/v2\/users\/1"}],"replies":[{"embeddable":true,"href":"https:\/\/www.ub.edu\/risknat\/wp-json\/wp\/v2\/comments?post=2159"}],"version-history":[{"count":7,"href":"https:\/\/www.ub.edu\/risknat\/wp-json\/wp\/v2\/pages\/2159\/revisions"}],"predecessor-version":[{"id":5384,"href":"https:\/\/www.ub.edu\/risknat\/wp-json\/wp\/v2\/pages\/2159\/revisions\/5384"}],"wp:attachment":[{"href":"https:\/\/www.ub.edu\/risknat\/wp-json\/wp\/v2\/media?parent=2159"}],"curies":[{"name":"wp","href":"https:\/\/api.w.org\/{rel}","templated":true}]}}