{"id":2189,"date":"2019-08-20T16:25:30","date_gmt":"2019-08-20T14:25:30","guid":{"rendered":"http:\/\/www.ub.edu\/risknat\/?page_id=2189"},"modified":"2023-02-27T15:16:43","modified_gmt":"2023-02-27T14:16:43","slug":"enllacos","status":"publish","type":"page","link":"https:\/\/www.ub.edu\/risknat\/enllacos\/","title":{"rendered":"Enlla\u00e7os"},"content":{"rendered":"<div class=\"fusion-fullwidth fullwidth-box fusion-builder-row-1 nonhundred-percent-fullwidth non-hundred-percent-height-scrolling\" style=\"--awb-border-radius-top-left:0px;--awb-border-radius-top-right:0px;--awb-border-radius-bottom-right:0px;--awb-border-radius-bottom-left:0px;\" ><div class=\"fusion-builder-row fusion-row\"><div class=\"fusion-layout-column fusion_builder_column fusion-builder-column-0 fusion_builder_column_1_6 1_6 fusion-one-sixth fusion-column-first\" style=\"--awb-bg-size:cover;width:16.666666666667%;width:calc(16.666666666667% - ( ( 4% + 4% ) * 0.16666666666667 ) );margin-right: 4%;\"><div class=\"fusion-column-wrapper fusion-flex-column-wrapper-legacy\"><div class=\"fusion-clearfix\"><\/div><\/div><\/div><div class=\"fusion-layout-column fusion_builder_column fusion-builder-column-1 fusion_builder_column_2_3 2_3 fusion-two-third\" style=\"--awb-bg-size:cover;width:66.666666666667%;width:calc(66.666666666667% - ( ( 4% + 4% ) * 0.66666666666667 ) );margin-right: 4%;\"><div class=\"fusion-column-wrapper fusion-flex-column-wrapper-legacy\"><div class=\"fusion-text fusion-text-1\"><p style=\"text-align: center;\"><strong>INSTITUCIONS EUROPEES<\/strong><\/p>\n<p style=\"text-align: center;\"><a href=\"http:\/\/www.icgc.cat\">Institut Cartogr\u00e0fic i Geol\u00f2gic de Catalunya<\/a><\/p>\n<p style=\"text-align: center;\"><a href=\"http:\/\/www.meteo.cat\/\">Servei Meteorol\u00f2gic de Catalunya<\/a><\/p>\n<p style=\"text-align: center;\"><a href=\"http:\/\/gama.am.ub.es\">Grup GAMA de la UB<\/a><\/p>\n<p style=\"text-align: center;\"><a href=\"http:\/\/lauegi.conselharan.org\">Centre de prediccion de lauegi dera Val d\u2019Aran<\/a><\/p>\n<p style=\"text-align: center;\"><a href=\"http:\/\/aca-web.gencat.cat\/aca\/documents\/ca\/publicacions\/espais_fluvials\/publicacions\/estudis_pef\/estudis_pef.htm\">Ag\u00e8ncia Catalana de l\u2019Aigua &#8211; Estudis d&#8217;espais fluvials<\/a><\/p>\n<p style=\"text-align: center;\"><a href=\"http:\/\/aca.gencat.cat\/ca\/plans-i-programes\/gestio-del-risc-dinundacions\/\">Ag\u00e8ncia Catalana de l\u2019Aigua &#8211; Gesti\u00f3 del risc d&#8217;Inundacions<\/a><\/p>\n<p style=\"text-align: center;\"><a href=\"https:\/\/interior.gencat.cat\/ca\/arees_dactuacio\/proteccio_civil\/mapa_de_proteccio_civil\/\">Mapa de Protecci\u00f3 Civil de Catalunya<\/a><\/p>\n<p style=\"text-align: center;\"><a href=\"http:\/\/www.iea.ad\/cenma\">Centre d\u2019Estudis de la Neu i de la Muntanya d\u2019Andorra (CENMA) &#8211; Institut d\u2019Estudis Andorrans<\/a><\/p>\n<p style=\"text-align: center;\"><a href=\"https:\/\/www.ign.es\/web\/ign\/portal\/menu-actividades\">Instituto Geogr\u00e1fico Nacional<\/a><\/p>\n<p style=\"text-align: center;\"><a href=\"http:\/\/www.proteccioncivil.es\/home\">Direcci\u00f3n General de Protecci\u00f3n Civil y Emergencia <\/a><\/p>\n<p style=\"text-align: center;\"><a href=\"http:\/\/www.magrama.gob.es\/es\/agua\/temas\/gestion-de-los-riesgos-de-inundacion\/snczi\/default.aspx\">Sistema Nacional de Cartograf\u00eda de Zonas Inundables<\/a><\/p>\n<p style=\"text-align: center;\"><a href=\"https:\/\/sig.mapama.gob.es\/redes-seguimiento\/\">Sistema Autom\u00e1tico de Informaci\u00f3n Hidrol\u00f3gica<\/a><\/p>\n<p style=\"text-align: center;\"><a href=\"http:\/\/www.prim.net\/\">Minist\u00e8re de l\u2019\u00e9cologie et du d\u00e9veloppement durable<\/a><\/p>\n<p style=\"text-align: center;\"><a href=\"http:\/\/www.risknat.org\/\">P\u00f4le Alpin d&#8217;\u00e9tudes et de Recherche pour la Pr\u00e9vention des Risques Naturels<\/a><\/p>\n<p style=\"text-align: center;\"><a href=\"https:\/\/www.slf.ch\/en.html\">WSL Institute for Snow andAvalanche Research SLF<\/a><\/p>\n<p style=\"text-align: center;\"><a href=\"http:\/\/www.drmonline.net\">DRM-World Institute for Disaster Risk Management<\/a><\/p>\n<p style=\"text-align: center;\"><a href=\"http:\/\/www.planat.ch\/en\/home\/\">PLANAT-The National Platform for Natural Hazards<\/a><\/p>\n<p style=\"text-align: center;\"><a href=\"http:\/\/www.crealp.ch\/fr\/\">CREALP-Centre de recherche sur l\u2019environnement alpin<\/a><\/p>\n<p style=\"text-align: center;\"><a href=\"http:\/\/legef.iec.cat\" target=\"_blank\" rel=\"noopener noreferrer\">Laboratori d\u2019Estudis Geof\u00edsics Eduard Fontser\u00e8 LEGEF-IEC<\/a><\/p>\n<p style=\"text-align: center;\"><strong>INSTITUCIONS AMERICANES<\/strong><\/p>\n<p style=\"text-align: center;\"><a href=\"http:\/\/www.usgs.gov\/natural_hazards\/\">U.S.Geological Survey \u2013 Natural hazards<\/a><\/p>\n<p style=\"text-align: center;\"><a href=\"http:\/\/www.earthweek.com\/\">Earthweek \u2013 A diary of the Planet<\/a><\/p>\n<p style=\"text-align: center;\"><a href=\"http:\/\/www.fema.gov\/\">FEMA-Federal Emergency Management Agency<\/a><\/p>\n<p style=\"text-align: center;\"><a href=\"http:\/\/avalanche.state.co.us\/\">CAIC-Colorado Avalanche Information Center<\/a><\/p>\n<p style=\"text-align: center;\"><a href=\"https:\/\/earthobservatory.nasa.gov\/topic\/natural-event\">NASA \u2013 Earth Observatory \u2013 Natural Event<\/a><\/p>\n<p style=\"text-align: center;\"><a href=\"http:\/\/floodobservatory.colorado.edu\">Darmouth flood observatory<\/a><\/p>\n<p style=\"text-align: center;\"><strong>NACIONS UNIDES<\/strong><\/p>\n<p style=\"text-align: center;\"><a href=\"http:\/\/reliefweb.int\/\">Relief Web: project of the United Nations Office for the Coordination of Humanitarian Affairs<\/a><\/p>\n<p style=\"text-align: center;\"><a href=\"http:\/\/www.unisdr.org\/\">UN Office for Disaster Risk Reduction (UNDRR)<\/a><\/p>\n<p style=\"text-align: center;\"><a href=\"https:\/\/unitar.org\/unosat\/\">UNOSAT &#8211; UNITAR\u2019s Operational Satellite Applications Programme<\/a><\/p>\n<p style=\"text-align: center;\"><a href=\"http:\/\/www.preventionweb.net\/english\">PreventionWeb<\/a><\/p>\n<p style=\"text-align: center;\"><strong>\u00a0<\/strong><\/p>\n<p style=\"text-align: center;\"><strong>ONG\u2019S<\/strong><\/p>\n<p style=\"text-align: center;\"><a href=\"http:\/\/www.geologosdelmundo.org\/es\/\">Ge\u00f3logos del Mundo<\/a><\/p>\n<\/div><div class=\"fusion-clearfix\"><\/div><\/div><\/div><div class=\"fusion-layout-column fusion_builder_column fusion-builder-column-2 fusion_builder_column_1_6 1_6 fusion-one-sixth fusion-column-last\" style=\"--awb-bg-size:cover;width:16.666666666667%;width:calc(16.666666666667% - ( ( 4% + 4% ) * 0.16666666666667 ) );\"><div class=\"fusion-column-wrapper fusion-flex-column-wrapper-legacy\"><div class=\"fusion-clearfix\"><\/div><\/div><\/div><\/div><\/div>\n","protected":false},"excerpt":{"rendered":"","protected":false},"author":1,"featured_media":0,"parent":0,"menu_order":0,"comment_status":"closed","ping_status":"closed","template":"100-width.php","meta":{"footnotes":""},"class_list":["post-2189","page","type-page","status-publish","hentry"],"_links":{"self":[{"href":"https:\/\/www.ub.edu\/risknat\/wp-json\/wp\/v2\/pages\/2189","targetHints":{"allow":["GET"]}}],"collection":[{"href":"https:\/\/www.ub.edu\/risknat\/wp-json\/wp\/v2\/pages"}],"about":[{"href":"https:\/\/www.ub.edu\/risknat\/wp-json\/wp\/v2\/types\/page"}],"author":[{"embeddable":true,"href":"https:\/\/www.ub.edu\/risknat\/wp-json\/wp\/v2\/users\/1"}],"replies":[{"embeddable":true,"href":"https:\/\/www.ub.edu\/risknat\/wp-json\/wp\/v2\/comments?post=2189"}],"version-history":[{"count":5,"href":"https:\/\/www.ub.edu\/risknat\/wp-json\/wp\/v2\/pages\/2189\/revisions"}],"predecessor-version":[{"id":4320,"href":"https:\/\/www.ub.edu\/risknat\/wp-json\/wp\/v2\/pages\/2189\/revisions\/4320"}],"wp:attachment":[{"href":"https:\/\/www.ub.edu\/risknat\/wp-json\/wp\/v2\/media?parent=2189"}],"curies":[{"name":"wp","href":"https:\/\/api.w.org\/{rel}","templated":true}]}}