{"id":3612,"date":"2019-08-19T18:12:40","date_gmt":"2019-08-19T16:12:40","guid":{"rendered":"http:\/\/www.ub.edu\/risknat\/allaus-de-neu\/"},"modified":"2023-08-01T00:49:20","modified_gmt":"2023-07-31T22:49:20","slug":"aludes-de-nieve","status":"publish","type":"page","link":"https:\/\/www.ub.edu\/risknat\/aludes-de-nieve\/?lang=es","title":{"rendered":"Aludes de nieve"},"content":{"rendered":"<p><div class=\"fusion-fullwidth fullwidth-box fusion-builder-row-1 nonhundred-percent-fullwidth non-hundred-percent-height-scrolling\" style=\"--awb-background-position:left top;--awb-border-sizes-top:0px;--awb-border-sizes-bottom:0px;--awb-border-sizes-left:0px;--awb-border-sizes-right:0px;--awb-border-radius-top-left:0px;--awb-border-radius-top-right:0px;--awb-border-radius-bottom-right:0px;--awb-border-radius-bottom-left:0px;--awb-padding-top:90px;--awb-padding-bottom:50px;\" ><div class=\"fusion-builder-row fusion-row\"><div class=\"fusion-layout-column fusion_builder_column fusion-builder-column-0 fusion_builder_column_1_6 1_6 fusion-one-sixth fusion-column-first fusion-no-small-visibility\" style=\"--awb-bg-size:cover;width:13.3333%; margin-right: 4%;\"><div class=\"fusion-column-wrapper fusion-flex-column-wrapper-legacy\"><div class=\"fusion-clearfix\"><\/div><\/div><\/div><div class=\"fusion-layout-column fusion_builder_column fusion-builder-column-1 fusion_builder_column_2_3 2_3 fusion-two-third\" style=\"--awb-bg-size:cover;--awb-margin-bottom:30px;width:65.3333%; margin-right: 4%;\"><div class=\"fusion-column-wrapper fusion-flex-column-wrapper-legacy\"><div class=\"fusion-text fusion-text-1\"><p>Los aludes de nieve son fen\u00f3menos frecuentes que conllevan un riesgo considerable. La finalidad de nuestra investigaci\u00f3n es ayudar a mejorar la gesti\u00f3n del territorio en zonas susceptibles a los efectos de los aludes.<\/p>\n<h3 class=\"fusion-responsive-typography-calculated\" style=\"--fontsize: 24; line-height: 1.4;\" data-fontsize=\"24\" data-lineheight=\"33.6px\">Objetivos<\/h3>\n<ol>\n<li>caracterizar la magnitud y frecuencia de los grandes episodios de aludes a partir de datos hist\u00f3ricos y de las caracter\u00edsticas nivo-clim\u00e1ticas y geomorfol\u00f3gicas.<\/li>\n<li>desarrollar modelos estad\u00edsticos para determinar las distancias m\u00e1ximas de alcance de aludes importantes, con el fin de mejorar la cartograf\u00eda de peligrosidad y la gesti\u00f3n del territorio.<\/li>\n<\/ol>\n<\/div><div class=\"fusion-clearfix\"><\/div><\/div><\/div><div class=\"fusion-layout-column fusion_builder_column fusion-builder-column-2 fusion_builder_column_1_6 1_6 fusion-one-sixth fusion-column-last fusion-no-small-visibility\" style=\"--awb-bg-size:cover;width:13.3333%;\"><div class=\"fusion-column-wrapper fusion-flex-column-wrapper-legacy\"><div class=\"fusion-sep-clear\"><\/div><div class=\"fusion-separator fusion-full-width-sep\" style=\"margin-left: auto;margin-right: auto;margin-top:20px;width:100%;\"><\/div><div class=\"fusion-sep-clear\"><\/div><div class=\"fusion-clearfix\"><\/div><\/div><\/div><\/div><\/div><div class=\"fusion-fullwidth fullwidth-box fusion-builder-row-2 fusion-flex-container has-pattern-background has-mask-background nonhundred-percent-fullwidth non-hundred-percent-height-scrolling\" style=\"--awb-border-radius-top-left:0px;--awb-border-radius-top-right:0px;--awb-border-radius-bottom-right:0px;--awb-border-radius-bottom-left:0px;\" ><div class=\"fusion-builder-row fusion-row fusion-flex-align-items-flex-start\" style=\"max-width:1144px;margin-left: calc(-4% \/ 2 );margin-right: calc(-4% \/ 2 );\"><div class=\"fusion-layout-column fusion_builder_column fusion-builder-column-3 fusion_builder_column_1_1 1_1 fusion-flex-column\" style=\"--awb-bg-size:cover;--awb-width-large:100%;--awb-margin-top-large:0px;--awb-spacing-right-large:1.92%;--awb-margin-bottom-large:20px;--awb-spacing-left-large:1.92%;--awb-width-medium:100%;--awb-order-medium:0;--awb-spacing-right-medium:1.92%;--awb-spacing-left-medium:1.92%;--awb-width-small:100%;--awb-order-small:0;--awb-spacing-right-small:1.92%;--awb-spacing-left-small:1.92%;\"><div class=\"fusion-column-wrapper fusion-column-has-shadow fusion-flex-justify-content-flex-start fusion-content-layout-column\"><div class=\"awb-gallery-wrapper awb-gallery-wrapper-1 button-span-no\" style=\"--more-btn-alignment:center;\" data-limit=\"6\" data-page=\"1\"><div style=\"margin:-5px;--awb-aspect-ratio:1 \/ 1;--awb-bordersize:0px;\" class=\"fusion-gallery fusion-gallery-container fusion-grid-3 fusion-columns-total-9 fusion-gallery-layout-grid fusion-gallery-1 has-aspect-ratio\"><div style=\"padding:5px;\" class=\"fusion-grid-column fusion-gallery-column fusion-gallery-column-3 hover-type-zoomin\"><div class=\"fusion-gallery-image\"><a href=\"https:\/\/www.ub.edu\/risknat\/wp-content\/uploads\/2019\/10\/neu-vent_GFurdada.jpg\" data-caption=\"Mobilitzaci\u00f3 i redistribuci\u00f3 de neu pel vent. Foto Gl\u00f2ria Furdada\" rel=\"noreferrer\" data-rel=\"iLightbox[gallery_image_1]\" class=\"fusion-lightbox\" target=\"_self\"><img decoding=\"async\" data-src=\"https:\/\/www.ub.edu\/risknat\/wp-content\/uploads\/2019\/10\/neu-vent_GFurdada.jpg\" width=\"405\" height=\"632\" alt=\"\" title=\"clica per +\" aria-label=\"clica per +\" class=\"img-responsive wp-image-2485 lazyload\" data-srcset=\"https:\/\/www.ub.edu\/risknat\/wp-content\/uploads\/2019\/10\/neu-vent_GFurdada-200x312.jpg 200w, https:\/\/www.ub.edu\/risknat\/wp-content\/uploads\/2019\/10\/neu-vent_GFurdada-400x624.jpg 400w, https:\/\/www.ub.edu\/risknat\/wp-content\/uploads\/2019\/10\/neu-vent_GFurdada.jpg 405w\" data-sizes=\"(min-width: 2200px) 100vw, (min-width: 784px) 363px, (min-width: 712px) 545px, (min-width: 640px) 712px,\" src=\"data:image\/svg+xml;base64,PHN2ZyB3aWR0aD0iMSIgaGVpZ2h0PSIxIiB4bWxucz0iaHR0cDovL3d3dy53My5vcmcvMjAwMC9zdmciPjwvc3ZnPg==\" style=\"--smush-placeholder-width: 405px; --smush-placeholder-aspect-ratio: 405\/632;\" \/><\/a><\/div><\/div><div style=\"padding:5px;\" class=\"fusion-grid-column fusion-gallery-column fusion-gallery-column-3 hover-type-zoomin\"><div class=\"fusion-gallery-image\"><a href=\"https:\/\/www.ub.edu\/risknat\/wp-content\/uploads\/2019\/10\/neu-perfil_GFurdada.jpg\" data-caption=\"Perfil de neu. Foto Gl\u00f2ria Furdada\" rel=\"noreferrer\" data-rel=\"iLightbox[gallery_image_1]\" class=\"fusion-lightbox\" target=\"_self\"><img decoding=\"async\" data-src=\"https:\/\/www.ub.edu\/risknat\/wp-content\/uploads\/2019\/10\/neu-perfil_GFurdada.jpg\" width=\"776\" height=\"1052\" alt=\"\" title=\"clica per +\" aria-label=\"clica per +\" class=\"img-responsive wp-image-2483 lazyload\" data-srcset=\"https:\/\/www.ub.edu\/risknat\/wp-content\/uploads\/2019\/10\/neu-perfil_GFurdada-200x271.jpg 200w, https:\/\/www.ub.edu\/risknat\/wp-content\/uploads\/2019\/10\/neu-perfil_GFurdada-400x542.jpg 400w, https:\/\/www.ub.edu\/risknat\/wp-content\/uploads\/2019\/10\/neu-perfil_GFurdada-600x813.jpg 600w, https:\/\/www.ub.edu\/risknat\/wp-content\/uploads\/2019\/10\/neu-perfil_GFurdada.jpg 776w\" data-sizes=\"(min-width: 2200px) 100vw, (min-width: 784px) 363px, (min-width: 712px) 545px, (min-width: 640px) 712px,\" src=\"data:image\/svg+xml;base64,PHN2ZyB3aWR0aD0iMSIgaGVpZ2h0PSIxIiB4bWxucz0iaHR0cDovL3d3dy53My5vcmcvMjAwMC9zdmciPjwvc3ZnPg==\" style=\"--smush-placeholder-width: 776px; --smush-placeholder-aspect-ratio: 776\/1052;\" \/><\/a><\/div><\/div><div style=\"padding:5px;\" class=\"fusion-grid-column fusion-gallery-column fusion-gallery-column-3 hover-type-zoomin\"><div class=\"fusion-gallery-image\"><a href=\"https:\/\/www.ub.edu\/risknat\/wp-content\/uploads\/2019\/10\/neu-model-dinamic_GFurdada.png\" data-caption=\"Model din\u00e0mic d&#039;allau. Imatge Gl\u00f2ria Furdada\" rel=\"noreferrer\" data-rel=\"iLightbox[gallery_image_1]\" class=\"fusion-lightbox\" target=\"_self\"><img decoding=\"async\" data-src=\"https:\/\/www.ub.edu\/risknat\/wp-content\/uploads\/2019\/10\/neu-model-dinamic_GFurdada.png\" width=\"414\" height=\"501\" alt=\"\" title=\"clica per +\" aria-label=\"clica per +\" class=\"img-responsive wp-image-2482 lazyload\" data-srcset=\"https:\/\/www.ub.edu\/risknat\/wp-content\/uploads\/2019\/10\/neu-model-dinamic_GFurdada-200x242.png 200w, https:\/\/www.ub.edu\/risknat\/wp-content\/uploads\/2019\/10\/neu-model-dinamic_GFurdada-400x484.png 400w, https:\/\/www.ub.edu\/risknat\/wp-content\/uploads\/2019\/10\/neu-model-dinamic_GFurdada.png 414w\" data-sizes=\"(min-width: 2200px) 100vw, (min-width: 784px) 363px, (min-width: 712px) 545px, (min-width: 640px) 712px,\" src=\"data:image\/svg+xml;base64,PHN2ZyB3aWR0aD0iMSIgaGVpZ2h0PSIxIiB4bWxucz0iaHR0cDovL3d3dy53My5vcmcvMjAwMC9zdmciPjwvc3ZnPg==\" style=\"--smush-placeholder-width: 414px; --smush-placeholder-aspect-ratio: 414\/501;\" \/><\/a><\/div><\/div><div class=\"clearfix\"><\/div><div style=\"padding:5px;\" class=\"fusion-grid-column fusion-gallery-column fusion-gallery-column-3 hover-type-zoomin\"><div class=\"fusion-gallery-image\"><a href=\"https:\/\/www.ub.edu\/risknat\/wp-content\/uploads\/2019\/10\/neu-La-Sionne_Foto_ESuri\u00f1ach.png\" data-caption=\"Laboratori d&#039;allaus a La Sionne, Su\u00efssa. Imatge Emma Suri\u00f1ach\" rel=\"noreferrer\" data-rel=\"iLightbox[gallery_image_1]\" class=\"fusion-lightbox\" target=\"_self\"><img decoding=\"async\" data-src=\"https:\/\/www.ub.edu\/risknat\/wp-content\/uploads\/2019\/10\/neu-La-Sionne_Foto_ESuri\u00f1ach.png\" width=\"1306\" height=\"1085\" alt=\"\" title=\"clica per +\" aria-label=\"clica per +\" class=\"img-responsive wp-image-2481 lazyload\" data-srcset=\"https:\/\/www.ub.edu\/risknat\/wp-content\/uploads\/2019\/10\/neu-La-Sionne_Foto_ESuri\u00f1ach-200x166.png 200w, https:\/\/www.ub.edu\/risknat\/wp-content\/uploads\/2019\/10\/neu-La-Sionne_Foto_ESuri\u00f1ach-400x332.png 400w, https:\/\/www.ub.edu\/risknat\/wp-content\/uploads\/2019\/10\/neu-La-Sionne_Foto_ESuri\u00f1ach-600x498.png 600w, https:\/\/www.ub.edu\/risknat\/wp-content\/uploads\/2019\/10\/neu-La-Sionne_Foto_ESuri\u00f1ach-800x665.png 800w, https:\/\/www.ub.edu\/risknat\/wp-content\/uploads\/2019\/10\/neu-La-Sionne_Foto_ESuri\u00f1ach-1200x997.png 1200w, https:\/\/www.ub.edu\/risknat\/wp-content\/uploads\/2019\/10\/neu-La-Sionne_Foto_ESuri\u00f1ach.png 1306w\" data-sizes=\"(min-width: 2200px) 100vw, (min-width: 784px) 363px, (min-width: 712px) 545px, (min-width: 640px) 712px,\" src=\"data:image\/svg+xml;base64,PHN2ZyB3aWR0aD0iMSIgaGVpZ2h0PSIxIiB4bWxucz0iaHR0cDovL3d3dy53My5vcmcvMjAwMC9zdmciPjwvc3ZnPg==\" style=\"--smush-placeholder-width: 1306px; --smush-placeholder-aspect-ratio: 1306\/1085;\" \/><\/a><\/div><\/div><div style=\"padding:5px;\" class=\"fusion-grid-column fusion-gallery-column fusion-gallery-column-3 hover-type-zoomin\"><div class=\"fusion-gallery-image\"><a href=\"https:\/\/www.ub.edu\/risknat\/wp-content\/uploads\/2019\/10\/neu-allau-recent_GFurdada.jpg\" data-caption=\"Allau de neu recent. Foto Gl\u00f2ria Furdada\" rel=\"noreferrer\" data-rel=\"iLightbox[gallery_image_1]\" class=\"fusion-lightbox\" target=\"_self\"><img decoding=\"async\" data-src=\"https:\/\/www.ub.edu\/risknat\/wp-content\/uploads\/2019\/10\/neu-allau-recent_GFurdada.jpg\" width=\"750\" height=\"1047\" alt=\"\" title=\"clica per +\" aria-label=\"clica per +\" class=\"img-responsive wp-image-2480 lazyload\" data-srcset=\"https:\/\/www.ub.edu\/risknat\/wp-content\/uploads\/2019\/10\/neu-allau-recent_GFurdada-200x279.jpg 200w, https:\/\/www.ub.edu\/risknat\/wp-content\/uploads\/2019\/10\/neu-allau-recent_GFurdada-400x558.jpg 400w, https:\/\/www.ub.edu\/risknat\/wp-content\/uploads\/2019\/10\/neu-allau-recent_GFurdada-600x838.jpg 600w, https:\/\/www.ub.edu\/risknat\/wp-content\/uploads\/2019\/10\/neu-allau-recent_GFurdada.jpg 750w\" data-sizes=\"(min-width: 2200px) 100vw, (min-width: 784px) 363px, (min-width: 712px) 545px, (min-width: 640px) 712px,\" src=\"data:image\/svg+xml;base64,PHN2ZyB3aWR0aD0iMSIgaGVpZ2h0PSIxIiB4bWxucz0iaHR0cDovL3d3dy53My5vcmcvMjAwMC9zdmciPjwvc3ZnPg==\" style=\"--smush-placeholder-width: 750px; --smush-placeholder-aspect-ratio: 750\/1047;\" \/><\/a><\/div><\/div><div style=\"padding:5px;\" class=\"fusion-grid-column fusion-gallery-column fusion-gallery-column-3 hover-type-zoomin\"><div class=\"fusion-gallery-image\"><a href=\"https:\/\/www.ub.edu\/risknat\/wp-content\/uploads\/2019\/10\/neu-allau-humida_GFurdada.jpg\" data-caption=\"Allau de neu humida. Foto Gl\u00f2ria Furdada\" rel=\"noreferrer\" data-rel=\"iLightbox[gallery_image_1]\" class=\"fusion-lightbox\" target=\"_self\"><img decoding=\"async\" data-src=\"https:\/\/www.ub.edu\/risknat\/wp-content\/uploads\/2019\/10\/neu-allau-humida_GFurdada.jpg\" width=\"831\" height=\"1059\" alt=\"\" title=\"clica per +\" aria-label=\"clica per +\" class=\"img-responsive wp-image-2479 lazyload\" data-srcset=\"https:\/\/www.ub.edu\/risknat\/wp-content\/uploads\/2019\/10\/neu-allau-humida_GFurdada-200x255.jpg 200w, https:\/\/www.ub.edu\/risknat\/wp-content\/uploads\/2019\/10\/neu-allau-humida_GFurdada-400x510.jpg 400w, https:\/\/www.ub.edu\/risknat\/wp-content\/uploads\/2019\/10\/neu-allau-humida_GFurdada-600x765.jpg 600w, https:\/\/www.ub.edu\/risknat\/wp-content\/uploads\/2019\/10\/neu-allau-humida_GFurdada-800x1019.jpg 800w, https:\/\/www.ub.edu\/risknat\/wp-content\/uploads\/2019\/10\/neu-allau-humida_GFurdada.jpg 831w\" data-sizes=\"(min-width: 2200px) 100vw, (min-width: 784px) 363px, (min-width: 712px) 545px, (min-width: 640px) 712px,\" src=\"data:image\/svg+xml;base64,PHN2ZyB3aWR0aD0iMSIgaGVpZ2h0PSIxIiB4bWxucz0iaHR0cDovL3d3dy53My5vcmcvMjAwMC9zdmciPjwvc3ZnPg==\" style=\"--smush-placeholder-width: 831px; --smush-placeholder-aspect-ratio: 831\/1059;\" \/><\/a><\/div><\/div><div class=\"clearfix\"><\/div><div style=\"padding:5px;\" class=\"fusion-grid-column fusion-gallery-column fusion-gallery-column-3 hover-type-zoomin awb-gallery-item-hidden\"><div class=\"fusion-gallery-image\"><a href=\"https:\/\/www.ub.edu\/risknat\/wp-content\/uploads\/2019\/10\/Allau-de-neu-als-Alps-francesos-Chamonix-1987-Foto-JMVilaplana.jpg\" data-caption=\"Allau de neu als Alps francesos, Chamonix, 1987. Foto Joan Manuel Vilaplana\" rel=\"noreferrer\" data-rel=\"iLightbox[gallery_image_1]\" class=\"fusion-lightbox\" target=\"_self\"><img decoding=\"async\" data-src=\"https:\/\/www.ub.edu\/risknat\/wp-content\/uploads\/2019\/10\/Allau-de-neu-als-Alps-francesos-Chamonix-1987-Foto-JMVilaplana.jpg\" width=\"1240\" height=\"1463\" alt=\"\" title=\"clica per +\" aria-label=\"clica per +\" class=\"img-responsive wp-image-2477 lazyload\" data-srcset=\"https:\/\/www.ub.edu\/risknat\/wp-content\/uploads\/2019\/10\/Allau-de-neu-als-Alps-francesos-Chamonix-1987-Foto-JMVilaplana-200x236.jpg 200w, https:\/\/www.ub.edu\/risknat\/wp-content\/uploads\/2019\/10\/Allau-de-neu-als-Alps-francesos-Chamonix-1987-Foto-JMVilaplana-400x472.jpg 400w, https:\/\/www.ub.edu\/risknat\/wp-content\/uploads\/2019\/10\/Allau-de-neu-als-Alps-francesos-Chamonix-1987-Foto-JMVilaplana-600x708.jpg 600w, https:\/\/www.ub.edu\/risknat\/wp-content\/uploads\/2019\/10\/Allau-de-neu-als-Alps-francesos-Chamonix-1987-Foto-JMVilaplana-800x944.jpg 800w, https:\/\/www.ub.edu\/risknat\/wp-content\/uploads\/2019\/10\/Allau-de-neu-als-Alps-francesos-Chamonix-1987-Foto-JMVilaplana-1200x1416.jpg 1200w, https:\/\/www.ub.edu\/risknat\/wp-content\/uploads\/2019\/10\/Allau-de-neu-als-Alps-francesos-Chamonix-1987-Foto-JMVilaplana.jpg 1240w\" data-sizes=\"(min-width: 2200px) 100vw, (min-width: 784px) 363px, (min-width: 712px) 545px, (min-width: 640px) 712px,\" src=\"data:image\/svg+xml;base64,PHN2ZyB3aWR0aD0iMSIgaGVpZ2h0PSIxIiB4bWxucz0iaHR0cDovL3d3dy53My5vcmcvMjAwMC9zdmciPjwvc3ZnPg==\" style=\"--smush-placeholder-width: 1240px; --smush-placeholder-aspect-ratio: 1240\/1463;\" \/><\/a><\/div><\/div><div style=\"padding:5px;\" class=\"fusion-grid-column fusion-gallery-column fusion-gallery-column-3 hover-type-zoomin awb-gallery-item-hidden\"><div class=\"fusion-gallery-image\"><a href=\"https:\/\/www.ub.edu\/risknat\/wp-content\/uploads\/2019\/10\/neu-Simul-allaus_GFurdada.jpg\" data-caption=\"Models de simulaci\u00f3 d&#039;allaus, amb predicci\u00f3 d&#039;abast i gruixos acumulats. Imatge Gl\u00f2ria Furdada\" rel=\"noreferrer\" data-rel=\"iLightbox[gallery_image_1]\" class=\"fusion-lightbox\" target=\"_self\"><img decoding=\"async\" data-src=\"https:\/\/www.ub.edu\/risknat\/wp-content\/uploads\/2019\/10\/neu-Simul-allaus_GFurdada.jpg\" width=\"2588\" height=\"1998\" alt=\"\" title=\"clica per +\" aria-label=\"clica per +\" class=\"img-responsive wp-image-2484 lazyload\" data-srcset=\"https:\/\/www.ub.edu\/risknat\/wp-content\/uploads\/2019\/10\/neu-Simul-allaus_GFurdada-200x154.jpg 200w, https:\/\/www.ub.edu\/risknat\/wp-content\/uploads\/2019\/10\/neu-Simul-allaus_GFurdada-400x309.jpg 400w, https:\/\/www.ub.edu\/risknat\/wp-content\/uploads\/2019\/10\/neu-Simul-allaus_GFurdada-600x463.jpg 600w, https:\/\/www.ub.edu\/risknat\/wp-content\/uploads\/2019\/10\/neu-Simul-allaus_GFurdada-800x618.jpg 800w, https:\/\/www.ub.edu\/risknat\/wp-content\/uploads\/2019\/10\/neu-Simul-allaus_GFurdada-1200x926.jpg 1200w, https:\/\/www.ub.edu\/risknat\/wp-content\/uploads\/2019\/10\/neu-Simul-allaus_GFurdada.jpg 2588w\" data-sizes=\"(min-width: 2200px) 100vw, (min-width: 784px) 363px, (min-width: 712px) 545px, (min-width: 640px) 712px,\" src=\"data:image\/svg+xml;base64,PHN2ZyB3aWR0aD0iMSIgaGVpZ2h0PSIxIiB4bWxucz0iaHR0cDovL3d3dy53My5vcmcvMjAwMC9zdmciPjwvc3ZnPg==\" style=\"--smush-placeholder-width: 2588px; --smush-placeholder-aspect-ratio: 2588\/1998;\" \/><\/a><\/div><\/div><div style=\"padding:5px;\" class=\"fusion-grid-column fusion-gallery-column fusion-gallery-column-3 hover-type-zoomin awb-gallery-item-hidden\"><div class=\"fusion-gallery-image\"><a href=\"https:\/\/www.ub.edu\/risknat\/wp-content\/uploads\/2019\/09\/RjPowDRE.jpeg\" data-caption=\"Allau de neu de Raspa Roies, Bo\u00ed, en funcionament, 1996. Foto Joan Manuel Vilaplana\" rel=\"noreferrer\" data-rel=\"iLightbox[gallery_image_1]\" class=\"fusion-lightbox\" target=\"_self\"><img decoding=\"async\" data-src=\"https:\/\/www.ub.edu\/risknat\/wp-content\/uploads\/2019\/09\/RjPowDRE.jpeg\" width=\"1860\" height=\"2217\" alt=\"\" title=\"clica per +\" aria-label=\"clica per +\" class=\"img-responsive wp-image-2370 lazyload\" data-srcset=\"https:\/\/www.ub.edu\/risknat\/wp-content\/uploads\/2019\/09\/RjPowDRE-200x238.jpeg 200w, https:\/\/www.ub.edu\/risknat\/wp-content\/uploads\/2019\/09\/RjPowDRE-400x477.jpeg 400w, https:\/\/www.ub.edu\/risknat\/wp-content\/uploads\/2019\/09\/RjPowDRE-600x715.jpeg 600w, https:\/\/www.ub.edu\/risknat\/wp-content\/uploads\/2019\/09\/RjPowDRE-800x954.jpeg 800w, https:\/\/www.ub.edu\/risknat\/wp-content\/uploads\/2019\/09\/RjPowDRE-1200x1430.jpeg 1200w, https:\/\/www.ub.edu\/risknat\/wp-content\/uploads\/2019\/09\/RjPowDRE.jpeg 1860w\" data-sizes=\"(min-width: 2200px) 100vw, (min-width: 784px) 363px, (min-width: 712px) 545px, (min-width: 640px) 712px,\" src=\"data:image\/svg+xml;base64,PHN2ZyB3aWR0aD0iMSIgaGVpZ2h0PSIxIiB4bWxucz0iaHR0cDovL3d3dy53My5vcmcvMjAwMC9zdmciPjwvc3ZnPg==\" style=\"--smush-placeholder-width: 1860px; --smush-placeholder-aspect-ratio: 1860\/2217;\" \/><\/a><\/div><\/div><div class=\"clearfix\"><\/div><\/div><div class=\"fusion-loading-container fusion-clearfix awb-gallery-posts-loading-container\">\n\t\t\t\t<div class=\"fusion-loading-spinner\">\n\t\t\t\t\t<div class=\"fusion-spinner-1\"><\/div>\n\t\t\t\t\t<div class=\"fusion-spinner-2\"><\/div>\n\t\t\t\t\t<div class=\"fusion-spinner-3\"><\/div>\n\t\t\t\t<\/div><div class=\"fusion-loading-msg\"><em>Loading the next set of gallery items...<\/em><\/div><\/div><div class=\"awb-gallery-buttons\"><a href=\"#\" class=\"fusion-button button-flat button-default fusion-button-default-size awb-gallery-load-more-btn\">Load More<\/a><\/div><\/div><\/div><\/div><\/div><\/div><\/p>\n","protected":false},"excerpt":{"rendered":"","protected":false},"author":1,"featured_media":0,"parent":0,"menu_order":0,"comment_status":"closed","ping_status":"closed","template":"100-width.php","meta":{"footnotes":""},"class_list":["post-3612","page","type-page","status-publish","hentry"],"_links":{"self":[{"href":"https:\/\/www.ub.edu\/risknat\/wp-json\/wp\/v2\/pages\/3612","targetHints":{"allow":["GET"]}}],"collection":[{"href":"https:\/\/www.ub.edu\/risknat\/wp-json\/wp\/v2\/pages"}],"about":[{"href":"https:\/\/www.ub.edu\/risknat\/wp-json\/wp\/v2\/types\/page"}],"author":[{"embeddable":true,"href":"https:\/\/www.ub.edu\/risknat\/wp-json\/wp\/v2\/users\/1"}],"replies":[{"embeddable":true,"href":"https:\/\/www.ub.edu\/risknat\/wp-json\/wp\/v2\/comments?post=3612"}],"version-history":[{"count":13,"href":"https:\/\/www.ub.edu\/risknat\/wp-json\/wp\/v2\/pages\/3612\/revisions"}],"predecessor-version":[{"id":5574,"href":"https:\/\/www.ub.edu\/risknat\/wp-json\/wp\/v2\/pages\/3612\/revisions\/5574"}],"wp:attachment":[{"href":"https:\/\/www.ub.edu\/risknat\/wp-json\/wp\/v2\/media?parent=3612"}],"curies":[{"name":"wp","href":"https:\/\/api.w.org\/{rel}","templated":true}]}}